{"id":3249,"date":"2022-05-03T14:55:42","date_gmt":"2022-05-03T12:55:42","guid":{"rendered":"https:\/\/reklameskolen.devz.no\/nn\/?page_id=3249"},"modified":"2023-10-26T11:53:46","modified_gmt":"2023-10-26T09:53:46","slug":"nn-saken-om-den-falske-lotto-millionaeren","status":"publish","type":"page","link":"https:\/\/reklameskolen.devz.no\/ungdomsskole\/nn\/nn-saken-om-den-falske-lotto-millionaeren\/","title":{"rendered":"Saka om den falske Lotto-million\u00e6ren"},"content":{"rendered":"\n<div class=\"wp-block-cover alignfull is-light\" style=\"min-height:280px;aspect-ratio:unset;\"><span aria-hidden=\"true\" class=\"wp-block-cover__background has-background-dim\"><\/span><img loading=\"lazy\" decoding=\"async\" width=\"1170\" height=\"888\" class=\"wp-block-cover__image-background wp-image-262\" alt=\"\" src=\"https:\/\/reklameskolen.devz.no\/nn\/wp-content\/uploads\/2021\/12\/Skjermbilde-2021-12-14-kl.-09.31.11.png\" style=\"object-position:50% 40%\" data-object-fit=\"cover\" data-object-position=\"50% 40%\" srcset=\"https:\/\/reklameskolen.devz.no\/ungdomsskole\/nn\/files\/2021\/12\/Skjermbilde-2021-12-14-kl.-09.31.11.png 1170w, https:\/\/reklameskolen.devz.no\/ungdomsskole\/nn\/files\/2021\/12\/Skjermbilde-2021-12-14-kl.-09.31.11-300x228.png 300w, https:\/\/reklameskolen.devz.no\/ungdomsskole\/nn\/files\/2021\/12\/Skjermbilde-2021-12-14-kl.-09.31.11-1024x777.png 1024w, https:\/\/reklameskolen.devz.no\/ungdomsskole\/nn\/files\/2021\/12\/Skjermbilde-2021-12-14-kl.-09.31.11-768x583.png 768w\" sizes=\"auto, (max-width: 1170px) 100vw, 1170px\" \/><div class=\"wp-block-cover__inner-container is-layout-flow wp-block-cover-is-layout-flow\">\n<h2 class=\"wp-block-heading has-text-align-center has-palette-color-8-color has-text-color has-x-large-font-size\">Saka om den falske Lotto-million\u00e6ren<\/h2>\n<\/div><\/div>\n\n\n\n<div style=\"height:30px\" aria-hidden=\"true\" class=\"wp-block-spacer\"><\/div>\n\n\n\n<div class=\"wp-block-columns is-layout-flex wp-container-core-columns-is-layout-28f84493 wp-block-columns-is-layout-flex\">\n<div class=\"wp-block-column is-layout-flow wp-block-column-is-layout-flow\" style=\"flex-basis:30%\">\n<div style=\"height:50px\" aria-hidden=\"true\" class=\"wp-block-spacer\"><\/div>\n\n\n\n<figure class=\"wp-block-image size-large\"><img loading=\"lazy\" decoding=\"async\" width=\"968\" height=\"1024\" src=\"https:\/\/reklameskolen.devz.no\/wp-content\/uploads\/2021\/12\/Skjermbilde-2021-12-14-kl.-09.31.01-968x1024.png\" alt=\"Illustrasjonen viser et avisutklipp  hvor det er  et bilde av en sykkel og har overskriften &quot;Gir bort alt han har p\u00e5 Finn.no-har vunnet i Lotto&quot; \" class=\"wp-image-263\" srcset=\"https:\/\/reklameskolen.devz.no\/ungdomsskole\/nn\/files\/2021\/12\/Skjermbilde-2021-12-14-kl.-09.31.01-968x1024.png 968w, https:\/\/reklameskolen.devz.no\/ungdomsskole\/nn\/files\/2021\/12\/Skjermbilde-2021-12-14-kl.-09.31.01-284x300.png 284w, https:\/\/reklameskolen.devz.no\/ungdomsskole\/nn\/files\/2021\/12\/Skjermbilde-2021-12-14-kl.-09.31.01-768x812.png 768w, https:\/\/reklameskolen.devz.no\/ungdomsskole\/nn\/files\/2021\/12\/Skjermbilde-2021-12-14-kl.-09.31.01.png 1220w\" sizes=\"auto, (max-width: 968px) 100vw, 968px\" \/><\/figure>\n<\/div>\n\n\n\n<div class=\"wp-block-column is-layout-flow wp-block-column-is-layout-flow\" style=\"flex-basis:70%\">\n<h2 class=\"wp-block-heading has-text-align-center\">Megafin kajakk gis bort grunnet Lotto-premie!<\/h2>\n\n\n\n<p><em>Har vunnet i Lotto og bestemt meg for \u00e5 legge inn \u00e5rene. I og med at jeg egentlig aldri har lagt dem noe s\u00e6rlig ut. Har planer om \u00e5 kj\u00f8pe med romaskin. Advarsel: det \u00e5 padle ER faktisk veldig slitsomt.<br>Mye mer slitsomt enn \u00e5 seile f.eks. Men hvis du er en av dem som \u00f8nsker deg \u00aboverkropp a la kajakk\u00bb har det hvert fall aldri hvert rimeligere \u00e5 f\u00e5 tak i utstyret. Det er gratis. Kom og hent.<\/em><\/p>\n\n\n\n<h2 class=\"wp-block-heading has-text-align-center\">Panasonic 42 tommers flatskjerm gis bort grunnet Lotto-premie<\/h2>\n\n\n\n<p class=\"has-text-align-left\"><em>Har vunnet i Lotto og gir bort alt jeg eier. Inkludert en flattskjerm-tv til 17&nbsp;000. Galskap sier du? Da har du ikke sett monsteret jeg skal erstatte den med. Panasonicen er din hvis du henter den. Helt gratis!<\/em><\/p>\n<\/div>\n<\/div>\n\n\n\n<div style=\"height:40px\" aria-hidden=\"true\" class=\"wp-block-spacer\"><\/div>\n\n\n\n<p>I 2013 kunne ein finne desse og over 100 ulike slike annonsar p\u00e5 FINN.no. I annonsane skreiv \u00abFredrik\u00bb at han hadde vunne i Lotto. Han hadde derfor funne ut at han ville begynne med blanke ark. Alt han eigde og hadde skulle givast bort. Annonsane var i form og innhald likt det vi normalt finn p\u00e5 FINN.no.<\/p>\n\n\n\n<p>Annonsane fekk naturlegvis mykje merksemd. Til saman blei dei sett over 362&nbsp;000 gongar. \u00abFredrik\u00bb fekk over 32&nbsp;000 e-post fr\u00e5 folk som tok kontakt for \u00e5 f\u00e5 dei ulike eigedelane. Dette f\u00f8rte til at trafikken p\u00e5 \u00abgi bort-torget\u00bb p\u00e5 FINN.no auka med 22 % i perioden annonsane l\u00e5g ute. <\/p>\n\n\n\n<p>I verkelegheita viste det feile seg \u00e5 vera eit reklamestunt sett i scene av Norsk Tipping. Det fanst ingen lottomillion\u00e6r. Det som var opplyst \u00e5 vere gratis eigedelar som blei gitt bort, var i verkelegheita ein konkurranse der det blei sendt ut e-post med reklame om Norsk Tipping til alle som tok kontakt. Mange av eigedelane var i verkelegheita handla p\u00e5 Fretex og andre bruktmarknader. <\/p>\n\n\n\n<p>Marknadsr\u00e5det (<a rel=\"noreferrer noopener\" href=\"https:\/\/www.forbrukertilsynet.no\/lov-og-rett\/markedsradets-vedtak\/mr-sak-13207-norsk-tipping-forbrukerombudet\" target=\"_blank\">MR-2013-207<\/a>) slo fast at marknadsf\u00f8ringa var ulovleg, sidan han var urimeleg og villeiande. Han var heller ikkje tydeleg merka som reklame. Norsk Tipping m\u00e5tte betale eit lovbrotsgebyr p\u00e5 kr 200&nbsp;000.<\/p>\n\n\n\n<div style=\"height:100px\" aria-hidden=\"true\" class=\"wp-block-spacer\"><\/div>\n\n\n\n<div class=\"wp-block-group alignfull has-palette-color-4-background-color has-background is-layout-flow wp-block-group-is-layout-flow\">\n<div class=\"wp-block-columns is-layout-flex wp-container-core-columns-is-layout-28f84493 wp-block-columns-is-layout-flex\">\n<div class=\"wp-block-column is-layout-flow wp-block-column-is-layout-flow\">\n<div class=\"wp-block-buttons is-layout-flex wp-block-buttons-is-layout-flex\">\n<div class=\"wp-block-button\"><a class=\"wp-block-button__link wp-element-button\" href=\"https:\/\/reklameskolen.devz.no\/ungdomsskole\/nn\/reklamen-og-oss\/hvem-hva-hvor\/\">Tilbake til &#8220;Kven, kva, kor?&#8221; <\/a><\/div>\n<\/div>\n<\/div>\n\n\n\n<div class=\"wp-block-column is-layout-flow wp-block-column-is-layout-flow\">\n<div class=\"wp-block-buttons is-layout-flex wp-block-buttons-is-layout-flex\"><\/div>\n<\/div>\n<\/div>\n<\/div>\n","protected":false},"excerpt":{"rendered":"<p>Megafin kajakk gis bort grunnet Lotto-premie! Har vunnet i Lotto og bestemt meg for \u00e5 legge inn \u00e5rene. I og med at jeg egentlig aldri har lagt dem noe s\u00e6rlig ut. Har planer om \u00e5 kj\u00f8pe med romaskin. Advarsel: det \u00e5 padle ER faktisk veldig slitsomt.Mye mer slitsomt enn \u00e5 seile f.eks. Men hvis du [&hellip;]<\/p>\n","protected":false},"author":6,"featured_media":0,"parent":0,"menu_order":0,"comment_status":"closed","ping_status":"closed","template":"","meta":{"_acf_changed":false,"editor_notices":[],"footnotes":""},"class_list":["post-3249","page","type-page","status-publish","hentry"],"blocksy_meta":{"styles_descriptor":{"styles":{"desktop":"","tablet":"","mobile":""},"google_fonts":[],"version":6}},"acf":[],"yoast_head":"<!-- This site is optimized with the Yoast SEO plugin v25.9 - https:\/\/yoast.com\/wordpress\/plugins\/seo\/ -->\n<title>Saka om den falske Lotto-million\u00e6ren - Ungdomskole Nynorsk<\/title>\n<meta name=\"robots\" content=\"index, follow, max-snippet:-1, max-image-preview:large, max-video-preview:-1\" \/>\n<link rel=\"canonical\" href=\"https:\/\/reklameskolen.devz.no\/ungdomsskole\/nn\/nn-saken-om-den-falske-lotto-millionaeren\/\" \/>\n<meta property=\"og:locale\" content=\"en_US\" \/>\n<meta property=\"og:type\" content=\"article\" \/>\n<meta property=\"og:title\" content=\"Saka om den falske Lotto-million\u00e6ren - Ungdomskole Nynorsk\" \/>\n<meta property=\"og:description\" content=\"Megafin kajakk gis bort grunnet Lotto-premie! Har vunnet i Lotto og bestemt meg for \u00e5 legge inn \u00e5rene. I og med at jeg egentlig aldri har lagt dem noe s\u00e6rlig ut. Har planer om \u00e5 kj\u00f8pe med romaskin. Advarsel: det \u00e5 padle ER faktisk veldig slitsomt.Mye mer slitsomt enn \u00e5 seile f.eks. Men hvis du [&hellip;]\" \/>\n<meta property=\"og:url\" content=\"https:\/\/reklameskolen.devz.no\/ungdomsskole\/nn\/nn-saken-om-den-falske-lotto-millionaeren\/\" \/>\n<meta property=\"og:site_name\" content=\"Ungdomskole Nynorsk\" \/>\n<meta property=\"article:modified_time\" content=\"2023-10-26T09:53:46+00:00\" \/>\n<meta property=\"og:image\" content=\"https:\/\/reklameskolen.devz.no\/wp-content\/uploads\/2021\/12\/Skjermbilde-2021-12-14-kl.-09.31.11.png\" \/>\n\t<meta property=\"og:image:width\" content=\"1170\" \/>\n\t<meta property=\"og:image:height\" content=\"888\" \/>\n\t<meta property=\"og:image:type\" content=\"image\/png\" \/>\n<meta name=\"twitter:card\" content=\"summary_large_image\" \/>\n<meta name=\"twitter:label1\" content=\"Est. reading time\" \/>\n\t<meta name=\"twitter:data1\" content=\"2 minutes\" \/>\n<script type=\"application\/ld+json\" class=\"yoast-schema-graph\">{\"@context\":\"https:\/\/schema.org\",\"@graph\":[{\"@type\":\"WebPage\",\"@id\":\"https:\/\/reklameskolen.devz.no\/ungdomsskole\/nn\/nn-saken-om-den-falske-lotto-millionaeren\/\",\"url\":\"https:\/\/reklameskolen.devz.no\/ungdomsskole\/nn\/nn-saken-om-den-falske-lotto-millionaeren\/\",\"name\":\"Saka om den falske Lotto-million\u00e6ren - Ungdomskole Nynorsk\",\"isPartOf\":{\"@id\":\"https:\/\/reklameskolen.devz.no\/ungdomsskole\/nn\/#website\"},\"primaryImageOfPage\":{\"@id\":\"https:\/\/reklameskolen.devz.no\/ungdomsskole\/nn\/nn-saken-om-den-falske-lotto-millionaeren\/#primaryimage\"},\"image\":{\"@id\":\"https:\/\/reklameskolen.devz.no\/ungdomsskole\/nn\/nn-saken-om-den-falske-lotto-millionaeren\/#primaryimage\"},\"thumbnailUrl\":\"https:\/\/reklameskolen.devz.no\/nn\/wp-content\/uploads\/2021\/12\/Skjermbilde-2021-12-14-kl.-09.31.11.png\",\"datePublished\":\"2022-05-03T12:55:42+00:00\",\"dateModified\":\"2023-10-26T09:53:46+00:00\",\"breadcrumb\":{\"@id\":\"https:\/\/reklameskolen.devz.no\/ungdomsskole\/nn\/nn-saken-om-den-falske-lotto-millionaeren\/#breadcrumb\"},\"inLanguage\":\"en-US\",\"potentialAction\":[{\"@type\":\"ReadAction\",\"target\":[\"https:\/\/reklameskolen.devz.no\/ungdomsskole\/nn\/nn-saken-om-den-falske-lotto-millionaeren\/\"]}]},{\"@type\":\"ImageObject\",\"inLanguage\":\"en-US\",\"@id\":\"https:\/\/reklameskolen.devz.no\/ungdomsskole\/nn\/nn-saken-om-den-falske-lotto-millionaeren\/#primaryimage\",\"url\":\"https:\/\/reklameskolen.devz.no\/nn\/wp-content\/uploads\/2021\/12\/Skjermbilde-2021-12-14-kl.-09.31.11.png\",\"contentUrl\":\"https:\/\/reklameskolen.devz.no\/nn\/wp-content\/uploads\/2021\/12\/Skjermbilde-2021-12-14-kl.-09.31.11.png\"},{\"@type\":\"BreadcrumbList\",\"@id\":\"https:\/\/reklameskolen.devz.no\/ungdomsskole\/nn\/nn-saken-om-den-falske-lotto-millionaeren\/#breadcrumb\",\"itemListElement\":[{\"@type\":\"ListItem\",\"position\":1,\"name\":\"Home\",\"item\":\"https:\/\/reklameskolen.devz.no\/ungdomsskole\/nn\/\"},{\"@type\":\"ListItem\",\"position\":2,\"name\":\"Saka om den falske Lotto-million\u00e6ren\"}]},{\"@type\":\"WebSite\",\"@id\":\"https:\/\/reklameskolen.devz.no\/ungdomsskole\/nn\/#website\",\"url\":\"https:\/\/reklameskolen.devz.no\/ungdomsskole\/nn\/\",\"name\":\"Ungdomskole Nynorsk\",\"description\":\"Oppl\u00e6ringsverkt\u00f8y om reklame\",\"publisher\":{\"@id\":\"https:\/\/reklameskolen.devz.no\/ungdomsskole\/nn\/#organization\"},\"potentialAction\":[{\"@type\":\"SearchAction\",\"target\":{\"@type\":\"EntryPoint\",\"urlTemplate\":\"https:\/\/reklameskolen.devz.no\/ungdomsskole\/nn\/?s={search_term_string}\"},\"query-input\":{\"@type\":\"PropertyValueSpecification\",\"valueRequired\":true,\"valueName\":\"search_term_string\"}}],\"inLanguage\":\"en-US\"},{\"@type\":\"Organization\",\"@id\":\"https:\/\/reklameskolen.devz.no\/ungdomsskole\/nn\/#organization\",\"name\":\"Ungdomskole Nynorsk\",\"url\":\"https:\/\/reklameskolen.devz.no\/ungdomsskole\/nn\/\",\"logo\":{\"@type\":\"ImageObject\",\"inLanguage\":\"en-US\",\"@id\":\"https:\/\/reklameskolen.devz.no\/ungdomsskole\/nn\/#\/schema\/logo\/image\/\",\"url\":\"https:\/\/reklameskolen.devz.no\/wp-content\/uploads\/2023\/08\/Reklameskolen-Logo-01.png\",\"contentUrl\":\"https:\/\/reklameskolen.devz.no\/wp-content\/uploads\/2023\/08\/Reklameskolen-Logo-01.png\",\"caption\":\"Ungdomskole Nynorsk\"},\"image\":{\"@id\":\"https:\/\/reklameskolen.devz.no\/ungdomsskole\/nn\/#\/schema\/logo\/image\/\"}}]}<\/script>\n<!-- \/ Yoast SEO plugin. -->","yoast_head_json":{"title":"Saka om den falske Lotto-million\u00e6ren - Ungdomskole Nynorsk","robots":{"index":"index","follow":"follow","max-snippet":"max-snippet:-1","max-image-preview":"max-image-preview:large","max-video-preview":"max-video-preview:-1"},"canonical":"https:\/\/reklameskolen.devz.no\/ungdomsskole\/nn\/nn-saken-om-den-falske-lotto-millionaeren\/","og_locale":"en_US","og_type":"article","og_title":"Saka om den falske Lotto-million\u00e6ren - Ungdomskole Nynorsk","og_description":"Megafin kajakk gis bort grunnet Lotto-premie! Har vunnet i Lotto og bestemt meg for \u00e5 legge inn \u00e5rene. I og med at jeg egentlig aldri har lagt dem noe s\u00e6rlig ut. Har planer om \u00e5 kj\u00f8pe med romaskin. Advarsel: det \u00e5 padle ER faktisk veldig slitsomt.Mye mer slitsomt enn \u00e5 seile f.eks. Men hvis du [&hellip;]","og_url":"https:\/\/reklameskolen.devz.no\/ungdomsskole\/nn\/nn-saken-om-den-falske-lotto-millionaeren\/","og_site_name":"Ungdomskole Nynorsk","article_modified_time":"2023-10-26T09:53:46+00:00","og_image":[{"width":1170,"height":888,"url":"https:\/\/reklameskolen.devz.no\/wp-content\/uploads\/2021\/12\/Skjermbilde-2021-12-14-kl.-09.31.11.png","type":"image\/png"}],"twitter_card":"summary_large_image","twitter_misc":{"Est. reading time":"2 minutes"},"schema":{"@context":"https:\/\/schema.org","@graph":[{"@type":"WebPage","@id":"https:\/\/reklameskolen.devz.no\/ungdomsskole\/nn\/nn-saken-om-den-falske-lotto-millionaeren\/","url":"https:\/\/reklameskolen.devz.no\/ungdomsskole\/nn\/nn-saken-om-den-falske-lotto-millionaeren\/","name":"Saka om den falske Lotto-million\u00e6ren - Ungdomskole Nynorsk","isPartOf":{"@id":"https:\/\/reklameskolen.devz.no\/ungdomsskole\/nn\/#website"},"primaryImageOfPage":{"@id":"https:\/\/reklameskolen.devz.no\/ungdomsskole\/nn\/nn-saken-om-den-falske-lotto-millionaeren\/#primaryimage"},"image":{"@id":"https:\/\/reklameskolen.devz.no\/ungdomsskole\/nn\/nn-saken-om-den-falske-lotto-millionaeren\/#primaryimage"},"thumbnailUrl":"https:\/\/reklameskolen.devz.no\/nn\/wp-content\/uploads\/2021\/12\/Skjermbilde-2021-12-14-kl.-09.31.11.png","datePublished":"2022-05-03T12:55:42+00:00","dateModified":"2023-10-26T09:53:46+00:00","breadcrumb":{"@id":"https:\/\/reklameskolen.devz.no\/ungdomsskole\/nn\/nn-saken-om-den-falske-lotto-millionaeren\/#breadcrumb"},"inLanguage":"en-US","potentialAction":[{"@type":"ReadAction","target":["https:\/\/reklameskolen.devz.no\/ungdomsskole\/nn\/nn-saken-om-den-falske-lotto-millionaeren\/"]}]},{"@type":"ImageObject","inLanguage":"en-US","@id":"https:\/\/reklameskolen.devz.no\/ungdomsskole\/nn\/nn-saken-om-den-falske-lotto-millionaeren\/#primaryimage","url":"https:\/\/reklameskolen.devz.no\/nn\/wp-content\/uploads\/2021\/12\/Skjermbilde-2021-12-14-kl.-09.31.11.png","contentUrl":"https:\/\/reklameskolen.devz.no\/nn\/wp-content\/uploads\/2021\/12\/Skjermbilde-2021-12-14-kl.-09.31.11.png"},{"@type":"BreadcrumbList","@id":"https:\/\/reklameskolen.devz.no\/ungdomsskole\/nn\/nn-saken-om-den-falske-lotto-millionaeren\/#breadcrumb","itemListElement":[{"@type":"ListItem","position":1,"name":"Home","item":"https:\/\/reklameskolen.devz.no\/ungdomsskole\/nn\/"},{"@type":"ListItem","position":2,"name":"Saka om den falske Lotto-million\u00e6ren"}]},{"@type":"WebSite","@id":"https:\/\/reklameskolen.devz.no\/ungdomsskole\/nn\/#website","url":"https:\/\/reklameskolen.devz.no\/ungdomsskole\/nn\/","name":"Ungdomskole Nynorsk","description":"Oppl\u00e6ringsverkt\u00f8y om reklame","publisher":{"@id":"https:\/\/reklameskolen.devz.no\/ungdomsskole\/nn\/#organization"},"potentialAction":[{"@type":"SearchAction","target":{"@type":"EntryPoint","urlTemplate":"https:\/\/reklameskolen.devz.no\/ungdomsskole\/nn\/?s={search_term_string}"},"query-input":{"@type":"PropertyValueSpecification","valueRequired":true,"valueName":"search_term_string"}}],"inLanguage":"en-US"},{"@type":"Organization","@id":"https:\/\/reklameskolen.devz.no\/ungdomsskole\/nn\/#organization","name":"Ungdomskole Nynorsk","url":"https:\/\/reklameskolen.devz.no\/ungdomsskole\/nn\/","logo":{"@type":"ImageObject","inLanguage":"en-US","@id":"https:\/\/reklameskolen.devz.no\/ungdomsskole\/nn\/#\/schema\/logo\/image\/","url":"https:\/\/reklameskolen.devz.no\/wp-content\/uploads\/2023\/08\/Reklameskolen-Logo-01.png","contentUrl":"https:\/\/reklameskolen.devz.no\/wp-content\/uploads\/2023\/08\/Reklameskolen-Logo-01.png","caption":"Ungdomskole Nynorsk"},"image":{"@id":"https:\/\/reklameskolen.devz.no\/ungdomsskole\/nn\/#\/schema\/logo\/image\/"}}]}},"_links":{"self":[{"href":"https:\/\/reklameskolen.devz.no\/ungdomsskole\/nn\/wp-json\/wp\/v2\/pages\/3249","targetHints":{"allow":["GET"]}}],"collection":[{"href":"https:\/\/reklameskolen.devz.no\/ungdomsskole\/nn\/wp-json\/wp\/v2\/pages"}],"about":[{"href":"https:\/\/reklameskolen.devz.no\/ungdomsskole\/nn\/wp-json\/wp\/v2\/types\/page"}],"author":[{"embeddable":true,"href":"https:\/\/reklameskolen.devz.no\/ungdomsskole\/nn\/wp-json\/wp\/v2\/users\/6"}],"replies":[{"embeddable":true,"href":"https:\/\/reklameskolen.devz.no\/ungdomsskole\/nn\/wp-json\/wp\/v2\/comments?post=3249"}],"version-history":[{"count":14,"href":"https:\/\/reklameskolen.devz.no\/ungdomsskole\/nn\/wp-json\/wp\/v2\/pages\/3249\/revisions"}],"predecessor-version":[{"id":3696,"href":"https:\/\/reklameskolen.devz.no\/ungdomsskole\/nn\/wp-json\/wp\/v2\/pages\/3249\/revisions\/3696"}],"wp:attachment":[{"href":"https:\/\/reklameskolen.devz.no\/ungdomsskole\/nn\/wp-json\/wp\/v2\/media?parent=3249"}],"curies":[{"name":"wp","href":"https:\/\/api.w.org\/{rel}","templated":true}]}}