{"id":3852,"date":"2024-01-11T10:03:09","date_gmt":"2024-01-11T09:03:09","guid":{"rendered":"https:\/\/reklameskolen.devz.no\/ungdomsskole\/nn\/?page_id=3852"},"modified":"2024-01-11T10:03:09","modified_gmt":"2024-01-11T09:03:09","slug":"ferdig-med-reklameskolen","status":"publish","type":"page","link":"https:\/\/reklameskolen.devz.no\/ungdomsskole\/nn\/ferdig-med-reklameskolen\/","title":{"rendered":"Ferdig med Reklameskolen"},"content":{"rendered":"\n<figure class=\"wp-block-image aligncenter size-full\"><img decoding=\"async\" src=\"https:\/\/reklameskolen.devz.no\/barneskole\/files\/2023\/06\/pexels-designecologist-2526105.jpg\" alt=\"Fotografi av et stort fyrverkeri p\u00e5 en m\u00f8rk nattehimmel.\" class=\"wp-image-4212\"\/><figcaption class=\"wp-element-caption\">Foto: Designecologist\/Pexels.com<\/figcaption><\/figure>\n\n\n\n<h1 class=\"wp-block-heading has-text-align-left\">Gratulerer!<br>Du er no ferdig med Reklameskolen!<\/h1>\n\n\n\n<p class=\"has-text-align-left\">No har du l\u00e6rt mykje om kva reklame er og korleis han p\u00e5verkar deg. Du har l\u00e6rt kor det er reklame, og korleis du kan kjenne han igjen. D\u00e5 blir du kanskje ikkje like p\u00e5verka av reklamen.<\/p>\n\n\n\n<p class=\"has-text-align-left\">N\u00e5r du veit korleis reklamen pr\u00f8ver \u00e5 p\u00e5verke deg, blir det kanskje litt enklare \u00e5 ta eigne, gode val n\u00e5r du m\u00f8ter reklame.<\/p>\n\n\n\n<h2 class=\"wp-block-heading has-text-align-left\">Lykke til \u2013 og hugs reklamebrillene!<\/h2>\n\n\n\n<div style=\"height:100px\" aria-hidden=\"true\" class=\"wp-block-spacer\"><\/div>\n\n\n\n<div class=\"wp-block-group alignfull has-palette-color-4-background-color has-background is-layout-flow wp-block-group-is-layout-flow\">\n<div class=\"wp-block-columns is-layout-flex wp-container-core-columns-is-layout-28f84493 wp-block-columns-is-layout-flex\">\n<div class=\"wp-block-column is-layout-flow wp-block-column-is-layout-flow\">\n<div class=\"wp-block-buttons is-layout-flex wp-block-buttons-is-layout-flex\">\n<div class=\"wp-block-button\"><a class=\"wp-block-button__link wp-element-button\" href=\"https:\/\/reklameskolen.devz.no\/ungdomsskole\/nn\/andre-temaer\/personvern\/\">Tilbake til &#8220;Personvern&#8221;<\/a><\/div>\n<\/div>\n<\/div>\n\n\n\n<div class=\"wp-block-column is-layout-flow wp-block-column-is-layout-flow\">\n<div class=\"wp-block-buttons is-horizontal is-content-justification-right is-layout-flex wp-container-core-buttons-is-layout-30af2ff6 wp-block-buttons-is-layout-flex\">\n<div class=\"wp-block-button\"><a class=\"wp-block-button__link wp-element-button\" href=\"https:\/\/reklameskolen.devz.no\/ungdomsskole\/nn\">Tilbake til start<\/a><\/div>\n<\/div>\n<\/div>\n<\/div>\n<\/div>\n","protected":false},"excerpt":{"rendered":"<p>Gratulerer!Du er no ferdig med Reklameskolen! No har du l\u00e6rt mykje om kva reklame er og korleis han p\u00e5verkar deg. Du har l\u00e6rt kor det er reklame, og korleis du kan kjenne han igjen. D\u00e5 blir du kanskje ikkje like p\u00e5verka av reklamen. N\u00e5r du veit korleis reklamen pr\u00f8ver \u00e5 p\u00e5verke deg, blir det kanskje [&hellip;]<\/p>\n","protected":false},"author":4,"featured_media":0,"parent":0,"menu_order":0,"comment_status":"closed","ping_status":"closed","template":"","meta":{"_acf_changed":false,"editor_notices":[],"footnotes":""},"class_list":["post-3852","page","type-page","status-publish","hentry"],"blocksy_meta":[],"acf":[],"yoast_head":"<!-- This site is optimized with the Yoast SEO plugin v25.9 - https:\/\/yoast.com\/wordpress\/plugins\/seo\/ -->\n<title>Ferdig med Reklameskolen - Ungdomskole Nynorsk<\/title>\n<meta name=\"robots\" content=\"index, follow, max-snippet:-1, max-image-preview:large, max-video-preview:-1\" \/>\n<link rel=\"canonical\" href=\"https:\/\/reklameskolen.devz.no\/ungdomsskole\/nn\/ferdig-med-reklameskolen\/\" \/>\n<meta property=\"og:locale\" content=\"en_US\" \/>\n<meta property=\"og:type\" content=\"article\" \/>\n<meta property=\"og:title\" content=\"Ferdig med Reklameskolen - Ungdomskole Nynorsk\" \/>\n<meta property=\"og:description\" content=\"Gratulerer!Du er no ferdig med Reklameskolen! No har du l\u00e6rt mykje om kva reklame er og korleis han p\u00e5verkar deg. Du har l\u00e6rt kor det er reklame, og korleis du kan kjenne han igjen. D\u00e5 blir du kanskje ikkje like p\u00e5verka av reklamen. N\u00e5r du veit korleis reklamen pr\u00f8ver \u00e5 p\u00e5verke deg, blir det kanskje [&hellip;]\" \/>\n<meta property=\"og:url\" content=\"https:\/\/reklameskolen.devz.no\/ungdomsskole\/nn\/ferdig-med-reklameskolen\/\" \/>\n<meta property=\"og:site_name\" content=\"Ungdomskole Nynorsk\" \/>\n<meta name=\"twitter:card\" content=\"summary_large_image\" \/>\n<script type=\"application\/ld+json\" class=\"yoast-schema-graph\">{\"@context\":\"https:\/\/schema.org\",\"@graph\":[{\"@type\":\"WebPage\",\"@id\":\"https:\/\/reklameskolen.devz.no\/ungdomsskole\/nn\/ferdig-med-reklameskolen\/\",\"url\":\"https:\/\/reklameskolen.devz.no\/ungdomsskole\/nn\/ferdig-med-reklameskolen\/\",\"name\":\"Ferdig med Reklameskolen - Ungdomskole Nynorsk\",\"isPartOf\":{\"@id\":\"https:\/\/reklameskolen.devz.no\/ungdomsskole\/nn\/#website\"},\"primaryImageOfPage\":{\"@id\":\"https:\/\/reklameskolen.devz.no\/ungdomsskole\/nn\/ferdig-med-reklameskolen\/#primaryimage\"},\"image\":{\"@id\":\"https:\/\/reklameskolen.devz.no\/ungdomsskole\/nn\/ferdig-med-reklameskolen\/#primaryimage\"},\"thumbnailUrl\":\"https:\/\/reklameskolen.devz.no\/barneskole\/files\/2023\/06\/pexels-designecologist-2526105.jpg\",\"datePublished\":\"2024-01-11T09:03:09+00:00\",\"breadcrumb\":{\"@id\":\"https:\/\/reklameskolen.devz.no\/ungdomsskole\/nn\/ferdig-med-reklameskolen\/#breadcrumb\"},\"inLanguage\":\"en-US\",\"potentialAction\":[{\"@type\":\"ReadAction\",\"target\":[\"https:\/\/reklameskolen.devz.no\/ungdomsskole\/nn\/ferdig-med-reklameskolen\/\"]}]},{\"@type\":\"ImageObject\",\"inLanguage\":\"en-US\",\"@id\":\"https:\/\/reklameskolen.devz.no\/ungdomsskole\/nn\/ferdig-med-reklameskolen\/#primaryimage\",\"url\":\"https:\/\/reklameskolen.devz.no\/barneskole\/files\/2023\/06\/pexels-designecologist-2526105.jpg\",\"contentUrl\":\"https:\/\/reklameskolen.devz.no\/barneskole\/files\/2023\/06\/pexels-designecologist-2526105.jpg\"},{\"@type\":\"BreadcrumbList\",\"@id\":\"https:\/\/reklameskolen.devz.no\/ungdomsskole\/nn\/ferdig-med-reklameskolen\/#breadcrumb\",\"itemListElement\":[{\"@type\":\"ListItem\",\"position\":1,\"name\":\"Home\",\"item\":\"https:\/\/reklameskolen.devz.no\/ungdomsskole\/nn\/\"},{\"@type\":\"ListItem\",\"position\":2,\"name\":\"Ferdig med Reklameskolen\"}]},{\"@type\":\"WebSite\",\"@id\":\"https:\/\/reklameskolen.devz.no\/ungdomsskole\/nn\/#website\",\"url\":\"https:\/\/reklameskolen.devz.no\/ungdomsskole\/nn\/\",\"name\":\"Ungdomskole Nynorsk\",\"description\":\"Oppl\u00e6ringsverkt\u00f8y om reklame\",\"publisher\":{\"@id\":\"https:\/\/reklameskolen.devz.no\/ungdomsskole\/nn\/#organization\"},\"potentialAction\":[{\"@type\":\"SearchAction\",\"target\":{\"@type\":\"EntryPoint\",\"urlTemplate\":\"https:\/\/reklameskolen.devz.no\/ungdomsskole\/nn\/?s={search_term_string}\"},\"query-input\":{\"@type\":\"PropertyValueSpecification\",\"valueRequired\":true,\"valueName\":\"search_term_string\"}}],\"inLanguage\":\"en-US\"},{\"@type\":\"Organization\",\"@id\":\"https:\/\/reklameskolen.devz.no\/ungdomsskole\/nn\/#organization\",\"name\":\"Ungdomskole Nynorsk\",\"url\":\"https:\/\/reklameskolen.devz.no\/ungdomsskole\/nn\/\",\"logo\":{\"@type\":\"ImageObject\",\"inLanguage\":\"en-US\",\"@id\":\"https:\/\/reklameskolen.devz.no\/ungdomsskole\/nn\/#\/schema\/logo\/image\/\",\"url\":\"https:\/\/reklameskolen.devz.no\/wp-content\/uploads\/2023\/08\/Reklameskolen-Logo-01.png\",\"contentUrl\":\"https:\/\/reklameskolen.devz.no\/wp-content\/uploads\/2023\/08\/Reklameskolen-Logo-01.png\",\"caption\":\"Ungdomskole Nynorsk\"},\"image\":{\"@id\":\"https:\/\/reklameskolen.devz.no\/ungdomsskole\/nn\/#\/schema\/logo\/image\/\"}}]}<\/script>\n<!-- \/ Yoast SEO plugin. -->","yoast_head_json":{"title":"Ferdig med Reklameskolen - Ungdomskole Nynorsk","robots":{"index":"index","follow":"follow","max-snippet":"max-snippet:-1","max-image-preview":"max-image-preview:large","max-video-preview":"max-video-preview:-1"},"canonical":"https:\/\/reklameskolen.devz.no\/ungdomsskole\/nn\/ferdig-med-reklameskolen\/","og_locale":"en_US","og_type":"article","og_title":"Ferdig med Reklameskolen - Ungdomskole Nynorsk","og_description":"Gratulerer!Du er no ferdig med Reklameskolen! No har du l\u00e6rt mykje om kva reklame er og korleis han p\u00e5verkar deg. Du har l\u00e6rt kor det er reklame, og korleis du kan kjenne han igjen. D\u00e5 blir du kanskje ikkje like p\u00e5verka av reklamen. N\u00e5r du veit korleis reklamen pr\u00f8ver \u00e5 p\u00e5verke deg, blir det kanskje [&hellip;]","og_url":"https:\/\/reklameskolen.devz.no\/ungdomsskole\/nn\/ferdig-med-reklameskolen\/","og_site_name":"Ungdomskole Nynorsk","twitter_card":"summary_large_image","schema":{"@context":"https:\/\/schema.org","@graph":[{"@type":"WebPage","@id":"https:\/\/reklameskolen.devz.no\/ungdomsskole\/nn\/ferdig-med-reklameskolen\/","url":"https:\/\/reklameskolen.devz.no\/ungdomsskole\/nn\/ferdig-med-reklameskolen\/","name":"Ferdig med Reklameskolen - Ungdomskole Nynorsk","isPartOf":{"@id":"https:\/\/reklameskolen.devz.no\/ungdomsskole\/nn\/#website"},"primaryImageOfPage":{"@id":"https:\/\/reklameskolen.devz.no\/ungdomsskole\/nn\/ferdig-med-reklameskolen\/#primaryimage"},"image":{"@id":"https:\/\/reklameskolen.devz.no\/ungdomsskole\/nn\/ferdig-med-reklameskolen\/#primaryimage"},"thumbnailUrl":"https:\/\/reklameskolen.devz.no\/barneskole\/files\/2023\/06\/pexels-designecologist-2526105.jpg","datePublished":"2024-01-11T09:03:09+00:00","breadcrumb":{"@id":"https:\/\/reklameskolen.devz.no\/ungdomsskole\/nn\/ferdig-med-reklameskolen\/#breadcrumb"},"inLanguage":"en-US","potentialAction":[{"@type":"ReadAction","target":["https:\/\/reklameskolen.devz.no\/ungdomsskole\/nn\/ferdig-med-reklameskolen\/"]}]},{"@type":"ImageObject","inLanguage":"en-US","@id":"https:\/\/reklameskolen.devz.no\/ungdomsskole\/nn\/ferdig-med-reklameskolen\/#primaryimage","url":"https:\/\/reklameskolen.devz.no\/barneskole\/files\/2023\/06\/pexels-designecologist-2526105.jpg","contentUrl":"https:\/\/reklameskolen.devz.no\/barneskole\/files\/2023\/06\/pexels-designecologist-2526105.jpg"},{"@type":"BreadcrumbList","@id":"https:\/\/reklameskolen.devz.no\/ungdomsskole\/nn\/ferdig-med-reklameskolen\/#breadcrumb","itemListElement":[{"@type":"ListItem","position":1,"name":"Home","item":"https:\/\/reklameskolen.devz.no\/ungdomsskole\/nn\/"},{"@type":"ListItem","position":2,"name":"Ferdig med Reklameskolen"}]},{"@type":"WebSite","@id":"https:\/\/reklameskolen.devz.no\/ungdomsskole\/nn\/#website","url":"https:\/\/reklameskolen.devz.no\/ungdomsskole\/nn\/","name":"Ungdomskole Nynorsk","description":"Oppl\u00e6ringsverkt\u00f8y om reklame","publisher":{"@id":"https:\/\/reklameskolen.devz.no\/ungdomsskole\/nn\/#organization"},"potentialAction":[{"@type":"SearchAction","target":{"@type":"EntryPoint","urlTemplate":"https:\/\/reklameskolen.devz.no\/ungdomsskole\/nn\/?s={search_term_string}"},"query-input":{"@type":"PropertyValueSpecification","valueRequired":true,"valueName":"search_term_string"}}],"inLanguage":"en-US"},{"@type":"Organization","@id":"https:\/\/reklameskolen.devz.no\/ungdomsskole\/nn\/#organization","name":"Ungdomskole Nynorsk","url":"https:\/\/reklameskolen.devz.no\/ungdomsskole\/nn\/","logo":{"@type":"ImageObject","inLanguage":"en-US","@id":"https:\/\/reklameskolen.devz.no\/ungdomsskole\/nn\/#\/schema\/logo\/image\/","url":"https:\/\/reklameskolen.devz.no\/wp-content\/uploads\/2023\/08\/Reklameskolen-Logo-01.png","contentUrl":"https:\/\/reklameskolen.devz.no\/wp-content\/uploads\/2023\/08\/Reklameskolen-Logo-01.png","caption":"Ungdomskole Nynorsk"},"image":{"@id":"https:\/\/reklameskolen.devz.no\/ungdomsskole\/nn\/#\/schema\/logo\/image\/"}}]}},"_links":{"self":[{"href":"https:\/\/reklameskolen.devz.no\/ungdomsskole\/nn\/wp-json\/wp\/v2\/pages\/3852","targetHints":{"allow":["GET"]}}],"collection":[{"href":"https:\/\/reklameskolen.devz.no\/ungdomsskole\/nn\/wp-json\/wp\/v2\/pages"}],"about":[{"href":"https:\/\/reklameskolen.devz.no\/ungdomsskole\/nn\/wp-json\/wp\/v2\/types\/page"}],"author":[{"embeddable":true,"href":"https:\/\/reklameskolen.devz.no\/ungdomsskole\/nn\/wp-json\/wp\/v2\/users\/4"}],"replies":[{"embeddable":true,"href":"https:\/\/reklameskolen.devz.no\/ungdomsskole\/nn\/wp-json\/wp\/v2\/comments?post=3852"}],"version-history":[{"count":4,"href":"https:\/\/reklameskolen.devz.no\/ungdomsskole\/nn\/wp-json\/wp\/v2\/pages\/3852\/revisions"}],"predecessor-version":[{"id":3856,"href":"https:\/\/reklameskolen.devz.no\/ungdomsskole\/nn\/wp-json\/wp\/v2\/pages\/3852\/revisions\/3856"}],"wp:attachment":[{"href":"https:\/\/reklameskolen.devz.no\/ungdomsskole\/nn\/wp-json\/wp\/v2\/media?parent=3852"}],"curies":[{"name":"wp","href":"https:\/\/api.w.org\/{rel}","templated":true}]}}