{"id":3867,"date":"2024-01-12T10:43:38","date_gmt":"2024-01-12T09:43:38","guid":{"rendered":"https:\/\/reklameskolen.devz.no\/ungdomsskole\/nn\/?page_id=3867"},"modified":"2024-01-12T10:43:51","modified_gmt":"2024-01-12T09:43:51","slug":"oppgaver","status":"publish","type":"page","link":"https:\/\/reklameskolen.devz.no\/ungdomsskole\/nn\/oppgaver\/","title":{"rendered":"Oppg\u00e5ver"},"content":{"rendered":"\n<h1 class=\"wp-block-heading\">Oppg\u00e5ver<\/h1>\n\n\n\n<h2 class=\"wp-block-heading\">Her finn du ei oversikt over alle dei interaktive oppg\u00e5vene p\u00e5 Reklameskolen for ungdomsskolen:<\/h2>\n\n\n\n<div class=\"wp-block-media-text is-stacked-on-mobile\" style=\"grid-template-columns:30% auto\"><figure class=\"wp-block-media-text__media\"><a href=\"https:\/\/reklameskolen.devz.no\/ungdomsskole\/nn\/reklamen-og-oss\/hva-er-reklame\/\"><img decoding=\"async\" src=\"https:\/\/reklameskolen.devz.no\/wp-content\/uploads\/2024\/01\/Hva-er-reklame_-\u2013-UngdomsskoleLITE.jpg\" alt=\"Skjermbilde av oppgaven &quot;Hva er reklame?&quot; fra Reklameskolen.\" class=\"wp-image-4957 size-full\"\/><\/a><\/figure><div class=\"wp-block-media-text__content\">\n<h3 class=\"wp-block-heading\"><a href=\"https:\/\/reklameskolen.devz.no\/ungdomsskole\/nn\/reklamen-og-oss\/hva-er-reklame\/\">Kva er reklame?<\/a><\/h3>\n\n\n\n<p>Korleis definerer du eigentleg reklame?<\/p>\n<\/div><\/div>\n\n\n\n<div class=\"wp-block-media-text is-stacked-on-mobile\" style=\"grid-template-columns:30% auto\"><figure class=\"wp-block-media-text__media\"><a href=\"https:\/\/reklameskolen.devz.no\/ungdomsskole\/nn\/reklamen-og-oss\/hva-er-reklame\/hva-er-reklame-del-2\/\"><img decoding=\"async\" src=\"https:\/\/reklameskolen.devz.no\/barneskole\/files\/2024\/01\/Kjenner-du-igjen-reklamen_-\u2013-NY-1024x576.jpg\" alt=\"Skjermbilde av oppgaven &quot;Kjenner du igjen reklamen?&quot; fra Reklameskolen.\" class=\"wp-image-4943 size-full\"\/><\/a><\/figure><div class=\"wp-block-media-text__content\">\n<h3 class=\"wp-block-heading\"><a href=\"https:\/\/reklameskolen.devz.no\/ungdomsskole\/nn\/reklamen-og-oss\/hva-er-reklame\/hva-er-reklame-del-2\/\">Kjenner du igjen reklamen?<\/a><\/h3>\n\n\n\n<p>Det er reklame overalt rundt oss. Men det er ikkje alltid like lett \u00e5 sj\u00e5 kva som er reklame. Klarer du \u00e5 finne all reklamen p\u00e5 desse bilda?<\/p>\n<\/div><\/div>\n\n\n\n<div class=\"wp-block-media-text is-stacked-on-mobile\" style=\"grid-template-columns:30% auto\"><figure class=\"wp-block-media-text__media\"><a href=\"https:\/\/reklameskolen.devz.no\/ungdomsskole\/nn\/reklamen-og-oss\/hvem-hva-hvor\/\"><img decoding=\"async\" src=\"https:\/\/reklameskolen.devz.no\/barneskole\/files\/2024\/01\/Finn-annonsoren-\u2013-lite.jpg\" alt=\"Skjermbilde av oppgaven &quot;Finn annons\u00f8ren&quot; fra Reklameskolen.\" class=\"wp-image-4922 size-full\"\/><\/a><\/figure><div class=\"wp-block-media-text__content\">\n<h3 class=\"wp-block-heading\"><a href=\"https:\/\/reklameskolen.devz.no\/ungdomsskole\/nn\/reklamen-og-oss\/hvem-hva-hvor\/\">Finn annons\u00f8ren<\/a><\/h3>\n\n\n\n<p>Ofte kan det vere vanskeleg \u00e5 vite kven som er annons\u00f8ren bak reklamebodskapen. Klarer du \u00e5 sj\u00e5 kven som er annons\u00f8ren bak reklamen p\u00e5 desse bilda?&nbsp;<\/p>\n<\/div><\/div>\n\n\n\n<div class=\"wp-block-media-text is-stacked-on-mobile\" style=\"grid-template-columns:30% auto\"><figure class=\"wp-block-media-text__media\"><a href=\"https:\/\/reklameskolen.devz.no\/ungdomsskole\/nn\/reklamen-og-oss\/reklame-overalt\/\"><img decoding=\"async\" src=\"https:\/\/reklameskolen.devz.no\/wp-content\/uploads\/2024\/01\/Hvorfinnerdureklame\u2013-UngdomsskoleLITE.jpg\" alt=\"Skjermbilde av oppgaven &quot;Hvor finner du reklame?&quot; fra Reklameskolen.\" class=\"wp-image-4958 size-full\"\/><\/a><\/figure><div class=\"wp-block-media-text__content\">\n<h3 class=\"wp-block-heading\"><a href=\"https:\/\/reklameskolen.devz.no\/ungdomsskole\/nn\/reklamen-og-oss\/reklame-overalt\/\">Kor finn du reklame?<\/a><\/h3>\n\n\n\n<p>I dette kryssordet skal du fylle inn ord for reklamekanalar og stadar du kan m\u00f8te reklame. Klarar du \u00e5 finne alle?&nbsp;<\/p>\n<\/div><\/div>\n\n\n\n<div class=\"wp-block-media-text is-stacked-on-mobile\" style=\"grid-template-columns:30% auto\"><figure class=\"wp-block-media-text__media\"><a href=\"https:\/\/reklameskolen.devz.no\/barneskole\/nn\/reklame-pa-skolen\/er-dette-lov\/\"><img decoding=\"async\" src=\"https:\/\/reklameskolen.devz.no\/barneskole\/files\/2024\/01\/Er-dette-lov-pa-skolen_-\u2013-lite.png\" alt=\"Skjermbilde av oppgaven &quot;Er dette lov p\u00e5 skolen?&quot; fra Reklameskolen.\" class=\"wp-image-4933 size-full\"\/><\/a><\/figure><div class=\"wp-block-media-text__content\">\n<h3 class=\"wp-block-heading\"><a href=\"https:\/\/reklameskolen.devz.no\/barneskole\/nn\/reklame-pa-skolen\/er-dette-lov\/\">Er dette lov p\u00e5 skolen?<\/a><\/h3>\n\n\n\n<p>Skolene kan bestemme sj\u00f8lv kva reklame dei vil sleppe til, men det finst nokre hovudreglar som alle skolar m\u00e5 f\u00f8lge. &nbsp;Sj\u00e5 p\u00e5 reklameeksempla i oppg\u00e5va. Er det lov \u00e5 ha denne reklamen p\u00e5 skolen?<\/p>\n<\/div><\/div>\n\n\n\n<div class=\"wp-block-media-text is-stacked-on-mobile\" style=\"grid-template-columns:30% auto\"><figure class=\"wp-block-media-text__media\"><a href=\"https:\/\/reklameskolen.devz.no\/ungdomsskole\/nn\/reklamen-og-oss\/hvordan-virker-reklame\/kjopsoppfordringer\/\"><img decoding=\"async\" src=\"https:\/\/reklameskolen.devz.no\/wp-content\/uploads\/2024\/01\/Hvilkevirkemidler-\u2013-UngdomsskoleLITE.jpg\" alt=\"Skjermbilde av oppgaven &quot;Hvilke virkemidler brukes i disse storiene?&quot; fra Reklameskolen.\" class=\"wp-image-4959 size-full\"\/><\/a><\/figure><div class=\"wp-block-media-text__content\">\n<h3 class=\"wp-block-heading\"><a href=\"https:\/\/reklameskolen.devz.no\/ungdomsskole\/nn\/reklamen-og-oss\/hvordan-virker-reklame\/kjopsoppfordringer\/\">Kva verkemiddel blir brukt i desse storiane?<\/a><\/h3>\n\n\n\n<p>Nettbutikkar bruker mange forskjellige verkemiddel for \u00e5 f\u00e5 deg til \u00e5 handle raskt.&nbsp;Influensarar deler ofte ut &#8220;eksklusive&#8221; rabattkodar til f\u00f8lgarane sine. Klarer du \u00e5 finne verkemidla i desse storiane?<\/p>\n<\/div><\/div>\n\n\n\n<div class=\"wp-block-media-text is-stacked-on-mobile\" style=\"grid-template-columns:30% auto\"><figure class=\"wp-block-media-text__media\"><a href=\"https:\/\/reklameskolen.devz.no\/ungdomsskole\/nn\/reklamen-og-oss\/merkevarebygging\/slagord\/\"><img decoding=\"async\" src=\"https:\/\/reklameskolen.devz.no\/wp-content\/uploads\/2024\/01\/Slagord-\u2013-UngdomsskoleLITE.jpg\" alt=\"Skjermbilde av oppgaven &quot;Kjenner du slagordene?&quot; fra Reklameskolen.\" class=\"wp-image-4960 size-full\"\/><\/a><\/figure><div class=\"wp-block-media-text__content\">\n<h3 class=\"wp-block-heading\"><a href=\"https:\/\/reklameskolen.devz.no\/ungdomsskole\/nn\/reklamen-og-oss\/merkevarebygging\/slagord\/\">Kjenner du slagorda?<\/a><\/h3>\n\n\n\n<p>Mange firma bruker slagord for \u00e5 f\u00e5 deg som forbruker til \u00e5 hugse merkevara.&nbsp;Men kor godt verkar det eigentleg? I denne oppg\u00e5va skal du kombinere rett merkevare og slagord.<\/p>\n<\/div><\/div>\n\n\n\n<div class=\"wp-block-media-text is-stacked-on-mobile\" style=\"grid-template-columns:30% auto\"><figure class=\"wp-block-media-text__media\"><a href=\"https:\/\/reklameskolen.devz.no\/ungdomsskole\/nn\/metoder-medier-og-miljo\/pavirkere-og-sosiale-medier\/\"><img decoding=\"async\" src=\"https:\/\/reklameskolen.devz.no\/wp-content\/uploads\/2024\/01\/Kryssord-Influensere-\u2013-UngdomsskoleLITE.jpg\" alt=\"Skjermbilde av oppgaven &quot;Kryssord: Influensere&quot; fra Reklameskolen.\" class=\"wp-image-4961 size-full\"\/><\/a><\/figure><div class=\"wp-block-media-text__content\">\n<h3 class=\"wp-block-heading\"><a href=\"https:\/\/reklameskolen.devz.no\/ungdomsskole\/nn\/metoder-medier-og-miljo\/pavirkere-og-sosiale-medier\/\">Kryssord: Influensarar<\/a><\/h3>\n\n\n\n<p>&nbsp;dette kryssordet skal du fylle inn ord som har med influensarar og sosiale medium \u00e5 gjere. Klarer du \u00e5 finne alle orda?<\/p>\n<\/div><\/div>\n\n\n\n<div class=\"wp-block-media-text is-stacked-on-mobile\" style=\"grid-template-columns:30% auto\"><figure class=\"wp-block-media-text__media\"><a href=\"https:\/\/reklameskolen.devz.no\/ungdomsskole\/nn\/metoder-medier-og-miljo\/den-usynlige-reklame\/krav-til-merking\/\"><img decoding=\"async\" src=\"https:\/\/reklameskolen.devz.no\/barneskole\/files\/2024\/01\/Finn-reklamemerkingen-\u2013-NY.jpg\" alt=\"Skjermbilde av oppgaven &quot;Finn reklamemerkingen&quot; fra Reklameskolen.\" class=\"wp-image-4949 size-full\"\/><\/a><\/figure><div class=\"wp-block-media-text__content\">\n<h3 class=\"wp-block-heading\"><a href=\"https:\/\/reklameskolen.devz.no\/ungdomsskole\/nn\/metoder-medier-og-miljo\/den-usynlige-reklame\/krav-til-merking\/\">Finn reklamemerkinga<\/a><\/h3>\n\n\n\n<p>All reklame skal sj\u00e5 ut som reklame. I sosiale medium b\u00f8r reklame merkast tydeleg, slik at det er lett \u00e5 sj\u00e5 at det er reklame.<\/p>\n\n\n\n<p>Ser du reklamemerkinga i desse innlegga?<\/p>\n<\/div><\/div>\n\n\n\n<div class=\"wp-block-media-text is-stacked-on-mobile\" style=\"grid-template-columns:30% auto\"><figure class=\"wp-block-media-text__media\"><a href=\"https:\/\/reklameskolen.devz.no\/ungdomsskole\/nn\/metoder-medier-og-miljo\/barn-og-unge-som-malgruppe\/barns-rettsvern-i-lovgivningen\/\"><img decoding=\"async\" src=\"https:\/\/reklameskolen.devz.no\/barneskole\/files\/2024\/01\/Hva-er-lov_-\u2013-NY.jpg\" alt=\"Skjermbilde av oppgaven &quot;Hva er lov?&quot; fra Reklameskolen.\" class=\"wp-image-4947 size-full\"\/><\/a><\/figure><div class=\"wp-block-media-text__content\">\n<h3 class=\"wp-block-heading\"><a href=\"https:\/\/reklameskolen.devz.no\/ungdomsskole\/nn\/metoder-medier-og-miljo\/barn-og-unge-som-malgruppe\/barns-rettsvern-i-lovgivningen\/\">Kva er lov?<\/a><\/h3>\n\n\n\n<p>Det er ikkje forbode \u00e5 lage reklame for barn. Men i Noreg har vi lovreglar som skal beskytte barn mot nokre typar reklame. I denne oppg\u00e5va f\u00e5r du sj\u00e5 fleire eksempel p\u00e5 reklame til barn. Kva er lov?<\/p>\n<\/div><\/div>\n\n\n\n<div class=\"wp-block-media-text is-stacked-on-mobile\" style=\"grid-template-columns:30% auto\"><figure class=\"wp-block-media-text__media\"><a href=\"https:\/\/reklameskolen.devz.no\/ungdomsskole\/nn\/reklame-i-spill\/\"><img decoding=\"async\" src=\"https:\/\/reklameskolen.devz.no\/barneskole\/files\/2024\/01\/Reklamei-spill-Finn-reklamen-\u2013-LIte.jpg\" alt=\"Skjermbilde av oppgaven &quot;Finn reklamen&quot; fra Reklameskolen.\" class=\"wp-image-4929 size-full\"\/><\/a><\/figure><div class=\"wp-block-media-text__content\">\n<h3 class=\"wp-block-heading\"><a href=\"https:\/\/reklameskolen.devz.no\/ungdomsskole\/nn\/reklame-i-spill\/\">Finn reklamen i spela<\/a><\/h3>\n\n\n\n<p>Mange spel er fulle av produktplassering. Andre masar heile tida p\u00e5 at du skal kj\u00f8pe noko i spelet.&nbsp;<\/p>\n\n\n\n<p>Ser du produktplasseringa og kj\u00f8psoppfordringane i desse spela?<\/p>\n<\/div><\/div>\n\n\n\n<div class=\"wp-block-media-text is-stacked-on-mobile\" style=\"grid-template-columns:30% auto\"><figure class=\"wp-block-media-text__media\"><a href=\"https:\/\/reklameskolen.devz.no\/ungdomsskole\/nn\/metoder-medier-og-miljo\/baerekraft\/\"><img decoding=\"async\" src=\"https:\/\/reklameskolen.devz.no\/wp-content\/uploads\/2024\/01\/Ord-om-miljo-\u2013-Ungdomskole-LITE.png\" alt=\"Skjermbilde av oppgaven &quot;Ord om milj\u00f8&quot; fra Reklameskolen.\" class=\"wp-image-4962 size-full\"\/><\/a><\/figure><div class=\"wp-block-media-text__content\">\n<h3 class=\"wp-block-heading\"><a href=\"https:\/\/reklameskolen.devz.no\/ungdomsskole\/nn\/metoder-medier-og-miljo\/baerekraft\/\">Ord om milj\u00f8<\/a><\/h3>\n\n\n\n<p>Klarer du \u00e5 finne fram til typiske ord som blir brukt i reklame for \u00e5 vise at eit produkt eller ei teneste er berekraftig?<\/p>\n<\/div><\/div>\n\n\n\n<div class=\"wp-block-media-text is-stacked-on-mobile\" style=\"grid-template-columns:30% auto\"><figure class=\"wp-block-media-text__media\"><a href=\"https:\/\/reklameskolen.devz.no\/ungdomsskole\/nn\/metoder-medier-og-miljo\/baerekraft\/\"><img decoding=\"async\" src=\"https:\/\/reklameskolen.devz.no\/wp-content\/uploads\/2024\/01\/Merkeordning-\u2013-UngdomsskoleLITE.png\" alt=\"Skjermbilde av oppgaven &quot;Merkeordninger&quot; fra Reklameskolen.\" class=\"wp-image-4963 size-full\"\/><\/a><\/figure><div class=\"wp-block-media-text__content\">\n<h3 class=\"wp-block-heading\"><a href=\"https:\/\/reklameskolen.devz.no\/ungdomsskole\/nn\/metoder-medier-og-miljo\/baerekraft\/\">Merkeordningar<\/a><\/h3>\n\n\n\n<p>Veit du kva merka betyr? Klikk og dra merkeforklaringa til rett logo.<\/p>\n<\/div><\/div>\n\n\n\n<div class=\"wp-block-media-text is-stacked-on-mobile\" style=\"grid-template-columns:30% auto\"><figure class=\"wp-block-media-text__media\"><a href=\"https:\/\/reklameskolen.devz.no\/ungdomsskole\/nn\/andre-temaer\/netthandel\/\"><img decoding=\"async\" src=\"https:\/\/reklameskolen.devz.no\/wp-content\/uploads\/2024\/01\/NetthandelLITE.jpg\" alt=\"Skjermbilde av oppgaven &quot;Hva b\u00f8r du gj\u00f8re?&quot; fra Reklameskolen.\" class=\"wp-image-4964 size-full\"\/><\/a><\/figure><div class=\"wp-block-media-text__content\">\n<h3 class=\"wp-block-heading\"><a href=\"https:\/\/reklameskolen.devz.no\/ungdomsskole\/nn\/andre-temaer\/netthandel\/\">Kva skal du gjere?<\/a><\/h3>\n\n\n\n<p>Veit du kva du skal gjere for \u00e5 sleppe \u00e5 g\u00e5 i \u201cnetthandelsfella \u201c?<\/p>\n<\/div><\/div>\n\n\n\n<div style=\"height:100px\" aria-hidden=\"true\" class=\"wp-block-spacer\"><\/div>\n","protected":false},"excerpt":{"rendered":"<p>Oppg\u00e5ver Her finn du ei oversikt over alle dei interaktive oppg\u00e5vene p\u00e5 Reklameskolen for ungdomsskolen: Kva er reklame? Korleis definerer du eigentleg reklame? Kjenner du igjen reklamen? Det er reklame overalt rundt oss. Men det er ikkje alltid like lett \u00e5 sj\u00e5 kva som er reklame. Klarer du \u00e5 finne all reklamen p\u00e5 desse bilda? [&hellip;]<\/p>\n","protected":false},"author":4,"featured_media":0,"parent":0,"menu_order":0,"comment_status":"closed","ping_status":"closed","template":"","meta":{"_acf_changed":false,"editor_notices":[],"footnotes":""},"class_list":["post-3867","page","type-page","status-publish","hentry"],"blocksy_meta":[],"acf":[],"yoast_head":"<!-- This site is optimized with the Yoast SEO plugin v25.9 - https:\/\/yoast.com\/wordpress\/plugins\/seo\/ -->\n<title>Oppg\u00e5ver - Ungdomskole Nynorsk<\/title>\n<meta name=\"robots\" content=\"index, follow, max-snippet:-1, max-image-preview:large, max-video-preview:-1\" \/>\n<link rel=\"canonical\" href=\"https:\/\/reklameskolen.devz.no\/ungdomsskole\/nn\/oppgaver\/\" \/>\n<meta property=\"og:locale\" content=\"en_US\" \/>\n<meta property=\"og:type\" content=\"article\" \/>\n<meta property=\"og:title\" content=\"Oppg\u00e5ver - Ungdomskole Nynorsk\" \/>\n<meta property=\"og:description\" content=\"Oppg\u00e5ver Her finn du ei oversikt over alle dei interaktive oppg\u00e5vene p\u00e5 Reklameskolen for ungdomsskolen: Kva er reklame? Korleis definerer du eigentleg reklame? Kjenner du igjen reklamen? Det er reklame overalt rundt oss. Men det er ikkje alltid like lett \u00e5 sj\u00e5 kva som er reklame. Klarer du \u00e5 finne all reklamen p\u00e5 desse bilda? [&hellip;]\" \/>\n<meta property=\"og:url\" content=\"https:\/\/reklameskolen.devz.no\/ungdomsskole\/nn\/oppgaver\/\" \/>\n<meta property=\"og:site_name\" content=\"Ungdomskole Nynorsk\" \/>\n<meta property=\"article:modified_time\" content=\"2024-01-12T09:43:51+00:00\" \/>\n<meta property=\"og:image\" content=\"https:\/\/reklameskolen.devz.no\/wp-content\/uploads\/2024\/01\/NetthandelLITE.jpg\" \/>\n<meta name=\"twitter:card\" content=\"summary_large_image\" \/>\n<meta name=\"twitter:label1\" content=\"Est. reading time\" \/>\n\t<meta name=\"twitter:data1\" content=\"2 minutes\" \/>\n<script type=\"application\/ld+json\" class=\"yoast-schema-graph\">{\"@context\":\"https:\/\/schema.org\",\"@graph\":[{\"@type\":\"WebPage\",\"@id\":\"https:\/\/reklameskolen.devz.no\/ungdomsskole\/nn\/oppgaver\/\",\"url\":\"https:\/\/reklameskolen.devz.no\/ungdomsskole\/nn\/oppgaver\/\",\"name\":\"Oppg\u00e5ver - Ungdomskole Nynorsk\",\"isPartOf\":{\"@id\":\"https:\/\/reklameskolen.devz.no\/ungdomsskole\/nn\/#website\"},\"primaryImageOfPage\":{\"@id\":\"https:\/\/reklameskolen.devz.no\/ungdomsskole\/nn\/oppgaver\/#primaryimage\"},\"image\":{\"@id\":\"https:\/\/reklameskolen.devz.no\/ungdomsskole\/nn\/oppgaver\/#primaryimage\"},\"thumbnailUrl\":\"https:\/\/reklameskolen.devz.no\/wp-content\/uploads\/2024\/01\/NetthandelLITE.jpg\",\"datePublished\":\"2024-01-12T09:43:38+00:00\",\"dateModified\":\"2024-01-12T09:43:51+00:00\",\"breadcrumb\":{\"@id\":\"https:\/\/reklameskolen.devz.no\/ungdomsskole\/nn\/oppgaver\/#breadcrumb\"},\"inLanguage\":\"en-US\",\"potentialAction\":[{\"@type\":\"ReadAction\",\"target\":[\"https:\/\/reklameskolen.devz.no\/ungdomsskole\/nn\/oppgaver\/\"]}]},{\"@type\":\"ImageObject\",\"inLanguage\":\"en-US\",\"@id\":\"https:\/\/reklameskolen.devz.no\/ungdomsskole\/nn\/oppgaver\/#primaryimage\",\"url\":\"https:\/\/reklameskolen.devz.no\/wp-content\/uploads\/2024\/01\/NetthandelLITE.jpg\",\"contentUrl\":\"https:\/\/reklameskolen.devz.no\/wp-content\/uploads\/2024\/01\/NetthandelLITE.jpg\"},{\"@type\":\"BreadcrumbList\",\"@id\":\"https:\/\/reklameskolen.devz.no\/ungdomsskole\/nn\/oppgaver\/#breadcrumb\",\"itemListElement\":[{\"@type\":\"ListItem\",\"position\":1,\"name\":\"Home\",\"item\":\"https:\/\/reklameskolen.devz.no\/ungdomsskole\/nn\/\"},{\"@type\":\"ListItem\",\"position\":2,\"name\":\"Oppg\u00e5ver\"}]},{\"@type\":\"WebSite\",\"@id\":\"https:\/\/reklameskolen.devz.no\/ungdomsskole\/nn\/#website\",\"url\":\"https:\/\/reklameskolen.devz.no\/ungdomsskole\/nn\/\",\"name\":\"Ungdomskole Nynorsk\",\"description\":\"Oppl\u00e6ringsverkt\u00f8y om reklame\",\"publisher\":{\"@id\":\"https:\/\/reklameskolen.devz.no\/ungdomsskole\/nn\/#organization\"},\"potentialAction\":[{\"@type\":\"SearchAction\",\"target\":{\"@type\":\"EntryPoint\",\"urlTemplate\":\"https:\/\/reklameskolen.devz.no\/ungdomsskole\/nn\/?s={search_term_string}\"},\"query-input\":{\"@type\":\"PropertyValueSpecification\",\"valueRequired\":true,\"valueName\":\"search_term_string\"}}],\"inLanguage\":\"en-US\"},{\"@type\":\"Organization\",\"@id\":\"https:\/\/reklameskolen.devz.no\/ungdomsskole\/nn\/#organization\",\"name\":\"Ungdomskole Nynorsk\",\"url\":\"https:\/\/reklameskolen.devz.no\/ungdomsskole\/nn\/\",\"logo\":{\"@type\":\"ImageObject\",\"inLanguage\":\"en-US\",\"@id\":\"https:\/\/reklameskolen.devz.no\/ungdomsskole\/nn\/#\/schema\/logo\/image\/\",\"url\":\"https:\/\/reklameskolen.devz.no\/wp-content\/uploads\/2023\/08\/Reklameskolen-Logo-01.png\",\"contentUrl\":\"https:\/\/reklameskolen.devz.no\/wp-content\/uploads\/2023\/08\/Reklameskolen-Logo-01.png\",\"caption\":\"Ungdomskole Nynorsk\"},\"image\":{\"@id\":\"https:\/\/reklameskolen.devz.no\/ungdomsskole\/nn\/#\/schema\/logo\/image\/\"}}]}<\/script>\n<!-- \/ Yoast SEO plugin. -->","yoast_head_json":{"title":"Oppg\u00e5ver - Ungdomskole Nynorsk","robots":{"index":"index","follow":"follow","max-snippet":"max-snippet:-1","max-image-preview":"max-image-preview:large","max-video-preview":"max-video-preview:-1"},"canonical":"https:\/\/reklameskolen.devz.no\/ungdomsskole\/nn\/oppgaver\/","og_locale":"en_US","og_type":"article","og_title":"Oppg\u00e5ver - Ungdomskole Nynorsk","og_description":"Oppg\u00e5ver Her finn du ei oversikt over alle dei interaktive oppg\u00e5vene p\u00e5 Reklameskolen for ungdomsskolen: Kva er reklame? Korleis definerer du eigentleg reklame? Kjenner du igjen reklamen? Det er reklame overalt rundt oss. Men det er ikkje alltid like lett \u00e5 sj\u00e5 kva som er reklame. Klarer du \u00e5 finne all reklamen p\u00e5 desse bilda? [&hellip;]","og_url":"https:\/\/reklameskolen.devz.no\/ungdomsskole\/nn\/oppgaver\/","og_site_name":"Ungdomskole Nynorsk","article_modified_time":"2024-01-12T09:43:51+00:00","og_image":[{"url":"https:\/\/reklameskolen.devz.no\/wp-content\/uploads\/2024\/01\/NetthandelLITE.jpg","type":"","width":"","height":""}],"twitter_card":"summary_large_image","twitter_misc":{"Est. reading time":"2 minutes"},"schema":{"@context":"https:\/\/schema.org","@graph":[{"@type":"WebPage","@id":"https:\/\/reklameskolen.devz.no\/ungdomsskole\/nn\/oppgaver\/","url":"https:\/\/reklameskolen.devz.no\/ungdomsskole\/nn\/oppgaver\/","name":"Oppg\u00e5ver - Ungdomskole Nynorsk","isPartOf":{"@id":"https:\/\/reklameskolen.devz.no\/ungdomsskole\/nn\/#website"},"primaryImageOfPage":{"@id":"https:\/\/reklameskolen.devz.no\/ungdomsskole\/nn\/oppgaver\/#primaryimage"},"image":{"@id":"https:\/\/reklameskolen.devz.no\/ungdomsskole\/nn\/oppgaver\/#primaryimage"},"thumbnailUrl":"https:\/\/reklameskolen.devz.no\/wp-content\/uploads\/2024\/01\/NetthandelLITE.jpg","datePublished":"2024-01-12T09:43:38+00:00","dateModified":"2024-01-12T09:43:51+00:00","breadcrumb":{"@id":"https:\/\/reklameskolen.devz.no\/ungdomsskole\/nn\/oppgaver\/#breadcrumb"},"inLanguage":"en-US","potentialAction":[{"@type":"ReadAction","target":["https:\/\/reklameskolen.devz.no\/ungdomsskole\/nn\/oppgaver\/"]}]},{"@type":"ImageObject","inLanguage":"en-US","@id":"https:\/\/reklameskolen.devz.no\/ungdomsskole\/nn\/oppgaver\/#primaryimage","url":"https:\/\/reklameskolen.devz.no\/wp-content\/uploads\/2024\/01\/NetthandelLITE.jpg","contentUrl":"https:\/\/reklameskolen.devz.no\/wp-content\/uploads\/2024\/01\/NetthandelLITE.jpg"},{"@type":"BreadcrumbList","@id":"https:\/\/reklameskolen.devz.no\/ungdomsskole\/nn\/oppgaver\/#breadcrumb","itemListElement":[{"@type":"ListItem","position":1,"name":"Home","item":"https:\/\/reklameskolen.devz.no\/ungdomsskole\/nn\/"},{"@type":"ListItem","position":2,"name":"Oppg\u00e5ver"}]},{"@type":"WebSite","@id":"https:\/\/reklameskolen.devz.no\/ungdomsskole\/nn\/#website","url":"https:\/\/reklameskolen.devz.no\/ungdomsskole\/nn\/","name":"Ungdomskole Nynorsk","description":"Oppl\u00e6ringsverkt\u00f8y om reklame","publisher":{"@id":"https:\/\/reklameskolen.devz.no\/ungdomsskole\/nn\/#organization"},"potentialAction":[{"@type":"SearchAction","target":{"@type":"EntryPoint","urlTemplate":"https:\/\/reklameskolen.devz.no\/ungdomsskole\/nn\/?s={search_term_string}"},"query-input":{"@type":"PropertyValueSpecification","valueRequired":true,"valueName":"search_term_string"}}],"inLanguage":"en-US"},{"@type":"Organization","@id":"https:\/\/reklameskolen.devz.no\/ungdomsskole\/nn\/#organization","name":"Ungdomskole Nynorsk","url":"https:\/\/reklameskolen.devz.no\/ungdomsskole\/nn\/","logo":{"@type":"ImageObject","inLanguage":"en-US","@id":"https:\/\/reklameskolen.devz.no\/ungdomsskole\/nn\/#\/schema\/logo\/image\/","url":"https:\/\/reklameskolen.devz.no\/wp-content\/uploads\/2023\/08\/Reklameskolen-Logo-01.png","contentUrl":"https:\/\/reklameskolen.devz.no\/wp-content\/uploads\/2023\/08\/Reklameskolen-Logo-01.png","caption":"Ungdomskole Nynorsk"},"image":{"@id":"https:\/\/reklameskolen.devz.no\/ungdomsskole\/nn\/#\/schema\/logo\/image\/"}}]}},"_links":{"self":[{"href":"https:\/\/reklameskolen.devz.no\/ungdomsskole\/nn\/wp-json\/wp\/v2\/pages\/3867","targetHints":{"allow":["GET"]}}],"collection":[{"href":"https:\/\/reklameskolen.devz.no\/ungdomsskole\/nn\/wp-json\/wp\/v2\/pages"}],"about":[{"href":"https:\/\/reklameskolen.devz.no\/ungdomsskole\/nn\/wp-json\/wp\/v2\/types\/page"}],"author":[{"embeddable":true,"href":"https:\/\/reklameskolen.devz.no\/ungdomsskole\/nn\/wp-json\/wp\/v2\/users\/4"}],"replies":[{"embeddable":true,"href":"https:\/\/reklameskolen.devz.no\/ungdomsskole\/nn\/wp-json\/wp\/v2\/comments?post=3867"}],"version-history":[{"count":29,"href":"https:\/\/reklameskolen.devz.no\/ungdomsskole\/nn\/wp-json\/wp\/v2\/pages\/3867\/revisions"}],"predecessor-version":[{"id":3899,"href":"https:\/\/reklameskolen.devz.no\/ungdomsskole\/nn\/wp-json\/wp\/v2\/pages\/3867\/revisions\/3899"}],"wp:attachment":[{"href":"https:\/\/reklameskolen.devz.no\/ungdomsskole\/nn\/wp-json\/wp\/v2\/media?parent=3867"}],"curies":[{"name":"wp","href":"https:\/\/api.w.org\/{rel}","templated":true}]}}