{"id":480,"date":"2022-02-03T14:42:55","date_gmt":"2022-02-03T13:42:55","guid":{"rendered":"https:\/\/reklameskolen.devz.no\/?page_id=480"},"modified":"2024-10-03T14:13:03","modified_gmt":"2024-10-03T12:13:03","slug":"slagord","status":"publish","type":"page","link":"https:\/\/reklameskolen.devz.no\/ungdomsskole\/nn\/reklamen-og-oss\/merkevarebygging\/slagord\/","title":{"rendered":"Slagord"},"content":{"rendered":"\n<div class=\"wp-block-cover is-light\" style=\"min-height:341px;aspect-ratio:unset;\"><span aria-hidden=\"true\" class=\"wp-block-cover__background has-background-dim-0 has-background-dim\"><\/span><img loading=\"lazy\" decoding=\"async\" width=\"1198\" height=\"664\" class=\"wp-block-cover__image-background wp-image-1606\" alt=\"Illustrasjonsbilde med tre eksempler p\u00e5 tre slagord &quot;Alle skal med&quot;, &quot;Hold Norge rent&quot; og &quot;Ingen over - ingen ved siden&quot;.\" src=\"https:\/\/reklameskolen.devz.no\/wp-content\/uploads\/sites\/8\/2022\/03\/slagord-3.jpg\" style=\"object-position:50% 32%\" data-object-fit=\"cover\" data-object-position=\"50% 32%\" srcset=\"https:\/\/reklameskolen.devz.no\/ungdomsskole\/nn\/files\/2022\/03\/slagord-3.jpg 1198w, https:\/\/reklameskolen.devz.no\/ungdomsskole\/nn\/files\/2022\/03\/slagord-3-300x166.jpg 300w, https:\/\/reklameskolen.devz.no\/ungdomsskole\/nn\/files\/2022\/03\/slagord-3-1024x568.jpg 1024w, https:\/\/reklameskolen.devz.no\/ungdomsskole\/nn\/files\/2022\/03\/slagord-3-768x426.jpg 768w, https:\/\/reklameskolen.devz.no\/ungdomsskole\/nn\/files\/2022\/03\/slagord-3-150x83.jpg 150w\" sizes=\"auto, (max-width: 1198px) 100vw, 1198px\" \/><div class=\"wp-block-cover__inner-container is-layout-flow wp-block-cover-is-layout-flow\">\n<p class=\"has-text-align-center has-large-font-size\"><\/p>\n<\/div><\/div>\n\n\n\n<div class=\"wp-block-columns is-layout-flex wp-container-core-columns-is-layout-28f84493 wp-block-columns-is-layout-flex\">\n<div class=\"wp-block-column is-layout-flow wp-block-column-is-layout-flow\" style=\"flex-basis:66.66%\">\n<h1 class=\"wp-block-heading\" id=\"slagord\">Slagord<\/h1>\n\n\n\n<p>Kva er eit <strong>slagord<\/strong>? Kva blir det brukt til? Korleis lagar ein eit godt slagord?<\/p>\n\n\n\n<p>Slagord i reklame er eit popul\u00e6rt verkemiddel, og kan presenterast b\u00e5de munnleg og skriftleg. Slagord blir brukte gjerne for \u00e5 f\u00e5 deg som forbruker til \u00e5 hugse merkevara. Dei kan \u00f2g gi uttrykk for haldningar og verdiar som merkevara \u00f8nsker \u00e5 bli forbunden med. <\/p>\n\n\n\n<p>For at du som forbrukar skal hugse slagordet pr\u00f8ver den n\u00e6ringsdrivande \u00e5 lage slagord som skil seg ut. Derfor er mange slagord b\u00e5de fengande og morosame. Eit slagord kan \u00f2g rime, men det viktigaste er at det er relevant for tenesta eller produktet. Dette gjer det \u00f2g lettare \u00e5 hugse<strong> <\/strong>slagordet, og s\u00f8rgjer for at du forbind det med riktig merkevare. Slagord er som regel positive, og bruker gjerne plussord som framhevar dei positive sidene ved merkevara. Dei fleste slagorda er ganske korte. Dette gjer dei lettare \u00e5 bruke, og dermed lettare \u00e5 hugse. For jo meir eit slagord blir brukte og gjenteke, jo lettare blir det for deg som forbruker \u00e5 hugse det. Og det er nettopp det den n\u00e6ringsdrivande \u00f8nsker! <\/p>\n<\/div>\n\n\n\n<div class=\"wp-block-column is-layout-flow wp-block-column-is-layout-flow\" style=\"flex-basis:33.3%\">\n<div style=\"height:150px\" aria-hidden=\"true\" class=\"wp-block-spacer\"><\/div>\n\n\n\n<p class=\"has-small-font-size\"><\/p>\n\n\n\n<div class=\"wp-block-group is-style-fact-box is-layout-flow wp-block-group-is-layout-flow\">\n<h2 class=\"wp-block-heading\">Definisjon<\/h2>\n\n\n\n<p><strong>Slagord <\/strong>er ord eller eit korte uttrykk som seier noko vesentleg og kort om eit produkt, ei merkevare, ei teneste eller tilsvarande.<\/p>\n<\/div>\n<\/div>\n<\/div>\n\n\n\n<div style=\"height:100px\" aria-hidden=\"true\" class=\"wp-block-spacer\"><\/div>\n\n\n\n<div class=\"wp-block-columns is-layout-flex wp-container-core-columns-is-layout-28f84493 wp-block-columns-is-layout-flex\">\n<div class=\"wp-block-column is-layout-flow wp-block-column-is-layout-flow\" style=\"flex-basis:13%\"><\/div>\n\n\n\n<div class=\"wp-block-column is-layout-flow wp-block-column-is-layout-flow\" style=\"flex-basis:74%\">\n<div class=\"wp-block-group is-style-questions is-layout-flow wp-block-group-is-layout-flow\">\n<h2 class=\"wp-block-heading\">Kjenner du slagorda?<\/h2>\n\n\n\n<p>Her skal du kombinere riktig merkevare og slagord. Dra slagorda over fr\u00e5 h\u00f8gresida og slepp dei ned p\u00e5 riktig merkevare. <\/p>\n\n\n\n<p>Trykk sjekk n\u00e5r du er ferdig!<\/p>\n\n\n<div class=\"h5p-iframe-wrapper\"><iframe id=\"h5p-iframe-69\" class=\"h5p-iframe\" data-content-id=\"69\" style=\"height:1px\" src=\"about:blank\" frameBorder=\"0\" scrolling=\"no\" title=\"Nynorsk \u2013 Kva slagord h\u00f8yrer til kva avsendar?\"><\/iframe><\/div>\n<\/div>\n\n\n\n<div style=\"height:100px\" aria-hidden=\"true\" class=\"wp-block-spacer\"><\/div>\n\n\n\n<div class=\"wp-block-group is-layout-flow wp-block-group-is-layout-flow\">\n<div class=\"wp-block-columns is-layout-flex wp-container-core-columns-is-layout-28f84493 wp-block-columns-is-layout-flex\">\n<div class=\"wp-block-column is-layout-flow wp-block-column-is-layout-flow\">\n<div class=\"wp-block-group is-style-questions is-layout-flow wp-block-group-is-layout-flow\">\n<h2 class=\"wp-block-heading\">Refleksjonsoppg\u00e5ve<\/h2>\n\n\n\n<p>Sj\u00e5 p\u00e5 slagorda til dei ulike bilmerka. <\/p>\n\n\n\n<p>Vel deg ut tre av bilmerka. Kva eigenskapar ved bilane sine trur du bilmerka pr\u00f8ver \u00e5 framheve? Svarer til denne oppfatninga di av bilmerket?<\/p>\n\n\n\n<ul class=\"wp-block-list\">\n<li>Volkswagen \u2013 Das Auto<\/li>\n\n\n\n<li>Skoda \u2013 Simply Clever\u00ae<\/li>\n\n\n\n<li>Citro\u00ebn \u2013 Creative Technologie<\/li>\n\n\n\n<li>Volvo \u2013 \u00abFor life\u00bb<\/li>\n\n\n\n<li>Opel \u2013 Wir leben Autos<\/li>\n\n\n\n<li>Kia \u2013 The power to surprise \u00ae<\/li>\n\n\n\n<li>BMW \u2013 The ultimate driving machine<\/li>\n\n\n\n<li>Mercedes \u2013 The best or nothing<\/li>\n\n\n\n<li>Audi \u2013 Truth in Enginerring<\/li>\n\n\n\n<li>Nissan \u2013 Innovation that excites \u00ae<\/li>\n\n\n\n<li>Ford \u2013 Go further \u00ae<\/li>\n\n\n\n<li>Mazda \u2013 Driving Matters<\/li>\n\n\n\n<li>Land Rover \u2013 Above and beyond<\/li>\n\n\n\n<li>Jaguar \u2013 The art of performance<\/li>\n\n\n\n<li>Lexus \u2013 Experience Amazing<\/li>\n<\/ul>\n\n\n\n<p><\/p>\n<\/div>\n<\/div>\n<\/div>\n<\/div>\n<\/div>\n\n\n\n<div class=\"wp-block-column is-layout-flow wp-block-column-is-layout-flow\" style=\"flex-basis:13%\"><\/div>\n<\/div>\n\n\n\n<div style=\"height:100px\" aria-hidden=\"true\" class=\"wp-block-spacer\"><\/div>\n\n\n\n<div class=\"wp-block-group alignfull has-palette-color-4-background-color has-background is-layout-flow wp-block-group-is-layout-flow\">\n<div class=\"wp-block-columns is-layout-flex wp-container-core-columns-is-layout-28f84493 wp-block-columns-is-layout-flex\">\n<div class=\"wp-block-column is-layout-flow wp-block-column-is-layout-flow\">\n<div class=\"wp-block-buttons is-layout-flex wp-block-buttons-is-layout-flex\">\n<div class=\"wp-block-button\"><a class=\"wp-block-button__link wp-element-button\" href=\"https:\/\/reklameskolen.devz.no\/ungdomsskole\/nn\/reklamen-og-oss\/merkevarebygging\/sponsing-av-arrangementer\/\">Tilbake til &#8220;Sponsing av arrangement&#8221;<\/a><\/div>\n<\/div>\n<\/div>\n\n\n\n<div class=\"wp-block-column is-layout-flow wp-block-column-is-layout-flow\">\n<div class=\"wp-block-buttons is-horizontal is-content-justification-right is-layout-flex wp-container-core-buttons-is-layout-30af2ff6 wp-block-buttons-is-layout-flex\">\n<div class=\"wp-block-button\"><a class=\"wp-block-button__link wp-element-button\" href=\"https:\/\/reklameskolen.devz.no\/ungdomsskole\/nn\/reklamen-og-oss\/gjor-det-selv\/\">Vidare til &#8220;Lag din eigen reklamefilm&#8221;<\/a><\/div>\n<\/div>\n<\/div>\n<\/div>\n<\/div>\n\n\n\n<p><\/p>\n","protected":false},"excerpt":{"rendered":"<p>Slagord Kva er eit slagord? Kva blir det brukt til? Korleis lagar ein eit godt slagord? Slagord i reklame er eit popul\u00e6rt verkemiddel, og kan presenterast b\u00e5de munnleg og skriftleg. Slagord blir brukte gjerne for \u00e5 f\u00e5 deg som forbruker til \u00e5 hugse merkevara. Dei kan \u00f2g gi uttrykk for haldningar og verdiar som merkevara [&hellip;]<\/p>\n","protected":false},"author":1,"featured_media":0,"parent":160,"menu_order":1,"comment_status":"closed","ping_status":"closed","template":"","meta":{"_acf_changed":false,"editor_notices":[],"footnotes":""},"class_list":["post-480","page","type-page","status-publish","hentry"],"blocksy_meta":{"styles_descriptor":{"styles":{"desktop":"","tablet":"","mobile":""},"google_fonts":[],"version":6}},"acf":[],"yoast_head":"<!-- This site is optimized with the Yoast SEO plugin v25.9 - https:\/\/yoast.com\/wordpress\/plugins\/seo\/ -->\n<title>Slagord - Ungdomskole Nynorsk<\/title>\n<meta name=\"robots\" content=\"index, follow, max-snippet:-1, max-image-preview:large, max-video-preview:-1\" \/>\n<link rel=\"canonical\" href=\"https:\/\/reklameskolen.devz.no\/ungdomsskole\/nn\/reklamen-og-oss\/merkevarebygging\/slagord\/\" \/>\n<meta property=\"og:locale\" content=\"en_US\" \/>\n<meta property=\"og:type\" content=\"article\" \/>\n<meta property=\"og:title\" content=\"Slagord - Ungdomskole Nynorsk\" \/>\n<meta property=\"og:description\" content=\"Slagord Kva er eit slagord? Kva blir det brukt til? Korleis lagar ein eit godt slagord? Slagord i reklame er eit popul\u00e6rt verkemiddel, og kan presenterast b\u00e5de munnleg og skriftleg. Slagord blir brukte gjerne for \u00e5 f\u00e5 deg som forbruker til \u00e5 hugse merkevara. Dei kan \u00f2g gi uttrykk for haldningar og verdiar som merkevara [&hellip;]\" \/>\n<meta property=\"og:url\" content=\"https:\/\/reklameskolen.devz.no\/ungdomsskole\/nn\/reklamen-og-oss\/merkevarebygging\/slagord\/\" \/>\n<meta property=\"og:site_name\" content=\"Ungdomskole Nynorsk\" \/>\n<meta property=\"article:modified_time\" content=\"2024-10-03T12:13:03+00:00\" \/>\n<meta property=\"og:image\" content=\"https:\/\/reklameskolen.devz.no\/wp-content\/uploads\/2022\/03\/slagord-3.jpg\" \/>\n\t<meta property=\"og:image:width\" content=\"1198\" \/>\n\t<meta property=\"og:image:height\" content=\"664\" \/>\n\t<meta property=\"og:image:type\" content=\"image\/jpeg\" \/>\n<meta name=\"twitter:card\" content=\"summary_large_image\" \/>\n<meta name=\"twitter:label1\" content=\"Est. reading time\" \/>\n\t<meta name=\"twitter:data1\" content=\"2 minutes\" \/>\n<script type=\"application\/ld+json\" class=\"yoast-schema-graph\">{\"@context\":\"https:\/\/schema.org\",\"@graph\":[{\"@type\":\"WebPage\",\"@id\":\"https:\/\/reklameskolen.devz.no\/ungdomsskole\/nn\/reklamen-og-oss\/merkevarebygging\/slagord\/\",\"url\":\"https:\/\/reklameskolen.devz.no\/ungdomsskole\/nn\/reklamen-og-oss\/merkevarebygging\/slagord\/\",\"name\":\"Slagord - Ungdomskole Nynorsk\",\"isPartOf\":{\"@id\":\"https:\/\/reklameskolen.devz.no\/ungdomsskole\/nn\/#website\"},\"primaryImageOfPage\":{\"@id\":\"https:\/\/reklameskolen.devz.no\/ungdomsskole\/nn\/reklamen-og-oss\/merkevarebygging\/slagord\/#primaryimage\"},\"image\":{\"@id\":\"https:\/\/reklameskolen.devz.no\/ungdomsskole\/nn\/reklamen-og-oss\/merkevarebygging\/slagord\/#primaryimage\"},\"thumbnailUrl\":\"https:\/\/reklameskolen.devz.no\/wp-content\/uploads\/sites\/8\/2022\/03\/slagord-3.jpg\",\"datePublished\":\"2022-02-03T13:42:55+00:00\",\"dateModified\":\"2024-10-03T12:13:03+00:00\",\"breadcrumb\":{\"@id\":\"https:\/\/reklameskolen.devz.no\/ungdomsskole\/nn\/reklamen-og-oss\/merkevarebygging\/slagord\/#breadcrumb\"},\"inLanguage\":\"en-US\",\"potentialAction\":[{\"@type\":\"ReadAction\",\"target\":[\"https:\/\/reklameskolen.devz.no\/ungdomsskole\/nn\/reklamen-og-oss\/merkevarebygging\/slagord\/\"]}]},{\"@type\":\"ImageObject\",\"inLanguage\":\"en-US\",\"@id\":\"https:\/\/reklameskolen.devz.no\/ungdomsskole\/nn\/reklamen-og-oss\/merkevarebygging\/slagord\/#primaryimage\",\"url\":\"https:\/\/reklameskolen.devz.no\/wp-content\/uploads\/sites\/8\/2022\/03\/slagord-3.jpg\",\"contentUrl\":\"https:\/\/reklameskolen.devz.no\/wp-content\/uploads\/sites\/8\/2022\/03\/slagord-3.jpg\"},{\"@type\":\"BreadcrumbList\",\"@id\":\"https:\/\/reklameskolen.devz.no\/ungdomsskole\/nn\/reklamen-og-oss\/merkevarebygging\/slagord\/#breadcrumb\",\"itemListElement\":[{\"@type\":\"ListItem\",\"position\":1,\"name\":\"Home\",\"item\":\"https:\/\/reklameskolen.devz.no\/ungdomsskole\/nn\/\"},{\"@type\":\"ListItem\",\"position\":2,\"name\":\"Reklamen og oss\",\"item\":\"https:\/\/reklameskolen.devz.no\/ungdomsskole\/nn\/reklamen-og-oss\/\"},{\"@type\":\"ListItem\",\"position\":3,\"name\":\"Merkevarebygging\",\"item\":\"https:\/\/reklameskolen.devz.no\/ungdomsskole\/nn\/reklamen-og-oss\/merkevarebygging\/\"},{\"@type\":\"ListItem\",\"position\":4,\"name\":\"Slagord\"}]},{\"@type\":\"WebSite\",\"@id\":\"https:\/\/reklameskolen.devz.no\/ungdomsskole\/nn\/#website\",\"url\":\"https:\/\/reklameskolen.devz.no\/ungdomsskole\/nn\/\",\"name\":\"Ungdomskole Nynorsk\",\"description\":\"Oppl\u00e6ringsverkt\u00f8y om reklame\",\"publisher\":{\"@id\":\"https:\/\/reklameskolen.devz.no\/ungdomsskole\/nn\/#organization\"},\"potentialAction\":[{\"@type\":\"SearchAction\",\"target\":{\"@type\":\"EntryPoint\",\"urlTemplate\":\"https:\/\/reklameskolen.devz.no\/ungdomsskole\/nn\/?s={search_term_string}\"},\"query-input\":{\"@type\":\"PropertyValueSpecification\",\"valueRequired\":true,\"valueName\":\"search_term_string\"}}],\"inLanguage\":\"en-US\"},{\"@type\":\"Organization\",\"@id\":\"https:\/\/reklameskolen.devz.no\/ungdomsskole\/nn\/#organization\",\"name\":\"Ungdomskole Nynorsk\",\"url\":\"https:\/\/reklameskolen.devz.no\/ungdomsskole\/nn\/\",\"logo\":{\"@type\":\"ImageObject\",\"inLanguage\":\"en-US\",\"@id\":\"https:\/\/reklameskolen.devz.no\/ungdomsskole\/nn\/#\/schema\/logo\/image\/\",\"url\":\"https:\/\/reklameskolen.devz.no\/wp-content\/uploads\/2023\/08\/Reklameskolen-Logo-01.png\",\"contentUrl\":\"https:\/\/reklameskolen.devz.no\/wp-content\/uploads\/2023\/08\/Reklameskolen-Logo-01.png\",\"caption\":\"Ungdomskole Nynorsk\"},\"image\":{\"@id\":\"https:\/\/reklameskolen.devz.no\/ungdomsskole\/nn\/#\/schema\/logo\/image\/\"}}]}<\/script>\n<!-- \/ Yoast SEO plugin. -->","yoast_head_json":{"title":"Slagord - Ungdomskole Nynorsk","robots":{"index":"index","follow":"follow","max-snippet":"max-snippet:-1","max-image-preview":"max-image-preview:large","max-video-preview":"max-video-preview:-1"},"canonical":"https:\/\/reklameskolen.devz.no\/ungdomsskole\/nn\/reklamen-og-oss\/merkevarebygging\/slagord\/","og_locale":"en_US","og_type":"article","og_title":"Slagord - Ungdomskole Nynorsk","og_description":"Slagord Kva er eit slagord? Kva blir det brukt til? Korleis lagar ein eit godt slagord? Slagord i reklame er eit popul\u00e6rt verkemiddel, og kan presenterast b\u00e5de munnleg og skriftleg. Slagord blir brukte gjerne for \u00e5 f\u00e5 deg som forbruker til \u00e5 hugse merkevara. Dei kan \u00f2g gi uttrykk for haldningar og verdiar som merkevara [&hellip;]","og_url":"https:\/\/reklameskolen.devz.no\/ungdomsskole\/nn\/reklamen-og-oss\/merkevarebygging\/slagord\/","og_site_name":"Ungdomskole Nynorsk","article_modified_time":"2024-10-03T12:13:03+00:00","og_image":[{"width":1198,"height":664,"url":"https:\/\/reklameskolen.devz.no\/wp-content\/uploads\/2022\/03\/slagord-3.jpg","type":"image\/jpeg"}],"twitter_card":"summary_large_image","twitter_misc":{"Est. reading time":"2 minutes"},"schema":{"@context":"https:\/\/schema.org","@graph":[{"@type":"WebPage","@id":"https:\/\/reklameskolen.devz.no\/ungdomsskole\/nn\/reklamen-og-oss\/merkevarebygging\/slagord\/","url":"https:\/\/reklameskolen.devz.no\/ungdomsskole\/nn\/reklamen-og-oss\/merkevarebygging\/slagord\/","name":"Slagord - Ungdomskole Nynorsk","isPartOf":{"@id":"https:\/\/reklameskolen.devz.no\/ungdomsskole\/nn\/#website"},"primaryImageOfPage":{"@id":"https:\/\/reklameskolen.devz.no\/ungdomsskole\/nn\/reklamen-og-oss\/merkevarebygging\/slagord\/#primaryimage"},"image":{"@id":"https:\/\/reklameskolen.devz.no\/ungdomsskole\/nn\/reklamen-og-oss\/merkevarebygging\/slagord\/#primaryimage"},"thumbnailUrl":"https:\/\/reklameskolen.devz.no\/wp-content\/uploads\/sites\/8\/2022\/03\/slagord-3.jpg","datePublished":"2022-02-03T13:42:55+00:00","dateModified":"2024-10-03T12:13:03+00:00","breadcrumb":{"@id":"https:\/\/reklameskolen.devz.no\/ungdomsskole\/nn\/reklamen-og-oss\/merkevarebygging\/slagord\/#breadcrumb"},"inLanguage":"en-US","potentialAction":[{"@type":"ReadAction","target":["https:\/\/reklameskolen.devz.no\/ungdomsskole\/nn\/reklamen-og-oss\/merkevarebygging\/slagord\/"]}]},{"@type":"ImageObject","inLanguage":"en-US","@id":"https:\/\/reklameskolen.devz.no\/ungdomsskole\/nn\/reklamen-og-oss\/merkevarebygging\/slagord\/#primaryimage","url":"https:\/\/reklameskolen.devz.no\/wp-content\/uploads\/sites\/8\/2022\/03\/slagord-3.jpg","contentUrl":"https:\/\/reklameskolen.devz.no\/wp-content\/uploads\/sites\/8\/2022\/03\/slagord-3.jpg"},{"@type":"BreadcrumbList","@id":"https:\/\/reklameskolen.devz.no\/ungdomsskole\/nn\/reklamen-og-oss\/merkevarebygging\/slagord\/#breadcrumb","itemListElement":[{"@type":"ListItem","position":1,"name":"Home","item":"https:\/\/reklameskolen.devz.no\/ungdomsskole\/nn\/"},{"@type":"ListItem","position":2,"name":"Reklamen og oss","item":"https:\/\/reklameskolen.devz.no\/ungdomsskole\/nn\/reklamen-og-oss\/"},{"@type":"ListItem","position":3,"name":"Merkevarebygging","item":"https:\/\/reklameskolen.devz.no\/ungdomsskole\/nn\/reklamen-og-oss\/merkevarebygging\/"},{"@type":"ListItem","position":4,"name":"Slagord"}]},{"@type":"WebSite","@id":"https:\/\/reklameskolen.devz.no\/ungdomsskole\/nn\/#website","url":"https:\/\/reklameskolen.devz.no\/ungdomsskole\/nn\/","name":"Ungdomskole Nynorsk","description":"Oppl\u00e6ringsverkt\u00f8y om reklame","publisher":{"@id":"https:\/\/reklameskolen.devz.no\/ungdomsskole\/nn\/#organization"},"potentialAction":[{"@type":"SearchAction","target":{"@type":"EntryPoint","urlTemplate":"https:\/\/reklameskolen.devz.no\/ungdomsskole\/nn\/?s={search_term_string}"},"query-input":{"@type":"PropertyValueSpecification","valueRequired":true,"valueName":"search_term_string"}}],"inLanguage":"en-US"},{"@type":"Organization","@id":"https:\/\/reklameskolen.devz.no\/ungdomsskole\/nn\/#organization","name":"Ungdomskole Nynorsk","url":"https:\/\/reklameskolen.devz.no\/ungdomsskole\/nn\/","logo":{"@type":"ImageObject","inLanguage":"en-US","@id":"https:\/\/reklameskolen.devz.no\/ungdomsskole\/nn\/#\/schema\/logo\/image\/","url":"https:\/\/reklameskolen.devz.no\/wp-content\/uploads\/2023\/08\/Reklameskolen-Logo-01.png","contentUrl":"https:\/\/reklameskolen.devz.no\/wp-content\/uploads\/2023\/08\/Reklameskolen-Logo-01.png","caption":"Ungdomskole Nynorsk"},"image":{"@id":"https:\/\/reklameskolen.devz.no\/ungdomsskole\/nn\/#\/schema\/logo\/image\/"}}]}},"_links":{"self":[{"href":"https:\/\/reklameskolen.devz.no\/ungdomsskole\/nn\/wp-json\/wp\/v2\/pages\/480","targetHints":{"allow":["GET"]}}],"collection":[{"href":"https:\/\/reklameskolen.devz.no\/ungdomsskole\/nn\/wp-json\/wp\/v2\/pages"}],"about":[{"href":"https:\/\/reklameskolen.devz.no\/ungdomsskole\/nn\/wp-json\/wp\/v2\/types\/page"}],"author":[{"embeddable":true,"href":"https:\/\/reklameskolen.devz.no\/ungdomsskole\/nn\/wp-json\/wp\/v2\/users\/1"}],"replies":[{"embeddable":true,"href":"https:\/\/reklameskolen.devz.no\/ungdomsskole\/nn\/wp-json\/wp\/v2\/comments?post=480"}],"version-history":[{"count":107,"href":"https:\/\/reklameskolen.devz.no\/ungdomsskole\/nn\/wp-json\/wp\/v2\/pages\/480\/revisions"}],"predecessor-version":[{"id":3947,"href":"https:\/\/reklameskolen.devz.no\/ungdomsskole\/nn\/wp-json\/wp\/v2\/pages\/480\/revisions\/3947"}],"up":[{"embeddable":true,"href":"https:\/\/reklameskolen.devz.no\/ungdomsskole\/nn\/wp-json\/wp\/v2\/pages\/160"}],"wp:attachment":[{"href":"https:\/\/reklameskolen.devz.no\/ungdomsskole\/nn\/wp-json\/wp\/v2\/media?parent=480"}],"curies":[{"name":"wp","href":"https:\/\/api.w.org\/{rel}","templated":true}]}}