{"id":59,"date":"2021-12-03T10:22:43","date_gmt":"2021-12-03T09:22:43","guid":{"rendered":"http:\/\/reklameskolen.devz.no\/?page_id=59"},"modified":"2023-12-01T13:15:21","modified_gmt":"2023-12-01T12:15:21","slug":"hva-er-reklame","status":"publish","type":"page","link":"https:\/\/reklameskolen.devz.no\/ungdomsskole\/nn\/reklamen-og-oss\/hva-er-reklame\/","title":{"rendered":"Kva er reklame?"},"content":{"rendered":"\n<figure class=\"wp-block-embed is-type-video is-provider-youtube wp-block-embed-youtube wp-embed-aspect-16-9 wp-has-aspect-ratio\"><div class=\"wp-block-embed__wrapper\">\n<iframe loading=\"lazy\" title=\"Reklameskolen: Hva er reklame?\" width=\"1290\" height=\"726\" src=\"https:\/\/www.youtube.com\/embed\/oY0zUHksRYY?feature=oembed\" frameborder=\"0\" allow=\"accelerometer; autoplay; clipboard-write; encrypted-media; gyroscope; picture-in-picture; web-share\" referrerpolicy=\"strict-origin-when-cross-origin\" allowfullscreen><\/iframe>\n<\/div><\/figure>\n\n\n\n<div style=\"height:50px\" aria-hidden=\"true\" class=\"wp-block-spacer\"><\/div>\n\n\n\n<h1 class=\"wp-block-heading\" id=\"hva-er-reklame\">Kva er reklame?<\/h1>\n\n\n\n<div class=\"wp-block-columns is-layout-flex wp-container-core-columns-is-layout-28f84493 wp-block-columns-is-layout-flex\">\n<div class=\"wp-block-column is-layout-flow wp-block-column-is-layout-flow\" style=\"flex-basis:67%\">\n<p><strong>Reklame <\/strong>er betalt kommunikasjon om ei vare eller teneste. Det betyr at nokon tener pengar p\u00e5 \u00e5 fortelje om akkurat dette produktet.<\/p>\n\n\n\n<p>Reklame handlar om \u00e5 vise fram eller fortelje om eit produkt p\u00e5 ein m\u00e5te som gjer at flest mogleg f\u00e5r vite om det. M\u00e5let er \u00e5 skape interesse og merksemd rundt produktet. Slik kan reklamen bidra til at flest mogleg kj\u00f8per akkurat dette produktet.<\/p>\n\n\n\n<p>Reklamen fortel gjerne om produktet og kor bra det er. Men dei som lagar reklame kan bruke mange forskjellige verkemiddel for \u00e5 p\u00e5verke folk sine tankar, haldningar og handlingar. B\u00e5de ord, bilde, lyd, lys, musikk og tekst kan vere med p\u00e5 \u00e5 p\u00e5verke kva vi tenkjer og f\u00f8ler, kva vi gjer, og kva vi kj\u00f8per.<\/p>\n\n\n\n<div style=\"height:100px\" aria-hidden=\"true\" class=\"wp-block-spacer\"><\/div>\n\n\n\n<div class=\"wp-block-group is-style-questions is-layout-flow wp-block-group-is-layout-flow\">\n<h2 class=\"wp-block-heading\" id=\"tittel-for-oppgave-1\">Kva er riktig?<\/h2>\n\n\n\n<p><\/p>\n\n\n<div class=\"h5p-iframe-wrapper\"><iframe id=\"h5p-iframe-78\" class=\"h5p-iframe\" data-content-id=\"78\" style=\"height:1px\" src=\"about:blank\" frameBorder=\"0\" scrolling=\"no\" title=\"Nynorsk - Kva er reklame (side 1)\"><\/iframe><\/div>\n<\/div>\n<\/div>\n\n\n\n<div class=\"wp-block-column is-layout-flow wp-block-column-is-layout-flow\" style=\"flex-basis:33.33%\">\n<div class=\"wp-block-group is-style-fact-box is-layout-flow wp-block-group-is-layout-flow\">\n<h2 class=\"wp-block-heading has-palette-color-8-color has-text-color\" id=\"definisjon\">Definisjon<\/h2>\n\n\n\n<p><strong>Reklame <\/strong>er betalt kommunikasjon om ei vare eller teneste.&nbsp;<\/p>\n<\/div>\n\n\n\n<div style=\"height:100px\" aria-hidden=\"true\" class=\"wp-block-spacer\"><\/div>\n\n\n\n<div style=\"height:100px\" aria-hidden=\"true\" class=\"wp-block-spacer\"><\/div>\n<\/div>\n<\/div>\n\n\n\n<div style=\"height:100px\" aria-hidden=\"true\" class=\"wp-block-spacer\"><\/div>\n\n\n\n<div class=\"wp-block-group alignfull has-palette-color-4-background-color has-background is-layout-flow wp-block-group-is-layout-flow\">\n<div class=\"wp-block-columns is-layout-flex wp-container-core-columns-is-layout-28f84493 wp-block-columns-is-layout-flex\">\n<div class=\"wp-block-column is-layout-flow wp-block-column-is-layout-flow\">\n<div class=\"wp-block-buttons is-layout-flex wp-block-buttons-is-layout-flex\">\n<div class=\"wp-block-button\"><a class=\"wp-block-button__link wp-element-button\" href=\"https:\/\/reklameskolen.devz.no\/ungdomsskole\/nn\/reklamen-og-oss\/\">Tilbake til &#8220;Reklamen og oss&#8221;<\/a><\/div>\n<\/div>\n<\/div>\n\n\n\n<div class=\"wp-block-column is-layout-flow wp-block-column-is-layout-flow\">\n<div class=\"wp-block-buttons is-horizontal is-content-justification-right is-layout-flex wp-container-core-buttons-is-layout-30af2ff6 wp-block-buttons-is-layout-flex\">\n<div class=\"wp-block-button\"><a class=\"wp-block-button__link wp-element-button\" href=\"https:\/\/reklameskolen.devz.no\/ungdomsskole\/nn\/reklamen-og-oss\/hva-er-reklame\/hva-er-reklame-del-2\/\">Vidare til &#8220;Kjenner du igjen reklamen?&#8221;<\/a><\/div>\n<\/div>\n<\/div>\n<\/div>\n<\/div>\n","protected":false},"excerpt":{"rendered":"<p>Kva er reklame? Reklame er betalt kommunikasjon om ei vare eller teneste. Det betyr at nokon tener pengar p\u00e5 \u00e5 fortelje om akkurat dette produktet. Reklame handlar om \u00e5 vise fram eller fortelje om eit produkt p\u00e5 ein m\u00e5te som gjer at flest mogleg f\u00e5r vite om det. M\u00e5let er \u00e5 skape interesse og merksemd [&hellip;]<\/p>\n","protected":false},"author":1,"featured_media":0,"parent":107,"menu_order":1,"comment_status":"closed","ping_status":"closed","template":"","meta":{"_acf_changed":false,"editor_notices":[],"footnotes":""},"class_list":["post-59","page","type-page","status-publish","hentry"],"blocksy_meta":{"styles_descriptor":{"styles":{"desktop":"","tablet":"","mobile":""},"google_fonts":[],"version":6}},"acf":[],"yoast_head":"<!-- This site is optimized with the Yoast SEO plugin v25.9 - https:\/\/yoast.com\/wordpress\/plugins\/seo\/ -->\n<title>Kva er reklame? - Ungdomskole Nynorsk<\/title>\n<meta name=\"robots\" content=\"index, follow, max-snippet:-1, max-image-preview:large, max-video-preview:-1\" \/>\n<link rel=\"canonical\" href=\"https:\/\/reklameskolen.devz.no\/ungdomsskole\/nn\/reklamen-og-oss\/hva-er-reklame\/\" \/>\n<meta property=\"og:locale\" content=\"en_US\" \/>\n<meta property=\"og:type\" content=\"article\" \/>\n<meta property=\"og:title\" content=\"Kva er reklame? - Ungdomskole Nynorsk\" \/>\n<meta property=\"og:description\" content=\"Kva er reklame? Reklame er betalt kommunikasjon om ei vare eller teneste. Det betyr at nokon tener pengar p\u00e5 \u00e5 fortelje om akkurat dette produktet. Reklame handlar om \u00e5 vise fram eller fortelje om eit produkt p\u00e5 ein m\u00e5te som gjer at flest mogleg f\u00e5r vite om det. M\u00e5let er \u00e5 skape interesse og merksemd [&hellip;]\" \/>\n<meta property=\"og:url\" content=\"https:\/\/reklameskolen.devz.no\/ungdomsskole\/nn\/reklamen-og-oss\/hva-er-reklame\/\" \/>\n<meta property=\"og:site_name\" content=\"Ungdomskole Nynorsk\" \/>\n<meta property=\"article:modified_time\" content=\"2023-12-01T12:15:21+00:00\" \/>\n<meta name=\"twitter:card\" content=\"summary_large_image\" \/>\n<meta name=\"twitter:label1\" content=\"Est. reading time\" \/>\n\t<meta name=\"twitter:data1\" content=\"1 minute\" \/>\n<script type=\"application\/ld+json\" class=\"yoast-schema-graph\">{\"@context\":\"https:\/\/schema.org\",\"@graph\":[{\"@type\":\"WebPage\",\"@id\":\"https:\/\/reklameskolen.devz.no\/ungdomsskole\/nn\/reklamen-og-oss\/hva-er-reklame\/\",\"url\":\"https:\/\/reklameskolen.devz.no\/ungdomsskole\/nn\/reklamen-og-oss\/hva-er-reklame\/\",\"name\":\"Kva er reklame? - Ungdomskole Nynorsk\",\"isPartOf\":{\"@id\":\"https:\/\/reklameskolen.devz.no\/ungdomsskole\/nn\/#website\"},\"datePublished\":\"2021-12-03T09:22:43+00:00\",\"dateModified\":\"2023-12-01T12:15:21+00:00\",\"breadcrumb\":{\"@id\":\"https:\/\/reklameskolen.devz.no\/ungdomsskole\/nn\/reklamen-og-oss\/hva-er-reklame\/#breadcrumb\"},\"inLanguage\":\"en-US\",\"potentialAction\":[{\"@type\":\"ReadAction\",\"target\":[\"https:\/\/reklameskolen.devz.no\/ungdomsskole\/nn\/reklamen-og-oss\/hva-er-reklame\/\"]}]},{\"@type\":\"BreadcrumbList\",\"@id\":\"https:\/\/reklameskolen.devz.no\/ungdomsskole\/nn\/reklamen-og-oss\/hva-er-reklame\/#breadcrumb\",\"itemListElement\":[{\"@type\":\"ListItem\",\"position\":1,\"name\":\"Home\",\"item\":\"https:\/\/reklameskolen.devz.no\/ungdomsskole\/nn\/\"},{\"@type\":\"ListItem\",\"position\":2,\"name\":\"Reklamen og oss\",\"item\":\"https:\/\/reklameskolen.devz.no\/ungdomsskole\/nn\/reklamen-og-oss\/\"},{\"@type\":\"ListItem\",\"position\":3,\"name\":\"Kva er reklame?\"}]},{\"@type\":\"WebSite\",\"@id\":\"https:\/\/reklameskolen.devz.no\/ungdomsskole\/nn\/#website\",\"url\":\"https:\/\/reklameskolen.devz.no\/ungdomsskole\/nn\/\",\"name\":\"Ungdomskole Nynorsk\",\"description\":\"Oppl\u00e6ringsverkt\u00f8y om reklame\",\"publisher\":{\"@id\":\"https:\/\/reklameskolen.devz.no\/ungdomsskole\/nn\/#organization\"},\"potentialAction\":[{\"@type\":\"SearchAction\",\"target\":{\"@type\":\"EntryPoint\",\"urlTemplate\":\"https:\/\/reklameskolen.devz.no\/ungdomsskole\/nn\/?s={search_term_string}\"},\"query-input\":{\"@type\":\"PropertyValueSpecification\",\"valueRequired\":true,\"valueName\":\"search_term_string\"}}],\"inLanguage\":\"en-US\"},{\"@type\":\"Organization\",\"@id\":\"https:\/\/reklameskolen.devz.no\/ungdomsskole\/nn\/#organization\",\"name\":\"Ungdomskole Nynorsk\",\"url\":\"https:\/\/reklameskolen.devz.no\/ungdomsskole\/nn\/\",\"logo\":{\"@type\":\"ImageObject\",\"inLanguage\":\"en-US\",\"@id\":\"https:\/\/reklameskolen.devz.no\/ungdomsskole\/nn\/#\/schema\/logo\/image\/\",\"url\":\"https:\/\/reklameskolen.devz.no\/wp-content\/uploads\/2023\/08\/Reklameskolen-Logo-01.png\",\"contentUrl\":\"https:\/\/reklameskolen.devz.no\/wp-content\/uploads\/2023\/08\/Reklameskolen-Logo-01.png\",\"caption\":\"Ungdomskole Nynorsk\"},\"image\":{\"@id\":\"https:\/\/reklameskolen.devz.no\/ungdomsskole\/nn\/#\/schema\/logo\/image\/\"}}]}<\/script>\n<!-- \/ Yoast SEO plugin. -->","yoast_head_json":{"title":"Kva er reklame? - Ungdomskole Nynorsk","robots":{"index":"index","follow":"follow","max-snippet":"max-snippet:-1","max-image-preview":"max-image-preview:large","max-video-preview":"max-video-preview:-1"},"canonical":"https:\/\/reklameskolen.devz.no\/ungdomsskole\/nn\/reklamen-og-oss\/hva-er-reklame\/","og_locale":"en_US","og_type":"article","og_title":"Kva er reklame? - Ungdomskole Nynorsk","og_description":"Kva er reklame? Reklame er betalt kommunikasjon om ei vare eller teneste. Det betyr at nokon tener pengar p\u00e5 \u00e5 fortelje om akkurat dette produktet. Reklame handlar om \u00e5 vise fram eller fortelje om eit produkt p\u00e5 ein m\u00e5te som gjer at flest mogleg f\u00e5r vite om det. M\u00e5let er \u00e5 skape interesse og merksemd [&hellip;]","og_url":"https:\/\/reklameskolen.devz.no\/ungdomsskole\/nn\/reklamen-og-oss\/hva-er-reklame\/","og_site_name":"Ungdomskole Nynorsk","article_modified_time":"2023-12-01T12:15:21+00:00","twitter_card":"summary_large_image","twitter_misc":{"Est. reading time":"1 minute"},"schema":{"@context":"https:\/\/schema.org","@graph":[{"@type":"WebPage","@id":"https:\/\/reklameskolen.devz.no\/ungdomsskole\/nn\/reklamen-og-oss\/hva-er-reklame\/","url":"https:\/\/reklameskolen.devz.no\/ungdomsskole\/nn\/reklamen-og-oss\/hva-er-reklame\/","name":"Kva er reklame? - Ungdomskole Nynorsk","isPartOf":{"@id":"https:\/\/reklameskolen.devz.no\/ungdomsskole\/nn\/#website"},"datePublished":"2021-12-03T09:22:43+00:00","dateModified":"2023-12-01T12:15:21+00:00","breadcrumb":{"@id":"https:\/\/reklameskolen.devz.no\/ungdomsskole\/nn\/reklamen-og-oss\/hva-er-reklame\/#breadcrumb"},"inLanguage":"en-US","potentialAction":[{"@type":"ReadAction","target":["https:\/\/reklameskolen.devz.no\/ungdomsskole\/nn\/reklamen-og-oss\/hva-er-reklame\/"]}]},{"@type":"BreadcrumbList","@id":"https:\/\/reklameskolen.devz.no\/ungdomsskole\/nn\/reklamen-og-oss\/hva-er-reklame\/#breadcrumb","itemListElement":[{"@type":"ListItem","position":1,"name":"Home","item":"https:\/\/reklameskolen.devz.no\/ungdomsskole\/nn\/"},{"@type":"ListItem","position":2,"name":"Reklamen og oss","item":"https:\/\/reklameskolen.devz.no\/ungdomsskole\/nn\/reklamen-og-oss\/"},{"@type":"ListItem","position":3,"name":"Kva er reklame?"}]},{"@type":"WebSite","@id":"https:\/\/reklameskolen.devz.no\/ungdomsskole\/nn\/#website","url":"https:\/\/reklameskolen.devz.no\/ungdomsskole\/nn\/","name":"Ungdomskole Nynorsk","description":"Oppl\u00e6ringsverkt\u00f8y om reklame","publisher":{"@id":"https:\/\/reklameskolen.devz.no\/ungdomsskole\/nn\/#organization"},"potentialAction":[{"@type":"SearchAction","target":{"@type":"EntryPoint","urlTemplate":"https:\/\/reklameskolen.devz.no\/ungdomsskole\/nn\/?s={search_term_string}"},"query-input":{"@type":"PropertyValueSpecification","valueRequired":true,"valueName":"search_term_string"}}],"inLanguage":"en-US"},{"@type":"Organization","@id":"https:\/\/reklameskolen.devz.no\/ungdomsskole\/nn\/#organization","name":"Ungdomskole Nynorsk","url":"https:\/\/reklameskolen.devz.no\/ungdomsskole\/nn\/","logo":{"@type":"ImageObject","inLanguage":"en-US","@id":"https:\/\/reklameskolen.devz.no\/ungdomsskole\/nn\/#\/schema\/logo\/image\/","url":"https:\/\/reklameskolen.devz.no\/wp-content\/uploads\/2023\/08\/Reklameskolen-Logo-01.png","contentUrl":"https:\/\/reklameskolen.devz.no\/wp-content\/uploads\/2023\/08\/Reklameskolen-Logo-01.png","caption":"Ungdomskole Nynorsk"},"image":{"@id":"https:\/\/reklameskolen.devz.no\/ungdomsskole\/nn\/#\/schema\/logo\/image\/"}}]}},"_links":{"self":[{"href":"https:\/\/reklameskolen.devz.no\/ungdomsskole\/nn\/wp-json\/wp\/v2\/pages\/59","targetHints":{"allow":["GET"]}}],"collection":[{"href":"https:\/\/reklameskolen.devz.no\/ungdomsskole\/nn\/wp-json\/wp\/v2\/pages"}],"about":[{"href":"https:\/\/reklameskolen.devz.no\/ungdomsskole\/nn\/wp-json\/wp\/v2\/types\/page"}],"author":[{"embeddable":true,"href":"https:\/\/reklameskolen.devz.no\/ungdomsskole\/nn\/wp-json\/wp\/v2\/users\/1"}],"replies":[{"embeddable":true,"href":"https:\/\/reklameskolen.devz.no\/ungdomsskole\/nn\/wp-json\/wp\/v2\/comments?post=59"}],"version-history":[{"count":72,"href":"https:\/\/reklameskolen.devz.no\/ungdomsskole\/nn\/wp-json\/wp\/v2\/pages\/59\/revisions"}],"predecessor-version":[{"id":3765,"href":"https:\/\/reklameskolen.devz.no\/ungdomsskole\/nn\/wp-json\/wp\/v2\/pages\/59\/revisions\/3765"}],"up":[{"embeddable":true,"href":"https:\/\/reklameskolen.devz.no\/ungdomsskole\/nn\/wp-json\/wp\/v2\/pages\/107"}],"wp:attachment":[{"href":"https:\/\/reklameskolen.devz.no\/ungdomsskole\/nn\/wp-json\/wp\/v2\/media?parent=59"}],"curies":[{"name":"wp","href":"https:\/\/api.w.org\/{rel}","templated":true}]}}