{"id":1090,"date":"2022-02-21T12:20:02","date_gmt":"2022-02-21T11:20:02","guid":{"rendered":"https:\/\/reklameskolen.devz.no\/?page_id=1090"},"modified":"2024-08-20T13:28:02","modified_gmt":"2024-08-20T11:28:02","slug":"skjult-reklame-i-sosiale-medier","status":"publish","type":"page","link":"https:\/\/reklameskolen.devz.no\/ungdomsskole\/metoder-medier-og-miljo\/den-usynlige-reklame\/skjult-reklame-i-sosiale-medier\/","title":{"rendered":"Skjult reklame i sosiale medier"},"content":{"rendered":"\n<figure class=\"wp-block-image size-full\"><img decoding=\"async\" src=\"https:\/\/reklameskolen.devz.no\/wp-content\/uploads\/2023\/06\/darligeinnlegg21500.jpg\" alt=\"Illustrasjon av reklameinnlegg p\u00e5 sosiale medier\" class=\"wp-image-4231\"\/><figcaption class=\"wp-element-caption\">Illustrasjon: Animer\/Forbrukertilsynet<\/figcaption><\/figure>\n\n\n\n<h1 class=\"wp-block-heading\" id=\"skjult-reklame-i-sosiale-medier-1\">Skjult reklame i sosiale medier<\/h1>\n\n\n\n<p>Influensere er ofte folk som mange vet hvem er, beundrer og ser opp til. Folk vi f\u00f8ler at vi kjenner. Folk vi lytter til og stoler p\u00e5. Det kan v\u00e6re gull verdt for annons\u00f8rene.\u202f&nbsp;<\/p>\n\n\n\n<p>Mye av den skjulte reklamen i sosiale medier blir lagt ut av&nbsp; influensere. De presenterer ofte produktene p\u00e5 en hverdagslig og spontan m\u00e5te. Det er gjerne influenserne som er i fokus, og produktet ser ut som noe de bruker selv i sin egen hverdag. Reklamen er gjerne kamuflert i personlige innlegg, slik at vi skal glemme at det faktisk er reklame vi ser.&nbsp;<\/p>\n\n\n\n<p>Selv om mange influensere er flinke til \u00e5 merke innleggene som reklame, er det fremdeles mange som ikke gj\u00f8r det. De legger alts\u00e5 ut skjult reklame.&nbsp;<\/p>\n\n\n\n<div style=\"height:100px\" aria-hidden=\"true\" class=\"wp-block-spacer\"><\/div>\n\n\n\n<div class=\"wp-block-group alignfull has-palette-color-4-background-color has-background is-layout-flow wp-block-group-is-layout-flow\">\n<div class=\"wp-block-columns is-layout-flex wp-container-core-columns-is-layout-28f84493 wp-block-columns-is-layout-flex\">\n<div class=\"wp-block-column is-layout-flow wp-block-column-is-layout-flow\">\n<div class=\"wp-block-buttons is-layout-flex wp-block-buttons-is-layout-flex\">\n<div class=\"wp-block-button\"><a class=\"wp-block-button__link wp-element-button\" href=\"https:\/\/reklameskolen.devz.no\/ungdomsskole\/metoder-medier-og-miljo\/den-usynlige-reklame\/\">Tilbake til &laquo;Usynlig reklame&raquo;<\/a><\/div>\n<\/div>\n<\/div>\n\n\n\n<div class=\"wp-block-column is-layout-flow wp-block-column-is-layout-flow\">\n<div class=\"wp-block-buttons is-horizontal is-content-justification-right is-layout-flex wp-container-core-buttons-is-layout-30af2ff6 wp-block-buttons-is-layout-flex\">\n<div class=\"wp-block-button\"><a class=\"wp-block-button__link wp-element-button\" href=\"https:\/\/reklameskolen.devz.no\/ungdomsskole\/metoder-medier-og-miljo\/den-usynlige-reklame\/krav-til-merking\/\">Videre til &laquo;Er det lov \u00e5 skjule reklamen?&raquo;<\/a><\/div>\n<\/div>\n<\/div>\n<\/div>\n<\/div>\n\n\n\n<p><\/p>\n","protected":false},"excerpt":{"rendered":"<p>Skjult reklame i sosiale medier Influensere er ofte folk som mange vet hvem er, beundrer og ser opp til. Folk vi f\u00f8ler at vi kjenner. Folk vi lytter til og stoler p\u00e5. Det kan v\u00e6re gull verdt for annons\u00f8rene.\u202f&nbsp; Mye av den skjulte reklamen i sosiale medier blir lagt ut av&nbsp; influensere. De presenterer ofte [&hellip;]<\/p>\n","protected":false},"author":10,"featured_media":0,"parent":163,"menu_order":2,"comment_status":"closed","ping_status":"closed","template":"","meta":{"_acf_changed":false,"editor_notices":[],"footnotes":""},"class_list":["post-1090","page","type-page","status-publish","hentry"],"blocksy_meta":{"styles_descriptor":{"styles":{"desktop":"","tablet":"","mobile":""},"google_fonts":[],"version":6}},"acf":[],"yoast_head":"<!-- This site is optimized with the Yoast SEO plugin v25.9 - https:\/\/yoast.com\/wordpress\/plugins\/seo\/ -->\n<title>Skjult reklame i sosiale medier - Ungdomsskole<\/title>\n<meta name=\"robots\" content=\"index, follow, max-snippet:-1, max-image-preview:large, max-video-preview:-1\" \/>\n<link rel=\"canonical\" href=\"https:\/\/reklameskolen.devz.no\/ungdomsskole\/metoder-medier-og-miljo\/den-usynlige-reklame\/skjult-reklame-i-sosiale-medier\/\" \/>\n<meta property=\"og:locale\" content=\"nb_NO\" \/>\n<meta property=\"og:type\" content=\"article\" \/>\n<meta property=\"og:title\" content=\"Skjult reklame i sosiale medier - Ungdomsskole\" \/>\n<meta property=\"og:description\" content=\"Skjult reklame i sosiale medier Influensere er ofte folk som mange vet hvem er, beundrer og ser opp til. Folk vi f\u00f8ler at vi kjenner. Folk vi lytter til og stoler p\u00e5. Det kan v\u00e6re gull verdt for annons\u00f8rene.\u202f&nbsp; Mye av den skjulte reklamen i sosiale medier blir lagt ut av&nbsp; influensere. De presenterer ofte [&hellip;]\" \/>\n<meta property=\"og:url\" content=\"https:\/\/reklameskolen.devz.no\/ungdomsskole\/metoder-medier-og-miljo\/den-usynlige-reklame\/skjult-reklame-i-sosiale-medier\/\" \/>\n<meta property=\"og:site_name\" content=\"Ungdomsskole\" \/>\n<meta property=\"article:modified_time\" content=\"2024-08-20T11:28:02+00:00\" \/>\n<meta property=\"og:image\" content=\"https:\/\/reklameskolen.devz.no\/wp-content\/uploads\/2023\/06\/darligeinnlegg21500.jpg\" \/>\n<meta name=\"twitter:card\" content=\"summary_large_image\" \/>\n<meta name=\"twitter:label1\" content=\"Ansl. lesetid\" \/>\n\t<meta name=\"twitter:data1\" content=\"1 minutt\" \/>\n<script type=\"application\/ld+json\" class=\"yoast-schema-graph\">{\"@context\":\"https:\/\/schema.org\",\"@graph\":[{\"@type\":\"WebPage\",\"@id\":\"https:\/\/reklameskolen.devz.no\/ungdomsskole\/metoder-medier-og-miljo\/den-usynlige-reklame\/skjult-reklame-i-sosiale-medier\/\",\"url\":\"https:\/\/reklameskolen.devz.no\/ungdomsskole\/metoder-medier-og-miljo\/den-usynlige-reklame\/skjult-reklame-i-sosiale-medier\/\",\"name\":\"Skjult reklame i sosiale medier - Ungdomsskole\",\"isPartOf\":{\"@id\":\"https:\/\/reklameskolen.devz.no\/ungdomsskole\/#website\"},\"primaryImageOfPage\":{\"@id\":\"https:\/\/reklameskolen.devz.no\/ungdomsskole\/metoder-medier-og-miljo\/den-usynlige-reklame\/skjult-reklame-i-sosiale-medier\/#primaryimage\"},\"image\":{\"@id\":\"https:\/\/reklameskolen.devz.no\/ungdomsskole\/metoder-medier-og-miljo\/den-usynlige-reklame\/skjult-reklame-i-sosiale-medier\/#primaryimage\"},\"thumbnailUrl\":\"https:\/\/reklameskolen.devz.no\/wp-content\/uploads\/2023\/06\/darligeinnlegg21500.jpg\",\"datePublished\":\"2022-02-21T11:20:02+00:00\",\"dateModified\":\"2024-08-20T11:28:02+00:00\",\"breadcrumb\":{\"@id\":\"https:\/\/reklameskolen.devz.no\/ungdomsskole\/metoder-medier-og-miljo\/den-usynlige-reklame\/skjult-reklame-i-sosiale-medier\/#breadcrumb\"},\"inLanguage\":\"nb-NO\",\"potentialAction\":[{\"@type\":\"ReadAction\",\"target\":[\"https:\/\/reklameskolen.devz.no\/ungdomsskole\/metoder-medier-og-miljo\/den-usynlige-reklame\/skjult-reklame-i-sosiale-medier\/\"]}]},{\"@type\":\"ImageObject\",\"inLanguage\":\"nb-NO\",\"@id\":\"https:\/\/reklameskolen.devz.no\/ungdomsskole\/metoder-medier-og-miljo\/den-usynlige-reklame\/skjult-reklame-i-sosiale-medier\/#primaryimage\",\"url\":\"https:\/\/reklameskolen.devz.no\/wp-content\/uploads\/2023\/06\/darligeinnlegg21500.jpg\",\"contentUrl\":\"https:\/\/reklameskolen.devz.no\/wp-content\/uploads\/2023\/06\/darligeinnlegg21500.jpg\"},{\"@type\":\"BreadcrumbList\",\"@id\":\"https:\/\/reklameskolen.devz.no\/ungdomsskole\/metoder-medier-og-miljo\/den-usynlige-reklame\/skjult-reklame-i-sosiale-medier\/#breadcrumb\",\"itemListElement\":[{\"@type\":\"ListItem\",\"position\":1,\"name\":\"Home\",\"item\":\"https:\/\/reklameskolen.devz.no\/ungdomsskole\/\"},{\"@type\":\"ListItem\",\"position\":2,\"name\":\"Metoder, medier og milj\u00f8\",\"item\":\"https:\/\/reklameskolen.devz.no\/ungdomsskole\/metoder-medier-og-miljo\/\"},{\"@type\":\"ListItem\",\"position\":3,\"name\":\"Usynlig reklame\",\"item\":\"https:\/\/reklameskolen.devz.no\/ungdomsskole\/metoder-medier-og-miljo\/den-usynlige-reklame\/\"},{\"@type\":\"ListItem\",\"position\":4,\"name\":\"Skjult reklame i sosiale medier\"}]},{\"@type\":\"WebSite\",\"@id\":\"https:\/\/reklameskolen.devz.no\/ungdomsskole\/#website\",\"url\":\"https:\/\/reklameskolen.devz.no\/ungdomsskole\/\",\"name\":\"Ungdomsskole\",\"description\":\"Oppl\u00e6ringsverkt\u00f8y om reklame\",\"publisher\":{\"@id\":\"https:\/\/reklameskolen.devz.no\/ungdomsskole\/#organization\"},\"potentialAction\":[{\"@type\":\"SearchAction\",\"target\":{\"@type\":\"EntryPoint\",\"urlTemplate\":\"https:\/\/reklameskolen.devz.no\/ungdomsskole\/?s={search_term_string}\"},\"query-input\":{\"@type\":\"PropertyValueSpecification\",\"valueRequired\":true,\"valueName\":\"search_term_string\"}}],\"inLanguage\":\"nb-NO\"},{\"@type\":\"Organization\",\"@id\":\"https:\/\/reklameskolen.devz.no\/ungdomsskole\/#organization\",\"name\":\"Ungdomsskole\",\"url\":\"https:\/\/reklameskolen.devz.no\/ungdomsskole\/\",\"logo\":{\"@type\":\"ImageObject\",\"inLanguage\":\"nb-NO\",\"@id\":\"https:\/\/reklameskolen.devz.no\/ungdomsskole\/#\/schema\/logo\/image\/\",\"url\":\"https:\/\/reklameskolen.devz.no\/wp-content\/uploads\/2023\/08\/Reklameskolen-Logo-01.png\",\"contentUrl\":\"https:\/\/reklameskolen.devz.no\/wp-content\/uploads\/2023\/08\/Reklameskolen-Logo-01.png\",\"caption\":\"Ungdomsskole\"},\"image\":{\"@id\":\"https:\/\/reklameskolen.devz.no\/ungdomsskole\/#\/schema\/logo\/image\/\"}}]}<\/script>\n<!-- \/ Yoast SEO plugin. -->","yoast_head_json":{"title":"Skjult reklame i sosiale medier - Ungdomsskole","robots":{"index":"index","follow":"follow","max-snippet":"max-snippet:-1","max-image-preview":"max-image-preview:large","max-video-preview":"max-video-preview:-1"},"canonical":"https:\/\/reklameskolen.devz.no\/ungdomsskole\/metoder-medier-og-miljo\/den-usynlige-reklame\/skjult-reklame-i-sosiale-medier\/","og_locale":"nb_NO","og_type":"article","og_title":"Skjult reklame i sosiale medier - Ungdomsskole","og_description":"Skjult reklame i sosiale medier Influensere er ofte folk som mange vet hvem er, beundrer og ser opp til. Folk vi f\u00f8ler at vi kjenner. Folk vi lytter til og stoler p\u00e5. Det kan v\u00e6re gull verdt for annons\u00f8rene.\u202f&nbsp; Mye av den skjulte reklamen i sosiale medier blir lagt ut av&nbsp; influensere. De presenterer ofte [&hellip;]","og_url":"https:\/\/reklameskolen.devz.no\/ungdomsskole\/metoder-medier-og-miljo\/den-usynlige-reklame\/skjult-reklame-i-sosiale-medier\/","og_site_name":"Ungdomsskole","article_modified_time":"2024-08-20T11:28:02+00:00","og_image":[{"url":"https:\/\/reklameskolen.devz.no\/wp-content\/uploads\/2023\/06\/darligeinnlegg21500.jpg","type":"","width":"","height":""}],"twitter_card":"summary_large_image","twitter_misc":{"Ansl. lesetid":"1 minutt"},"schema":{"@context":"https:\/\/schema.org","@graph":[{"@type":"WebPage","@id":"https:\/\/reklameskolen.devz.no\/ungdomsskole\/metoder-medier-og-miljo\/den-usynlige-reklame\/skjult-reklame-i-sosiale-medier\/","url":"https:\/\/reklameskolen.devz.no\/ungdomsskole\/metoder-medier-og-miljo\/den-usynlige-reklame\/skjult-reklame-i-sosiale-medier\/","name":"Skjult reklame i sosiale medier - Ungdomsskole","isPartOf":{"@id":"https:\/\/reklameskolen.devz.no\/ungdomsskole\/#website"},"primaryImageOfPage":{"@id":"https:\/\/reklameskolen.devz.no\/ungdomsskole\/metoder-medier-og-miljo\/den-usynlige-reklame\/skjult-reklame-i-sosiale-medier\/#primaryimage"},"image":{"@id":"https:\/\/reklameskolen.devz.no\/ungdomsskole\/metoder-medier-og-miljo\/den-usynlige-reklame\/skjult-reklame-i-sosiale-medier\/#primaryimage"},"thumbnailUrl":"https:\/\/reklameskolen.devz.no\/wp-content\/uploads\/2023\/06\/darligeinnlegg21500.jpg","datePublished":"2022-02-21T11:20:02+00:00","dateModified":"2024-08-20T11:28:02+00:00","breadcrumb":{"@id":"https:\/\/reklameskolen.devz.no\/ungdomsskole\/metoder-medier-og-miljo\/den-usynlige-reklame\/skjult-reklame-i-sosiale-medier\/#breadcrumb"},"inLanguage":"nb-NO","potentialAction":[{"@type":"ReadAction","target":["https:\/\/reklameskolen.devz.no\/ungdomsskole\/metoder-medier-og-miljo\/den-usynlige-reklame\/skjult-reklame-i-sosiale-medier\/"]}]},{"@type":"ImageObject","inLanguage":"nb-NO","@id":"https:\/\/reklameskolen.devz.no\/ungdomsskole\/metoder-medier-og-miljo\/den-usynlige-reklame\/skjult-reklame-i-sosiale-medier\/#primaryimage","url":"https:\/\/reklameskolen.devz.no\/wp-content\/uploads\/2023\/06\/darligeinnlegg21500.jpg","contentUrl":"https:\/\/reklameskolen.devz.no\/wp-content\/uploads\/2023\/06\/darligeinnlegg21500.jpg"},{"@type":"BreadcrumbList","@id":"https:\/\/reklameskolen.devz.no\/ungdomsskole\/metoder-medier-og-miljo\/den-usynlige-reklame\/skjult-reklame-i-sosiale-medier\/#breadcrumb","itemListElement":[{"@type":"ListItem","position":1,"name":"Home","item":"https:\/\/reklameskolen.devz.no\/ungdomsskole\/"},{"@type":"ListItem","position":2,"name":"Metoder, medier og milj\u00f8","item":"https:\/\/reklameskolen.devz.no\/ungdomsskole\/metoder-medier-og-miljo\/"},{"@type":"ListItem","position":3,"name":"Usynlig reklame","item":"https:\/\/reklameskolen.devz.no\/ungdomsskole\/metoder-medier-og-miljo\/den-usynlige-reklame\/"},{"@type":"ListItem","position":4,"name":"Skjult reklame i sosiale medier"}]},{"@type":"WebSite","@id":"https:\/\/reklameskolen.devz.no\/ungdomsskole\/#website","url":"https:\/\/reklameskolen.devz.no\/ungdomsskole\/","name":"Ungdomsskole","description":"Oppl\u00e6ringsverkt\u00f8y om reklame","publisher":{"@id":"https:\/\/reklameskolen.devz.no\/ungdomsskole\/#organization"},"potentialAction":[{"@type":"SearchAction","target":{"@type":"EntryPoint","urlTemplate":"https:\/\/reklameskolen.devz.no\/ungdomsskole\/?s={search_term_string}"},"query-input":{"@type":"PropertyValueSpecification","valueRequired":true,"valueName":"search_term_string"}}],"inLanguage":"nb-NO"},{"@type":"Organization","@id":"https:\/\/reklameskolen.devz.no\/ungdomsskole\/#organization","name":"Ungdomsskole","url":"https:\/\/reklameskolen.devz.no\/ungdomsskole\/","logo":{"@type":"ImageObject","inLanguage":"nb-NO","@id":"https:\/\/reklameskolen.devz.no\/ungdomsskole\/#\/schema\/logo\/image\/","url":"https:\/\/reklameskolen.devz.no\/wp-content\/uploads\/2023\/08\/Reklameskolen-Logo-01.png","contentUrl":"https:\/\/reklameskolen.devz.no\/wp-content\/uploads\/2023\/08\/Reklameskolen-Logo-01.png","caption":"Ungdomsskole"},"image":{"@id":"https:\/\/reklameskolen.devz.no\/ungdomsskole\/#\/schema\/logo\/image\/"}}]}},"_links":{"self":[{"href":"https:\/\/reklameskolen.devz.no\/ungdomsskole\/wp-json\/wp\/v2\/pages\/1090","targetHints":{"allow":["GET"]}}],"collection":[{"href":"https:\/\/reklameskolen.devz.no\/ungdomsskole\/wp-json\/wp\/v2\/pages"}],"about":[{"href":"https:\/\/reklameskolen.devz.no\/ungdomsskole\/wp-json\/wp\/v2\/types\/page"}],"author":[{"embeddable":true,"href":"https:\/\/reklameskolen.devz.no\/ungdomsskole\/wp-json\/wp\/v2\/users\/10"}],"replies":[{"embeddable":true,"href":"https:\/\/reklameskolen.devz.no\/ungdomsskole\/wp-json\/wp\/v2\/comments?post=1090"}],"version-history":[{"count":57,"href":"https:\/\/reklameskolen.devz.no\/ungdomsskole\/wp-json\/wp\/v2\/pages\/1090\/revisions"}],"predecessor-version":[{"id":3950,"href":"https:\/\/reklameskolen.devz.no\/ungdomsskole\/wp-json\/wp\/v2\/pages\/1090\/revisions\/3950"}],"up":[{"embeddable":true,"href":"https:\/\/reklameskolen.devz.no\/ungdomsskole\/wp-json\/wp\/v2\/pages\/163"}],"wp:attachment":[{"href":"https:\/\/reklameskolen.devz.no\/ungdomsskole\/wp-json\/wp\/v2\/media?parent=1090"}],"curies":[{"name":"wp","href":"https:\/\/api.w.org\/{rel}","templated":true}]}}