{"id":1158,"date":"2022-02-21T14:46:56","date_gmt":"2022-02-21T13:46:56","guid":{"rendered":"https:\/\/reklameskolen.devz.no\/?page_id=1158"},"modified":"2024-02-27T13:27:33","modified_gmt":"2024-02-27T12:27:33","slug":"krav-til-merking","status":"publish","type":"page","link":"https:\/\/reklameskolen.devz.no\/ungdomsskole\/metoder-medier-og-miljo\/den-usynlige-reklame\/krav-til-merking\/","title":{"rendered":"Er det lov \u00e5 skjule reklamen?"},"content":{"rendered":"\n<h1 class=\"wp-block-heading\" id=\"er-det-lov-med-skjult-reklame\">Er det lov \u00e5 skjule reklamen?<\/h1>\n\n\n\n<div class=\"wp-block-columns is-layout-flex wp-container-core-columns-is-layout-28f84493 wp-block-columns-is-layout-flex\">\n<div class=\"wp-block-column is-layout-flow wp-block-column-is-layout-flow\" style=\"flex-basis:40%\">\n<div style=\"height:40px\" aria-hidden=\"true\" class=\"wp-block-spacer\"><\/div>\n\n\n\n<figure class=\"wp-block-image size-large\"><img decoding=\"async\" src=\"https:\/\/reklameskolen.devz.no\/wp-content\/uploads\/2024\/02\/Reklameskolen-Illustrasjoner-EnDagIMittLiv-01-1024x576.png\" alt=\"Illustrasjon av en influenser som legger ut en selfie med reklame. Til h\u00f8yre i bildet vises telefonen med innlegget. Det er merket som annonse, og tagget med @sminke, @h\u00e5rprodukter og @favorittkl\u00e6r. Nederst p\u00e5 bildet st\u00e5r det &quot;GRWM morgenrutine&quot;.\" class=\"wp-image-5033\"\/><figcaption class=\"wp-element-caption\">Influensere som f\u00e5r betalt for \u00e5 legge ut innlegg eller stories i sosiale medier m\u00e5 merke innleggene tydelig som reklame eller annonse.&nbsp;<\/figcaption><\/figure>\n<\/div>\n\n\n\n<div class=\"wp-block-column is-layout-flow wp-block-column-is-layout-flow\" style=\"flex-basis:60%\">\n<p>Markedsf\u00f8ringsloven sier at reklame skal presenteres s\u00e5nn at det er tydelig at det er reklame. Hvis det ikke er lett \u00e5 se med en gang at noe er reklame, m\u00e5 reklamen merkes. Skjult reklame er nemlig ikke lov. Verken i sosiale medier eller andre steder.&nbsp;<\/p>\n\n\n\n<p>Influensere som f\u00e5r betalt for \u00e5 legge ut innlegg eller stories i sosiale medier m\u00e5 merke innleggene tydelig som reklame eller annonse.&nbsp;<\/p>\n\n\n\n<p>Husk at ikke alle influensere f\u00e5r betalt i penger. Noen f\u00e5r gratis produkter, reiser, rabatter eller andre fordeler for \u00e5 vise fram et produkt. Slike innlegg er ogs\u00e5 reklame.&nbsp;<\/p>\n\n\n\n<p>Mange influensere har egne kleskolleksjoner eller samarbeider med andre om for eksempel sminke, hudpleie eller andre produkter. Det tjener de penger p\u00e5. N\u00e5r de viser fram disse produktene, eller for eksempel har p\u00e5 seg en genser fra sitt eget klesmerke, er det reklame. Slike innlegg m\u00e5 ogs\u00e5 merkes. &nbsp;<\/p>\n<\/div>\n<\/div>\n\n\n\n<div style=\"height:100px\" aria-hidden=\"true\" class=\"wp-block-spacer\"><\/div>\n\n\n\n<div class=\"wp-block-group is-style-questions is-layout-flow wp-block-group-is-layout-flow\">\n<h2 class=\"wp-block-heading\">Finn reklamemerkingen<\/h2>\n\n\n<div class=\"h5p-iframe-wrapper\"><iframe id=\"h5p-iframe-33\" class=\"h5p-iframe\" data-content-id=\"33\" style=\"height:1px\" src=\"about:blank\" frameBorder=\"0\" scrolling=\"no\" title=\"Ser du reklamemerkingen?\"><\/iframe><\/div>\n<\/div>\n\n\n\n<div style=\"height:100px\" aria-hidden=\"true\" class=\"wp-block-spacer\"><\/div>\n\n\n\n<div class=\"wp-block-group alignfull has-palette-color-4-background-color has-background is-layout-flow wp-block-group-is-layout-flow\">\n<div class=\"wp-block-columns is-layout-flex wp-container-core-columns-is-layout-28f84493 wp-block-columns-is-layout-flex\">\n<div class=\"wp-block-column is-layout-flow wp-block-column-is-layout-flow\">\n<div class=\"wp-block-buttons is-layout-flex wp-block-buttons-is-layout-flex\">\n<div class=\"wp-block-button\"><a class=\"wp-block-button__link wp-element-button\" href=\"https:\/\/reklameskolen.devz.no\/ungdomsskole\/metoder-medier-og-miljo\/den-usynlige-reklame\/skjult-reklame-i-sosiale-medier\/\">Tilbake til &laquo;Skjult reklame i sosiale medier&raquo;<\/a><\/div>\n<\/div>\n<\/div>\n\n\n\n<div class=\"wp-block-column is-layout-flow wp-block-column-is-layout-flow\">\n<div class=\"wp-block-buttons is-content-justification-right is-layout-flex wp-container-core-buttons-is-layout-d445cf74 wp-block-buttons-is-layout-flex\">\n<div class=\"wp-block-button\"><a class=\"wp-block-button__link wp-element-button\" href=\"https:\/\/reklameskolen.devz.no\/ungdomsskole\/metoder-medier-og-miljo\/personrettet-overvakningsbasert-markedsforing\/\">Videre til &laquo;Personlig reklame&raquo;<\/a><\/div>\n<\/div>\n<\/div>\n<\/div>\n<\/div>\n\n\n\n<p><\/p>\n","protected":false},"excerpt":{"rendered":"<p>Er det lov \u00e5 skjule reklamen? Markedsf\u00f8ringsloven sier at reklame skal presenteres s\u00e5nn at det er tydelig at det er reklame. Hvis det ikke er lett \u00e5 se med en gang at noe er reklame, m\u00e5 reklamen merkes. Skjult reklame er nemlig ikke lov. Verken i sosiale medier eller andre steder.&nbsp; Influensere som f\u00e5r betalt [&hellip;]<\/p>\n","protected":false},"author":6,"featured_media":0,"parent":163,"menu_order":5,"comment_status":"closed","ping_status":"closed","template":"","meta":{"_acf_changed":false,"editor_notices":[],"footnotes":""},"class_list":["post-1158","page","type-page","status-publish","hentry"],"blocksy_meta":{"styles_descriptor":{"styles":{"desktop":"","tablet":"","mobile":""},"google_fonts":[],"version":6}},"acf":[],"yoast_head":"<!-- This site is optimized with the Yoast SEO plugin v25.9 - https:\/\/yoast.com\/wordpress\/plugins\/seo\/ -->\n<title>Er det lov \u00e5 skjule reklamen? - Ungdomsskole<\/title>\n<meta name=\"robots\" content=\"index, follow, max-snippet:-1, max-image-preview:large, max-video-preview:-1\" \/>\n<link rel=\"canonical\" href=\"https:\/\/reklameskolen.devz.no\/ungdomsskole\/metoder-medier-og-miljo\/den-usynlige-reklame\/krav-til-merking\/\" \/>\n<meta property=\"og:locale\" content=\"nb_NO\" \/>\n<meta property=\"og:type\" content=\"article\" \/>\n<meta property=\"og:title\" content=\"Er det lov \u00e5 skjule reklamen? - Ungdomsskole\" \/>\n<meta property=\"og:description\" content=\"Er det lov \u00e5 skjule reklamen? Markedsf\u00f8ringsloven sier at reklame skal presenteres s\u00e5nn at det er tydelig at det er reklame. Hvis det ikke er lett \u00e5 se med en gang at noe er reklame, m\u00e5 reklamen merkes. Skjult reklame er nemlig ikke lov. Verken i sosiale medier eller andre steder.&nbsp; Influensere som f\u00e5r betalt [&hellip;]\" \/>\n<meta property=\"og:url\" content=\"https:\/\/reklameskolen.devz.no\/ungdomsskole\/metoder-medier-og-miljo\/den-usynlige-reklame\/krav-til-merking\/\" \/>\n<meta property=\"og:site_name\" content=\"Ungdomsskole\" \/>\n<meta property=\"article:modified_time\" content=\"2024-02-27T12:27:33+00:00\" \/>\n<meta property=\"og:image\" content=\"https:\/\/reklameskolen.devz.no\/wp-content\/uploads\/2024\/02\/Reklameskolen-Illustrasjoner-EnDagIMittLiv-01-1024x576.png\" \/>\n<meta name=\"twitter:card\" content=\"summary_large_image\" \/>\n<meta name=\"twitter:label1\" content=\"Ansl. lesetid\" \/>\n\t<meta name=\"twitter:data1\" content=\"1 minutt\" \/>\n<script type=\"application\/ld+json\" class=\"yoast-schema-graph\">{\"@context\":\"https:\/\/schema.org\",\"@graph\":[{\"@type\":\"WebPage\",\"@id\":\"https:\/\/reklameskolen.devz.no\/ungdomsskole\/metoder-medier-og-miljo\/den-usynlige-reklame\/krav-til-merking\/\",\"url\":\"https:\/\/reklameskolen.devz.no\/ungdomsskole\/metoder-medier-og-miljo\/den-usynlige-reklame\/krav-til-merking\/\",\"name\":\"Er det lov \u00e5 skjule reklamen? - Ungdomsskole\",\"isPartOf\":{\"@id\":\"https:\/\/reklameskolen.devz.no\/ungdomsskole\/#website\"},\"primaryImageOfPage\":{\"@id\":\"https:\/\/reklameskolen.devz.no\/ungdomsskole\/metoder-medier-og-miljo\/den-usynlige-reklame\/krav-til-merking\/#primaryimage\"},\"image\":{\"@id\":\"https:\/\/reklameskolen.devz.no\/ungdomsskole\/metoder-medier-og-miljo\/den-usynlige-reklame\/krav-til-merking\/#primaryimage\"},\"thumbnailUrl\":\"https:\/\/reklameskolen.devz.no\/wp-content\/uploads\/2024\/02\/Reklameskolen-Illustrasjoner-EnDagIMittLiv-01-1024x576.png\",\"datePublished\":\"2022-02-21T13:46:56+00:00\",\"dateModified\":\"2024-02-27T12:27:33+00:00\",\"breadcrumb\":{\"@id\":\"https:\/\/reklameskolen.devz.no\/ungdomsskole\/metoder-medier-og-miljo\/den-usynlige-reklame\/krav-til-merking\/#breadcrumb\"},\"inLanguage\":\"nb-NO\",\"potentialAction\":[{\"@type\":\"ReadAction\",\"target\":[\"https:\/\/reklameskolen.devz.no\/ungdomsskole\/metoder-medier-og-miljo\/den-usynlige-reklame\/krav-til-merking\/\"]}]},{\"@type\":\"ImageObject\",\"inLanguage\":\"nb-NO\",\"@id\":\"https:\/\/reklameskolen.devz.no\/ungdomsskole\/metoder-medier-og-miljo\/den-usynlige-reklame\/krav-til-merking\/#primaryimage\",\"url\":\"https:\/\/reklameskolen.devz.no\/wp-content\/uploads\/2024\/02\/Reklameskolen-Illustrasjoner-EnDagIMittLiv-01-1024x576.png\",\"contentUrl\":\"https:\/\/reklameskolen.devz.no\/wp-content\/uploads\/2024\/02\/Reklameskolen-Illustrasjoner-EnDagIMittLiv-01-1024x576.png\"},{\"@type\":\"BreadcrumbList\",\"@id\":\"https:\/\/reklameskolen.devz.no\/ungdomsskole\/metoder-medier-og-miljo\/den-usynlige-reklame\/krav-til-merking\/#breadcrumb\",\"itemListElement\":[{\"@type\":\"ListItem\",\"position\":1,\"name\":\"Home\",\"item\":\"https:\/\/reklameskolen.devz.no\/ungdomsskole\/\"},{\"@type\":\"ListItem\",\"position\":2,\"name\":\"Metoder, medier og milj\u00f8\",\"item\":\"https:\/\/reklameskolen.devz.no\/ungdomsskole\/metoder-medier-og-miljo\/\"},{\"@type\":\"ListItem\",\"position\":3,\"name\":\"Usynlig reklame\",\"item\":\"https:\/\/reklameskolen.devz.no\/ungdomsskole\/metoder-medier-og-miljo\/den-usynlige-reklame\/\"},{\"@type\":\"ListItem\",\"position\":4,\"name\":\"Er det lov \u00e5 skjule reklamen?\"}]},{\"@type\":\"WebSite\",\"@id\":\"https:\/\/reklameskolen.devz.no\/ungdomsskole\/#website\",\"url\":\"https:\/\/reklameskolen.devz.no\/ungdomsskole\/\",\"name\":\"Ungdomsskole\",\"description\":\"Oppl\u00e6ringsverkt\u00f8y om reklame\",\"publisher\":{\"@id\":\"https:\/\/reklameskolen.devz.no\/ungdomsskole\/#organization\"},\"potentialAction\":[{\"@type\":\"SearchAction\",\"target\":{\"@type\":\"EntryPoint\",\"urlTemplate\":\"https:\/\/reklameskolen.devz.no\/ungdomsskole\/?s={search_term_string}\"},\"query-input\":{\"@type\":\"PropertyValueSpecification\",\"valueRequired\":true,\"valueName\":\"search_term_string\"}}],\"inLanguage\":\"nb-NO\"},{\"@type\":\"Organization\",\"@id\":\"https:\/\/reklameskolen.devz.no\/ungdomsskole\/#organization\",\"name\":\"Ungdomsskole\",\"url\":\"https:\/\/reklameskolen.devz.no\/ungdomsskole\/\",\"logo\":{\"@type\":\"ImageObject\",\"inLanguage\":\"nb-NO\",\"@id\":\"https:\/\/reklameskolen.devz.no\/ungdomsskole\/#\/schema\/logo\/image\/\",\"url\":\"https:\/\/reklameskolen.devz.no\/wp-content\/uploads\/2023\/08\/Reklameskolen-Logo-01.png\",\"contentUrl\":\"https:\/\/reklameskolen.devz.no\/wp-content\/uploads\/2023\/08\/Reklameskolen-Logo-01.png\",\"caption\":\"Ungdomsskole\"},\"image\":{\"@id\":\"https:\/\/reklameskolen.devz.no\/ungdomsskole\/#\/schema\/logo\/image\/\"}}]}<\/script>\n<!-- \/ Yoast SEO plugin. -->","yoast_head_json":{"title":"Er det lov \u00e5 skjule reklamen? - Ungdomsskole","robots":{"index":"index","follow":"follow","max-snippet":"max-snippet:-1","max-image-preview":"max-image-preview:large","max-video-preview":"max-video-preview:-1"},"canonical":"https:\/\/reklameskolen.devz.no\/ungdomsskole\/metoder-medier-og-miljo\/den-usynlige-reklame\/krav-til-merking\/","og_locale":"nb_NO","og_type":"article","og_title":"Er det lov \u00e5 skjule reklamen? - Ungdomsskole","og_description":"Er det lov \u00e5 skjule reklamen? Markedsf\u00f8ringsloven sier at reklame skal presenteres s\u00e5nn at det er tydelig at det er reklame. Hvis det ikke er lett \u00e5 se med en gang at noe er reklame, m\u00e5 reklamen merkes. Skjult reklame er nemlig ikke lov. Verken i sosiale medier eller andre steder.&nbsp; Influensere som f\u00e5r betalt [&hellip;]","og_url":"https:\/\/reklameskolen.devz.no\/ungdomsskole\/metoder-medier-og-miljo\/den-usynlige-reklame\/krav-til-merking\/","og_site_name":"Ungdomsskole","article_modified_time":"2024-02-27T12:27:33+00:00","og_image":[{"url":"https:\/\/reklameskolen.devz.no\/wp-content\/uploads\/2024\/02\/Reklameskolen-Illustrasjoner-EnDagIMittLiv-01-1024x576.png","type":"","width":"","height":""}],"twitter_card":"summary_large_image","twitter_misc":{"Ansl. lesetid":"1 minutt"},"schema":{"@context":"https:\/\/schema.org","@graph":[{"@type":"WebPage","@id":"https:\/\/reklameskolen.devz.no\/ungdomsskole\/metoder-medier-og-miljo\/den-usynlige-reklame\/krav-til-merking\/","url":"https:\/\/reklameskolen.devz.no\/ungdomsskole\/metoder-medier-og-miljo\/den-usynlige-reklame\/krav-til-merking\/","name":"Er det lov \u00e5 skjule reklamen? - Ungdomsskole","isPartOf":{"@id":"https:\/\/reklameskolen.devz.no\/ungdomsskole\/#website"},"primaryImageOfPage":{"@id":"https:\/\/reklameskolen.devz.no\/ungdomsskole\/metoder-medier-og-miljo\/den-usynlige-reklame\/krav-til-merking\/#primaryimage"},"image":{"@id":"https:\/\/reklameskolen.devz.no\/ungdomsskole\/metoder-medier-og-miljo\/den-usynlige-reklame\/krav-til-merking\/#primaryimage"},"thumbnailUrl":"https:\/\/reklameskolen.devz.no\/wp-content\/uploads\/2024\/02\/Reklameskolen-Illustrasjoner-EnDagIMittLiv-01-1024x576.png","datePublished":"2022-02-21T13:46:56+00:00","dateModified":"2024-02-27T12:27:33+00:00","breadcrumb":{"@id":"https:\/\/reklameskolen.devz.no\/ungdomsskole\/metoder-medier-og-miljo\/den-usynlige-reklame\/krav-til-merking\/#breadcrumb"},"inLanguage":"nb-NO","potentialAction":[{"@type":"ReadAction","target":["https:\/\/reklameskolen.devz.no\/ungdomsskole\/metoder-medier-og-miljo\/den-usynlige-reklame\/krav-til-merking\/"]}]},{"@type":"ImageObject","inLanguage":"nb-NO","@id":"https:\/\/reklameskolen.devz.no\/ungdomsskole\/metoder-medier-og-miljo\/den-usynlige-reklame\/krav-til-merking\/#primaryimage","url":"https:\/\/reklameskolen.devz.no\/wp-content\/uploads\/2024\/02\/Reklameskolen-Illustrasjoner-EnDagIMittLiv-01-1024x576.png","contentUrl":"https:\/\/reklameskolen.devz.no\/wp-content\/uploads\/2024\/02\/Reklameskolen-Illustrasjoner-EnDagIMittLiv-01-1024x576.png"},{"@type":"BreadcrumbList","@id":"https:\/\/reklameskolen.devz.no\/ungdomsskole\/metoder-medier-og-miljo\/den-usynlige-reklame\/krav-til-merking\/#breadcrumb","itemListElement":[{"@type":"ListItem","position":1,"name":"Home","item":"https:\/\/reklameskolen.devz.no\/ungdomsskole\/"},{"@type":"ListItem","position":2,"name":"Metoder, medier og milj\u00f8","item":"https:\/\/reklameskolen.devz.no\/ungdomsskole\/metoder-medier-og-miljo\/"},{"@type":"ListItem","position":3,"name":"Usynlig reklame","item":"https:\/\/reklameskolen.devz.no\/ungdomsskole\/metoder-medier-og-miljo\/den-usynlige-reklame\/"},{"@type":"ListItem","position":4,"name":"Er det lov \u00e5 skjule reklamen?"}]},{"@type":"WebSite","@id":"https:\/\/reklameskolen.devz.no\/ungdomsskole\/#website","url":"https:\/\/reklameskolen.devz.no\/ungdomsskole\/","name":"Ungdomsskole","description":"Oppl\u00e6ringsverkt\u00f8y om reklame","publisher":{"@id":"https:\/\/reklameskolen.devz.no\/ungdomsskole\/#organization"},"potentialAction":[{"@type":"SearchAction","target":{"@type":"EntryPoint","urlTemplate":"https:\/\/reklameskolen.devz.no\/ungdomsskole\/?s={search_term_string}"},"query-input":{"@type":"PropertyValueSpecification","valueRequired":true,"valueName":"search_term_string"}}],"inLanguage":"nb-NO"},{"@type":"Organization","@id":"https:\/\/reklameskolen.devz.no\/ungdomsskole\/#organization","name":"Ungdomsskole","url":"https:\/\/reklameskolen.devz.no\/ungdomsskole\/","logo":{"@type":"ImageObject","inLanguage":"nb-NO","@id":"https:\/\/reklameskolen.devz.no\/ungdomsskole\/#\/schema\/logo\/image\/","url":"https:\/\/reklameskolen.devz.no\/wp-content\/uploads\/2023\/08\/Reklameskolen-Logo-01.png","contentUrl":"https:\/\/reklameskolen.devz.no\/wp-content\/uploads\/2023\/08\/Reklameskolen-Logo-01.png","caption":"Ungdomsskole"},"image":{"@id":"https:\/\/reklameskolen.devz.no\/ungdomsskole\/#\/schema\/logo\/image\/"}}]}},"_links":{"self":[{"href":"https:\/\/reklameskolen.devz.no\/ungdomsskole\/wp-json\/wp\/v2\/pages\/1158","targetHints":{"allow":["GET"]}}],"collection":[{"href":"https:\/\/reklameskolen.devz.no\/ungdomsskole\/wp-json\/wp\/v2\/pages"}],"about":[{"href":"https:\/\/reklameskolen.devz.no\/ungdomsskole\/wp-json\/wp\/v2\/types\/page"}],"author":[{"embeddable":true,"href":"https:\/\/reklameskolen.devz.no\/ungdomsskole\/wp-json\/wp\/v2\/users\/6"}],"replies":[{"embeddable":true,"href":"https:\/\/reklameskolen.devz.no\/ungdomsskole\/wp-json\/wp\/v2\/comments?post=1158"}],"version-history":[{"count":74,"href":"https:\/\/reklameskolen.devz.no\/ungdomsskole\/wp-json\/wp\/v2\/pages\/1158\/revisions"}],"predecessor-version":[{"id":3925,"href":"https:\/\/reklameskolen.devz.no\/ungdomsskole\/wp-json\/wp\/v2\/pages\/1158\/revisions\/3925"}],"up":[{"embeddable":true,"href":"https:\/\/reklameskolen.devz.no\/ungdomsskole\/wp-json\/wp\/v2\/pages\/163"}],"wp:attachment":[{"href":"https:\/\/reklameskolen.devz.no\/ungdomsskole\/wp-json\/wp\/v2\/media?parent=1158"}],"curies":[{"name":"wp","href":"https:\/\/api.w.org\/{rel}","templated":true}]}}