{"id":1263,"date":"2022-02-21T16:37:18","date_gmt":"2022-02-21T15:37:18","guid":{"rendered":"https:\/\/reklameskolen.devz.no\/?page_id=1263"},"modified":"2024-08-20T13:23:03","modified_gmt":"2024-08-20T11:23:03","slug":"kjopsoppfordringer","status":"publish","type":"page","link":"https:\/\/reklameskolen.devz.no\/ungdomsskole\/reklamen-og-oss\/hvordan-virker-reklame\/kjopsoppfordringer\/","title":{"rendered":"L\u00f8p og kj\u00f8p!"},"content":{"rendered":"\n<figure class=\"wp-block-image size-full\"><img decoding=\"async\" src=\"https:\/\/reklameskolen.devz.no\/wp-content\/uploads\/2023\/06\/iStock-1337275668.jpg\" alt=\"En haug med r\u00f8de skilt formet som snakkebobler. Alle skiltene er merket med en rabatt i prosent. FOr eksempel -70% og -20%.\" class=\"wp-image-4210\"\/><figcaption class=\"wp-element-caption\">Illustrastjon: Akinbostanci\/iStock<\/figcaption><\/figure>\n\n\n\n<h1 class=\"wp-block-heading\" id=\"lop-og-kjop\">L\u00f8p og kj\u00f8p!<\/h1>\n\n\n\n<p class=\"has-medium-font-size\"><strong>\u00abOpptil 70% rabatt\u00bb. \u00abSalg!\u00bb. \u00abBlack Friday\u00bb. Du har sikkert sett slike plakater i butikken. Men har du tenkt over hvorfor noen butikker ser ut til \u00e5 ha nye salg hele tiden? Har du lurt p\u00e5 hvorfor influensere gir f\u00f8lgerne sine \u00abeksklusive\u00bb rabattkoder eller hvordan butikkene kan tjene penger p\u00e5 \u00e5 gi bort ting gratis gjennom \u00abta 3 betal for 2\u00bb-tilbud?\u202f\u202f<\/strong>&nbsp;<\/p>\n\n\n\n<p> Svaret er at denne typen reklame f\u00e5r deg til \u00e5 handle fort. Plakater med \u00absalg\u00bb eller \u00abtilbud\u00bb kan f\u00e5 deg til \u00e5 tenke at noe er veldig billig akkurat n\u00e5. Eksklusive tilbud og rabattkoder gir inntrykk av at akkurat du er spesielt heldig som f\u00e5r dette tilbudet. Da er det lett \u00e5 tenke at det gjelder \u00e5 sl\u00e5 til.&nbsp;<\/p>\n\n\n\n<p>Nettbutikkene bruker ogs\u00e5 mange andre virkemidler for \u00e5 f\u00e5 deg til \u00e5 handle raskt. Du kan for eksempel f\u00e5 beskjed om hvor mange som ser p\u00e5 et produkt, eller at tilbudet bare gjelder \u00abs\u00e5 langt lageret rekker\u00bb. Ofte gjelder tilbudet bare en kort stund. Noen nettbutikker viser en klokke som teller ned mot slutten av tilbudsperioden.&nbsp;&nbsp;<\/p>\n\n\n\n<p>Det er lett \u00e5 la seg rive med av slike tilbud. Derfor er det strenge regler for hvordan butikkene kan reklamere for salg. De m\u00e5 blant annet skrive prisen b\u00e5de f\u00f8r og etter rabatten. Og f\u00f8rprisen m\u00e5 v\u00e6re den laveste prisen varen har hatt de siste 30 dagene f\u00f8r salget startet.\u202f&nbsp;<\/p>\n\n\n\n<p>Likevel er det lurt \u00e5 v\u00e6re skeptisk til gode tilbud. Det kan for eksempel v\u00e6re smart \u00e5 sjekke om varen er billigere et annet sted. For det er ikke alt som er p\u00e5 salg som er billig!\u202f&nbsp;<\/p>\n\n\n\n<div style=\"height:50px\" aria-hidden=\"true\" class=\"wp-block-spacer\"><\/div>\n\n\n\n<div class=\"wp-block-group is-layout-flow wp-block-group-is-layout-flow\">\n<div class=\"wp-block-group is-style-questions is-layout-flow wp-block-group-is-layout-flow\">\n<h2 class=\"wp-block-heading\" id=\"hvilke-virkemidler-brukes-i-disse-storiene\">Hvilke virkemidler brukes i disse storiene?<\/h2>\n\n\n\n<figure class=\"wp-block-embed is-type-video is-provider-youtube wp-block-embed-youtube wp-embed-aspect-16-9 wp-has-aspect-ratio\"><div class=\"wp-block-embed__wrapper\">\n<iframe loading=\"lazy\" title=\"Reklameskolen: Virkemidler, reklamen og oss\" width=\"1290\" height=\"726\" src=\"https:\/\/www.youtube.com\/embed\/lrUlMlCTxFk?feature=oembed\" frameborder=\"0\" allow=\"accelerometer; autoplay; clipboard-write; encrypted-media; gyroscope; picture-in-picture; web-share\" referrerpolicy=\"strict-origin-when-cross-origin\" allowfullscreen><\/iframe>\n<\/div><\/figure>\n\n\n<div class=\"h5p-iframe-wrapper\"><iframe id=\"h5p-iframe-34\" class=\"h5p-iframe\" data-content-id=\"34\" style=\"height:1px\" src=\"about:blank\" frameBorder=\"0\" scrolling=\"no\" title=\"Hvilke virkemidler brukes i disse storiene?\"><\/iframe><\/div>\n<\/div>\n<\/div>\n\n\n\n<div style=\"height:100px\" aria-hidden=\"true\" class=\"wp-block-spacer\"><\/div>\n\n\n\n<p> <\/p>\n\n\n\n<div class=\"wp-block-group alignfull has-palette-color-4-background-color has-background is-layout-flow wp-block-group-is-layout-flow\">\n<div class=\"wp-block-columns is-layout-flex wp-container-core-columns-is-layout-28f84493 wp-block-columns-is-layout-flex\">\n<div class=\"wp-block-column is-layout-flow wp-block-column-is-layout-flow\">\n<div class=\"wp-block-buttons is-layout-flex wp-block-buttons-is-layout-flex\">\n<div class=\"wp-block-button\"><a class=\"wp-block-button__link wp-element-button\" href=\"https:\/\/reklameskolen.devz.no\/ungdomsskole\/reklamen-og-oss\/hvordan-virker-reklame\/bilder-som-lyver\/\">Tilbake til &laquo;Bilder som lyver&raquo;<\/a><\/div>\n<\/div>\n<\/div>\n\n\n\n<div class=\"wp-block-column is-layout-flow wp-block-column-is-layout-flow\">\n<div class=\"wp-block-buttons is-horizontal is-content-justification-right is-layout-flex wp-container-core-buttons-is-layout-30af2ff6 wp-block-buttons-is-layout-flex\">\n<div class=\"wp-block-button\"><a class=\"wp-block-button__link wp-element-button\" href=\"https:\/\/reklameskolen.devz.no\/ungdomsskole\/reklamen-og-oss\/hvordan-virker-reklame\/konkurranser\/\">Videre til &laquo;Konkurranser&raquo;<\/a><\/div>\n<\/div>\n<\/div>\n<\/div>\n<\/div>\n\n\n\n<p><\/p>\n","protected":false},"excerpt":{"rendered":"<p>L\u00f8p og kj\u00f8p! \u00abOpptil 70% rabatt\u00bb. \u00abSalg!\u00bb. \u00abBlack Friday\u00bb. Du har sikkert sett slike plakater i butikken. Men har du tenkt over hvorfor noen butikker ser ut til \u00e5 ha nye salg hele tiden? Har du lurt p\u00e5 hvorfor influensere gir f\u00f8lgerne sine \u00abeksklusive\u00bb rabattkoder eller hvordan butikkene kan tjene penger p\u00e5 \u00e5 gi bort [&hellip;]<\/p>\n","protected":false},"author":10,"featured_media":0,"parent":1087,"menu_order":3,"comment_status":"closed","ping_status":"closed","template":"","meta":{"_acf_changed":false,"editor_notices":[],"footnotes":""},"class_list":["post-1263","page","type-page","status-publish","hentry"],"blocksy_meta":{"styles_descriptor":{"styles":{"desktop":"","tablet":"","mobile":""},"google_fonts":[],"version":6}},"acf":[],"yoast_head":"<!-- This site is optimized with the Yoast SEO plugin v25.9 - https:\/\/yoast.com\/wordpress\/plugins\/seo\/ -->\n<title>L\u00f8p og kj\u00f8p! - Ungdomsskole<\/title>\n<meta name=\"robots\" content=\"index, follow, max-snippet:-1, max-image-preview:large, max-video-preview:-1\" \/>\n<link rel=\"canonical\" href=\"https:\/\/reklameskolen.devz.no\/ungdomsskole\/reklamen-og-oss\/hvordan-virker-reklame\/kjopsoppfordringer\/\" \/>\n<meta property=\"og:locale\" content=\"nb_NO\" \/>\n<meta property=\"og:type\" content=\"article\" \/>\n<meta property=\"og:title\" content=\"L\u00f8p og kj\u00f8p! - Ungdomsskole\" \/>\n<meta property=\"og:description\" content=\"L\u00f8p og kj\u00f8p! \u00abOpptil 70% rabatt\u00bb. \u00abSalg!\u00bb. \u00abBlack Friday\u00bb. Du har sikkert sett slike plakater i butikken. Men har du tenkt over hvorfor noen butikker ser ut til \u00e5 ha nye salg hele tiden? Har du lurt p\u00e5 hvorfor influensere gir f\u00f8lgerne sine \u00abeksklusive\u00bb rabattkoder eller hvordan butikkene kan tjene penger p\u00e5 \u00e5 gi bort [&hellip;]\" \/>\n<meta property=\"og:url\" content=\"https:\/\/reklameskolen.devz.no\/ungdomsskole\/reklamen-og-oss\/hvordan-virker-reklame\/kjopsoppfordringer\/\" \/>\n<meta property=\"og:site_name\" content=\"Ungdomsskole\" \/>\n<meta property=\"article:modified_time\" content=\"2024-08-20T11:23:03+00:00\" \/>\n<meta property=\"og:image\" content=\"https:\/\/reklameskolen.devz.no\/wp-content\/uploads\/2023\/06\/iStock-1337275668.jpg\" \/>\n<meta name=\"twitter:card\" content=\"summary_large_image\" \/>\n<meta name=\"twitter:label1\" content=\"Ansl. lesetid\" \/>\n\t<meta name=\"twitter:data1\" content=\"1 minutt\" \/>\n<script type=\"application\/ld+json\" class=\"yoast-schema-graph\">{\"@context\":\"https:\/\/schema.org\",\"@graph\":[{\"@type\":\"WebPage\",\"@id\":\"https:\/\/reklameskolen.devz.no\/ungdomsskole\/reklamen-og-oss\/hvordan-virker-reklame\/kjopsoppfordringer\/\",\"url\":\"https:\/\/reklameskolen.devz.no\/ungdomsskole\/reklamen-og-oss\/hvordan-virker-reklame\/kjopsoppfordringer\/\",\"name\":\"L\u00f8p og kj\u00f8p! - Ungdomsskole\",\"isPartOf\":{\"@id\":\"https:\/\/reklameskolen.devz.no\/ungdomsskole\/#website\"},\"primaryImageOfPage\":{\"@id\":\"https:\/\/reklameskolen.devz.no\/ungdomsskole\/reklamen-og-oss\/hvordan-virker-reklame\/kjopsoppfordringer\/#primaryimage\"},\"image\":{\"@id\":\"https:\/\/reklameskolen.devz.no\/ungdomsskole\/reklamen-og-oss\/hvordan-virker-reklame\/kjopsoppfordringer\/#primaryimage\"},\"thumbnailUrl\":\"https:\/\/reklameskolen.devz.no\/wp-content\/uploads\/2023\/06\/iStock-1337275668.jpg\",\"datePublished\":\"2022-02-21T15:37:18+00:00\",\"dateModified\":\"2024-08-20T11:23:03+00:00\",\"breadcrumb\":{\"@id\":\"https:\/\/reklameskolen.devz.no\/ungdomsskole\/reklamen-og-oss\/hvordan-virker-reklame\/kjopsoppfordringer\/#breadcrumb\"},\"inLanguage\":\"nb-NO\",\"potentialAction\":[{\"@type\":\"ReadAction\",\"target\":[\"https:\/\/reklameskolen.devz.no\/ungdomsskole\/reklamen-og-oss\/hvordan-virker-reklame\/kjopsoppfordringer\/\"]}]},{\"@type\":\"ImageObject\",\"inLanguage\":\"nb-NO\",\"@id\":\"https:\/\/reklameskolen.devz.no\/ungdomsskole\/reklamen-og-oss\/hvordan-virker-reklame\/kjopsoppfordringer\/#primaryimage\",\"url\":\"https:\/\/reklameskolen.devz.no\/wp-content\/uploads\/2023\/06\/iStock-1337275668.jpg\",\"contentUrl\":\"https:\/\/reklameskolen.devz.no\/wp-content\/uploads\/2023\/06\/iStock-1337275668.jpg\"},{\"@type\":\"BreadcrumbList\",\"@id\":\"https:\/\/reklameskolen.devz.no\/ungdomsskole\/reklamen-og-oss\/hvordan-virker-reklame\/kjopsoppfordringer\/#breadcrumb\",\"itemListElement\":[{\"@type\":\"ListItem\",\"position\":1,\"name\":\"Home\",\"item\":\"https:\/\/reklameskolen.devz.no\/ungdomsskole\/\"},{\"@type\":\"ListItem\",\"position\":2,\"name\":\"Reklamen og oss\",\"item\":\"https:\/\/reklameskolen.devz.no\/ungdomsskole\/reklamen-og-oss\/\"},{\"@type\":\"ListItem\",\"position\":3,\"name\":\"Hvordan virker reklame?\",\"item\":\"https:\/\/reklameskolen.devz.no\/ungdomsskole\/reklamen-og-oss\/hvordan-virker-reklame\/\"},{\"@type\":\"ListItem\",\"position\":4,\"name\":\"L\u00f8p og kj\u00f8p!\"}]},{\"@type\":\"WebSite\",\"@id\":\"https:\/\/reklameskolen.devz.no\/ungdomsskole\/#website\",\"url\":\"https:\/\/reklameskolen.devz.no\/ungdomsskole\/\",\"name\":\"Ungdomsskole\",\"description\":\"Oppl\u00e6ringsverkt\u00f8y om reklame\",\"publisher\":{\"@id\":\"https:\/\/reklameskolen.devz.no\/ungdomsskole\/#organization\"},\"potentialAction\":[{\"@type\":\"SearchAction\",\"target\":{\"@type\":\"EntryPoint\",\"urlTemplate\":\"https:\/\/reklameskolen.devz.no\/ungdomsskole\/?s={search_term_string}\"},\"query-input\":{\"@type\":\"PropertyValueSpecification\",\"valueRequired\":true,\"valueName\":\"search_term_string\"}}],\"inLanguage\":\"nb-NO\"},{\"@type\":\"Organization\",\"@id\":\"https:\/\/reklameskolen.devz.no\/ungdomsskole\/#organization\",\"name\":\"Ungdomsskole\",\"url\":\"https:\/\/reklameskolen.devz.no\/ungdomsskole\/\",\"logo\":{\"@type\":\"ImageObject\",\"inLanguage\":\"nb-NO\",\"@id\":\"https:\/\/reklameskolen.devz.no\/ungdomsskole\/#\/schema\/logo\/image\/\",\"url\":\"https:\/\/reklameskolen.devz.no\/wp-content\/uploads\/2023\/08\/Reklameskolen-Logo-01.png\",\"contentUrl\":\"https:\/\/reklameskolen.devz.no\/wp-content\/uploads\/2023\/08\/Reklameskolen-Logo-01.png\",\"caption\":\"Ungdomsskole\"},\"image\":{\"@id\":\"https:\/\/reklameskolen.devz.no\/ungdomsskole\/#\/schema\/logo\/image\/\"}}]}<\/script>\n<!-- \/ Yoast SEO plugin. -->","yoast_head_json":{"title":"L\u00f8p og kj\u00f8p! - Ungdomsskole","robots":{"index":"index","follow":"follow","max-snippet":"max-snippet:-1","max-image-preview":"max-image-preview:large","max-video-preview":"max-video-preview:-1"},"canonical":"https:\/\/reklameskolen.devz.no\/ungdomsskole\/reklamen-og-oss\/hvordan-virker-reklame\/kjopsoppfordringer\/","og_locale":"nb_NO","og_type":"article","og_title":"L\u00f8p og kj\u00f8p! - Ungdomsskole","og_description":"L\u00f8p og kj\u00f8p! \u00abOpptil 70% rabatt\u00bb. \u00abSalg!\u00bb. \u00abBlack Friday\u00bb. Du har sikkert sett slike plakater i butikken. Men har du tenkt over hvorfor noen butikker ser ut til \u00e5 ha nye salg hele tiden? Har du lurt p\u00e5 hvorfor influensere gir f\u00f8lgerne sine \u00abeksklusive\u00bb rabattkoder eller hvordan butikkene kan tjene penger p\u00e5 \u00e5 gi bort [&hellip;]","og_url":"https:\/\/reklameskolen.devz.no\/ungdomsskole\/reklamen-og-oss\/hvordan-virker-reklame\/kjopsoppfordringer\/","og_site_name":"Ungdomsskole","article_modified_time":"2024-08-20T11:23:03+00:00","og_image":[{"url":"https:\/\/reklameskolen.devz.no\/wp-content\/uploads\/2023\/06\/iStock-1337275668.jpg","type":"","width":"","height":""}],"twitter_card":"summary_large_image","twitter_misc":{"Ansl. lesetid":"1 minutt"},"schema":{"@context":"https:\/\/schema.org","@graph":[{"@type":"WebPage","@id":"https:\/\/reklameskolen.devz.no\/ungdomsskole\/reklamen-og-oss\/hvordan-virker-reklame\/kjopsoppfordringer\/","url":"https:\/\/reklameskolen.devz.no\/ungdomsskole\/reklamen-og-oss\/hvordan-virker-reklame\/kjopsoppfordringer\/","name":"L\u00f8p og kj\u00f8p! - Ungdomsskole","isPartOf":{"@id":"https:\/\/reklameskolen.devz.no\/ungdomsskole\/#website"},"primaryImageOfPage":{"@id":"https:\/\/reklameskolen.devz.no\/ungdomsskole\/reklamen-og-oss\/hvordan-virker-reklame\/kjopsoppfordringer\/#primaryimage"},"image":{"@id":"https:\/\/reklameskolen.devz.no\/ungdomsskole\/reklamen-og-oss\/hvordan-virker-reklame\/kjopsoppfordringer\/#primaryimage"},"thumbnailUrl":"https:\/\/reklameskolen.devz.no\/wp-content\/uploads\/2023\/06\/iStock-1337275668.jpg","datePublished":"2022-02-21T15:37:18+00:00","dateModified":"2024-08-20T11:23:03+00:00","breadcrumb":{"@id":"https:\/\/reklameskolen.devz.no\/ungdomsskole\/reklamen-og-oss\/hvordan-virker-reklame\/kjopsoppfordringer\/#breadcrumb"},"inLanguage":"nb-NO","potentialAction":[{"@type":"ReadAction","target":["https:\/\/reklameskolen.devz.no\/ungdomsskole\/reklamen-og-oss\/hvordan-virker-reklame\/kjopsoppfordringer\/"]}]},{"@type":"ImageObject","inLanguage":"nb-NO","@id":"https:\/\/reklameskolen.devz.no\/ungdomsskole\/reklamen-og-oss\/hvordan-virker-reklame\/kjopsoppfordringer\/#primaryimage","url":"https:\/\/reklameskolen.devz.no\/wp-content\/uploads\/2023\/06\/iStock-1337275668.jpg","contentUrl":"https:\/\/reklameskolen.devz.no\/wp-content\/uploads\/2023\/06\/iStock-1337275668.jpg"},{"@type":"BreadcrumbList","@id":"https:\/\/reklameskolen.devz.no\/ungdomsskole\/reklamen-og-oss\/hvordan-virker-reklame\/kjopsoppfordringer\/#breadcrumb","itemListElement":[{"@type":"ListItem","position":1,"name":"Home","item":"https:\/\/reklameskolen.devz.no\/ungdomsskole\/"},{"@type":"ListItem","position":2,"name":"Reklamen og oss","item":"https:\/\/reklameskolen.devz.no\/ungdomsskole\/reklamen-og-oss\/"},{"@type":"ListItem","position":3,"name":"Hvordan virker reklame?","item":"https:\/\/reklameskolen.devz.no\/ungdomsskole\/reklamen-og-oss\/hvordan-virker-reklame\/"},{"@type":"ListItem","position":4,"name":"L\u00f8p og kj\u00f8p!"}]},{"@type":"WebSite","@id":"https:\/\/reklameskolen.devz.no\/ungdomsskole\/#website","url":"https:\/\/reklameskolen.devz.no\/ungdomsskole\/","name":"Ungdomsskole","description":"Oppl\u00e6ringsverkt\u00f8y om reklame","publisher":{"@id":"https:\/\/reklameskolen.devz.no\/ungdomsskole\/#organization"},"potentialAction":[{"@type":"SearchAction","target":{"@type":"EntryPoint","urlTemplate":"https:\/\/reklameskolen.devz.no\/ungdomsskole\/?s={search_term_string}"},"query-input":{"@type":"PropertyValueSpecification","valueRequired":true,"valueName":"search_term_string"}}],"inLanguage":"nb-NO"},{"@type":"Organization","@id":"https:\/\/reklameskolen.devz.no\/ungdomsskole\/#organization","name":"Ungdomsskole","url":"https:\/\/reklameskolen.devz.no\/ungdomsskole\/","logo":{"@type":"ImageObject","inLanguage":"nb-NO","@id":"https:\/\/reklameskolen.devz.no\/ungdomsskole\/#\/schema\/logo\/image\/","url":"https:\/\/reklameskolen.devz.no\/wp-content\/uploads\/2023\/08\/Reklameskolen-Logo-01.png","contentUrl":"https:\/\/reklameskolen.devz.no\/wp-content\/uploads\/2023\/08\/Reklameskolen-Logo-01.png","caption":"Ungdomsskole"},"image":{"@id":"https:\/\/reklameskolen.devz.no\/ungdomsskole\/#\/schema\/logo\/image\/"}}]}},"_links":{"self":[{"href":"https:\/\/reklameskolen.devz.no\/ungdomsskole\/wp-json\/wp\/v2\/pages\/1263","targetHints":{"allow":["GET"]}}],"collection":[{"href":"https:\/\/reklameskolen.devz.no\/ungdomsskole\/wp-json\/wp\/v2\/pages"}],"about":[{"href":"https:\/\/reklameskolen.devz.no\/ungdomsskole\/wp-json\/wp\/v2\/types\/page"}],"author":[{"embeddable":true,"href":"https:\/\/reklameskolen.devz.no\/ungdomsskole\/wp-json\/wp\/v2\/users\/10"}],"replies":[{"embeddable":true,"href":"https:\/\/reklameskolen.devz.no\/ungdomsskole\/wp-json\/wp\/v2\/comments?post=1263"}],"version-history":[{"count":39,"href":"https:\/\/reklameskolen.devz.no\/ungdomsskole\/wp-json\/wp\/v2\/pages\/1263\/revisions"}],"predecessor-version":[{"id":3947,"href":"https:\/\/reklameskolen.devz.no\/ungdomsskole\/wp-json\/wp\/v2\/pages\/1263\/revisions\/3947"}],"up":[{"embeddable":true,"href":"https:\/\/reklameskolen.devz.no\/ungdomsskole\/wp-json\/wp\/v2\/pages\/1087"}],"wp:attachment":[{"href":"https:\/\/reklameskolen.devz.no\/ungdomsskole\/wp-json\/wp\/v2\/media?parent=1263"}],"curies":[{"name":"wp","href":"https:\/\/api.w.org\/{rel}","templated":true}]}}