{"id":1319,"date":"2022-02-22T12:57:13","date_gmt":"2022-02-22T11:57:13","guid":{"rendered":"https:\/\/reklameskolen.devz.no\/?page_id=1319"},"modified":"2023-10-18T10:21:05","modified_gmt":"2023-10-18T08:21:05","slug":"fiktive-konkurranser","status":"publish","type":"page","link":"https:\/\/reklameskolen.devz.no\/ungdomsskole\/reklamen-og-oss\/hvordan-virker-reklame\/konkurranser\/fiktive-konkurranser\/","title":{"rendered":"Fiktive Konkurranser"},"content":{"rendered":"\n<div class=\"wp-block-columns is-layout-flex wp-container-core-columns-is-layout-28f84493 wp-block-columns-is-layout-flex\">\n<div class=\"wp-block-column is-layout-flow wp-block-column-is-layout-flow\" style=\"flex-basis:66.66%\">\n<h2 class=\"wp-block-heading\" id=\"bloggemammaens-fiktive-konkurranser\">Bloggemammaens fiktive konkurranser<\/h2>\n\n\n\n<p>I 2018 publiserte en kjent bloggemamma syv konkurranser p\u00e5 seks dager som gikk ut p\u00e5 \u00e5 \u00ablike\u00bb siden hennes. Kort tid senere ble det avholdt to nye konkurranser der en kunne vinne premier om en \u00ablikte siden\u00bb og kommenterte \u00abja\u00bb p\u00e5 innlegget. Trekningen skulle finne sted etter kort tid. Begge innleggene ble likevel slettet uten at det var trukket vinnere. Hver av konkurransene hadde en premie til en verdi av rundt kr. 1&nbsp;000,-.<\/p>\n\n\n\n<p>F\u00f8rst etter at Forbrukertilsynet hadde varslet sanksjoner ble det trukket vinner i fem av konkurransene. <\/p>\n\n\n\n<p>Markedsr\u00e5det (<a href=\"https:\/\/www.forbrukertilsynet.no\/lov-og-rett\/markedsradets-vedtak\/mr-2018-1234\" target=\"_blank\" rel=\"noreferrer noopener\">MR-2018-1234<\/a>) ila bloggemammaen en bot p\u00e5 kr. 100&nbsp;000,- . Det ble vurdert som alvorlig at det som utgangspunkt var avholdt fiktive konkurranser.  Det ble uttalt at &laquo;<em>Premierte konkurranser er et virkemiddel som i s\u00e6rlig grad er egnet til \u00e5 tiltrekke seg forbrukernes oppmerksomhet, ikke bare til den konkrete konkurransen, men ogs\u00e5 til produktene som kan vinnes og foretakets \u00f8vrige markedsf\u00f8ring.<\/em>&raquo; Selv om det kun var stilt enkle krav til deltakelse, og det isolert sett var lav deltakelse sett opp mot antall f\u00f8lgere, ble det trukket frem konkurransenes betydning som oppmerksomhetsvekker som et betydelig moment.<\/p>\n<\/div>\n\n\n\n<div class=\"wp-block-column is-layout-flow wp-block-column-is-layout-flow\" style=\"flex-basis:33.33%\">\n<figure class=\"wp-block-image size-full\"><img loading=\"lazy\" decoding=\"async\" width=\"502\" height=\"695\" src=\"https:\/\/reklameskolen.devz.no\/wp-content\/uploads\/sites\/7\/2022\/05\/bloggemamma.jpg\" alt=\"Bildet viser et Facebook-innlegg med bilder av fire par sko . \u00d8verst i innlegget st\u00e5r det &quot;Vinn et valgfritt par ASFVLT sneakers! Skriv &quot;JA&quot; i kommentarfeltet for \u00e5 delta i trekningen! Vinner trekkes N\u00c5 p\u00e5 s\u00f8ndag!&quot;\" class=\"wp-image-3119\" srcset=\"https:\/\/reklameskolen.devz.no\/ungdomsskole\/files\/2022\/05\/bloggemamma.jpg 502w, https:\/\/reklameskolen.devz.no\/ungdomsskole\/files\/2022\/05\/bloggemamma-217x300.jpg 217w, https:\/\/reklameskolen.devz.no\/ungdomsskole\/files\/2022\/05\/bloggemamma-150x208.jpg 150w\" sizes=\"auto, (max-width: 502px) 100vw, 502px\" \/><figcaption class=\"wp-element-caption\">Eksempel p\u00e5 et av konkurranseinnleggene til Bloggemammaen<\/figcaption><\/figure>\n<\/div>\n<\/div>\n\n\n\n<div class=\"wp-block-columns is-layout-flex wp-container-core-columns-is-layout-28f84493 wp-block-columns-is-layout-flex\">\n<div class=\"wp-block-column is-layout-flow wp-block-column-is-layout-flow\">\n<div class=\"wp-block-buttons is-layout-flex wp-block-buttons-is-layout-flex\"><\/div>\n<\/div>\n\n\n\n<div class=\"wp-block-column is-layout-flow wp-block-column-is-layout-flow\"><\/div>\n<\/div>\n\n\n\n<div style=\"height:100px\" aria-hidden=\"true\" class=\"wp-block-spacer\"><\/div>\n\n\n\n<div class=\"wp-block-group alignfull has-palette-color-4-background-color has-background is-layout-flow wp-block-group-is-layout-flow\">\n<div class=\"wp-block-columns is-layout-flex wp-container-core-columns-is-layout-28f84493 wp-block-columns-is-layout-flex\">\n<div class=\"wp-block-column is-layout-flow wp-block-column-is-layout-flow\">\n<div class=\"wp-block-buttons is-layout-flex wp-block-buttons-is-layout-flex\">\n<div class=\"wp-block-button\"><a class=\"wp-block-button__link wp-element-button\" href=\"https:\/\/reklameskolen.devz.no\/ungdomsskole\/reklamen-og-oss\/hvordan-virker-reklame\/konkurranser\/\">Tilbake til &laquo;Konkurranser&raquo;<\/a><\/div>\n<\/div>\n<\/div>\n\n\n\n<div class=\"wp-block-column is-layout-flow wp-block-column-is-layout-flow\">\n<div class=\"wp-block-buttons is-horizontal is-content-justification-right is-layout-flex wp-container-core-buttons-is-layout-30af2ff6 wp-block-buttons-is-layout-flex\"><\/div>\n<\/div>\n<\/div>\n<\/div>\n\n\n\n<p><\/p>\n","protected":false},"excerpt":{"rendered":"<p>Bloggemammaens fiktive konkurranser I 2018 publiserte en kjent bloggemamma syv konkurranser p\u00e5 seks dager som gikk ut p\u00e5 \u00e5 \u00ablike\u00bb siden hennes. Kort tid senere ble det avholdt to nye konkurranser der en kunne vinne premier om en \u00ablikte siden\u00bb og kommenterte \u00abja\u00bb p\u00e5 innlegget. Trekningen skulle finne sted etter kort tid. Begge innleggene ble [&hellip;]<\/p>\n","protected":false},"author":6,"featured_media":0,"parent":166,"menu_order":0,"comment_status":"closed","ping_status":"closed","template":"","meta":{"_acf_changed":false,"editor_notices":[],"footnotes":""},"class_list":["post-1319","page","type-page","status-publish","hentry"],"blocksy_meta":{"styles_descriptor":{"styles":{"desktop":"","tablet":"","mobile":""},"google_fonts":[],"version":6}},"acf":[],"yoast_head":"<!-- This site is optimized with the Yoast SEO plugin v25.9 - https:\/\/yoast.com\/wordpress\/plugins\/seo\/ -->\n<title>Fiktive Konkurranser - Ungdomsskole<\/title>\n<meta name=\"robots\" content=\"index, follow, max-snippet:-1, max-image-preview:large, max-video-preview:-1\" \/>\n<link rel=\"canonical\" href=\"https:\/\/reklameskolen.devz.no\/ungdomsskole\/reklamen-og-oss\/hvordan-virker-reklame\/konkurranser\/fiktive-konkurranser\/\" \/>\n<meta property=\"og:locale\" content=\"nb_NO\" \/>\n<meta property=\"og:type\" content=\"article\" \/>\n<meta property=\"og:title\" content=\"Fiktive Konkurranser - Ungdomsskole\" \/>\n<meta property=\"og:description\" content=\"Bloggemammaens fiktive konkurranser I 2018 publiserte en kjent bloggemamma syv konkurranser p\u00e5 seks dager som gikk ut p\u00e5 \u00e5 \u00ablike\u00bb siden hennes. Kort tid senere ble det avholdt to nye konkurranser der en kunne vinne premier om en \u00ablikte siden\u00bb og kommenterte \u00abja\u00bb p\u00e5 innlegget. Trekningen skulle finne sted etter kort tid. Begge innleggene ble [&hellip;]\" \/>\n<meta property=\"og:url\" content=\"https:\/\/reklameskolen.devz.no\/ungdomsskole\/reklamen-og-oss\/hvordan-virker-reklame\/konkurranser\/fiktive-konkurranser\/\" \/>\n<meta property=\"og:site_name\" content=\"Ungdomsskole\" \/>\n<meta property=\"article:modified_time\" content=\"2023-10-18T08:21:05+00:00\" \/>\n<meta property=\"og:image\" content=\"https:\/\/reklameskolen.devz.no\/wp-content\/uploads\/sites\/7\/2022\/05\/bloggemamma.jpg\" \/>\n<meta name=\"twitter:card\" content=\"summary_large_image\" \/>\n<meta name=\"twitter:label1\" content=\"Ansl. lesetid\" \/>\n\t<meta name=\"twitter:data1\" content=\"1 minutt\" \/>\n<script type=\"application\/ld+json\" class=\"yoast-schema-graph\">{\"@context\":\"https:\/\/schema.org\",\"@graph\":[{\"@type\":\"WebPage\",\"@id\":\"https:\/\/reklameskolen.devz.no\/ungdomsskole\/reklamen-og-oss\/hvordan-virker-reklame\/konkurranser\/fiktive-konkurranser\/\",\"url\":\"https:\/\/reklameskolen.devz.no\/ungdomsskole\/reklamen-og-oss\/hvordan-virker-reklame\/konkurranser\/fiktive-konkurranser\/\",\"name\":\"Fiktive Konkurranser - Ungdomsskole\",\"isPartOf\":{\"@id\":\"https:\/\/reklameskolen.devz.no\/ungdomsskole\/#website\"},\"primaryImageOfPage\":{\"@id\":\"https:\/\/reklameskolen.devz.no\/ungdomsskole\/reklamen-og-oss\/hvordan-virker-reklame\/konkurranser\/fiktive-konkurranser\/#primaryimage\"},\"image\":{\"@id\":\"https:\/\/reklameskolen.devz.no\/ungdomsskole\/reklamen-og-oss\/hvordan-virker-reklame\/konkurranser\/fiktive-konkurranser\/#primaryimage\"},\"thumbnailUrl\":\"https:\/\/reklameskolen.devz.no\/wp-content\/uploads\/sites\/7\/2022\/05\/bloggemamma.jpg\",\"datePublished\":\"2022-02-22T11:57:13+00:00\",\"dateModified\":\"2023-10-18T08:21:05+00:00\",\"breadcrumb\":{\"@id\":\"https:\/\/reklameskolen.devz.no\/ungdomsskole\/reklamen-og-oss\/hvordan-virker-reklame\/konkurranser\/fiktive-konkurranser\/#breadcrumb\"},\"inLanguage\":\"nb-NO\",\"potentialAction\":[{\"@type\":\"ReadAction\",\"target\":[\"https:\/\/reklameskolen.devz.no\/ungdomsskole\/reklamen-og-oss\/hvordan-virker-reklame\/konkurranser\/fiktive-konkurranser\/\"]}]},{\"@type\":\"ImageObject\",\"inLanguage\":\"nb-NO\",\"@id\":\"https:\/\/reklameskolen.devz.no\/ungdomsskole\/reklamen-og-oss\/hvordan-virker-reklame\/konkurranser\/fiktive-konkurranser\/#primaryimage\",\"url\":\"https:\/\/reklameskolen.devz.no\/wp-content\/uploads\/sites\/7\/2022\/05\/bloggemamma.jpg\",\"contentUrl\":\"https:\/\/reklameskolen.devz.no\/wp-content\/uploads\/sites\/7\/2022\/05\/bloggemamma.jpg\"},{\"@type\":\"BreadcrumbList\",\"@id\":\"https:\/\/reklameskolen.devz.no\/ungdomsskole\/reklamen-og-oss\/hvordan-virker-reklame\/konkurranser\/fiktive-konkurranser\/#breadcrumb\",\"itemListElement\":[{\"@type\":\"ListItem\",\"position\":1,\"name\":\"Home\",\"item\":\"https:\/\/reklameskolen.devz.no\/ungdomsskole\/\"},{\"@type\":\"ListItem\",\"position\":2,\"name\":\"Reklamen og oss\",\"item\":\"https:\/\/reklameskolen.devz.no\/ungdomsskole\/reklamen-og-oss\/\"},{\"@type\":\"ListItem\",\"position\":3,\"name\":\"Hvordan virker reklame?\",\"item\":\"https:\/\/reklameskolen.devz.no\/ungdomsskole\/reklamen-og-oss\/hvordan-virker-reklame\/\"},{\"@type\":\"ListItem\",\"position\":4,\"name\":\"Konkurranser\",\"item\":\"https:\/\/reklameskolen.devz.no\/ungdomsskole\/reklamen-og-oss\/hvordan-virker-reklame\/konkurranser\/\"},{\"@type\":\"ListItem\",\"position\":5,\"name\":\"Fiktive Konkurranser\"}]},{\"@type\":\"WebSite\",\"@id\":\"https:\/\/reklameskolen.devz.no\/ungdomsskole\/#website\",\"url\":\"https:\/\/reklameskolen.devz.no\/ungdomsskole\/\",\"name\":\"Ungdomsskole\",\"description\":\"Oppl\u00e6ringsverkt\u00f8y om reklame\",\"publisher\":{\"@id\":\"https:\/\/reklameskolen.devz.no\/ungdomsskole\/#organization\"},\"potentialAction\":[{\"@type\":\"SearchAction\",\"target\":{\"@type\":\"EntryPoint\",\"urlTemplate\":\"https:\/\/reklameskolen.devz.no\/ungdomsskole\/?s={search_term_string}\"},\"query-input\":{\"@type\":\"PropertyValueSpecification\",\"valueRequired\":true,\"valueName\":\"search_term_string\"}}],\"inLanguage\":\"nb-NO\"},{\"@type\":\"Organization\",\"@id\":\"https:\/\/reklameskolen.devz.no\/ungdomsskole\/#organization\",\"name\":\"Ungdomsskole\",\"url\":\"https:\/\/reklameskolen.devz.no\/ungdomsskole\/\",\"logo\":{\"@type\":\"ImageObject\",\"inLanguage\":\"nb-NO\",\"@id\":\"https:\/\/reklameskolen.devz.no\/ungdomsskole\/#\/schema\/logo\/image\/\",\"url\":\"https:\/\/reklameskolen.devz.no\/wp-content\/uploads\/2023\/08\/Reklameskolen-Logo-01.png\",\"contentUrl\":\"https:\/\/reklameskolen.devz.no\/wp-content\/uploads\/2023\/08\/Reklameskolen-Logo-01.png\",\"caption\":\"Ungdomsskole\"},\"image\":{\"@id\":\"https:\/\/reklameskolen.devz.no\/ungdomsskole\/#\/schema\/logo\/image\/\"}}]}<\/script>\n<!-- \/ Yoast SEO plugin. -->","yoast_head_json":{"title":"Fiktive Konkurranser - Ungdomsskole","robots":{"index":"index","follow":"follow","max-snippet":"max-snippet:-1","max-image-preview":"max-image-preview:large","max-video-preview":"max-video-preview:-1"},"canonical":"https:\/\/reklameskolen.devz.no\/ungdomsskole\/reklamen-og-oss\/hvordan-virker-reklame\/konkurranser\/fiktive-konkurranser\/","og_locale":"nb_NO","og_type":"article","og_title":"Fiktive Konkurranser - Ungdomsskole","og_description":"Bloggemammaens fiktive konkurranser I 2018 publiserte en kjent bloggemamma syv konkurranser p\u00e5 seks dager som gikk ut p\u00e5 \u00e5 \u00ablike\u00bb siden hennes. Kort tid senere ble det avholdt to nye konkurranser der en kunne vinne premier om en \u00ablikte siden\u00bb og kommenterte \u00abja\u00bb p\u00e5 innlegget. Trekningen skulle finne sted etter kort tid. Begge innleggene ble [&hellip;]","og_url":"https:\/\/reklameskolen.devz.no\/ungdomsskole\/reklamen-og-oss\/hvordan-virker-reklame\/konkurranser\/fiktive-konkurranser\/","og_site_name":"Ungdomsskole","article_modified_time":"2023-10-18T08:21:05+00:00","og_image":[{"url":"https:\/\/reklameskolen.devz.no\/wp-content\/uploads\/sites\/7\/2022\/05\/bloggemamma.jpg","type":"","width":"","height":""}],"twitter_card":"summary_large_image","twitter_misc":{"Ansl. lesetid":"1 minutt"},"schema":{"@context":"https:\/\/schema.org","@graph":[{"@type":"WebPage","@id":"https:\/\/reklameskolen.devz.no\/ungdomsskole\/reklamen-og-oss\/hvordan-virker-reklame\/konkurranser\/fiktive-konkurranser\/","url":"https:\/\/reklameskolen.devz.no\/ungdomsskole\/reklamen-og-oss\/hvordan-virker-reklame\/konkurranser\/fiktive-konkurranser\/","name":"Fiktive Konkurranser - Ungdomsskole","isPartOf":{"@id":"https:\/\/reklameskolen.devz.no\/ungdomsskole\/#website"},"primaryImageOfPage":{"@id":"https:\/\/reklameskolen.devz.no\/ungdomsskole\/reklamen-og-oss\/hvordan-virker-reklame\/konkurranser\/fiktive-konkurranser\/#primaryimage"},"image":{"@id":"https:\/\/reklameskolen.devz.no\/ungdomsskole\/reklamen-og-oss\/hvordan-virker-reklame\/konkurranser\/fiktive-konkurranser\/#primaryimage"},"thumbnailUrl":"https:\/\/reklameskolen.devz.no\/wp-content\/uploads\/sites\/7\/2022\/05\/bloggemamma.jpg","datePublished":"2022-02-22T11:57:13+00:00","dateModified":"2023-10-18T08:21:05+00:00","breadcrumb":{"@id":"https:\/\/reklameskolen.devz.no\/ungdomsskole\/reklamen-og-oss\/hvordan-virker-reklame\/konkurranser\/fiktive-konkurranser\/#breadcrumb"},"inLanguage":"nb-NO","potentialAction":[{"@type":"ReadAction","target":["https:\/\/reklameskolen.devz.no\/ungdomsskole\/reklamen-og-oss\/hvordan-virker-reklame\/konkurranser\/fiktive-konkurranser\/"]}]},{"@type":"ImageObject","inLanguage":"nb-NO","@id":"https:\/\/reklameskolen.devz.no\/ungdomsskole\/reklamen-og-oss\/hvordan-virker-reklame\/konkurranser\/fiktive-konkurranser\/#primaryimage","url":"https:\/\/reklameskolen.devz.no\/wp-content\/uploads\/sites\/7\/2022\/05\/bloggemamma.jpg","contentUrl":"https:\/\/reklameskolen.devz.no\/wp-content\/uploads\/sites\/7\/2022\/05\/bloggemamma.jpg"},{"@type":"BreadcrumbList","@id":"https:\/\/reklameskolen.devz.no\/ungdomsskole\/reklamen-og-oss\/hvordan-virker-reklame\/konkurranser\/fiktive-konkurranser\/#breadcrumb","itemListElement":[{"@type":"ListItem","position":1,"name":"Home","item":"https:\/\/reklameskolen.devz.no\/ungdomsskole\/"},{"@type":"ListItem","position":2,"name":"Reklamen og oss","item":"https:\/\/reklameskolen.devz.no\/ungdomsskole\/reklamen-og-oss\/"},{"@type":"ListItem","position":3,"name":"Hvordan virker reklame?","item":"https:\/\/reklameskolen.devz.no\/ungdomsskole\/reklamen-og-oss\/hvordan-virker-reklame\/"},{"@type":"ListItem","position":4,"name":"Konkurranser","item":"https:\/\/reklameskolen.devz.no\/ungdomsskole\/reklamen-og-oss\/hvordan-virker-reklame\/konkurranser\/"},{"@type":"ListItem","position":5,"name":"Fiktive Konkurranser"}]},{"@type":"WebSite","@id":"https:\/\/reklameskolen.devz.no\/ungdomsskole\/#website","url":"https:\/\/reklameskolen.devz.no\/ungdomsskole\/","name":"Ungdomsskole","description":"Oppl\u00e6ringsverkt\u00f8y om reklame","publisher":{"@id":"https:\/\/reklameskolen.devz.no\/ungdomsskole\/#organization"},"potentialAction":[{"@type":"SearchAction","target":{"@type":"EntryPoint","urlTemplate":"https:\/\/reklameskolen.devz.no\/ungdomsskole\/?s={search_term_string}"},"query-input":{"@type":"PropertyValueSpecification","valueRequired":true,"valueName":"search_term_string"}}],"inLanguage":"nb-NO"},{"@type":"Organization","@id":"https:\/\/reklameskolen.devz.no\/ungdomsskole\/#organization","name":"Ungdomsskole","url":"https:\/\/reklameskolen.devz.no\/ungdomsskole\/","logo":{"@type":"ImageObject","inLanguage":"nb-NO","@id":"https:\/\/reklameskolen.devz.no\/ungdomsskole\/#\/schema\/logo\/image\/","url":"https:\/\/reklameskolen.devz.no\/wp-content\/uploads\/2023\/08\/Reklameskolen-Logo-01.png","contentUrl":"https:\/\/reklameskolen.devz.no\/wp-content\/uploads\/2023\/08\/Reklameskolen-Logo-01.png","caption":"Ungdomsskole"},"image":{"@id":"https:\/\/reklameskolen.devz.no\/ungdomsskole\/#\/schema\/logo\/image\/"}}]}},"_links":{"self":[{"href":"https:\/\/reklameskolen.devz.no\/ungdomsskole\/wp-json\/wp\/v2\/pages\/1319","targetHints":{"allow":["GET"]}}],"collection":[{"href":"https:\/\/reklameskolen.devz.no\/ungdomsskole\/wp-json\/wp\/v2\/pages"}],"about":[{"href":"https:\/\/reklameskolen.devz.no\/ungdomsskole\/wp-json\/wp\/v2\/types\/page"}],"author":[{"embeddable":true,"href":"https:\/\/reklameskolen.devz.no\/ungdomsskole\/wp-json\/wp\/v2\/users\/6"}],"replies":[{"embeddable":true,"href":"https:\/\/reklameskolen.devz.no\/ungdomsskole\/wp-json\/wp\/v2\/comments?post=1319"}],"version-history":[{"count":16,"href":"https:\/\/reklameskolen.devz.no\/ungdomsskole\/wp-json\/wp\/v2\/pages\/1319\/revisions"}],"predecessor-version":[{"id":3537,"href":"https:\/\/reklameskolen.devz.no\/ungdomsskole\/wp-json\/wp\/v2\/pages\/1319\/revisions\/3537"}],"up":[{"embeddable":true,"href":"https:\/\/reklameskolen.devz.no\/ungdomsskole\/wp-json\/wp\/v2\/pages\/166"}],"wp:attachment":[{"href":"https:\/\/reklameskolen.devz.no\/ungdomsskole\/wp-json\/wp\/v2\/media?parent=1319"}],"curies":[{"name":"wp","href":"https:\/\/api.w.org\/{rel}","templated":true}]}}