{"id":1349,"date":"2022-02-22T17:18:44","date_gmt":"2022-02-22T16:18:44","guid":{"rendered":"https:\/\/reklameskolen.devz.no\/?page_id=1349"},"modified":"2023-10-26T12:41:47","modified_gmt":"2023-10-26T10:41:47","slug":"donna-ionna-modellskolen","status":"publish","type":"page","link":"https:\/\/reklameskolen.devz.no\/ungdomsskole\/metoder-medier-og-miljo\/barn-og-unge-som-malgruppe\/barns-rettsvern-i-lovgivningen\/donna-ionna-modellskolen\/","title":{"rendered":"Donna &#8211; Ionna &#8211; Modellskolen"},"content":{"rendered":"\n<h2 class=\"wp-block-heading\" id=\"modellskolen-som-tok-direktekontakt\">Modellskolen som tok direktekontakt<\/h2>\n\n\n\n<div class=\"wp-block-columns is-layout-flex wp-container-core-columns-is-layout-28f84493 wp-block-columns-is-layout-flex\">\n<div class=\"wp-block-column is-layout-flow wp-block-column-is-layout-flow\" style=\"flex-basis:66.66%\">\n<p class=\"has-text-align-center has-palette-color-3-color has-text-color\"><em>Hei, kunne du tenke deg \u00e5 delta p\u00e5 modellkurs? En dag med meg og muligheten til \u00e5 bli oppdaget som modell\u2026<\/em><\/p>\n\n\n\n<p>Slik begynte meldingene sendt fra en modellagent til unge jenter p\u00e5 Instagram. Meldingene ble sendt gjennom Messenger, og var en invitasjon om \u00e5 delta p\u00e5 modellkurs. <\/p>\n\n\n\n<p class=\"has-text-align-center\"><em>Hei, hvis du blir med p\u00e5 en weekend med meg, kommer du til \u00e5 f\u00e5 en ny fremtid <\/em><em>? H\u00e5per du blir med!<\/em><\/p>\n\n\n\n<p>Var du jente i perioden fra 2016 til 2018 og aktiv p\u00e5 Instagram, kunne du oppleve \u00e5 f\u00e5 en direktemelding fra en modellagent med invitasjon om \u00e5 delta p\u00e5 modellkurs. Det kom gjerne frem at du var blitt spesielt lagt merke til, at du hadde det som skulle til, og at du hadde en mulig modellkarriere i fremtiden. Det var dessuten f\u00e5 plasser om du skulle n\u00f8le med \u00e5 si ja.<\/p>\n\n\n\n<p class=\"has-text-align-center\"><em>Er du usikker? Vel, Synd \u00e5 kaste bort utseendet \u2026<\/em><\/p>\n\n\n\n<p>Om du var under 18 \u00e5r var dette ingen hindring. Modellagenten kunne gjerne snakke med dine foreldre. At modellkurset kostet flere tusen kroner, alt fra 5&nbsp;500,- og opp til 25&nbsp;000,- kroner, ble naturligvis ikke nevnt.<\/p>\n\n\n\n<p>Flere av jentene som mottok disse meldingene f\u00f8lte seg naturligvis spesielle siden akkurat de ble kontaktet. Noen f\u00f8lte seg nesten tvunget til \u00e5 delta. Flere ble frar\u00e5det \u00e5 delta, eller valgte selv \u00e5 ikke delta p\u00e5 kurset.<\/p>\n\n\n\n<p><\/p>\n\n\n\n<p>Slike meldinger er naturligvis ikke lov. <\/p>\n\n\n\n<p>\u00c5 sende reklame i direktemeldinger blir regnet som en direkte kj\u00f8psoppfordring. Dette er forbudt hvis mottakeren ikke har sagt ja til \u00e5 f\u00e5 slike meldinger. Direkte kj\u00f8psoppfordringer til en som er under 18 \u00e5r, er uansett forbudt. <\/p>\n\n\n\n<p>Forbrukertilsynet (<a href=\"https:\/\/www.forbrukertilsynet.no\/lov-og-rett\/vedtak\/fov-2018-1870-donna-ioanna-milano\" target=\"_blank\" rel=\"noreferrer noopener\">2018-1870<\/a>) fattet vedtak om at annons\u00f8ren i dette tilfellet m\u00e5tte betale 150 000,- i bot.<\/p>\n<\/div>\n\n\n\n<div class=\"wp-block-column is-layout-flow wp-block-column-is-layout-flow\" style=\"flex-basis:33.33%\">\n<figure class=\"wp-block-image size-full\"><img loading=\"lazy\" decoding=\"async\" width=\"797\" height=\"535\" src=\"https:\/\/reklameskolen.devz.no\/wp-content\/uploads\/sites\/7\/2022\/02\/Modellagent-2-1.jpg\" alt=\"Illustrasjon som viser en sms med teksten &quot;Hei, Selma! Kunne du tenke deg \u00e5 delta p\u00e5 modellkurs? Vi holder kurs i Kristiansand 8. juli og i Oslo 15. juli. P\u00e5 kurset vil du f\u00e5 catwalktrening, to fotoshoots samt en dag med meg og muligheten til \u00e5 bli oppdaget som modell. Det er ingen krav til h\u00f8yde eller m\u00e5l. \u00d8nsker du mer info om pris og hva det inneb\u00e6rer?&quot;.\" class=\"wp-image-1439\" srcset=\"https:\/\/reklameskolen.devz.no\/ungdomsskole\/files\/2022\/02\/Modellagent-2-1.jpg 797w, https:\/\/reklameskolen.devz.no\/ungdomsskole\/files\/2022\/02\/Modellagent-2-1-300x201.jpg 300w, https:\/\/reklameskolen.devz.no\/ungdomsskole\/files\/2022\/02\/Modellagent-2-1-768x516.jpg 768w, https:\/\/reklameskolen.devz.no\/ungdomsskole\/files\/2022\/02\/Modellagent-2-1-150x101.jpg 150w\" sizes=\"auto, (max-width: 797px) 100vw, 797px\" \/><\/figure>\n\n\n\n<figure class=\"wp-block-image size-full\"><img loading=\"lazy\" decoding=\"async\" width=\"875\" height=\"370\" src=\"https:\/\/reklameskolen.devz.no\/wp-content\/uploads\/sites\/7\/2022\/02\/Modellagent-3.jpg\" alt=\"Illustrasjon som viser en sms-korrespondanse med teksten \n&quot;Jeg bare lurte p\u00e5 en ting? Hvorfor spurte du akkurat meg?&quot;\n&quot;Kom over instagrammen din&quot;\" class=\"wp-image-1442\" srcset=\"https:\/\/reklameskolen.devz.no\/ungdomsskole\/files\/2022\/02\/Modellagent-3.jpg 875w, https:\/\/reklameskolen.devz.no\/ungdomsskole\/files\/2022\/02\/Modellagent-3-300x127.jpg 300w, https:\/\/reklameskolen.devz.no\/ungdomsskole\/files\/2022\/02\/Modellagent-3-768x325.jpg 768w, https:\/\/reklameskolen.devz.no\/ungdomsskole\/files\/2022\/02\/Modellagent-3-150x63.jpg 150w\" sizes=\"auto, (max-width: 875px) 100vw, 875px\" \/><\/figure>\n\n\n\n<figure class=\"wp-block-image size-full\"><img loading=\"lazy\" decoding=\"async\" width=\"775\" height=\"484\" src=\"https:\/\/reklameskolen.devz.no\/wp-content\/uploads\/sites\/7\/2022\/02\/Modellagent-4.jpg\" alt=\"Illustrasjon som viser en sms-korrespondanse med teksten \n&quot;Jeg mener ikke \u00e5 v\u00e6re frekk, men sp\u00f8r du personen som kan ha en mulighet til \u00e5 bli modell eller sender du mld til randome?\n\n&quot;Sender melding til de jeg kommer over p\u00e5 instagram, som jeg ser noe i&quot;\" class=\"wp-image-1445\" srcset=\"https:\/\/reklameskolen.devz.no\/ungdomsskole\/files\/2022\/02\/Modellagent-4.jpg 775w, https:\/\/reklameskolen.devz.no\/ungdomsskole\/files\/2022\/02\/Modellagent-4-300x187.jpg 300w, https:\/\/reklameskolen.devz.no\/ungdomsskole\/files\/2022\/02\/Modellagent-4-768x480.jpg 768w, https:\/\/reklameskolen.devz.no\/ungdomsskole\/files\/2022\/02\/Modellagent-4-150x94.jpg 150w\" sizes=\"auto, (max-width: 775px) 100vw, 775px\" \/><\/figure>\n<\/div>\n<\/div>\n\n\n\n<div style=\"height:100px\" aria-hidden=\"true\" class=\"wp-block-spacer\"><\/div>\n\n\n\n<div class=\"wp-block-group alignfull has-palette-color-4-background-color has-background is-layout-flow wp-block-group-is-layout-flow\">\n<div class=\"wp-block-columns is-layout-flex wp-container-core-columns-is-layout-28f84493 wp-block-columns-is-layout-flex\">\n<div class=\"wp-block-column is-layout-flow wp-block-column-is-layout-flow\">\n<div class=\"wp-block-buttons is-layout-flex wp-block-buttons-is-layout-flex\">\n<div class=\"wp-block-button\"><a class=\"wp-block-button__link wp-element-button\" href=\"https:\/\/reklameskolen.devz.no\/ungdomsskole\/metoder-medier-og-miljo\/barn-og-unge-som-malgruppe\/barns-rettsvern-i-lovgivningen\/\">Tilbake til &laquo;Barns rettsvern i lovgivningen&raquo;<\/a><\/div>\n<\/div>\n<\/div>\n\n\n\n<div class=\"wp-block-column is-layout-flow wp-block-column-is-layout-flow\">\n<div class=\"wp-block-buttons is-horizontal is-content-justification-right is-layout-flex wp-container-core-buttons-is-layout-30af2ff6 wp-block-buttons-is-layout-flex\"><\/div>\n<\/div>\n<\/div>\n<\/div>\n","protected":false},"excerpt":{"rendered":"<p>Modellskolen som tok direktekontakt Hei, kunne du tenke deg \u00e5 delta p\u00e5 modellkurs? En dag med meg og muligheten til \u00e5 bli oppdaget som modell\u2026 Slik begynte meldingene sendt fra en modellagent til unge jenter p\u00e5 Instagram. Meldingene ble sendt gjennom Messenger, og var en invitasjon om \u00e5 delta p\u00e5 modellkurs. Hei, hvis du blir [&hellip;]<\/p>\n","protected":false},"author":6,"featured_media":0,"parent":1341,"menu_order":0,"comment_status":"closed","ping_status":"closed","template":"","meta":{"_acf_changed":false,"editor_notices":[],"footnotes":""},"class_list":["post-1349","page","type-page","status-publish","hentry"],"blocksy_meta":{"styles_descriptor":{"styles":{"desktop":"","tablet":"","mobile":""},"google_fonts":[],"version":6}},"acf":[],"yoast_head":"<!-- This site is optimized with the Yoast SEO plugin v25.9 - https:\/\/yoast.com\/wordpress\/plugins\/seo\/ -->\n<title>Donna - Ionna - Modellskolen - Ungdomsskole<\/title>\n<meta name=\"robots\" content=\"index, follow, max-snippet:-1, max-image-preview:large, max-video-preview:-1\" \/>\n<link rel=\"canonical\" href=\"https:\/\/reklameskolen.devz.no\/ungdomsskole\/metoder-medier-og-miljo\/barn-og-unge-som-malgruppe\/barns-rettsvern-i-lovgivningen\/donna-ionna-modellskolen\/\" \/>\n<meta property=\"og:locale\" content=\"nb_NO\" \/>\n<meta property=\"og:type\" content=\"article\" \/>\n<meta property=\"og:title\" content=\"Donna - Ionna - Modellskolen - Ungdomsskole\" \/>\n<meta property=\"og:description\" content=\"Modellskolen som tok direktekontakt Hei, kunne du tenke deg \u00e5 delta p\u00e5 modellkurs? En dag med meg og muligheten til \u00e5 bli oppdaget som modell\u2026 Slik begynte meldingene sendt fra en modellagent til unge jenter p\u00e5 Instagram. Meldingene ble sendt gjennom Messenger, og var en invitasjon om \u00e5 delta p\u00e5 modellkurs. Hei, hvis du blir [&hellip;]\" \/>\n<meta property=\"og:url\" content=\"https:\/\/reklameskolen.devz.no\/ungdomsskole\/metoder-medier-og-miljo\/barn-og-unge-som-malgruppe\/barns-rettsvern-i-lovgivningen\/donna-ionna-modellskolen\/\" \/>\n<meta property=\"og:site_name\" content=\"Ungdomsskole\" \/>\n<meta property=\"article:modified_time\" content=\"2023-10-26T10:41:47+00:00\" \/>\n<meta property=\"og:image\" content=\"https:\/\/reklameskolen.devz.no\/wp-content\/uploads\/sites\/7\/2022\/02\/Modellagent-2-1.jpg\" \/>\n<meta name=\"twitter:card\" content=\"summary_large_image\" \/>\n<meta name=\"twitter:label1\" content=\"Ansl. lesetid\" \/>\n\t<meta name=\"twitter:data1\" content=\"1 minutt\" \/>\n<script type=\"application\/ld+json\" class=\"yoast-schema-graph\">{\"@context\":\"https:\/\/schema.org\",\"@graph\":[{\"@type\":\"WebPage\",\"@id\":\"https:\/\/reklameskolen.devz.no\/ungdomsskole\/metoder-medier-og-miljo\/barn-og-unge-som-malgruppe\/barns-rettsvern-i-lovgivningen\/donna-ionna-modellskolen\/\",\"url\":\"https:\/\/reklameskolen.devz.no\/ungdomsskole\/metoder-medier-og-miljo\/barn-og-unge-som-malgruppe\/barns-rettsvern-i-lovgivningen\/donna-ionna-modellskolen\/\",\"name\":\"Donna - Ionna - Modellskolen - Ungdomsskole\",\"isPartOf\":{\"@id\":\"https:\/\/reklameskolen.devz.no\/ungdomsskole\/#website\"},\"primaryImageOfPage\":{\"@id\":\"https:\/\/reklameskolen.devz.no\/ungdomsskole\/metoder-medier-og-miljo\/barn-og-unge-som-malgruppe\/barns-rettsvern-i-lovgivningen\/donna-ionna-modellskolen\/#primaryimage\"},\"image\":{\"@id\":\"https:\/\/reklameskolen.devz.no\/ungdomsskole\/metoder-medier-og-miljo\/barn-og-unge-som-malgruppe\/barns-rettsvern-i-lovgivningen\/donna-ionna-modellskolen\/#primaryimage\"},\"thumbnailUrl\":\"https:\/\/reklameskolen.devz.no\/wp-content\/uploads\/sites\/7\/2022\/02\/Modellagent-2-1.jpg\",\"datePublished\":\"2022-02-22T16:18:44+00:00\",\"dateModified\":\"2023-10-26T10:41:47+00:00\",\"breadcrumb\":{\"@id\":\"https:\/\/reklameskolen.devz.no\/ungdomsskole\/metoder-medier-og-miljo\/barn-og-unge-som-malgruppe\/barns-rettsvern-i-lovgivningen\/donna-ionna-modellskolen\/#breadcrumb\"},\"inLanguage\":\"nb-NO\",\"potentialAction\":[{\"@type\":\"ReadAction\",\"target\":[\"https:\/\/reklameskolen.devz.no\/ungdomsskole\/metoder-medier-og-miljo\/barn-og-unge-som-malgruppe\/barns-rettsvern-i-lovgivningen\/donna-ionna-modellskolen\/\"]}]},{\"@type\":\"ImageObject\",\"inLanguage\":\"nb-NO\",\"@id\":\"https:\/\/reklameskolen.devz.no\/ungdomsskole\/metoder-medier-og-miljo\/barn-og-unge-som-malgruppe\/barns-rettsvern-i-lovgivningen\/donna-ionna-modellskolen\/#primaryimage\",\"url\":\"https:\/\/reklameskolen.devz.no\/wp-content\/uploads\/sites\/7\/2022\/02\/Modellagent-2-1.jpg\",\"contentUrl\":\"https:\/\/reklameskolen.devz.no\/wp-content\/uploads\/sites\/7\/2022\/02\/Modellagent-2-1.jpg\"},{\"@type\":\"BreadcrumbList\",\"@id\":\"https:\/\/reklameskolen.devz.no\/ungdomsskole\/metoder-medier-og-miljo\/barn-og-unge-som-malgruppe\/barns-rettsvern-i-lovgivningen\/donna-ionna-modellskolen\/#breadcrumb\",\"itemListElement\":[{\"@type\":\"ListItem\",\"position\":1,\"name\":\"Home\",\"item\":\"https:\/\/reklameskolen.devz.no\/ungdomsskole\/\"},{\"@type\":\"ListItem\",\"position\":2,\"name\":\"Metoder, medier og milj\u00f8\",\"item\":\"https:\/\/reklameskolen.devz.no\/ungdomsskole\/metoder-medier-og-miljo\/\"},{\"@type\":\"ListItem\",\"position\":3,\"name\":\"Barn og unge\",\"item\":\"https:\/\/reklameskolen.devz.no\/ungdomsskole\/metoder-medier-og-miljo\/barn-og-unge-som-malgruppe\/\"},{\"@type\":\"ListItem\",\"position\":4,\"name\":\"Beskyttet av loven\",\"item\":\"https:\/\/reklameskolen.devz.no\/ungdomsskole\/metoder-medier-og-miljo\/barn-og-unge-som-malgruppe\/barns-rettsvern-i-lovgivningen\/\"},{\"@type\":\"ListItem\",\"position\":5,\"name\":\"Donna &#8211; Ionna &#8211; Modellskolen\"}]},{\"@type\":\"WebSite\",\"@id\":\"https:\/\/reklameskolen.devz.no\/ungdomsskole\/#website\",\"url\":\"https:\/\/reklameskolen.devz.no\/ungdomsskole\/\",\"name\":\"Ungdomsskole\",\"description\":\"Oppl\u00e6ringsverkt\u00f8y om reklame\",\"publisher\":{\"@id\":\"https:\/\/reklameskolen.devz.no\/ungdomsskole\/#organization\"},\"potentialAction\":[{\"@type\":\"SearchAction\",\"target\":{\"@type\":\"EntryPoint\",\"urlTemplate\":\"https:\/\/reklameskolen.devz.no\/ungdomsskole\/?s={search_term_string}\"},\"query-input\":{\"@type\":\"PropertyValueSpecification\",\"valueRequired\":true,\"valueName\":\"search_term_string\"}}],\"inLanguage\":\"nb-NO\"},{\"@type\":\"Organization\",\"@id\":\"https:\/\/reklameskolen.devz.no\/ungdomsskole\/#organization\",\"name\":\"Ungdomsskole\",\"url\":\"https:\/\/reklameskolen.devz.no\/ungdomsskole\/\",\"logo\":{\"@type\":\"ImageObject\",\"inLanguage\":\"nb-NO\",\"@id\":\"https:\/\/reklameskolen.devz.no\/ungdomsskole\/#\/schema\/logo\/image\/\",\"url\":\"https:\/\/reklameskolen.devz.no\/wp-content\/uploads\/2023\/08\/Reklameskolen-Logo-01.png\",\"contentUrl\":\"https:\/\/reklameskolen.devz.no\/wp-content\/uploads\/2023\/08\/Reklameskolen-Logo-01.png\",\"caption\":\"Ungdomsskole\"},\"image\":{\"@id\":\"https:\/\/reklameskolen.devz.no\/ungdomsskole\/#\/schema\/logo\/image\/\"}}]}<\/script>\n<!-- \/ Yoast SEO plugin. -->","yoast_head_json":{"title":"Donna - Ionna - Modellskolen - Ungdomsskole","robots":{"index":"index","follow":"follow","max-snippet":"max-snippet:-1","max-image-preview":"max-image-preview:large","max-video-preview":"max-video-preview:-1"},"canonical":"https:\/\/reklameskolen.devz.no\/ungdomsskole\/metoder-medier-og-miljo\/barn-og-unge-som-malgruppe\/barns-rettsvern-i-lovgivningen\/donna-ionna-modellskolen\/","og_locale":"nb_NO","og_type":"article","og_title":"Donna - Ionna - Modellskolen - Ungdomsskole","og_description":"Modellskolen som tok direktekontakt Hei, kunne du tenke deg \u00e5 delta p\u00e5 modellkurs? En dag med meg og muligheten til \u00e5 bli oppdaget som modell\u2026 Slik begynte meldingene sendt fra en modellagent til unge jenter p\u00e5 Instagram. Meldingene ble sendt gjennom Messenger, og var en invitasjon om \u00e5 delta p\u00e5 modellkurs. Hei, hvis du blir [&hellip;]","og_url":"https:\/\/reklameskolen.devz.no\/ungdomsskole\/metoder-medier-og-miljo\/barn-og-unge-som-malgruppe\/barns-rettsvern-i-lovgivningen\/donna-ionna-modellskolen\/","og_site_name":"Ungdomsskole","article_modified_time":"2023-10-26T10:41:47+00:00","og_image":[{"url":"https:\/\/reklameskolen.devz.no\/wp-content\/uploads\/sites\/7\/2022\/02\/Modellagent-2-1.jpg","type":"","width":"","height":""}],"twitter_card":"summary_large_image","twitter_misc":{"Ansl. lesetid":"1 minutt"},"schema":{"@context":"https:\/\/schema.org","@graph":[{"@type":"WebPage","@id":"https:\/\/reklameskolen.devz.no\/ungdomsskole\/metoder-medier-og-miljo\/barn-og-unge-som-malgruppe\/barns-rettsvern-i-lovgivningen\/donna-ionna-modellskolen\/","url":"https:\/\/reklameskolen.devz.no\/ungdomsskole\/metoder-medier-og-miljo\/barn-og-unge-som-malgruppe\/barns-rettsvern-i-lovgivningen\/donna-ionna-modellskolen\/","name":"Donna - Ionna - Modellskolen - Ungdomsskole","isPartOf":{"@id":"https:\/\/reklameskolen.devz.no\/ungdomsskole\/#website"},"primaryImageOfPage":{"@id":"https:\/\/reklameskolen.devz.no\/ungdomsskole\/metoder-medier-og-miljo\/barn-og-unge-som-malgruppe\/barns-rettsvern-i-lovgivningen\/donna-ionna-modellskolen\/#primaryimage"},"image":{"@id":"https:\/\/reklameskolen.devz.no\/ungdomsskole\/metoder-medier-og-miljo\/barn-og-unge-som-malgruppe\/barns-rettsvern-i-lovgivningen\/donna-ionna-modellskolen\/#primaryimage"},"thumbnailUrl":"https:\/\/reklameskolen.devz.no\/wp-content\/uploads\/sites\/7\/2022\/02\/Modellagent-2-1.jpg","datePublished":"2022-02-22T16:18:44+00:00","dateModified":"2023-10-26T10:41:47+00:00","breadcrumb":{"@id":"https:\/\/reklameskolen.devz.no\/ungdomsskole\/metoder-medier-og-miljo\/barn-og-unge-som-malgruppe\/barns-rettsvern-i-lovgivningen\/donna-ionna-modellskolen\/#breadcrumb"},"inLanguage":"nb-NO","potentialAction":[{"@type":"ReadAction","target":["https:\/\/reklameskolen.devz.no\/ungdomsskole\/metoder-medier-og-miljo\/barn-og-unge-som-malgruppe\/barns-rettsvern-i-lovgivningen\/donna-ionna-modellskolen\/"]}]},{"@type":"ImageObject","inLanguage":"nb-NO","@id":"https:\/\/reklameskolen.devz.no\/ungdomsskole\/metoder-medier-og-miljo\/barn-og-unge-som-malgruppe\/barns-rettsvern-i-lovgivningen\/donna-ionna-modellskolen\/#primaryimage","url":"https:\/\/reklameskolen.devz.no\/wp-content\/uploads\/sites\/7\/2022\/02\/Modellagent-2-1.jpg","contentUrl":"https:\/\/reklameskolen.devz.no\/wp-content\/uploads\/sites\/7\/2022\/02\/Modellagent-2-1.jpg"},{"@type":"BreadcrumbList","@id":"https:\/\/reklameskolen.devz.no\/ungdomsskole\/metoder-medier-og-miljo\/barn-og-unge-som-malgruppe\/barns-rettsvern-i-lovgivningen\/donna-ionna-modellskolen\/#breadcrumb","itemListElement":[{"@type":"ListItem","position":1,"name":"Home","item":"https:\/\/reklameskolen.devz.no\/ungdomsskole\/"},{"@type":"ListItem","position":2,"name":"Metoder, medier og milj\u00f8","item":"https:\/\/reklameskolen.devz.no\/ungdomsskole\/metoder-medier-og-miljo\/"},{"@type":"ListItem","position":3,"name":"Barn og unge","item":"https:\/\/reklameskolen.devz.no\/ungdomsskole\/metoder-medier-og-miljo\/barn-og-unge-som-malgruppe\/"},{"@type":"ListItem","position":4,"name":"Beskyttet av loven","item":"https:\/\/reklameskolen.devz.no\/ungdomsskole\/metoder-medier-og-miljo\/barn-og-unge-som-malgruppe\/barns-rettsvern-i-lovgivningen\/"},{"@type":"ListItem","position":5,"name":"Donna &#8211; Ionna &#8211; Modellskolen"}]},{"@type":"WebSite","@id":"https:\/\/reklameskolen.devz.no\/ungdomsskole\/#website","url":"https:\/\/reklameskolen.devz.no\/ungdomsskole\/","name":"Ungdomsskole","description":"Oppl\u00e6ringsverkt\u00f8y om reklame","publisher":{"@id":"https:\/\/reklameskolen.devz.no\/ungdomsskole\/#organization"},"potentialAction":[{"@type":"SearchAction","target":{"@type":"EntryPoint","urlTemplate":"https:\/\/reklameskolen.devz.no\/ungdomsskole\/?s={search_term_string}"},"query-input":{"@type":"PropertyValueSpecification","valueRequired":true,"valueName":"search_term_string"}}],"inLanguage":"nb-NO"},{"@type":"Organization","@id":"https:\/\/reklameskolen.devz.no\/ungdomsskole\/#organization","name":"Ungdomsskole","url":"https:\/\/reklameskolen.devz.no\/ungdomsskole\/","logo":{"@type":"ImageObject","inLanguage":"nb-NO","@id":"https:\/\/reklameskolen.devz.no\/ungdomsskole\/#\/schema\/logo\/image\/","url":"https:\/\/reklameskolen.devz.no\/wp-content\/uploads\/2023\/08\/Reklameskolen-Logo-01.png","contentUrl":"https:\/\/reklameskolen.devz.no\/wp-content\/uploads\/2023\/08\/Reklameskolen-Logo-01.png","caption":"Ungdomsskole"},"image":{"@id":"https:\/\/reklameskolen.devz.no\/ungdomsskole\/#\/schema\/logo\/image\/"}}]}},"_links":{"self":[{"href":"https:\/\/reklameskolen.devz.no\/ungdomsskole\/wp-json\/wp\/v2\/pages\/1349","targetHints":{"allow":["GET"]}}],"collection":[{"href":"https:\/\/reklameskolen.devz.no\/ungdomsskole\/wp-json\/wp\/v2\/pages"}],"about":[{"href":"https:\/\/reklameskolen.devz.no\/ungdomsskole\/wp-json\/wp\/v2\/types\/page"}],"author":[{"embeddable":true,"href":"https:\/\/reklameskolen.devz.no\/ungdomsskole\/wp-json\/wp\/v2\/users\/6"}],"replies":[{"embeddable":true,"href":"https:\/\/reklameskolen.devz.no\/ungdomsskole\/wp-json\/wp\/v2\/comments?post=1349"}],"version-history":[{"count":23,"href":"https:\/\/reklameskolen.devz.no\/ungdomsskole\/wp-json\/wp\/v2\/pages\/1349\/revisions"}],"predecessor-version":[{"id":3617,"href":"https:\/\/reklameskolen.devz.no\/ungdomsskole\/wp-json\/wp\/v2\/pages\/1349\/revisions\/3617"}],"up":[{"embeddable":true,"href":"https:\/\/reklameskolen.devz.no\/ungdomsskole\/wp-json\/wp\/v2\/pages\/1341"}],"wp:attachment":[{"href":"https:\/\/reklameskolen.devz.no\/ungdomsskole\/wp-json\/wp\/v2\/media?parent=1349"}],"curies":[{"name":"wp","href":"https:\/\/api.w.org\/{rel}","templated":true}]}}