{"id":157,"date":"2021-12-09T08:58:10","date_gmt":"2021-12-09T07:58:10","guid":{"rendered":"https:\/\/reklameskolen.devz.no\/?page_id=157"},"modified":"2024-10-02T14:31:16","modified_gmt":"2024-10-02T12:31:16","slug":"reklame-overalt-ogsa-i-skolen","status":"publish","type":"page","link":"https:\/\/reklameskolen.devz.no\/ungdomsskole\/reklamen-og-oss\/reklame-overalt-ogsa-i-skolen\/","title":{"rendered":"Reklame i skolen"},"content":{"rendered":"\n<div class=\"wp-block-columns is-layout-flex wp-container-core-columns-is-layout-07506dfd wp-block-columns-is-layout-flex\" style=\"margin-top:0;margin-bottom:0;padding-top:0;padding-right:0;padding-bottom:0;padding-left:0\">\n<div class=\"wp-block-column is-layout-flow wp-block-column-is-layout-flow\" style=\"flex-basis:60%\">\n<h1 class=\"wp-block-heading\">Reklame i skolen<\/h1>\n\n\n\n<p>P\u00e5 skolen skal det v\u00e6re s\u00e5 lite reklame som mulig. Her er det kunnskap og l\u00e6ring som skal st\u00e5 i fokus. Likevel er det av og til reklame i b\u00f8ker, hefter og apper. Eller det henger reklameplakater skolens omr\u00e5de. Er det egentlig lov?<\/p>\n\n\n\n<p>Det er ikke s\u00e5nn at all reklame p\u00e5 skolens omr\u00e5de er forbudt. Firmaene som leverer melk og frukt til skolen kan for eksempel merke kj\u00f8leskap og andre ting med logoene sine.\u202f\u202f&nbsp;<\/p>\n\n\n\n<h2 class=\"wp-block-heading\" id=\"kjopepress\">Kj\u00f8pepress<\/h2>\n\n\n\n<p>Skolen kan bestemme selv hvilken reklame de vil slippe til, men det finnes noen hovedregler som alle skoler m\u00e5 f\u00f8lge.\u202f&nbsp;For eksempel skal kommuner og fylkeskommuner beskytte elevene mot reklame som kan skape kj\u00f8pepress. <\/p>\n\n\n\n<h4 class=\"wp-block-heading\" id=\"eksempler-pa-reklame-som-kan-skape-kjopepress\">Eksempler p\u00e5 reklame som kan skape kj\u00f8pepress:<\/h4>\n\n\n<div class=\"h5p-iframe-wrapper\"><iframe id=\"h5p-iframe-42\" class=\"h5p-iframe\" data-content-id=\"42\" style=\"height:1px\" src=\"about:blank\" frameBorder=\"0\" scrolling=\"no\" title=\"Eksempler p\u00e5 reklame som kan skape kj\u00f8pepress:\"><\/iframe><\/div>\n\n\n\n<h2 class=\"wp-block-heading\" id=\"reklame-som-pavirker-holdninger-og-atferd\">Reklame som p\u00e5virker hva du tenker og gj\u00f8r<\/h2>\n\n\n\n<p>De som lager reklame bruker b\u00e5de bilder, spr\u00e5k og andre virkemidler for \u00e5 p\u00e5virke deg.&nbsp; P\u00e5 skolen b\u00f8r det ikke v\u00e6re reklame som i stor grad kan p\u00e5virke hva elvene tenker, f\u00f8ler og gj\u00f8r.<\/p>\n\n\n\n<h4 class=\"wp-block-heading\" id=\"det-gjelder-blant-annet\">Det gjelder blant annet:<\/h4>\n\n\n<div class=\"h5p-iframe-wrapper\"><iframe id=\"h5p-iframe-43\" class=\"h5p-iframe\" data-content-id=\"43\" style=\"height:1px\" src=\"about:blank\" frameBorder=\"0\" scrolling=\"no\" title=\"Reklame som p\u00e5virker holdninger\"><\/iframe><\/div>\n<\/div>\n\n\n\n<div class=\"wp-block-column is-layout-flow wp-block-column-is-layout-flow\" style=\"flex-basis:40%\">\n<div style=\"height:50px\" aria-hidden=\"true\" class=\"wp-block-spacer\"><\/div>\n\n\n\n<figure class=\"wp-block-image size-large\"><img decoding=\"async\" src=\"https:\/\/reklameskolen.devz.no\/wp-content\/uploads\/2023\/05\/iStock-1401436993-1024x576.jpg\" alt=\"Fotografi av et &quot;Skole&quot;-skilt i Oslo.\" class=\"wp-image-4001\"\/><figcaption class=\"wp-element-caption\">Foto: Oliver de la Haye<\/figcaption><\/figure>\n\n\n\n<div style=\"height:50px\" aria-hidden=\"true\" class=\"wp-block-spacer\"><\/div>\n\n\n\n<div class=\"wp-block-group is-style-questions is-layout-flow wp-block-group-is-layout-flow\">\n<h2 class=\"wp-block-heading\" id=\"refleksjonsoppgave\">Refleksjonsoppgave:<\/h2>\n\n\n\n<p>Tenk gjennom reklamen&nbsp;du m\u00f8ter gjennom skolehverdagen \u2013 gjennom b\u00f8ker, l\u00e6ringsmateriell som brosjyrer, hefter og digitale oppl\u00e6ringsverkt\u00f8y, aktiviteter og utflukter, i skoleg\u00e5rden osv. <\/p>\n\n\n\n<ul class=\"wp-block-list\">\n<li>Hvorfor tror du at disse bedriftene har f\u00e5tt lov til \u00e5 markedsf\u00f8re seg p\u00e5 skolen? <\/li>\n\n\n\n<li>Hvorfor har akkurat dette materiellet blitt tatt i bruk i skolehverdagen? <\/li>\n\n\n\n<li>Og hvordan tror du denne reklamen p\u00e5virker elevene?\u202f&nbsp;<\/li>\n<\/ul>\n<\/div>\n\n\n\n<div style=\"height:50px\" aria-hidden=\"true\" class=\"wp-block-spacer\"><\/div>\n\n\n\n<div class=\"wp-block-group is-style-fact-box is-layout-flow wp-block-group-is-layout-flow\">\n<h2 class=\"wp-block-heading\" id=\"ordliste\">Ordliste<\/h2>\n\n\n\n<ul class=\"wp-block-list\">\n<li><strong>M\u00e5lgruppe: <\/strong>Den gruppen et produkt eller et budskap er ment for.<\/li>\n\n\n\n<li><strong>Stereotypi:<\/strong> En forenklet forestilling om hvordan noe eller noen er. <\/li>\n<\/ul>\n<\/div>\n<\/div>\n<\/div>\n\n\n\n<div style=\"height:100px\" aria-hidden=\"true\" class=\"wp-block-spacer\"><\/div>\n\n\n\n<div class=\"wp-block-group is-style-questions is-layout-flow wp-block-group-is-layout-flow\">\n<h2 class=\"wp-block-heading\" id=\"hva-har-du-laert-om-reklame-i-skolen\">Er dette lov p\u00e5 skolen?<\/h2>\n\n\n\n<div style=\"height:100px\" aria-hidden=\"true\" class=\"wp-block-spacer\"><\/div>\n\n\n<div class=\"h5p-iframe-wrapper\"><iframe id=\"h5p-iframe-62\" class=\"h5p-iframe\" data-content-id=\"62\" style=\"height:1px\" src=\"about:blank\" frameBorder=\"0\" scrolling=\"no\" title=\"Hva er riktig om reklame p\u00e5 skolen?\"><\/iframe><\/div>\n<\/div>\n\n\n\n<div style=\"height:200px\" aria-hidden=\"true\" class=\"wp-block-spacer\"><\/div>\n\n\n\n<div class=\"wp-block-group alignfull is-style-pagination has-palette-color-4-background-color has-background is-layout-flow wp-block-group-is-layout-flow\">\n<div class=\"wp-block-columns is-layout-flex wp-container-core-columns-is-layout-28f84493 wp-block-columns-is-layout-flex\">\n<div class=\"wp-block-column is-layout-flow wp-block-column-is-layout-flow\">\n<div class=\"wp-block-buttons is-layout-flex wp-block-buttons-is-layout-flex\">\n<div class=\"wp-block-button\"><a class=\"wp-block-button__link wp-element-button\" href=\"https:\/\/reklameskolen.devz.no\/ungdomsskole\/reklamen-og-oss\/reklame-overalt\/\">Tilbake til &laquo;Reklame over alt!&raquo;<\/a><\/div>\n<\/div>\n<\/div>\n\n\n\n<div class=\"wp-block-column is-layout-flow wp-block-column-is-layout-flow\">\n<div class=\"wp-block-buttons is-horizontal is-content-justification-right is-layout-flex wp-container-core-buttons-is-layout-30af2ff6 wp-block-buttons-is-layout-flex\">\n<div class=\"wp-block-button\"><a class=\"wp-block-button__link wp-element-button\" href=\"https:\/\/reklameskolen.devz.no\/ungdomsskole\/reklamen-og-oss\/hvordan-virker-reklame\/\">Videre til &laquo;Hvordan virker reklame?&raquo;<\/a><\/div>\n<\/div>\n<\/div>\n<\/div>\n<\/div>\n\n\n\n<p><\/p>\n","protected":false},"excerpt":{"rendered":"<p>Reklame i skolen P\u00e5 skolen skal det v\u00e6re s\u00e5 lite reklame som mulig. Her er det kunnskap og l\u00e6ring som skal st\u00e5 i fokus. Likevel er det av og til reklame i b\u00f8ker, hefter og apper. Eller det henger reklameplakater skolens omr\u00e5de. Er det egentlig lov? Det er ikke s\u00e5nn at all reklame p\u00e5 skolens [&hellip;]<\/p>\n","protected":false},"author":8,"featured_media":0,"parent":107,"menu_order":4,"comment_status":"closed","ping_status":"closed","template":"","meta":{"_acf_changed":false,"editor_notices":[],"footnotes":""},"class_list":["post-157","page","type-page","status-publish","hentry"],"blocksy_meta":{"styles_descriptor":{"styles":{"desktop":"","tablet":"","mobile":""},"google_fonts":[],"version":6}},"acf":[],"yoast_head":"<!-- This site is optimized with the Yoast SEO plugin v25.9 - https:\/\/yoast.com\/wordpress\/plugins\/seo\/ -->\n<title>Reklame i skolen - Ungdomsskole<\/title>\n<meta name=\"robots\" content=\"index, follow, max-snippet:-1, max-image-preview:large, max-video-preview:-1\" \/>\n<link rel=\"canonical\" href=\"https:\/\/reklameskolen.devz.no\/ungdomsskole\/reklamen-og-oss\/reklame-overalt-ogsa-i-skolen\/\" \/>\n<meta property=\"og:locale\" content=\"nb_NO\" \/>\n<meta property=\"og:type\" content=\"article\" \/>\n<meta property=\"og:title\" content=\"Reklame i skolen - Ungdomsskole\" \/>\n<meta property=\"og:description\" content=\"Reklame i skolen P\u00e5 skolen skal det v\u00e6re s\u00e5 lite reklame som mulig. Her er det kunnskap og l\u00e6ring som skal st\u00e5 i fokus. Likevel er det av og til reklame i b\u00f8ker, hefter og apper. Eller det henger reklameplakater skolens omr\u00e5de. Er det egentlig lov? Det er ikke s\u00e5nn at all reklame p\u00e5 skolens [&hellip;]\" \/>\n<meta property=\"og:url\" content=\"https:\/\/reklameskolen.devz.no\/ungdomsskole\/reklamen-og-oss\/reklame-overalt-ogsa-i-skolen\/\" \/>\n<meta property=\"og:site_name\" content=\"Ungdomsskole\" \/>\n<meta property=\"article:modified_time\" content=\"2024-10-02T12:31:16+00:00\" \/>\n<meta property=\"og:image\" content=\"https:\/\/reklameskolen.devz.no\/wp-content\/uploads\/2023\/05\/iStock-1401436993-1024x576.jpg\" \/>\n<meta name=\"twitter:card\" content=\"summary_large_image\" \/>\n<meta name=\"twitter:label1\" content=\"Ansl. lesetid\" \/>\n\t<meta name=\"twitter:data1\" content=\"2 minutter\" \/>\n<script type=\"application\/ld+json\" class=\"yoast-schema-graph\">{\"@context\":\"https:\/\/schema.org\",\"@graph\":[{\"@type\":\"WebPage\",\"@id\":\"https:\/\/reklameskolen.devz.no\/ungdomsskole\/reklamen-og-oss\/reklame-overalt-ogsa-i-skolen\/\",\"url\":\"https:\/\/reklameskolen.devz.no\/ungdomsskole\/reklamen-og-oss\/reklame-overalt-ogsa-i-skolen\/\",\"name\":\"Reklame i skolen - Ungdomsskole\",\"isPartOf\":{\"@id\":\"https:\/\/reklameskolen.devz.no\/ungdomsskole\/#website\"},\"primaryImageOfPage\":{\"@id\":\"https:\/\/reklameskolen.devz.no\/ungdomsskole\/reklamen-og-oss\/reklame-overalt-ogsa-i-skolen\/#primaryimage\"},\"image\":{\"@id\":\"https:\/\/reklameskolen.devz.no\/ungdomsskole\/reklamen-og-oss\/reklame-overalt-ogsa-i-skolen\/#primaryimage\"},\"thumbnailUrl\":\"https:\/\/reklameskolen.devz.no\/wp-content\/uploads\/2023\/05\/iStock-1401436993-1024x576.jpg\",\"datePublished\":\"2021-12-09T07:58:10+00:00\",\"dateModified\":\"2024-10-02T12:31:16+00:00\",\"breadcrumb\":{\"@id\":\"https:\/\/reklameskolen.devz.no\/ungdomsskole\/reklamen-og-oss\/reklame-overalt-ogsa-i-skolen\/#breadcrumb\"},\"inLanguage\":\"nb-NO\",\"potentialAction\":[{\"@type\":\"ReadAction\",\"target\":[\"https:\/\/reklameskolen.devz.no\/ungdomsskole\/reklamen-og-oss\/reklame-overalt-ogsa-i-skolen\/\"]}]},{\"@type\":\"ImageObject\",\"inLanguage\":\"nb-NO\",\"@id\":\"https:\/\/reklameskolen.devz.no\/ungdomsskole\/reklamen-og-oss\/reklame-overalt-ogsa-i-skolen\/#primaryimage\",\"url\":\"https:\/\/reklameskolen.devz.no\/wp-content\/uploads\/2023\/05\/iStock-1401436993-1024x576.jpg\",\"contentUrl\":\"https:\/\/reklameskolen.devz.no\/wp-content\/uploads\/2023\/05\/iStock-1401436993-1024x576.jpg\"},{\"@type\":\"BreadcrumbList\",\"@id\":\"https:\/\/reklameskolen.devz.no\/ungdomsskole\/reklamen-og-oss\/reklame-overalt-ogsa-i-skolen\/#breadcrumb\",\"itemListElement\":[{\"@type\":\"ListItem\",\"position\":1,\"name\":\"Home\",\"item\":\"https:\/\/reklameskolen.devz.no\/ungdomsskole\/\"},{\"@type\":\"ListItem\",\"position\":2,\"name\":\"Reklamen og oss\",\"item\":\"https:\/\/reklameskolen.devz.no\/ungdomsskole\/reklamen-og-oss\/\"},{\"@type\":\"ListItem\",\"position\":3,\"name\":\"Reklame i skolen\"}]},{\"@type\":\"WebSite\",\"@id\":\"https:\/\/reklameskolen.devz.no\/ungdomsskole\/#website\",\"url\":\"https:\/\/reklameskolen.devz.no\/ungdomsskole\/\",\"name\":\"Ungdomsskole\",\"description\":\"Oppl\u00e6ringsverkt\u00f8y om reklame\",\"publisher\":{\"@id\":\"https:\/\/reklameskolen.devz.no\/ungdomsskole\/#organization\"},\"potentialAction\":[{\"@type\":\"SearchAction\",\"target\":{\"@type\":\"EntryPoint\",\"urlTemplate\":\"https:\/\/reklameskolen.devz.no\/ungdomsskole\/?s={search_term_string}\"},\"query-input\":{\"@type\":\"PropertyValueSpecification\",\"valueRequired\":true,\"valueName\":\"search_term_string\"}}],\"inLanguage\":\"nb-NO\"},{\"@type\":\"Organization\",\"@id\":\"https:\/\/reklameskolen.devz.no\/ungdomsskole\/#organization\",\"name\":\"Ungdomsskole\",\"url\":\"https:\/\/reklameskolen.devz.no\/ungdomsskole\/\",\"logo\":{\"@type\":\"ImageObject\",\"inLanguage\":\"nb-NO\",\"@id\":\"https:\/\/reklameskolen.devz.no\/ungdomsskole\/#\/schema\/logo\/image\/\",\"url\":\"https:\/\/reklameskolen.devz.no\/wp-content\/uploads\/2023\/08\/Reklameskolen-Logo-01.png\",\"contentUrl\":\"https:\/\/reklameskolen.devz.no\/wp-content\/uploads\/2023\/08\/Reklameskolen-Logo-01.png\",\"caption\":\"Ungdomsskole\"},\"image\":{\"@id\":\"https:\/\/reklameskolen.devz.no\/ungdomsskole\/#\/schema\/logo\/image\/\"}}]}<\/script>\n<!-- \/ Yoast SEO plugin. -->","yoast_head_json":{"title":"Reklame i skolen - Ungdomsskole","robots":{"index":"index","follow":"follow","max-snippet":"max-snippet:-1","max-image-preview":"max-image-preview:large","max-video-preview":"max-video-preview:-1"},"canonical":"https:\/\/reklameskolen.devz.no\/ungdomsskole\/reklamen-og-oss\/reklame-overalt-ogsa-i-skolen\/","og_locale":"nb_NO","og_type":"article","og_title":"Reklame i skolen - Ungdomsskole","og_description":"Reklame i skolen P\u00e5 skolen skal det v\u00e6re s\u00e5 lite reklame som mulig. Her er det kunnskap og l\u00e6ring som skal st\u00e5 i fokus. Likevel er det av og til reklame i b\u00f8ker, hefter og apper. Eller det henger reklameplakater skolens omr\u00e5de. Er det egentlig lov? Det er ikke s\u00e5nn at all reklame p\u00e5 skolens [&hellip;]","og_url":"https:\/\/reklameskolen.devz.no\/ungdomsskole\/reklamen-og-oss\/reklame-overalt-ogsa-i-skolen\/","og_site_name":"Ungdomsskole","article_modified_time":"2024-10-02T12:31:16+00:00","og_image":[{"url":"https:\/\/reklameskolen.devz.no\/wp-content\/uploads\/2023\/05\/iStock-1401436993-1024x576.jpg","type":"","width":"","height":""}],"twitter_card":"summary_large_image","twitter_misc":{"Ansl. lesetid":"2 minutter"},"schema":{"@context":"https:\/\/schema.org","@graph":[{"@type":"WebPage","@id":"https:\/\/reklameskolen.devz.no\/ungdomsskole\/reklamen-og-oss\/reklame-overalt-ogsa-i-skolen\/","url":"https:\/\/reklameskolen.devz.no\/ungdomsskole\/reklamen-og-oss\/reklame-overalt-ogsa-i-skolen\/","name":"Reklame i skolen - Ungdomsskole","isPartOf":{"@id":"https:\/\/reklameskolen.devz.no\/ungdomsskole\/#website"},"primaryImageOfPage":{"@id":"https:\/\/reklameskolen.devz.no\/ungdomsskole\/reklamen-og-oss\/reklame-overalt-ogsa-i-skolen\/#primaryimage"},"image":{"@id":"https:\/\/reklameskolen.devz.no\/ungdomsskole\/reklamen-og-oss\/reklame-overalt-ogsa-i-skolen\/#primaryimage"},"thumbnailUrl":"https:\/\/reklameskolen.devz.no\/wp-content\/uploads\/2023\/05\/iStock-1401436993-1024x576.jpg","datePublished":"2021-12-09T07:58:10+00:00","dateModified":"2024-10-02T12:31:16+00:00","breadcrumb":{"@id":"https:\/\/reklameskolen.devz.no\/ungdomsskole\/reklamen-og-oss\/reklame-overalt-ogsa-i-skolen\/#breadcrumb"},"inLanguage":"nb-NO","potentialAction":[{"@type":"ReadAction","target":["https:\/\/reklameskolen.devz.no\/ungdomsskole\/reklamen-og-oss\/reklame-overalt-ogsa-i-skolen\/"]}]},{"@type":"ImageObject","inLanguage":"nb-NO","@id":"https:\/\/reklameskolen.devz.no\/ungdomsskole\/reklamen-og-oss\/reklame-overalt-ogsa-i-skolen\/#primaryimage","url":"https:\/\/reklameskolen.devz.no\/wp-content\/uploads\/2023\/05\/iStock-1401436993-1024x576.jpg","contentUrl":"https:\/\/reklameskolen.devz.no\/wp-content\/uploads\/2023\/05\/iStock-1401436993-1024x576.jpg"},{"@type":"BreadcrumbList","@id":"https:\/\/reklameskolen.devz.no\/ungdomsskole\/reklamen-og-oss\/reklame-overalt-ogsa-i-skolen\/#breadcrumb","itemListElement":[{"@type":"ListItem","position":1,"name":"Home","item":"https:\/\/reklameskolen.devz.no\/ungdomsskole\/"},{"@type":"ListItem","position":2,"name":"Reklamen og oss","item":"https:\/\/reklameskolen.devz.no\/ungdomsskole\/reklamen-og-oss\/"},{"@type":"ListItem","position":3,"name":"Reklame i skolen"}]},{"@type":"WebSite","@id":"https:\/\/reklameskolen.devz.no\/ungdomsskole\/#website","url":"https:\/\/reklameskolen.devz.no\/ungdomsskole\/","name":"Ungdomsskole","description":"Oppl\u00e6ringsverkt\u00f8y om reklame","publisher":{"@id":"https:\/\/reklameskolen.devz.no\/ungdomsskole\/#organization"},"potentialAction":[{"@type":"SearchAction","target":{"@type":"EntryPoint","urlTemplate":"https:\/\/reklameskolen.devz.no\/ungdomsskole\/?s={search_term_string}"},"query-input":{"@type":"PropertyValueSpecification","valueRequired":true,"valueName":"search_term_string"}}],"inLanguage":"nb-NO"},{"@type":"Organization","@id":"https:\/\/reklameskolen.devz.no\/ungdomsskole\/#organization","name":"Ungdomsskole","url":"https:\/\/reklameskolen.devz.no\/ungdomsskole\/","logo":{"@type":"ImageObject","inLanguage":"nb-NO","@id":"https:\/\/reklameskolen.devz.no\/ungdomsskole\/#\/schema\/logo\/image\/","url":"https:\/\/reklameskolen.devz.no\/wp-content\/uploads\/2023\/08\/Reklameskolen-Logo-01.png","contentUrl":"https:\/\/reklameskolen.devz.no\/wp-content\/uploads\/2023\/08\/Reklameskolen-Logo-01.png","caption":"Ungdomsskole"},"image":{"@id":"https:\/\/reklameskolen.devz.no\/ungdomsskole\/#\/schema\/logo\/image\/"}}]}},"_links":{"self":[{"href":"https:\/\/reklameskolen.devz.no\/ungdomsskole\/wp-json\/wp\/v2\/pages\/157","targetHints":{"allow":["GET"]}}],"collection":[{"href":"https:\/\/reklameskolen.devz.no\/ungdomsskole\/wp-json\/wp\/v2\/pages"}],"about":[{"href":"https:\/\/reklameskolen.devz.no\/ungdomsskole\/wp-json\/wp\/v2\/types\/page"}],"author":[{"embeddable":true,"href":"https:\/\/reklameskolen.devz.no\/ungdomsskole\/wp-json\/wp\/v2\/users\/8"}],"replies":[{"embeddable":true,"href":"https:\/\/reklameskolen.devz.no\/ungdomsskole\/wp-json\/wp\/v2\/comments?post=157"}],"version-history":[{"count":124,"href":"https:\/\/reklameskolen.devz.no\/ungdomsskole\/wp-json\/wp\/v2\/pages\/157\/revisions"}],"predecessor-version":[{"id":3979,"href":"https:\/\/reklameskolen.devz.no\/ungdomsskole\/wp-json\/wp\/v2\/pages\/157\/revisions\/3979"}],"up":[{"embeddable":true,"href":"https:\/\/reklameskolen.devz.no\/ungdomsskole\/wp-json\/wp\/v2\/pages\/107"}],"wp:attachment":[{"href":"https:\/\/reklameskolen.devz.no\/ungdomsskole\/wp-json\/wp\/v2\/media?parent=157"}],"curies":[{"name":"wp","href":"https:\/\/api.w.org\/{rel}","templated":true}]}}