{"id":160,"date":"2021-12-09T08:58:10","date_gmt":"2021-12-09T07:58:10","guid":{"rendered":"https:\/\/reklameskolen.devz.no\/?page_id=160"},"modified":"2023-12-01T14:02:51","modified_gmt":"2023-12-01T13:02:51","slug":"merkevarebygging","status":"publish","type":"page","link":"https:\/\/reklameskolen.devz.no\/ungdomsskole\/reklamen-og-oss\/merkevarebygging\/","title":{"rendered":"Merkevarebygging"},"content":{"rendered":"\n<h2 class=\"wp-block-heading\" id=\"merkevarebygging\">Merkevarebygging<\/h2>\n\n\n\n<div class=\"wp-block-columns is-layout-flex wp-container-core-columns-is-layout-28f84493 wp-block-columns-is-layout-flex\">\n<div class=\"wp-block-column is-layout-flow wp-block-column-is-layout-flow\" style=\"flex-basis:40%\">\n<p><\/p>\n\n\n\n<p class=\"has-medium-font-size\">Har du noen gang lurt p\u00e5 hvorfor noen varemerker er kjent over hele verden, mens andre er nesten helt ukjente? Hvordan har det blitt s\u00e5nn?<\/p>\n\n\n\n<p class=\"has-medium-font-size\">P\u00e5 de neste sidene vil du l\u00e6re mer om hvordan n\u00e6ringsdrivende bygger sine <strong>merkevarer<\/strong>, og hvordan merkevarer g\u00e5r frem i utformingen av markedsf\u00f8ringstiltak. Her er nemlig ingenting overlatt til tilfeldighetene. Det ligger mye psykologi bak hvert reklameinnlegg!\u00a0<\/p>\n<\/div>\n\n\n\n<div class=\"wp-block-column is-layout-flow wp-block-column-is-layout-flow\" style=\"flex-basis:60%\">\n<figure class=\"wp-block-image size-full\"><img loading=\"lazy\" decoding=\"async\" width=\"912\" height=\"507\" src=\"https:\/\/reklameskolen.devz.no\/wp-content\/uploads\/sites\/7\/2022\/02\/Skjermbilde.png\" alt=\"Illustrasjonen viser mange ulike logoer til kjente merkevarer, blant annet Burger King, Spotify og Coca-Cola.\" class=\"wp-image-506\" srcset=\"https:\/\/reklameskolen.devz.no\/ungdomsskole\/files\/2022\/02\/Skjermbilde.png 912w, https:\/\/reklameskolen.devz.no\/ungdomsskole\/files\/2022\/02\/Skjermbilde-300x167.png 300w, https:\/\/reklameskolen.devz.no\/ungdomsskole\/files\/2022\/02\/Skjermbilde-768x427.png 768w, https:\/\/reklameskolen.devz.no\/ungdomsskole\/files\/2022\/02\/Skjermbilde-150x83.png 150w\" sizes=\"auto, (max-width: 912px) 100vw, 912px\" \/><\/figure>\n<\/div>\n<\/div>\n\n\n\n<div style=\"height:40px\" aria-hidden=\"true\" class=\"wp-block-spacer\"><\/div>\n\n\n\n<div class=\"wp-block-columns is-layout-flex wp-container-core-columns-is-layout-28f84493 wp-block-columns-is-layout-flex\">\n<div class=\"wp-block-column is-layout-flow wp-block-column-is-layout-flow\" style=\"flex-basis:66.66%\">\n<h4 class=\"wp-block-heading\">\u00c5 bygge en merkevare er mer enn bare \u00e5 markedsf\u00f8re et produkt eller en tjeneste. <\/h4>\n\n\n\n<p>Ved <strong>merkevarebygging <\/strong>pr\u00f8ver den n\u00e6ringsdrivende \u00e5 f\u00e5 forbrukerne til \u00e5 forbinde noe med deres merkevare. Det kan v\u00e6re en f\u00f8lelse, en mening eller betydning. M\u00e5let er \u00e5 gi produktet eller tjenesten en form for identitet og verdi. Hvis alt g\u00e5r etter planen, vil forbrukeren ofte f\u00f8le at han eller hun f\u00e5r noe mer ved \u00e5 velge akkurat det produktet eller den tjenesten. For de som selger produktet er det derfor veldig viktig \u00e5 fremheve det de \u00f8nsker at merkevaren skal forbindes med, og \u00e5 kartlegge hvordan merkevaren oppfattes av forbrukerne. Sist, men ikke minst, har de n\u00e6ringsdrivende ofte en klar formening om deres m\u00e5lgruppe, slik at de kan drive m\u00e5lrettet markedsf\u00f8ring over tid. <\/p>\n<\/div>\n\n\n\n<div class=\"wp-block-column is-layout-flow wp-block-column-is-layout-flow\" style=\"flex-basis:33.33%\">\n<div class=\"wp-block-group is-style-fact-box is-layout-flow wp-block-group-is-layout-flow\">\n<h2 class=\"wp-block-heading\" id=\"definisjoner\">Ordliste<\/h2>\n\n\n\n<ul class=\"wp-block-list\">\n<li><strong>Merkevare:<\/strong> En vare eller tjeneste som selges under et innregistrert eller innarbeidet\u202fvaremerke.\u202f<\/li>\n\n\n\n<li><strong>Merkevarebygging (ogs\u00e5 kalt branding):<\/strong> Alle aktiviteter som g\u00e5r med til \u00e5 skape, posisjonere, opprettholde og videreutvikle et mentalt bilde av en\u202fvaremerkebeskyttet\u202fvare eller en tjeneste.<\/li>\n<\/ul>\n<\/div>\n<\/div>\n<\/div>\n\n\n\n<div style=\"height:100px\" aria-hidden=\"true\" class=\"wp-block-spacer\"><\/div>\n\n\n\n<div class=\"wp-block-group alignfull has-palette-color-4-background-color has-background is-layout-flow wp-block-group-is-layout-flow\">\n<div class=\"wp-block-columns is-layout-flex wp-container-core-columns-is-layout-28f84493 wp-block-columns-is-layout-flex\">\n<div class=\"wp-block-column is-layout-flow wp-block-column-is-layout-flow\">\n<div class=\"wp-block-buttons is-layout-flex wp-block-buttons-is-layout-flex\">\n<div class=\"wp-block-button\"><a class=\"wp-block-button__link wp-element-button\" href=\"https:\/\/reklameskolen.devz.no\/ungdomsskole\/reklamen-og-oss\/hvordan-virker-reklame\/konkurranser\/\">Tilbake til &laquo;Konkurranser&raquo;<\/a><\/div>\n<\/div>\n<\/div>\n\n\n\n<div class=\"wp-block-column is-layout-flow wp-block-column-is-layout-flow\">\n<div class=\"wp-block-buttons is-horizontal is-content-justification-right is-layout-flex wp-container-core-buttons-is-layout-30af2ff6 wp-block-buttons-is-layout-flex\">\n<div class=\"wp-block-button\"><a class=\"wp-block-button__link wp-element-button\" href=\"https:\/\/reklameskolen.devz.no\/ungdomsskole\/reklamen-og-oss\/merkevarebygging\/sponsing-av-arrangementer\/\">G\u00e5 videre til &laquo;Sponsing&raquo;<\/a><\/div>\n<\/div>\n<\/div>\n<\/div>\n<\/div>\n\n\n\n<div class=\"wp-block-group has-palette-color-8-color has-text-color is-layout-flow wp-block-group-is-layout-flow\"><\/div>\n\n\n\n<p><\/p>\n","protected":false},"excerpt":{"rendered":"<p>Merkevarebygging Har du noen gang lurt p\u00e5 hvorfor noen varemerker er kjent over hele verden, mens andre er nesten helt ukjente? Hvordan har det blitt s\u00e5nn? P\u00e5 de neste sidene vil du l\u00e6re mer om hvordan n\u00e6ringsdrivende bygger sine merkevarer, og hvordan merkevarer g\u00e5r frem i utformingen av markedsf\u00f8ringstiltak. Her er nemlig ingenting overlatt til [&hellip;]<\/p>\n","protected":false},"author":1,"featured_media":0,"parent":107,"menu_order":6,"comment_status":"closed","ping_status":"closed","template":"","meta":{"_acf_changed":false,"editor_notices":[],"footnotes":""},"class_list":["post-160","page","type-page","status-publish","hentry"],"blocksy_meta":{"styles_descriptor":{"styles":{"desktop":"","tablet":"","mobile":""},"google_fonts":[],"version":6}},"acf":[],"yoast_head":"<!-- This site is optimized with the Yoast SEO plugin v25.9 - https:\/\/yoast.com\/wordpress\/plugins\/seo\/ -->\n<title>Merkevarebygging - Ungdomsskole<\/title>\n<meta name=\"robots\" content=\"index, follow, max-snippet:-1, max-image-preview:large, max-video-preview:-1\" \/>\n<link rel=\"canonical\" href=\"https:\/\/reklameskolen.devz.no\/ungdomsskole\/reklamen-og-oss\/merkevarebygging\/\" \/>\n<meta property=\"og:locale\" content=\"nb_NO\" \/>\n<meta property=\"og:type\" content=\"article\" \/>\n<meta property=\"og:title\" content=\"Merkevarebygging - Ungdomsskole\" \/>\n<meta property=\"og:description\" content=\"Merkevarebygging Har du noen gang lurt p\u00e5 hvorfor noen varemerker er kjent over hele verden, mens andre er nesten helt ukjente? Hvordan har det blitt s\u00e5nn? P\u00e5 de neste sidene vil du l\u00e6re mer om hvordan n\u00e6ringsdrivende bygger sine merkevarer, og hvordan merkevarer g\u00e5r frem i utformingen av markedsf\u00f8ringstiltak. Her er nemlig ingenting overlatt til [&hellip;]\" \/>\n<meta property=\"og:url\" content=\"https:\/\/reklameskolen.devz.no\/ungdomsskole\/reklamen-og-oss\/merkevarebygging\/\" \/>\n<meta property=\"og:site_name\" content=\"Ungdomsskole\" \/>\n<meta property=\"article:modified_time\" content=\"2023-12-01T13:02:51+00:00\" \/>\n<meta property=\"og:image\" content=\"https:\/\/reklameskolen.devz.no\/wp-content\/uploads\/sites\/7\/2022\/02\/Skjermbilde.png\" \/>\n<meta name=\"twitter:card\" content=\"summary_large_image\" \/>\n<meta name=\"twitter:label1\" content=\"Ansl. lesetid\" \/>\n\t<meta name=\"twitter:data1\" content=\"1 minutt\" \/>\n<script type=\"application\/ld+json\" class=\"yoast-schema-graph\">{\"@context\":\"https:\/\/schema.org\",\"@graph\":[{\"@type\":\"WebPage\",\"@id\":\"https:\/\/reklameskolen.devz.no\/ungdomsskole\/reklamen-og-oss\/merkevarebygging\/\",\"url\":\"https:\/\/reklameskolen.devz.no\/ungdomsskole\/reklamen-og-oss\/merkevarebygging\/\",\"name\":\"Merkevarebygging - Ungdomsskole\",\"isPartOf\":{\"@id\":\"https:\/\/reklameskolen.devz.no\/ungdomsskole\/#website\"},\"primaryImageOfPage\":{\"@id\":\"https:\/\/reklameskolen.devz.no\/ungdomsskole\/reklamen-og-oss\/merkevarebygging\/#primaryimage\"},\"image\":{\"@id\":\"https:\/\/reklameskolen.devz.no\/ungdomsskole\/reklamen-og-oss\/merkevarebygging\/#primaryimage\"},\"thumbnailUrl\":\"https:\/\/reklameskolen.devz.no\/wp-content\/uploads\/sites\/7\/2022\/02\/Skjermbilde.png\",\"datePublished\":\"2021-12-09T07:58:10+00:00\",\"dateModified\":\"2023-12-01T13:02:51+00:00\",\"breadcrumb\":{\"@id\":\"https:\/\/reklameskolen.devz.no\/ungdomsskole\/reklamen-og-oss\/merkevarebygging\/#breadcrumb\"},\"inLanguage\":\"nb-NO\",\"potentialAction\":[{\"@type\":\"ReadAction\",\"target\":[\"https:\/\/reklameskolen.devz.no\/ungdomsskole\/reklamen-og-oss\/merkevarebygging\/\"]}]},{\"@type\":\"ImageObject\",\"inLanguage\":\"nb-NO\",\"@id\":\"https:\/\/reklameskolen.devz.no\/ungdomsskole\/reklamen-og-oss\/merkevarebygging\/#primaryimage\",\"url\":\"https:\/\/reklameskolen.devz.no\/wp-content\/uploads\/sites\/7\/2022\/02\/Skjermbilde.png\",\"contentUrl\":\"https:\/\/reklameskolen.devz.no\/wp-content\/uploads\/sites\/7\/2022\/02\/Skjermbilde.png\"},{\"@type\":\"BreadcrumbList\",\"@id\":\"https:\/\/reklameskolen.devz.no\/ungdomsskole\/reklamen-og-oss\/merkevarebygging\/#breadcrumb\",\"itemListElement\":[{\"@type\":\"ListItem\",\"position\":1,\"name\":\"Home\",\"item\":\"https:\/\/reklameskolen.devz.no\/ungdomsskole\/\"},{\"@type\":\"ListItem\",\"position\":2,\"name\":\"Reklamen og oss\",\"item\":\"https:\/\/reklameskolen.devz.no\/ungdomsskole\/reklamen-og-oss\/\"},{\"@type\":\"ListItem\",\"position\":3,\"name\":\"Merkevarebygging\"}]},{\"@type\":\"WebSite\",\"@id\":\"https:\/\/reklameskolen.devz.no\/ungdomsskole\/#website\",\"url\":\"https:\/\/reklameskolen.devz.no\/ungdomsskole\/\",\"name\":\"Ungdomsskole\",\"description\":\"Oppl\u00e6ringsverkt\u00f8y om reklame\",\"publisher\":{\"@id\":\"https:\/\/reklameskolen.devz.no\/ungdomsskole\/#organization\"},\"potentialAction\":[{\"@type\":\"SearchAction\",\"target\":{\"@type\":\"EntryPoint\",\"urlTemplate\":\"https:\/\/reklameskolen.devz.no\/ungdomsskole\/?s={search_term_string}\"},\"query-input\":{\"@type\":\"PropertyValueSpecification\",\"valueRequired\":true,\"valueName\":\"search_term_string\"}}],\"inLanguage\":\"nb-NO\"},{\"@type\":\"Organization\",\"@id\":\"https:\/\/reklameskolen.devz.no\/ungdomsskole\/#organization\",\"name\":\"Ungdomsskole\",\"url\":\"https:\/\/reklameskolen.devz.no\/ungdomsskole\/\",\"logo\":{\"@type\":\"ImageObject\",\"inLanguage\":\"nb-NO\",\"@id\":\"https:\/\/reklameskolen.devz.no\/ungdomsskole\/#\/schema\/logo\/image\/\",\"url\":\"https:\/\/reklameskolen.devz.no\/wp-content\/uploads\/2023\/08\/Reklameskolen-Logo-01.png\",\"contentUrl\":\"https:\/\/reklameskolen.devz.no\/wp-content\/uploads\/2023\/08\/Reklameskolen-Logo-01.png\",\"caption\":\"Ungdomsskole\"},\"image\":{\"@id\":\"https:\/\/reklameskolen.devz.no\/ungdomsskole\/#\/schema\/logo\/image\/\"}}]}<\/script>\n<!-- \/ Yoast SEO plugin. -->","yoast_head_json":{"title":"Merkevarebygging - Ungdomsskole","robots":{"index":"index","follow":"follow","max-snippet":"max-snippet:-1","max-image-preview":"max-image-preview:large","max-video-preview":"max-video-preview:-1"},"canonical":"https:\/\/reklameskolen.devz.no\/ungdomsskole\/reklamen-og-oss\/merkevarebygging\/","og_locale":"nb_NO","og_type":"article","og_title":"Merkevarebygging - Ungdomsskole","og_description":"Merkevarebygging Har du noen gang lurt p\u00e5 hvorfor noen varemerker er kjent over hele verden, mens andre er nesten helt ukjente? Hvordan har det blitt s\u00e5nn? P\u00e5 de neste sidene vil du l\u00e6re mer om hvordan n\u00e6ringsdrivende bygger sine merkevarer, og hvordan merkevarer g\u00e5r frem i utformingen av markedsf\u00f8ringstiltak. Her er nemlig ingenting overlatt til [&hellip;]","og_url":"https:\/\/reklameskolen.devz.no\/ungdomsskole\/reklamen-og-oss\/merkevarebygging\/","og_site_name":"Ungdomsskole","article_modified_time":"2023-12-01T13:02:51+00:00","og_image":[{"url":"https:\/\/reklameskolen.devz.no\/wp-content\/uploads\/sites\/7\/2022\/02\/Skjermbilde.png","type":"","width":"","height":""}],"twitter_card":"summary_large_image","twitter_misc":{"Ansl. lesetid":"1 minutt"},"schema":{"@context":"https:\/\/schema.org","@graph":[{"@type":"WebPage","@id":"https:\/\/reklameskolen.devz.no\/ungdomsskole\/reklamen-og-oss\/merkevarebygging\/","url":"https:\/\/reklameskolen.devz.no\/ungdomsskole\/reklamen-og-oss\/merkevarebygging\/","name":"Merkevarebygging - Ungdomsskole","isPartOf":{"@id":"https:\/\/reklameskolen.devz.no\/ungdomsskole\/#website"},"primaryImageOfPage":{"@id":"https:\/\/reklameskolen.devz.no\/ungdomsskole\/reklamen-og-oss\/merkevarebygging\/#primaryimage"},"image":{"@id":"https:\/\/reklameskolen.devz.no\/ungdomsskole\/reklamen-og-oss\/merkevarebygging\/#primaryimage"},"thumbnailUrl":"https:\/\/reklameskolen.devz.no\/wp-content\/uploads\/sites\/7\/2022\/02\/Skjermbilde.png","datePublished":"2021-12-09T07:58:10+00:00","dateModified":"2023-12-01T13:02:51+00:00","breadcrumb":{"@id":"https:\/\/reklameskolen.devz.no\/ungdomsskole\/reklamen-og-oss\/merkevarebygging\/#breadcrumb"},"inLanguage":"nb-NO","potentialAction":[{"@type":"ReadAction","target":["https:\/\/reklameskolen.devz.no\/ungdomsskole\/reklamen-og-oss\/merkevarebygging\/"]}]},{"@type":"ImageObject","inLanguage":"nb-NO","@id":"https:\/\/reklameskolen.devz.no\/ungdomsskole\/reklamen-og-oss\/merkevarebygging\/#primaryimage","url":"https:\/\/reklameskolen.devz.no\/wp-content\/uploads\/sites\/7\/2022\/02\/Skjermbilde.png","contentUrl":"https:\/\/reklameskolen.devz.no\/wp-content\/uploads\/sites\/7\/2022\/02\/Skjermbilde.png"},{"@type":"BreadcrumbList","@id":"https:\/\/reklameskolen.devz.no\/ungdomsskole\/reklamen-og-oss\/merkevarebygging\/#breadcrumb","itemListElement":[{"@type":"ListItem","position":1,"name":"Home","item":"https:\/\/reklameskolen.devz.no\/ungdomsskole\/"},{"@type":"ListItem","position":2,"name":"Reklamen og oss","item":"https:\/\/reklameskolen.devz.no\/ungdomsskole\/reklamen-og-oss\/"},{"@type":"ListItem","position":3,"name":"Merkevarebygging"}]},{"@type":"WebSite","@id":"https:\/\/reklameskolen.devz.no\/ungdomsskole\/#website","url":"https:\/\/reklameskolen.devz.no\/ungdomsskole\/","name":"Ungdomsskole","description":"Oppl\u00e6ringsverkt\u00f8y om reklame","publisher":{"@id":"https:\/\/reklameskolen.devz.no\/ungdomsskole\/#organization"},"potentialAction":[{"@type":"SearchAction","target":{"@type":"EntryPoint","urlTemplate":"https:\/\/reklameskolen.devz.no\/ungdomsskole\/?s={search_term_string}"},"query-input":{"@type":"PropertyValueSpecification","valueRequired":true,"valueName":"search_term_string"}}],"inLanguage":"nb-NO"},{"@type":"Organization","@id":"https:\/\/reklameskolen.devz.no\/ungdomsskole\/#organization","name":"Ungdomsskole","url":"https:\/\/reklameskolen.devz.no\/ungdomsskole\/","logo":{"@type":"ImageObject","inLanguage":"nb-NO","@id":"https:\/\/reklameskolen.devz.no\/ungdomsskole\/#\/schema\/logo\/image\/","url":"https:\/\/reklameskolen.devz.no\/wp-content\/uploads\/2023\/08\/Reklameskolen-Logo-01.png","contentUrl":"https:\/\/reklameskolen.devz.no\/wp-content\/uploads\/2023\/08\/Reklameskolen-Logo-01.png","caption":"Ungdomsskole"},"image":{"@id":"https:\/\/reklameskolen.devz.no\/ungdomsskole\/#\/schema\/logo\/image\/"}}]}},"_links":{"self":[{"href":"https:\/\/reklameskolen.devz.no\/ungdomsskole\/wp-json\/wp\/v2\/pages\/160","targetHints":{"allow":["GET"]}}],"collection":[{"href":"https:\/\/reklameskolen.devz.no\/ungdomsskole\/wp-json\/wp\/v2\/pages"}],"about":[{"href":"https:\/\/reklameskolen.devz.no\/ungdomsskole\/wp-json\/wp\/v2\/types\/page"}],"author":[{"embeddable":true,"href":"https:\/\/reklameskolen.devz.no\/ungdomsskole\/wp-json\/wp\/v2\/users\/1"}],"replies":[{"embeddable":true,"href":"https:\/\/reklameskolen.devz.no\/ungdomsskole\/wp-json\/wp\/v2\/comments?post=160"}],"version-history":[{"count":83,"href":"https:\/\/reklameskolen.devz.no\/ungdomsskole\/wp-json\/wp\/v2\/pages\/160\/revisions"}],"predecessor-version":[{"id":3751,"href":"https:\/\/reklameskolen.devz.no\/ungdomsskole\/wp-json\/wp\/v2\/pages\/160\/revisions\/3751"}],"up":[{"embeddable":true,"href":"https:\/\/reklameskolen.devz.no\/ungdomsskole\/wp-json\/wp\/v2\/pages\/107"}],"wp:attachment":[{"href":"https:\/\/reklameskolen.devz.no\/ungdomsskole\/wp-json\/wp\/v2\/media?parent=160"}],"curies":[{"name":"wp","href":"https:\/\/api.w.org\/{rel}","templated":true}]}}