{"id":162,"date":"2021-12-09T08:58:10","date_gmt":"2021-12-09T07:58:10","guid":{"rendered":"https:\/\/reklameskolen.devz.no\/?page_id=162"},"modified":"2024-08-20T13:26:55","modified_gmt":"2024-08-20T11:26:55","slug":"pavirkere-og-sosiale-medier","status":"publish","type":"page","link":"https:\/\/reklameskolen.devz.no\/ungdomsskole\/metoder-medier-og-miljo\/pavirkere-og-sosiale-medier\/","title":{"rendered":"Influensere"},"content":{"rendered":"\n<h1 class=\"wp-block-heading\" id=\"pavirkere-og-sosiale-medier\">Hva er en influenser?<\/h1>\n\n\n\n<figure class=\"wp-block-image size-full\"><img decoding=\"async\" src=\"https:\/\/reklameskolen.devz.no\/wp-content\/uploads\/2024\/08\/kiril-krsteski-6enQSaGKxlY-unsplash.jpg\" alt=\"Foto av en ung kvinne som st\u00e5r midt i et tropisk landskap. Hun tar bilde av palmene med en mobiltelefon.\" class=\"wp-image-5061\"\/><figcaption class=\"wp-element-caption\">Foto: Kiril Krsteski\/Unsplash<\/figcaption><\/figure>\n\n\n\n<div style=\"height:100px\" aria-hidden=\"true\" class=\"wp-block-spacer\"><\/div>\n\n\n\n<div class=\"wp-block-columns is-layout-flex wp-container-core-columns-is-layout-28f84493 wp-block-columns-is-layout-flex\">\n<div class=\"wp-block-column is-layout-flow wp-block-column-is-layout-flow\" style=\"flex-basis:66.66%\">\n<p>En\u202f<strong>influenser\u202f<\/strong>er en person som bruker sosiale medier for \u00e5 p\u00e5virke andre. Noen er for eksempel tiktokere eller youtubere. Andre er gamere som streamer p\u00e5 Twitch eller andre plattformer.&nbsp;&nbsp;<\/p>\n\n\n\n<p>Vanligvis koster det ingenting \u00e5 se det influenserne legger ut p\u00e5 Instagram, Snapchat eller TikTok. Likevel f\u00e5r de betalt for det de poster. Noen f\u00e5r penger, andre f\u00e5r rabatter, gratis produkter eller reiser.\u202fMange influensere tjener nok til at de kan leve av det. De aller mest kjente kan bli ganske rike. Hvordan er det mulig? Hvor kommer pengene fra? Hvem er det egentlig som betaler?\u202f&nbsp;<\/p>\n\n\n\n<p>Svaret er at mange influensere lever av reklame. Store bedrifter betaler kjente influensere for \u00e5 reklamere for dem. M\u00e5let er \u00e5 p\u00e5virke hva andre tenker og f\u00f8ler. Annons\u00f8rene h\u00e5per at anbefalinger fra en influenser betyr mer for folk enn reklamefilmer og annonseplakater. Og det kan de faktisk ha rett i! If\u00f8lge en unders\u00f8kelse fra analysebyr\u00e5et\u202fKantar\u202fhar omtrent \u00e9n av tre norske ungdommer mellom 15 og 29 \u00e5r blitt p\u00e5virket til \u00e5 kj\u00f8pe noe p\u00e5 grunn av anbefaling fra en influenser (Ebrahimi,\u202fKumano-Ensby\u202f&amp; Erikstad, 2020).\u202f\u202f\u202f&nbsp;<\/p>\n\n\n\n<div class=\"wp-block-group is-style-tableofcontent has-palette-color-5-background-color has-background is-layout-flow wp-block-group-is-layout-flow\">\n<h2 class=\"wp-block-heading has-text-align-center has-palette-color-4-color has-palette-color-5-background-color has-text-color has-background\" id=\"ekstra-vil-du-vite-mer-om-pavirkere-og-reklame\">Ekstra: Vil du vite mer om influensere og reklame?<\/h2>\n\n\n\n<p class=\"has-text-align-center has-palette-color-5-background-color has-background\">Da kan du lese mer i denne artikkelen hos NRK om alt det &laquo;influenser\u00adbransjen ikke viser deg&raquo;. <\/p>\n\n\n\n<div class=\"wp-block-buttons is-content-justification-center is-layout-flex wp-container-core-buttons-is-layout-a89b3969 wp-block-buttons-is-layout-flex\">\n<div class=\"wp-block-button\"><a class=\"wp-block-button__link has-palette-color-8-color has-palette-color-3-background-color has-text-color has-background wp-element-button\" href=\"https:\/\/www.nrk.no\/dokumentar\/xl\/det-pavirkerbransjen-ikke-viser-deg-1.15160391\" target=\"_blank\" rel=\"noreferrer noopener\">Les mer hos NRK<\/a><\/div>\n<\/div>\n<\/div>\n<\/div>\n\n\n\n<div class=\"wp-block-column is-layout-flow wp-block-column-is-layout-flow\" style=\"flex-basis:33.33%\">\n<div style=\"height:50px\" aria-hidden=\"true\" class=\"wp-block-spacer\"><\/div>\n\n\n\n<div class=\"wp-block-group is-style-default is-layout-flow wp-block-group-is-layout-flow\">\n<div class=\"wp-block-group is-style-fact-box is-layout-flow wp-block-group-is-layout-flow\">\n<h2 class=\"wp-block-heading\" id=\"definisjon\">Definisjon<\/h2>\n\n\n\n<ul class=\"wp-block-list\">\n<li><strong>Influenser <\/strong>(ogs\u00e5 kalt \u00abp\u00e5virker\u00bb eller\u202f\u00abinfluencer\u00bb): en person som p\u00e5virker andre. <br>Influensere har gjerne sine egne profesjonelle og kommersielle kanaler i sosiale medier, hvor de deler innlegg om for eksempel livsstil, mote, trening, gaming eller humor.<\/li>\n<\/ul>\n<\/div>\n<\/div>\n<\/div>\n<\/div>\n\n\n\n<div style=\"height:100px\" aria-hidden=\"true\" class=\"wp-block-spacer\"><\/div>\n\n\n\n<div class=\"wp-block-group is-style-questions is-layout-flow wp-block-group-is-layout-flow\">\n<h2 class=\"wp-block-heading\" id=\"kryssord\">Kryssord: Influensere<\/h2>\n\n\n<div class=\"h5p-iframe-wrapper\"><iframe id=\"h5p-iframe-39\" class=\"h5p-iframe\" data-content-id=\"39\" style=\"height:1px\" src=\"about:blank\" frameBorder=\"0\" scrolling=\"no\" title=\"Influensere og sosiale medier (kryssord)\"><\/iframe><\/div>\n<\/div>\n\n\n\n<div style=\"height:100px\" aria-hidden=\"true\" class=\"wp-block-spacer\"><\/div>\n\n\n\n<div class=\"wp-block-group alignfull has-palette-color-4-background-color has-background is-layout-flow wp-block-group-is-layout-flow\">\n<div class=\"wp-block-columns is-layout-flex wp-container-core-columns-is-layout-28f84493 wp-block-columns-is-layout-flex\">\n<div class=\"wp-block-column is-layout-flow wp-block-column-is-layout-flow\">\n<div class=\"wp-block-buttons is-layout-flex wp-block-buttons-is-layout-flex\">\n<div class=\"wp-block-button\"><a class=\"wp-block-button__link wp-element-button\" href=\"https:\/\/reklameskolen.devz.no\/ungdomsskole\/reklamen-og-oss\/\">Tilbake til &laquo;Del 1&raquo;<\/a><\/div>\n<\/div>\n<\/div>\n\n\n\n<div class=\"wp-block-column is-layout-flow wp-block-column-is-layout-flow\">\n<div class=\"wp-block-buttons is-horizontal is-content-justification-right is-layout-flex wp-container-core-buttons-is-layout-30af2ff6 wp-block-buttons-is-layout-flex\">\n<div class=\"wp-block-button\"><a class=\"wp-block-button__link wp-element-button\" href=\"https:\/\/reklameskolen.devz.no\/ungdomsskole\/metoder-medier-og-miljo\/den-usynlige-reklame\/\">Videre til &laquo;Usynlig reklame&raquo;<\/a><\/div>\n<\/div>\n<\/div>\n<\/div>\n<\/div>\n\n\n\n<p><\/p>\n","protected":false},"excerpt":{"rendered":"<p>En influenser er en person som bruker sosiale medier for \u00e5 p\u00e5virke f\u00f8lgerne sine. <\/p>\n","protected":false},"author":8,"featured_media":0,"parent":109,"menu_order":1,"comment_status":"closed","ping_status":"closed","template":"","meta":{"_acf_changed":false,"editor_notices":[],"footnotes":""},"class_list":["post-162","page","type-page","status-publish","hentry"],"blocksy_meta":{"styles_descriptor":{"styles":{"desktop":"","tablet":"","mobile":""},"google_fonts":[],"version":6}},"acf":[],"yoast_head":"<!-- This site is optimized with the Yoast SEO plugin v25.9 - https:\/\/yoast.com\/wordpress\/plugins\/seo\/ -->\n<title>Influensere - Ungdomsskole<\/title>\n<meta name=\"robots\" content=\"index, follow, max-snippet:-1, max-image-preview:large, max-video-preview:-1\" \/>\n<link rel=\"canonical\" href=\"https:\/\/reklameskolen.devz.no\/ungdomsskole\/metoder-medier-og-miljo\/pavirkere-og-sosiale-medier\/\" \/>\n<meta property=\"og:locale\" content=\"nb_NO\" \/>\n<meta property=\"og:type\" content=\"article\" \/>\n<meta property=\"og:title\" content=\"Influensere - Ungdomsskole\" \/>\n<meta property=\"og:description\" content=\"En influenser er en person som bruker sosiale medier for \u00e5 p\u00e5virke f\u00f8lgerne sine.\" \/>\n<meta property=\"og:url\" content=\"https:\/\/reklameskolen.devz.no\/ungdomsskole\/metoder-medier-og-miljo\/pavirkere-og-sosiale-medier\/\" \/>\n<meta property=\"og:site_name\" content=\"Ungdomsskole\" \/>\n<meta property=\"article:modified_time\" content=\"2024-08-20T11:26:55+00:00\" \/>\n<meta property=\"og:image\" content=\"https:\/\/reklameskolen.devz.no\/wp-content\/uploads\/2024\/08\/kiril-krsteski-6enQSaGKxlY-unsplash.jpg\" \/>\n<meta name=\"twitter:card\" content=\"summary_large_image\" \/>\n<meta name=\"twitter:label1\" content=\"Ansl. lesetid\" \/>\n\t<meta name=\"twitter:data1\" content=\"1 minutt\" \/>\n<script type=\"application\/ld+json\" class=\"yoast-schema-graph\">{\"@context\":\"https:\/\/schema.org\",\"@graph\":[{\"@type\":\"WebPage\",\"@id\":\"https:\/\/reklameskolen.devz.no\/ungdomsskole\/metoder-medier-og-miljo\/pavirkere-og-sosiale-medier\/\",\"url\":\"https:\/\/reklameskolen.devz.no\/ungdomsskole\/metoder-medier-og-miljo\/pavirkere-og-sosiale-medier\/\",\"name\":\"Influensere - Ungdomsskole\",\"isPartOf\":{\"@id\":\"https:\/\/reklameskolen.devz.no\/ungdomsskole\/#website\"},\"primaryImageOfPage\":{\"@id\":\"https:\/\/reklameskolen.devz.no\/ungdomsskole\/metoder-medier-og-miljo\/pavirkere-og-sosiale-medier\/#primaryimage\"},\"image\":{\"@id\":\"https:\/\/reklameskolen.devz.no\/ungdomsskole\/metoder-medier-og-miljo\/pavirkere-og-sosiale-medier\/#primaryimage\"},\"thumbnailUrl\":\"https:\/\/reklameskolen.devz.no\/wp-content\/uploads\/2024\/08\/kiril-krsteski-6enQSaGKxlY-unsplash.jpg\",\"datePublished\":\"2021-12-09T07:58:10+00:00\",\"dateModified\":\"2024-08-20T11:26:55+00:00\",\"breadcrumb\":{\"@id\":\"https:\/\/reklameskolen.devz.no\/ungdomsskole\/metoder-medier-og-miljo\/pavirkere-og-sosiale-medier\/#breadcrumb\"},\"inLanguage\":\"nb-NO\",\"potentialAction\":[{\"@type\":\"ReadAction\",\"target\":[\"https:\/\/reklameskolen.devz.no\/ungdomsskole\/metoder-medier-og-miljo\/pavirkere-og-sosiale-medier\/\"]}]},{\"@type\":\"ImageObject\",\"inLanguage\":\"nb-NO\",\"@id\":\"https:\/\/reklameskolen.devz.no\/ungdomsskole\/metoder-medier-og-miljo\/pavirkere-og-sosiale-medier\/#primaryimage\",\"url\":\"https:\/\/reklameskolen.devz.no\/wp-content\/uploads\/2024\/08\/kiril-krsteski-6enQSaGKxlY-unsplash.jpg\",\"contentUrl\":\"https:\/\/reklameskolen.devz.no\/wp-content\/uploads\/2024\/08\/kiril-krsteski-6enQSaGKxlY-unsplash.jpg\"},{\"@type\":\"BreadcrumbList\",\"@id\":\"https:\/\/reklameskolen.devz.no\/ungdomsskole\/metoder-medier-og-miljo\/pavirkere-og-sosiale-medier\/#breadcrumb\",\"itemListElement\":[{\"@type\":\"ListItem\",\"position\":1,\"name\":\"Home\",\"item\":\"https:\/\/reklameskolen.devz.no\/ungdomsskole\/\"},{\"@type\":\"ListItem\",\"position\":2,\"name\":\"Metoder, medier og milj\u00f8\",\"item\":\"https:\/\/reklameskolen.devz.no\/ungdomsskole\/metoder-medier-og-miljo\/\"},{\"@type\":\"ListItem\",\"position\":3,\"name\":\"Influensere\"}]},{\"@type\":\"WebSite\",\"@id\":\"https:\/\/reklameskolen.devz.no\/ungdomsskole\/#website\",\"url\":\"https:\/\/reklameskolen.devz.no\/ungdomsskole\/\",\"name\":\"Ungdomsskole\",\"description\":\"Oppl\u00e6ringsverkt\u00f8y om reklame\",\"publisher\":{\"@id\":\"https:\/\/reklameskolen.devz.no\/ungdomsskole\/#organization\"},\"potentialAction\":[{\"@type\":\"SearchAction\",\"target\":{\"@type\":\"EntryPoint\",\"urlTemplate\":\"https:\/\/reklameskolen.devz.no\/ungdomsskole\/?s={search_term_string}\"},\"query-input\":{\"@type\":\"PropertyValueSpecification\",\"valueRequired\":true,\"valueName\":\"search_term_string\"}}],\"inLanguage\":\"nb-NO\"},{\"@type\":\"Organization\",\"@id\":\"https:\/\/reklameskolen.devz.no\/ungdomsskole\/#organization\",\"name\":\"Ungdomsskole\",\"url\":\"https:\/\/reklameskolen.devz.no\/ungdomsskole\/\",\"logo\":{\"@type\":\"ImageObject\",\"inLanguage\":\"nb-NO\",\"@id\":\"https:\/\/reklameskolen.devz.no\/ungdomsskole\/#\/schema\/logo\/image\/\",\"url\":\"https:\/\/reklameskolen.devz.no\/wp-content\/uploads\/2023\/08\/Reklameskolen-Logo-01.png\",\"contentUrl\":\"https:\/\/reklameskolen.devz.no\/wp-content\/uploads\/2023\/08\/Reklameskolen-Logo-01.png\",\"caption\":\"Ungdomsskole\"},\"image\":{\"@id\":\"https:\/\/reklameskolen.devz.no\/ungdomsskole\/#\/schema\/logo\/image\/\"}}]}<\/script>\n<!-- \/ Yoast SEO plugin. -->","yoast_head_json":{"title":"Influensere - Ungdomsskole","robots":{"index":"index","follow":"follow","max-snippet":"max-snippet:-1","max-image-preview":"max-image-preview:large","max-video-preview":"max-video-preview:-1"},"canonical":"https:\/\/reklameskolen.devz.no\/ungdomsskole\/metoder-medier-og-miljo\/pavirkere-og-sosiale-medier\/","og_locale":"nb_NO","og_type":"article","og_title":"Influensere - Ungdomsskole","og_description":"En influenser er en person som bruker sosiale medier for \u00e5 p\u00e5virke f\u00f8lgerne sine.","og_url":"https:\/\/reklameskolen.devz.no\/ungdomsskole\/metoder-medier-og-miljo\/pavirkere-og-sosiale-medier\/","og_site_name":"Ungdomsskole","article_modified_time":"2024-08-20T11:26:55+00:00","og_image":[{"url":"https:\/\/reklameskolen.devz.no\/wp-content\/uploads\/2024\/08\/kiril-krsteski-6enQSaGKxlY-unsplash.jpg","type":"","width":"","height":""}],"twitter_card":"summary_large_image","twitter_misc":{"Ansl. lesetid":"1 minutt"},"schema":{"@context":"https:\/\/schema.org","@graph":[{"@type":"WebPage","@id":"https:\/\/reklameskolen.devz.no\/ungdomsskole\/metoder-medier-og-miljo\/pavirkere-og-sosiale-medier\/","url":"https:\/\/reklameskolen.devz.no\/ungdomsskole\/metoder-medier-og-miljo\/pavirkere-og-sosiale-medier\/","name":"Influensere - Ungdomsskole","isPartOf":{"@id":"https:\/\/reklameskolen.devz.no\/ungdomsskole\/#website"},"primaryImageOfPage":{"@id":"https:\/\/reklameskolen.devz.no\/ungdomsskole\/metoder-medier-og-miljo\/pavirkere-og-sosiale-medier\/#primaryimage"},"image":{"@id":"https:\/\/reklameskolen.devz.no\/ungdomsskole\/metoder-medier-og-miljo\/pavirkere-og-sosiale-medier\/#primaryimage"},"thumbnailUrl":"https:\/\/reklameskolen.devz.no\/wp-content\/uploads\/2024\/08\/kiril-krsteski-6enQSaGKxlY-unsplash.jpg","datePublished":"2021-12-09T07:58:10+00:00","dateModified":"2024-08-20T11:26:55+00:00","breadcrumb":{"@id":"https:\/\/reklameskolen.devz.no\/ungdomsskole\/metoder-medier-og-miljo\/pavirkere-og-sosiale-medier\/#breadcrumb"},"inLanguage":"nb-NO","potentialAction":[{"@type":"ReadAction","target":["https:\/\/reklameskolen.devz.no\/ungdomsskole\/metoder-medier-og-miljo\/pavirkere-og-sosiale-medier\/"]}]},{"@type":"ImageObject","inLanguage":"nb-NO","@id":"https:\/\/reklameskolen.devz.no\/ungdomsskole\/metoder-medier-og-miljo\/pavirkere-og-sosiale-medier\/#primaryimage","url":"https:\/\/reklameskolen.devz.no\/wp-content\/uploads\/2024\/08\/kiril-krsteski-6enQSaGKxlY-unsplash.jpg","contentUrl":"https:\/\/reklameskolen.devz.no\/wp-content\/uploads\/2024\/08\/kiril-krsteski-6enQSaGKxlY-unsplash.jpg"},{"@type":"BreadcrumbList","@id":"https:\/\/reklameskolen.devz.no\/ungdomsskole\/metoder-medier-og-miljo\/pavirkere-og-sosiale-medier\/#breadcrumb","itemListElement":[{"@type":"ListItem","position":1,"name":"Home","item":"https:\/\/reklameskolen.devz.no\/ungdomsskole\/"},{"@type":"ListItem","position":2,"name":"Metoder, medier og milj\u00f8","item":"https:\/\/reklameskolen.devz.no\/ungdomsskole\/metoder-medier-og-miljo\/"},{"@type":"ListItem","position":3,"name":"Influensere"}]},{"@type":"WebSite","@id":"https:\/\/reklameskolen.devz.no\/ungdomsskole\/#website","url":"https:\/\/reklameskolen.devz.no\/ungdomsskole\/","name":"Ungdomsskole","description":"Oppl\u00e6ringsverkt\u00f8y om reklame","publisher":{"@id":"https:\/\/reklameskolen.devz.no\/ungdomsskole\/#organization"},"potentialAction":[{"@type":"SearchAction","target":{"@type":"EntryPoint","urlTemplate":"https:\/\/reklameskolen.devz.no\/ungdomsskole\/?s={search_term_string}"},"query-input":{"@type":"PropertyValueSpecification","valueRequired":true,"valueName":"search_term_string"}}],"inLanguage":"nb-NO"},{"@type":"Organization","@id":"https:\/\/reklameskolen.devz.no\/ungdomsskole\/#organization","name":"Ungdomsskole","url":"https:\/\/reklameskolen.devz.no\/ungdomsskole\/","logo":{"@type":"ImageObject","inLanguage":"nb-NO","@id":"https:\/\/reklameskolen.devz.no\/ungdomsskole\/#\/schema\/logo\/image\/","url":"https:\/\/reklameskolen.devz.no\/wp-content\/uploads\/2023\/08\/Reklameskolen-Logo-01.png","contentUrl":"https:\/\/reklameskolen.devz.no\/wp-content\/uploads\/2023\/08\/Reklameskolen-Logo-01.png","caption":"Ungdomsskole"},"image":{"@id":"https:\/\/reklameskolen.devz.no\/ungdomsskole\/#\/schema\/logo\/image\/"}}]}},"_links":{"self":[{"href":"https:\/\/reklameskolen.devz.no\/ungdomsskole\/wp-json\/wp\/v2\/pages\/162","targetHints":{"allow":["GET"]}}],"collection":[{"href":"https:\/\/reklameskolen.devz.no\/ungdomsskole\/wp-json\/wp\/v2\/pages"}],"about":[{"href":"https:\/\/reklameskolen.devz.no\/ungdomsskole\/wp-json\/wp\/v2\/types\/page"}],"author":[{"embeddable":true,"href":"https:\/\/reklameskolen.devz.no\/ungdomsskole\/wp-json\/wp\/v2\/users\/8"}],"replies":[{"embeddable":true,"href":"https:\/\/reklameskolen.devz.no\/ungdomsskole\/wp-json\/wp\/v2\/comments?post=162"}],"version-history":[{"count":95,"href":"https:\/\/reklameskolen.devz.no\/ungdomsskole\/wp-json\/wp\/v2\/pages\/162\/revisions"}],"predecessor-version":[{"id":3949,"href":"https:\/\/reklameskolen.devz.no\/ungdomsskole\/wp-json\/wp\/v2\/pages\/162\/revisions\/3949"}],"up":[{"embeddable":true,"href":"https:\/\/reklameskolen.devz.no\/ungdomsskole\/wp-json\/wp\/v2\/pages\/109"}],"wp:attachment":[{"href":"https:\/\/reklameskolen.devz.no\/ungdomsskole\/wp-json\/wp\/v2\/media?parent=162"}],"curies":[{"name":"wp","href":"https:\/\/api.w.org\/{rel}","templated":true}]}}