{"id":1644,"date":"2022-03-01T13:59:41","date_gmt":"2022-03-01T12:59:41","guid":{"rendered":"https:\/\/reklameskolen.devz.no\/?page_id=1644"},"modified":"2023-12-12T13:21:19","modified_gmt":"2023-12-12T12:21:19","slug":"sponsing-av-arrangementer","status":"publish","type":"page","link":"https:\/\/reklameskolen.devz.no\/ungdomsskole\/reklamen-og-oss\/merkevarebygging\/sponsing-av-arrangementer\/","title":{"rendered":"Sponsing"},"content":{"rendered":"\n<div style=\"height:30px\" aria-hidden=\"true\" class=\"wp-block-spacer\"><\/div>\n\n\n\n<div class=\"wp-block-columns is-layout-flex wp-container-core-columns-is-layout-28f84493 wp-block-columns-is-layout-flex\">\n<div class=\"wp-block-column is-layout-flow wp-block-column-is-layout-flow\" style=\"flex-basis:66.66%\">\n<h1 class=\"wp-block-heading\" id=\"sponsing-av-arrangementer-og-idrettsutovere-1\">Sponsing <\/h1>\n\n\n\n<p>Som du har l\u00e6rt tidligere vil bruken av kjendiser kunne \u00f8ke sjansen for at reklamen blir lagt merke til.&nbsp; Kjente personer kan bidra til at vi tenker p\u00e5 produktene p\u00e5 en spesiell m\u00e5te og at alt vi forbinder med personen smitter over p\u00e5 produktet.&nbsp; Ved \u00e5 bruke kjente idrettsut\u00f8vere i markedsf\u00f8ringen vil v\u00e5r oppfatning av at personen er sunn og frisk kunne smitte over til produktet, slik at vi tenker at produktet b\u00e5de er sunt og bra for kroppen.  Annons\u00f8rer og reklameskapere vil derfor vurdere n\u00f8ye hvem som kan gi de rette assosiasjonene, noe som igjen gj\u00f8r b\u00e5ndet mellom oss som forbrukere og merkevarene enda sterkere.<\/p>\n\n\n\n<p>Mange n\u00e6ringsdrivende velger ogs\u00e5 \u00e5 sponse b\u00e5de idrettslag og arrangementer. &nbsp;Ved \u00e5 sponse arrangementer og idrettslag vil forbrukeren for det f\u00f8rste lett kunne gjenkjenne den n\u00e6ringsdrivende og logoen senere, men ogs\u00e5 kunne assosiere selskapet med en type milj\u00f8 som forbrukeren f\u00f8ler seg hjemme i. &nbsp;<\/p>\n\n\n\n<div style=\"height:100px\" aria-hidden=\"true\" class=\"wp-block-spacer\"><\/div>\n\n\n\n<div class=\"wp-block-group is-style-questions is-layout-flow wp-block-group-is-layout-flow\">\n<h2 class=\"wp-block-heading\">Refleksjonsoppgave:<\/h2>\n\n\n\n<p>Hvorfor tror du at n\u00e6ringsdrivende sponser arrangementer blant annet innen sport og idrett?<\/p>\n\n\n\n<p><\/p>\n<\/div>\n\n\n\n<p><\/p>\n<\/div>\n\n\n\n<div class=\"wp-block-column is-layout-flow wp-block-column-is-layout-flow\" style=\"flex-basis:33.33%\">\n<figure class=\"wp-block-image size-full\"><img loading=\"lazy\" decoding=\"async\" width=\"750\" height=\"1334\" src=\"https:\/\/reklameskolen.devz.no\/wp-content\/uploads\/sites\/7\/2022\/02\/bama-2.jpg\" alt=\"Bilde viser et Instagraminnlegg fra Bamagruppen. Bilde viser det norske fotballandslaget som har p\u00e5 seg den norske landslagsdrakten hvor det st\u00e5r &quot;bama&quot; p\u00e5 brystet. Fotballspillerne spiser frukt. \" class=\"wp-image-926\" srcset=\"https:\/\/reklameskolen.devz.no\/ungdomsskole\/files\/2022\/02\/bama-2.jpg 750w, https:\/\/reklameskolen.devz.no\/ungdomsskole\/files\/2022\/02\/bama-2-169x300.jpg 169w, https:\/\/reklameskolen.devz.no\/ungdomsskole\/files\/2022\/02\/bama-2-576x1024.jpg 576w, https:\/\/reklameskolen.devz.no\/ungdomsskole\/files\/2022\/02\/bama-2-150x267.jpg 150w\" sizes=\"auto, (max-width: 750px) 100vw, 750px\" \/><figcaption class=\"wp-element-caption\">Fotballandslaget er sponset av Bama. <br>I dette Instagraminnlegget markedsf\u00f8rer Bama at deres produkter vil v\u00e6re riktig n\u00e6ring f\u00f8r en viktig kamp.<\/figcaption><\/figure>\n<\/div>\n<\/div>\n\n\n\n<div class=\"wp-block-group is-style-default has-palette-color-8-color has-text-color is-layout-flow wp-block-group-is-layout-flow\"><\/div>\n\n\n\n<div style=\"height:100px\" aria-hidden=\"true\" class=\"wp-block-spacer\"><\/div>\n\n\n\n<div class=\"wp-block-group alignfull has-palette-color-4-background-color has-background is-layout-flow wp-block-group-is-layout-flow\">\n<div class=\"wp-block-columns is-layout-flex wp-container-core-columns-is-layout-28f84493 wp-block-columns-is-layout-flex\">\n<div class=\"wp-block-column is-layout-flow wp-block-column-is-layout-flow\">\n<div class=\"wp-block-buttons is-layout-flex wp-block-buttons-is-layout-flex\">\n<div class=\"wp-block-button\"><a class=\"wp-block-button__link wp-element-button\" href=\"https:\/\/reklameskolen.devz.no\/ungdomsskole\/reklamen-og-oss\/merkevarebygging\/\">Tilbake til &laquo;Merkevarebygging&raquo;<\/a><\/div>\n<\/div>\n<\/div>\n\n\n\n<div class=\"wp-block-column is-layout-flow wp-block-column-is-layout-flow\">\n<div class=\"wp-block-buttons is-horizontal is-content-justification-right is-layout-flex wp-container-core-buttons-is-layout-30af2ff6 wp-block-buttons-is-layout-flex\">\n<div class=\"wp-block-button\"><a class=\"wp-block-button__link wp-element-button\" href=\"https:\/\/reklameskolen.devz.no\/ungdomsskole\/reklamen-og-oss\/merkevarebygging\/slagord\/\">G\u00e5 videre til &laquo;Slagord&raquo;<\/a><\/div>\n<\/div>\n<\/div>\n<\/div>\n<\/div>\n\n\n\n<div class=\"wp-block-group has-palette-color-8-color has-text-color is-layout-flow wp-block-group-is-layout-flow\"><\/div>\n\n\n\n<p><\/p>\n","protected":false},"excerpt":{"rendered":"<p>Sponsing Som du har l\u00e6rt tidligere vil bruken av kjendiser kunne \u00f8ke sjansen for at reklamen blir lagt merke til.&nbsp; Kjente personer kan bidra til at vi tenker p\u00e5 produktene p\u00e5 en spesiell m\u00e5te og at alt vi forbinder med personen smitter over p\u00e5 produktet.&nbsp; Ved \u00e5 bruke kjente idrettsut\u00f8vere i markedsf\u00f8ringen vil v\u00e5r oppfatning [&hellip;]<\/p>\n","protected":false},"author":10,"featured_media":0,"parent":160,"menu_order":0,"comment_status":"closed","ping_status":"closed","template":"","meta":{"_acf_changed":false,"editor_notices":[],"footnotes":""},"class_list":["post-1644","page","type-page","status-publish","hentry"],"blocksy_meta":{"styles_descriptor":{"styles":{"desktop":"","tablet":"","mobile":""},"google_fonts":[],"version":6}},"acf":[],"yoast_head":"<!-- This site is optimized with the Yoast SEO plugin v25.9 - https:\/\/yoast.com\/wordpress\/plugins\/seo\/ -->\n<title>Sponsing - Ungdomsskole<\/title>\n<meta name=\"robots\" content=\"index, follow, max-snippet:-1, max-image-preview:large, max-video-preview:-1\" \/>\n<link rel=\"canonical\" href=\"https:\/\/reklameskolen.devz.no\/ungdomsskole\/reklamen-og-oss\/merkevarebygging\/sponsing-av-arrangementer\/\" \/>\n<meta property=\"og:locale\" content=\"nb_NO\" \/>\n<meta property=\"og:type\" content=\"article\" \/>\n<meta property=\"og:title\" content=\"Sponsing - Ungdomsskole\" \/>\n<meta property=\"og:description\" content=\"Sponsing Som du har l\u00e6rt tidligere vil bruken av kjendiser kunne \u00f8ke sjansen for at reklamen blir lagt merke til.&nbsp; Kjente personer kan bidra til at vi tenker p\u00e5 produktene p\u00e5 en spesiell m\u00e5te og at alt vi forbinder med personen smitter over p\u00e5 produktet.&nbsp; Ved \u00e5 bruke kjente idrettsut\u00f8vere i markedsf\u00f8ringen vil v\u00e5r oppfatning [&hellip;]\" \/>\n<meta property=\"og:url\" content=\"https:\/\/reklameskolen.devz.no\/ungdomsskole\/reklamen-og-oss\/merkevarebygging\/sponsing-av-arrangementer\/\" \/>\n<meta property=\"og:site_name\" content=\"Ungdomsskole\" \/>\n<meta property=\"article:modified_time\" content=\"2023-12-12T12:21:19+00:00\" \/>\n<meta property=\"og:image\" content=\"https:\/\/reklameskolen.devz.no\/wp-content\/uploads\/sites\/7\/2022\/02\/bama-2.jpg\" \/>\n<meta name=\"twitter:card\" content=\"summary_large_image\" \/>\n<meta name=\"twitter:label1\" content=\"Ansl. lesetid\" \/>\n\t<meta name=\"twitter:data1\" content=\"1 minutt\" \/>\n<script type=\"application\/ld+json\" class=\"yoast-schema-graph\">{\"@context\":\"https:\/\/schema.org\",\"@graph\":[{\"@type\":\"WebPage\",\"@id\":\"https:\/\/reklameskolen.devz.no\/ungdomsskole\/reklamen-og-oss\/merkevarebygging\/sponsing-av-arrangementer\/\",\"url\":\"https:\/\/reklameskolen.devz.no\/ungdomsskole\/reklamen-og-oss\/merkevarebygging\/sponsing-av-arrangementer\/\",\"name\":\"Sponsing - Ungdomsskole\",\"isPartOf\":{\"@id\":\"https:\/\/reklameskolen.devz.no\/ungdomsskole\/#website\"},\"primaryImageOfPage\":{\"@id\":\"https:\/\/reklameskolen.devz.no\/ungdomsskole\/reklamen-og-oss\/merkevarebygging\/sponsing-av-arrangementer\/#primaryimage\"},\"image\":{\"@id\":\"https:\/\/reklameskolen.devz.no\/ungdomsskole\/reklamen-og-oss\/merkevarebygging\/sponsing-av-arrangementer\/#primaryimage\"},\"thumbnailUrl\":\"https:\/\/reklameskolen.devz.no\/wp-content\/uploads\/sites\/7\/2022\/02\/bama-2.jpg\",\"datePublished\":\"2022-03-01T12:59:41+00:00\",\"dateModified\":\"2023-12-12T12:21:19+00:00\",\"breadcrumb\":{\"@id\":\"https:\/\/reklameskolen.devz.no\/ungdomsskole\/reklamen-og-oss\/merkevarebygging\/sponsing-av-arrangementer\/#breadcrumb\"},\"inLanguage\":\"nb-NO\",\"potentialAction\":[{\"@type\":\"ReadAction\",\"target\":[\"https:\/\/reklameskolen.devz.no\/ungdomsskole\/reklamen-og-oss\/merkevarebygging\/sponsing-av-arrangementer\/\"]}]},{\"@type\":\"ImageObject\",\"inLanguage\":\"nb-NO\",\"@id\":\"https:\/\/reklameskolen.devz.no\/ungdomsskole\/reklamen-og-oss\/merkevarebygging\/sponsing-av-arrangementer\/#primaryimage\",\"url\":\"https:\/\/reklameskolen.devz.no\/wp-content\/uploads\/sites\/7\/2022\/02\/bama-2.jpg\",\"contentUrl\":\"https:\/\/reklameskolen.devz.no\/wp-content\/uploads\/sites\/7\/2022\/02\/bama-2.jpg\"},{\"@type\":\"BreadcrumbList\",\"@id\":\"https:\/\/reklameskolen.devz.no\/ungdomsskole\/reklamen-og-oss\/merkevarebygging\/sponsing-av-arrangementer\/#breadcrumb\",\"itemListElement\":[{\"@type\":\"ListItem\",\"position\":1,\"name\":\"Home\",\"item\":\"https:\/\/reklameskolen.devz.no\/ungdomsskole\/\"},{\"@type\":\"ListItem\",\"position\":2,\"name\":\"Reklamen og oss\",\"item\":\"https:\/\/reklameskolen.devz.no\/ungdomsskole\/reklamen-og-oss\/\"},{\"@type\":\"ListItem\",\"position\":3,\"name\":\"Merkevarebygging\",\"item\":\"https:\/\/reklameskolen.devz.no\/ungdomsskole\/reklamen-og-oss\/merkevarebygging\/\"},{\"@type\":\"ListItem\",\"position\":4,\"name\":\"Sponsing\"}]},{\"@type\":\"WebSite\",\"@id\":\"https:\/\/reklameskolen.devz.no\/ungdomsskole\/#website\",\"url\":\"https:\/\/reklameskolen.devz.no\/ungdomsskole\/\",\"name\":\"Ungdomsskole\",\"description\":\"Oppl\u00e6ringsverkt\u00f8y om reklame\",\"publisher\":{\"@id\":\"https:\/\/reklameskolen.devz.no\/ungdomsskole\/#organization\"},\"potentialAction\":[{\"@type\":\"SearchAction\",\"target\":{\"@type\":\"EntryPoint\",\"urlTemplate\":\"https:\/\/reklameskolen.devz.no\/ungdomsskole\/?s={search_term_string}\"},\"query-input\":{\"@type\":\"PropertyValueSpecification\",\"valueRequired\":true,\"valueName\":\"search_term_string\"}}],\"inLanguage\":\"nb-NO\"},{\"@type\":\"Organization\",\"@id\":\"https:\/\/reklameskolen.devz.no\/ungdomsskole\/#organization\",\"name\":\"Ungdomsskole\",\"url\":\"https:\/\/reklameskolen.devz.no\/ungdomsskole\/\",\"logo\":{\"@type\":\"ImageObject\",\"inLanguage\":\"nb-NO\",\"@id\":\"https:\/\/reklameskolen.devz.no\/ungdomsskole\/#\/schema\/logo\/image\/\",\"url\":\"https:\/\/reklameskolen.devz.no\/wp-content\/uploads\/2023\/08\/Reklameskolen-Logo-01.png\",\"contentUrl\":\"https:\/\/reklameskolen.devz.no\/wp-content\/uploads\/2023\/08\/Reklameskolen-Logo-01.png\",\"caption\":\"Ungdomsskole\"},\"image\":{\"@id\":\"https:\/\/reklameskolen.devz.no\/ungdomsskole\/#\/schema\/logo\/image\/\"}}]}<\/script>\n<!-- \/ Yoast SEO plugin. -->","yoast_head_json":{"title":"Sponsing - Ungdomsskole","robots":{"index":"index","follow":"follow","max-snippet":"max-snippet:-1","max-image-preview":"max-image-preview:large","max-video-preview":"max-video-preview:-1"},"canonical":"https:\/\/reklameskolen.devz.no\/ungdomsskole\/reklamen-og-oss\/merkevarebygging\/sponsing-av-arrangementer\/","og_locale":"nb_NO","og_type":"article","og_title":"Sponsing - Ungdomsskole","og_description":"Sponsing Som du har l\u00e6rt tidligere vil bruken av kjendiser kunne \u00f8ke sjansen for at reklamen blir lagt merke til.&nbsp; Kjente personer kan bidra til at vi tenker p\u00e5 produktene p\u00e5 en spesiell m\u00e5te og at alt vi forbinder med personen smitter over p\u00e5 produktet.&nbsp; Ved \u00e5 bruke kjente idrettsut\u00f8vere i markedsf\u00f8ringen vil v\u00e5r oppfatning [&hellip;]","og_url":"https:\/\/reklameskolen.devz.no\/ungdomsskole\/reklamen-og-oss\/merkevarebygging\/sponsing-av-arrangementer\/","og_site_name":"Ungdomsskole","article_modified_time":"2023-12-12T12:21:19+00:00","og_image":[{"url":"https:\/\/reklameskolen.devz.no\/wp-content\/uploads\/sites\/7\/2022\/02\/bama-2.jpg","type":"","width":"","height":""}],"twitter_card":"summary_large_image","twitter_misc":{"Ansl. lesetid":"1 minutt"},"schema":{"@context":"https:\/\/schema.org","@graph":[{"@type":"WebPage","@id":"https:\/\/reklameskolen.devz.no\/ungdomsskole\/reklamen-og-oss\/merkevarebygging\/sponsing-av-arrangementer\/","url":"https:\/\/reklameskolen.devz.no\/ungdomsskole\/reklamen-og-oss\/merkevarebygging\/sponsing-av-arrangementer\/","name":"Sponsing - Ungdomsskole","isPartOf":{"@id":"https:\/\/reklameskolen.devz.no\/ungdomsskole\/#website"},"primaryImageOfPage":{"@id":"https:\/\/reklameskolen.devz.no\/ungdomsskole\/reklamen-og-oss\/merkevarebygging\/sponsing-av-arrangementer\/#primaryimage"},"image":{"@id":"https:\/\/reklameskolen.devz.no\/ungdomsskole\/reklamen-og-oss\/merkevarebygging\/sponsing-av-arrangementer\/#primaryimage"},"thumbnailUrl":"https:\/\/reklameskolen.devz.no\/wp-content\/uploads\/sites\/7\/2022\/02\/bama-2.jpg","datePublished":"2022-03-01T12:59:41+00:00","dateModified":"2023-12-12T12:21:19+00:00","breadcrumb":{"@id":"https:\/\/reklameskolen.devz.no\/ungdomsskole\/reklamen-og-oss\/merkevarebygging\/sponsing-av-arrangementer\/#breadcrumb"},"inLanguage":"nb-NO","potentialAction":[{"@type":"ReadAction","target":["https:\/\/reklameskolen.devz.no\/ungdomsskole\/reklamen-og-oss\/merkevarebygging\/sponsing-av-arrangementer\/"]}]},{"@type":"ImageObject","inLanguage":"nb-NO","@id":"https:\/\/reklameskolen.devz.no\/ungdomsskole\/reklamen-og-oss\/merkevarebygging\/sponsing-av-arrangementer\/#primaryimage","url":"https:\/\/reklameskolen.devz.no\/wp-content\/uploads\/sites\/7\/2022\/02\/bama-2.jpg","contentUrl":"https:\/\/reklameskolen.devz.no\/wp-content\/uploads\/sites\/7\/2022\/02\/bama-2.jpg"},{"@type":"BreadcrumbList","@id":"https:\/\/reklameskolen.devz.no\/ungdomsskole\/reklamen-og-oss\/merkevarebygging\/sponsing-av-arrangementer\/#breadcrumb","itemListElement":[{"@type":"ListItem","position":1,"name":"Home","item":"https:\/\/reklameskolen.devz.no\/ungdomsskole\/"},{"@type":"ListItem","position":2,"name":"Reklamen og oss","item":"https:\/\/reklameskolen.devz.no\/ungdomsskole\/reklamen-og-oss\/"},{"@type":"ListItem","position":3,"name":"Merkevarebygging","item":"https:\/\/reklameskolen.devz.no\/ungdomsskole\/reklamen-og-oss\/merkevarebygging\/"},{"@type":"ListItem","position":4,"name":"Sponsing"}]},{"@type":"WebSite","@id":"https:\/\/reklameskolen.devz.no\/ungdomsskole\/#website","url":"https:\/\/reklameskolen.devz.no\/ungdomsskole\/","name":"Ungdomsskole","description":"Oppl\u00e6ringsverkt\u00f8y om reklame","publisher":{"@id":"https:\/\/reklameskolen.devz.no\/ungdomsskole\/#organization"},"potentialAction":[{"@type":"SearchAction","target":{"@type":"EntryPoint","urlTemplate":"https:\/\/reklameskolen.devz.no\/ungdomsskole\/?s={search_term_string}"},"query-input":{"@type":"PropertyValueSpecification","valueRequired":true,"valueName":"search_term_string"}}],"inLanguage":"nb-NO"},{"@type":"Organization","@id":"https:\/\/reklameskolen.devz.no\/ungdomsskole\/#organization","name":"Ungdomsskole","url":"https:\/\/reklameskolen.devz.no\/ungdomsskole\/","logo":{"@type":"ImageObject","inLanguage":"nb-NO","@id":"https:\/\/reklameskolen.devz.no\/ungdomsskole\/#\/schema\/logo\/image\/","url":"https:\/\/reklameskolen.devz.no\/wp-content\/uploads\/2023\/08\/Reklameskolen-Logo-01.png","contentUrl":"https:\/\/reklameskolen.devz.no\/wp-content\/uploads\/2023\/08\/Reklameskolen-Logo-01.png","caption":"Ungdomsskole"},"image":{"@id":"https:\/\/reklameskolen.devz.no\/ungdomsskole\/#\/schema\/logo\/image\/"}}]}},"_links":{"self":[{"href":"https:\/\/reklameskolen.devz.no\/ungdomsskole\/wp-json\/wp\/v2\/pages\/1644","targetHints":{"allow":["GET"]}}],"collection":[{"href":"https:\/\/reklameskolen.devz.no\/ungdomsskole\/wp-json\/wp\/v2\/pages"}],"about":[{"href":"https:\/\/reklameskolen.devz.no\/ungdomsskole\/wp-json\/wp\/v2\/types\/page"}],"author":[{"embeddable":true,"href":"https:\/\/reklameskolen.devz.no\/ungdomsskole\/wp-json\/wp\/v2\/users\/10"}],"replies":[{"embeddable":true,"href":"https:\/\/reklameskolen.devz.no\/ungdomsskole\/wp-json\/wp\/v2\/comments?post=1644"}],"version-history":[{"count":25,"href":"https:\/\/reklameskolen.devz.no\/ungdomsskole\/wp-json\/wp\/v2\/pages\/1644\/revisions"}],"predecessor-version":[{"id":3833,"href":"https:\/\/reklameskolen.devz.no\/ungdomsskole\/wp-json\/wp\/v2\/pages\/1644\/revisions\/3833"}],"up":[{"embeddable":true,"href":"https:\/\/reklameskolen.devz.no\/ungdomsskole\/wp-json\/wp\/v2\/pages\/160"}],"wp:attachment":[{"href":"https:\/\/reklameskolen.devz.no\/ungdomsskole\/wp-json\/wp\/v2\/media?parent=1644"}],"curies":[{"name":"wp","href":"https:\/\/api.w.org\/{rel}","templated":true}]}}