{"id":165,"date":"2021-12-09T08:58:10","date_gmt":"2021-12-09T07:58:10","guid":{"rendered":"https:\/\/reklameskolen.devz.no\/?page_id=165"},"modified":"2024-08-20T13:35:06","modified_gmt":"2024-08-20T11:35:06","slug":"barn-og-unge-som-malgruppe","status":"publish","type":"page","link":"https:\/\/reklameskolen.devz.no\/ungdomsskole\/metoder-medier-og-miljo\/barn-og-unge-som-malgruppe\/","title":{"rendered":"Barn og unge"},"content":{"rendered":"\n<figure class=\"wp-block-image size-full\"><img decoding=\"async\" src=\"https:\/\/reklameskolen.devz.no\/wp-content\/uploads\/2024\/08\/forbrukertilsynet-barn-unge19SMAL.jpg\" alt=\"Foto av tre unge jenter som holder hverandre om skuldrene. I bakgrunnen ser vi blokker og en park.\" class=\"wp-image-5067\"\/><\/figure>\n\n\n\n<div class=\"wp-block-columns is-layout-flex wp-container-core-columns-is-layout-28f84493 wp-block-columns-is-layout-flex\">\n<div class=\"wp-block-column is-layout-flow wp-block-column-is-layout-flow\">\n<div class=\"wp-block-columns is-layout-flex wp-container-core-columns-is-layout-28f84493 wp-block-columns-is-layout-flex\">\n<div class=\"wp-block-column is-layout-flow wp-block-column-is-layout-flow\" style=\"flex-basis:66.66%\">\n<h2 class=\"wp-block-heading\">Barn og unge<\/h2>\n\n\n\n<p>Barn og unge eksponeres i dag for reklame i st\u00f8rre grad enn f\u00f8r. Reklame er overalt. Det er p\u00e5 skolen, i l\u00e6ringsmateriell, p\u00e5 skolebussen og p\u00e5 TV. S\u00e6rlig p\u00e5 sosiale medier er reklametrykket stort. Med en \u00f8kende tilstedev\u00e6relse p\u00e5 sosiale medier blir ogs\u00e5 barn helt ned til ni\u00e5rsalderen utsatt for store mengder reklame.&nbsp;&nbsp;<\/p>\n\n\n\n<p>I en unders\u00f8kelse utf\u00f8rt av Medietilsynet i 2020, svarte 7 av 10 i aldersgruppen 13-18 \u00e5r at det var for mye reklame p\u00e5 sosiale medier. Samme unders\u00f8kelse viste at omtrent halvparten av 13\u201318-\u00e5ringer har mottatt reklame for produkter som skal s\u00f8rge for vekttap eller gi st\u00f8rre muskler. Mange oppga ogs\u00e5 at de hadde mottatt reklame for kosmetiske inngrep, tobakksprodukter, alkohol, pengespill og gambling.&nbsp;&nbsp;<\/p>\n<\/div>\n\n\n\n<div class=\"wp-block-column is-layout-flow wp-block-column-is-layout-flow\" style=\"flex-basis:33.33%\">\n<div style=\"height:100px\" aria-hidden=\"true\" class=\"wp-block-spacer\"><\/div>\n\n\n\n<div class=\"wp-block-group is-style-questions is-layout-flow wp-block-group-is-layout-flow\">\n<h2 class=\"wp-block-heading\">Refleksjonsoppgave:<\/h2>\n\n\n\n<p>Har du sett en reklame du synes var upassende? F\u00f8ler du at det er mye reklame p\u00e5 sosiale medier? Hvorfor?<\/p>\n<\/div>\n<\/div>\n<\/div>\n<\/div>\n<\/div>\n\n\n\n<div style=\"height:100px\" aria-hidden=\"true\" class=\"wp-block-spacer\"><\/div>\n\n\n\n<div class=\"wp-block-group alignfull has-palette-color-4-background-color has-background is-layout-flow wp-block-group-is-layout-flow\">\n<div class=\"wp-block-columns is-layout-flex wp-container-core-columns-is-layout-28f84493 wp-block-columns-is-layout-flex\">\n<div class=\"wp-block-column is-layout-flow wp-block-column-is-layout-flow\">\n<div class=\"wp-block-buttons is-layout-flex wp-block-buttons-is-layout-flex\">\n<div class=\"wp-block-button\"><a class=\"wp-block-button__link wp-element-button\" href=\"https:\/\/reklameskolen.devz.no\/ungdomsskole\/metoder-medier-og-miljo\/personrettet-overvakningsbasert-markedsforing\/\">Tilbake til &laquo;Personlig reklame&raquo;<\/a><\/div>\n<\/div>\n<\/div>\n\n\n\n<div class=\"wp-block-column is-layout-flow wp-block-column-is-layout-flow\">\n<div class=\"wp-block-buttons is-horizontal is-content-justification-right is-layout-flex wp-container-core-buttons-is-layout-30af2ff6 wp-block-buttons-is-layout-flex\">\n<div class=\"wp-block-button\"><a class=\"wp-block-button__link wp-element-button\" href=\"https:\/\/reklameskolen.devz.no\/ungdomsskole\/metoder-medier-og-miljo\/barn-og-unge-som-malgruppe\/barns-rettsvern-i-lovgivningen\/\">G\u00e5 videre til &laquo;Beskyttet av loven&raquo;<\/a><\/div>\n<\/div>\n<\/div>\n<\/div>\n<\/div>\n","protected":false},"excerpt":{"rendered":"<p>Barn og unge Barn og unge eksponeres i dag for reklame i st\u00f8rre grad enn f\u00f8r. Reklame er overalt. Det er p\u00e5 skolen, i l\u00e6ringsmateriell, p\u00e5 skolebussen og p\u00e5 TV. S\u00e6rlig p\u00e5 sosiale medier er reklametrykket stort. Med en \u00f8kende tilstedev\u00e6relse p\u00e5 sosiale medier blir ogs\u00e5 barn helt ned til ni\u00e5rsalderen utsatt for store mengder [&hellip;]<\/p>\n","protected":false},"author":8,"featured_media":0,"parent":109,"menu_order":5,"comment_status":"closed","ping_status":"closed","template":"","meta":{"_acf_changed":false,"editor_notices":[],"footnotes":""},"class_list":["post-165","page","type-page","status-publish","hentry"],"blocksy_meta":{"styles_descriptor":{"styles":{"desktop":"","tablet":"","mobile":""},"google_fonts":[],"version":6}},"acf":[],"yoast_head":"<!-- This site is optimized with the Yoast SEO plugin v25.9 - https:\/\/yoast.com\/wordpress\/plugins\/seo\/ -->\n<title>Barn og unge - Ungdomsskole<\/title>\n<meta name=\"robots\" content=\"index, follow, max-snippet:-1, max-image-preview:large, max-video-preview:-1\" \/>\n<link rel=\"canonical\" href=\"https:\/\/reklameskolen.devz.no\/ungdomsskole\/metoder-medier-og-miljo\/barn-og-unge-som-malgruppe\/\" \/>\n<meta property=\"og:locale\" content=\"nb_NO\" \/>\n<meta property=\"og:type\" content=\"article\" \/>\n<meta property=\"og:title\" content=\"Barn og unge - Ungdomsskole\" \/>\n<meta property=\"og:description\" content=\"Barn og unge Barn og unge eksponeres i dag for reklame i st\u00f8rre grad enn f\u00f8r. Reklame er overalt. Det er p\u00e5 skolen, i l\u00e6ringsmateriell, p\u00e5 skolebussen og p\u00e5 TV. S\u00e6rlig p\u00e5 sosiale medier er reklametrykket stort. Med en \u00f8kende tilstedev\u00e6relse p\u00e5 sosiale medier blir ogs\u00e5 barn helt ned til ni\u00e5rsalderen utsatt for store mengder [&hellip;]\" \/>\n<meta property=\"og:url\" content=\"https:\/\/reklameskolen.devz.no\/ungdomsskole\/metoder-medier-og-miljo\/barn-og-unge-som-malgruppe\/\" \/>\n<meta property=\"og:site_name\" content=\"Ungdomsskole\" \/>\n<meta property=\"article:modified_time\" content=\"2024-08-20T11:35:06+00:00\" \/>\n<meta property=\"og:image\" content=\"https:\/\/reklameskolen.devz.no\/wp-content\/uploads\/2024\/08\/forbrukertilsynet-barn-unge19SMAL.jpg\" \/>\n<meta name=\"twitter:card\" content=\"summary_large_image\" \/>\n<meta name=\"twitter:label1\" content=\"Ansl. lesetid\" \/>\n\t<meta name=\"twitter:data1\" content=\"1 minutt\" \/>\n<script type=\"application\/ld+json\" class=\"yoast-schema-graph\">{\"@context\":\"https:\/\/schema.org\",\"@graph\":[{\"@type\":\"WebPage\",\"@id\":\"https:\/\/reklameskolen.devz.no\/ungdomsskole\/metoder-medier-og-miljo\/barn-og-unge-som-malgruppe\/\",\"url\":\"https:\/\/reklameskolen.devz.no\/ungdomsskole\/metoder-medier-og-miljo\/barn-og-unge-som-malgruppe\/\",\"name\":\"Barn og unge - Ungdomsskole\",\"isPartOf\":{\"@id\":\"https:\/\/reklameskolen.devz.no\/ungdomsskole\/#website\"},\"primaryImageOfPage\":{\"@id\":\"https:\/\/reklameskolen.devz.no\/ungdomsskole\/metoder-medier-og-miljo\/barn-og-unge-som-malgruppe\/#primaryimage\"},\"image\":{\"@id\":\"https:\/\/reklameskolen.devz.no\/ungdomsskole\/metoder-medier-og-miljo\/barn-og-unge-som-malgruppe\/#primaryimage\"},\"thumbnailUrl\":\"https:\/\/reklameskolen.devz.no\/wp-content\/uploads\/2024\/08\/forbrukertilsynet-barn-unge19SMAL.jpg\",\"datePublished\":\"2021-12-09T07:58:10+00:00\",\"dateModified\":\"2024-08-20T11:35:06+00:00\",\"breadcrumb\":{\"@id\":\"https:\/\/reklameskolen.devz.no\/ungdomsskole\/metoder-medier-og-miljo\/barn-og-unge-som-malgruppe\/#breadcrumb\"},\"inLanguage\":\"nb-NO\",\"potentialAction\":[{\"@type\":\"ReadAction\",\"target\":[\"https:\/\/reklameskolen.devz.no\/ungdomsskole\/metoder-medier-og-miljo\/barn-og-unge-som-malgruppe\/\"]}]},{\"@type\":\"ImageObject\",\"inLanguage\":\"nb-NO\",\"@id\":\"https:\/\/reklameskolen.devz.no\/ungdomsskole\/metoder-medier-og-miljo\/barn-og-unge-som-malgruppe\/#primaryimage\",\"url\":\"https:\/\/reklameskolen.devz.no\/wp-content\/uploads\/2024\/08\/forbrukertilsynet-barn-unge19SMAL.jpg\",\"contentUrl\":\"https:\/\/reklameskolen.devz.no\/wp-content\/uploads\/2024\/08\/forbrukertilsynet-barn-unge19SMAL.jpg\"},{\"@type\":\"BreadcrumbList\",\"@id\":\"https:\/\/reklameskolen.devz.no\/ungdomsskole\/metoder-medier-og-miljo\/barn-og-unge-som-malgruppe\/#breadcrumb\",\"itemListElement\":[{\"@type\":\"ListItem\",\"position\":1,\"name\":\"Home\",\"item\":\"https:\/\/reklameskolen.devz.no\/ungdomsskole\/\"},{\"@type\":\"ListItem\",\"position\":2,\"name\":\"Metoder, medier og milj\u00f8\",\"item\":\"https:\/\/reklameskolen.devz.no\/ungdomsskole\/metoder-medier-og-miljo\/\"},{\"@type\":\"ListItem\",\"position\":3,\"name\":\"Barn og unge\"}]},{\"@type\":\"WebSite\",\"@id\":\"https:\/\/reklameskolen.devz.no\/ungdomsskole\/#website\",\"url\":\"https:\/\/reklameskolen.devz.no\/ungdomsskole\/\",\"name\":\"Ungdomsskole\",\"description\":\"Oppl\u00e6ringsverkt\u00f8y om reklame\",\"publisher\":{\"@id\":\"https:\/\/reklameskolen.devz.no\/ungdomsskole\/#organization\"},\"potentialAction\":[{\"@type\":\"SearchAction\",\"target\":{\"@type\":\"EntryPoint\",\"urlTemplate\":\"https:\/\/reklameskolen.devz.no\/ungdomsskole\/?s={search_term_string}\"},\"query-input\":{\"@type\":\"PropertyValueSpecification\",\"valueRequired\":true,\"valueName\":\"search_term_string\"}}],\"inLanguage\":\"nb-NO\"},{\"@type\":\"Organization\",\"@id\":\"https:\/\/reklameskolen.devz.no\/ungdomsskole\/#organization\",\"name\":\"Ungdomsskole\",\"url\":\"https:\/\/reklameskolen.devz.no\/ungdomsskole\/\",\"logo\":{\"@type\":\"ImageObject\",\"inLanguage\":\"nb-NO\",\"@id\":\"https:\/\/reklameskolen.devz.no\/ungdomsskole\/#\/schema\/logo\/image\/\",\"url\":\"https:\/\/reklameskolen.devz.no\/wp-content\/uploads\/2023\/08\/Reklameskolen-Logo-01.png\",\"contentUrl\":\"https:\/\/reklameskolen.devz.no\/wp-content\/uploads\/2023\/08\/Reklameskolen-Logo-01.png\",\"caption\":\"Ungdomsskole\"},\"image\":{\"@id\":\"https:\/\/reklameskolen.devz.no\/ungdomsskole\/#\/schema\/logo\/image\/\"}}]}<\/script>\n<!-- \/ Yoast SEO plugin. -->","yoast_head_json":{"title":"Barn og unge - Ungdomsskole","robots":{"index":"index","follow":"follow","max-snippet":"max-snippet:-1","max-image-preview":"max-image-preview:large","max-video-preview":"max-video-preview:-1"},"canonical":"https:\/\/reklameskolen.devz.no\/ungdomsskole\/metoder-medier-og-miljo\/barn-og-unge-som-malgruppe\/","og_locale":"nb_NO","og_type":"article","og_title":"Barn og unge - Ungdomsskole","og_description":"Barn og unge Barn og unge eksponeres i dag for reklame i st\u00f8rre grad enn f\u00f8r. Reklame er overalt. Det er p\u00e5 skolen, i l\u00e6ringsmateriell, p\u00e5 skolebussen og p\u00e5 TV. S\u00e6rlig p\u00e5 sosiale medier er reklametrykket stort. Med en \u00f8kende tilstedev\u00e6relse p\u00e5 sosiale medier blir ogs\u00e5 barn helt ned til ni\u00e5rsalderen utsatt for store mengder [&hellip;]","og_url":"https:\/\/reklameskolen.devz.no\/ungdomsskole\/metoder-medier-og-miljo\/barn-og-unge-som-malgruppe\/","og_site_name":"Ungdomsskole","article_modified_time":"2024-08-20T11:35:06+00:00","og_image":[{"url":"https:\/\/reklameskolen.devz.no\/wp-content\/uploads\/2024\/08\/forbrukertilsynet-barn-unge19SMAL.jpg","type":"","width":"","height":""}],"twitter_card":"summary_large_image","twitter_misc":{"Ansl. lesetid":"1 minutt"},"schema":{"@context":"https:\/\/schema.org","@graph":[{"@type":"WebPage","@id":"https:\/\/reklameskolen.devz.no\/ungdomsskole\/metoder-medier-og-miljo\/barn-og-unge-som-malgruppe\/","url":"https:\/\/reklameskolen.devz.no\/ungdomsskole\/metoder-medier-og-miljo\/barn-og-unge-som-malgruppe\/","name":"Barn og unge - Ungdomsskole","isPartOf":{"@id":"https:\/\/reklameskolen.devz.no\/ungdomsskole\/#website"},"primaryImageOfPage":{"@id":"https:\/\/reklameskolen.devz.no\/ungdomsskole\/metoder-medier-og-miljo\/barn-og-unge-som-malgruppe\/#primaryimage"},"image":{"@id":"https:\/\/reklameskolen.devz.no\/ungdomsskole\/metoder-medier-og-miljo\/barn-og-unge-som-malgruppe\/#primaryimage"},"thumbnailUrl":"https:\/\/reklameskolen.devz.no\/wp-content\/uploads\/2024\/08\/forbrukertilsynet-barn-unge19SMAL.jpg","datePublished":"2021-12-09T07:58:10+00:00","dateModified":"2024-08-20T11:35:06+00:00","breadcrumb":{"@id":"https:\/\/reklameskolen.devz.no\/ungdomsskole\/metoder-medier-og-miljo\/barn-og-unge-som-malgruppe\/#breadcrumb"},"inLanguage":"nb-NO","potentialAction":[{"@type":"ReadAction","target":["https:\/\/reklameskolen.devz.no\/ungdomsskole\/metoder-medier-og-miljo\/barn-og-unge-som-malgruppe\/"]}]},{"@type":"ImageObject","inLanguage":"nb-NO","@id":"https:\/\/reklameskolen.devz.no\/ungdomsskole\/metoder-medier-og-miljo\/barn-og-unge-som-malgruppe\/#primaryimage","url":"https:\/\/reklameskolen.devz.no\/wp-content\/uploads\/2024\/08\/forbrukertilsynet-barn-unge19SMAL.jpg","contentUrl":"https:\/\/reklameskolen.devz.no\/wp-content\/uploads\/2024\/08\/forbrukertilsynet-barn-unge19SMAL.jpg"},{"@type":"BreadcrumbList","@id":"https:\/\/reklameskolen.devz.no\/ungdomsskole\/metoder-medier-og-miljo\/barn-og-unge-som-malgruppe\/#breadcrumb","itemListElement":[{"@type":"ListItem","position":1,"name":"Home","item":"https:\/\/reklameskolen.devz.no\/ungdomsskole\/"},{"@type":"ListItem","position":2,"name":"Metoder, medier og milj\u00f8","item":"https:\/\/reklameskolen.devz.no\/ungdomsskole\/metoder-medier-og-miljo\/"},{"@type":"ListItem","position":3,"name":"Barn og unge"}]},{"@type":"WebSite","@id":"https:\/\/reklameskolen.devz.no\/ungdomsskole\/#website","url":"https:\/\/reklameskolen.devz.no\/ungdomsskole\/","name":"Ungdomsskole","description":"Oppl\u00e6ringsverkt\u00f8y om reklame","publisher":{"@id":"https:\/\/reklameskolen.devz.no\/ungdomsskole\/#organization"},"potentialAction":[{"@type":"SearchAction","target":{"@type":"EntryPoint","urlTemplate":"https:\/\/reklameskolen.devz.no\/ungdomsskole\/?s={search_term_string}"},"query-input":{"@type":"PropertyValueSpecification","valueRequired":true,"valueName":"search_term_string"}}],"inLanguage":"nb-NO"},{"@type":"Organization","@id":"https:\/\/reklameskolen.devz.no\/ungdomsskole\/#organization","name":"Ungdomsskole","url":"https:\/\/reklameskolen.devz.no\/ungdomsskole\/","logo":{"@type":"ImageObject","inLanguage":"nb-NO","@id":"https:\/\/reklameskolen.devz.no\/ungdomsskole\/#\/schema\/logo\/image\/","url":"https:\/\/reklameskolen.devz.no\/wp-content\/uploads\/2023\/08\/Reklameskolen-Logo-01.png","contentUrl":"https:\/\/reklameskolen.devz.no\/wp-content\/uploads\/2023\/08\/Reklameskolen-Logo-01.png","caption":"Ungdomsskole"},"image":{"@id":"https:\/\/reklameskolen.devz.no\/ungdomsskole\/#\/schema\/logo\/image\/"}}]}},"_links":{"self":[{"href":"https:\/\/reklameskolen.devz.no\/ungdomsskole\/wp-json\/wp\/v2\/pages\/165","targetHints":{"allow":["GET"]}}],"collection":[{"href":"https:\/\/reklameskolen.devz.no\/ungdomsskole\/wp-json\/wp\/v2\/pages"}],"about":[{"href":"https:\/\/reklameskolen.devz.no\/ungdomsskole\/wp-json\/wp\/v2\/types\/page"}],"author":[{"embeddable":true,"href":"https:\/\/reklameskolen.devz.no\/ungdomsskole\/wp-json\/wp\/v2\/users\/8"}],"replies":[{"embeddable":true,"href":"https:\/\/reklameskolen.devz.no\/ungdomsskole\/wp-json\/wp\/v2\/comments?post=165"}],"version-history":[{"count":39,"href":"https:\/\/reklameskolen.devz.no\/ungdomsskole\/wp-json\/wp\/v2\/pages\/165\/revisions"}],"predecessor-version":[{"id":3952,"href":"https:\/\/reklameskolen.devz.no\/ungdomsskole\/wp-json\/wp\/v2\/pages\/165\/revisions\/3952"}],"up":[{"embeddable":true,"href":"https:\/\/reklameskolen.devz.no\/ungdomsskole\/wp-json\/wp\/v2\/pages\/109"}],"wp:attachment":[{"href":"https:\/\/reklameskolen.devz.no\/ungdomsskole\/wp-json\/wp\/v2\/media?parent=165"}],"curies":[{"name":"wp","href":"https:\/\/api.w.org\/{rel}","templated":true}]}}