{"id":166,"date":"2021-12-09T08:58:10","date_gmt":"2021-12-09T07:58:10","guid":{"rendered":"https:\/\/reklameskolen.devz.no\/?page_id=166"},"modified":"2024-10-03T14:08:08","modified_gmt":"2024-10-03T12:08:08","slug":"konkurranser","status":"publish","type":"page","link":"https:\/\/reklameskolen.devz.no\/ungdomsskole\/reklamen-og-oss\/hvordan-virker-reklame\/konkurranser\/","title":{"rendered":"Konkurranser"},"content":{"rendered":"\n<h1 class=\"wp-block-heading\">Konkurranser<\/h1>\n\n\n\n<div class=\"wp-block-columns is-layout-flex wp-container-core-columns-is-layout-28f84493 wp-block-columns-is-layout-flex\">\n<div class=\"wp-block-column is-layout-flow wp-block-column-is-layout-flow\" style=\"flex-basis:70%\">\n<p>I sosiale medier er det mye reklame. S\u00e5 mye at du kanskje ikke legger merke til den. Konkurranser kan v\u00e6re en god m\u00e5te \u00e5 skape oppmerksomhet p\u00e5. N\u00e5r du kan vinne en stor premie, er det kanskje st\u00f8rre sjanse for at du legger merke til reklamen. Konkurranser med flotte premier skaper ofte mye aktivitet. Mange liker reklamen, deler den eller tagger venner. Alt for \u00e5 f\u00e5 en sjanse til \u00e5 vinne premien.&nbsp;<\/p>\n\n\n\n<h2 class=\"wp-block-heading\" id=\"klare-betingelser\">Klare vilk\u00e5r<\/h2>\n\n\n\n<p>Det er ikke alle konkurranser som er lovlige. De som lager konkurransene, m\u00e5 f\u00f8lge mange regler. De m\u00e5 blant annet forklare tydelig hva som er vilk\u00e5rene for \u00e5 v\u00e6re med i konkurransen. Det m\u00e5 for eksempel v\u00e6re lett \u00e5 forst\u00e5 &nbsp;<\/p>\n\n\n\n<ul class=\"wp-block-list\">\n<li>hvordan du deltar i konkurransen.&nbsp;<\/li>\n\n\n\n<li>n\u00e5r og hvordan vinneren k\u00e5res.&nbsp;<\/li>\n\n\n\n<li>om det er aldersgrense eller krav til \u00e5 bo et spesielt sted for \u00e5 delta.&nbsp;<\/li>\n\n\n\n<li>eventuelle betingelser for levering eller henting av premie.&nbsp;<\/li>\n\n\n\n<li>om du m\u00e5 kj\u00f8pe noe eller si ja til \u00e5 motta nyhetsbrev for \u00e5 delta.&nbsp;<\/li>\n<\/ul>\n\n\n\n<h2 class=\"wp-block-heading\" id=\"betingelser-som-ikke-er-tillatt\">Dette er ikke lov<\/h2>\n\n\n\n<ul class=\"wp-block-list\">\n<li>Det er ikke lov \u00e5 lokke med premier som aldri blir delt ut. Hvis en annons\u00f8r har en konkurranse hvor de lover \u00e5 dele ut en premie, m\u00e5 de faktisk gj\u00f8re det.&nbsp;<\/li>\n\n\n\n<li>Det er ikke lov \u00e5 si at en premie er gratis hvis den ikke er det i virkeligheten. Hvis du for eksempel m\u00e5 betale frakt for \u00e5 motta premien, er den ikke gratis.&nbsp;<\/li>\n\n\n\n<li>Det er ikke lov \u00e5 kreve at du m\u00e5 tagge venner for \u00e5 delta i konkurransen. &nbsp;<\/li>\n<\/ul>\n\n\n\n<div style=\"height:50px\" aria-hidden=\"true\" class=\"wp-block-spacer\"><\/div>\n<\/div>\n\n\n\n<div class=\"wp-block-column is-layout-flow wp-block-column-is-layout-flow\" style=\"flex-basis:30%\">\n<div class=\"wp-block-group is-style-tableofcontent has-palette-color-5-background-color has-background is-layout-flow wp-block-group-is-layout-flow\">\n<h2 class=\"wp-block-heading has-text-align-left has-palette-color-4-color has-palette-color-5-background-color has-text-color has-background has-large-font-size\" id=\"bloggemammas-fiktive-konkurranser\">Ekstratekst: Bloggemammaens fiktive konkurranser<\/h2>\n\n\n\n<p>Har du lyst til \u00e5 lese om bloggemammaen som avholdt fiktive konkurranser for \u00e5 \u00f8ke oppmerksomheten rundt egen blogg?<\/p>\n\n\n\n<div class=\"wp-block-buttons is-layout-flex wp-block-buttons-is-layout-flex\">\n<div class=\"wp-block-button aligncenter\"><a class=\"wp-block-button__link has-palette-color-8-color has-palette-color-3-background-color has-text-color has-background wp-element-button\" href=\"https:\/\/reklameskolen.devz.no\/ungdomsskole\/reklamen-og-oss\/hvordan-virker-reklame\/konkurranser\/fiktive-konkurranser\/\">Les ekstrateksten her<\/a><\/div>\n<\/div>\n\n\n\n<p><\/p>\n<\/div>\n<\/div>\n<\/div>\n\n\n\n<div class=\"wp-block-group alignfull has-palette-color-4-background-color has-background is-layout-flow wp-block-group-is-layout-flow\">\n<div class=\"wp-block-columns is-layout-flex wp-container-core-columns-is-layout-28f84493 wp-block-columns-is-layout-flex\">\n<div class=\"wp-block-column is-layout-flow wp-block-column-is-layout-flow\">\n<div class=\"wp-block-buttons is-layout-flex wp-block-buttons-is-layout-flex\">\n<div class=\"wp-block-button\"><a class=\"wp-block-button__link wp-element-button\" href=\"https:\/\/reklameskolen.devz.no\/ungdomsskole\/reklamen-og-oss\/hvordan-virker-reklame\/kjopsoppfordringer\/\">Tilbake til &laquo;L\u00f8p og kj\u00f8p&raquo;<\/a><\/div>\n<\/div>\n<\/div>\n\n\n\n<div class=\"wp-block-column is-layout-flow wp-block-column-is-layout-flow\">\n<div class=\"wp-block-buttons is-horizontal is-content-justification-right is-layout-flex wp-container-core-buttons-is-layout-30af2ff6 wp-block-buttons-is-layout-flex\">\n<div class=\"wp-block-button\"><a class=\"wp-block-button__link wp-element-button\" href=\"https:\/\/reklameskolen.devz.no\/ungdomsskole\/reklamen-og-oss\/merkevarebygging\/\">Videre til &laquo;Merkevarebygging&raquo;<\/a><\/div>\n<\/div>\n<\/div>\n<\/div>\n<\/div>\n","protected":false},"excerpt":{"rendered":"<p>Konkurranser I sosiale medier er det mye reklame. S\u00e5 mye at du kanskje ikke legger merke til den. Konkurranser kan v\u00e6re en god m\u00e5te \u00e5 skape oppmerksomhet p\u00e5. N\u00e5r du kan vinne en stor premie, er det kanskje st\u00f8rre sjanse for at du legger merke til reklamen. Konkurranser med flotte premier skaper ofte mye aktivitet. [&hellip;]<\/p>\n","protected":false},"author":1,"featured_media":0,"parent":1087,"menu_order":4,"comment_status":"closed","ping_status":"closed","template":"","meta":{"_acf_changed":false,"editor_notices":[],"footnotes":""},"class_list":["post-166","page","type-page","status-publish","hentry"],"blocksy_meta":{"styles_descriptor":{"styles":{"desktop":"","tablet":"","mobile":""},"google_fonts":[],"version":6}},"acf":[],"yoast_head":"<!-- This site is optimized with the Yoast SEO plugin v25.9 - https:\/\/yoast.com\/wordpress\/plugins\/seo\/ -->\n<title>Konkurranser - Ungdomsskole<\/title>\n<meta name=\"robots\" content=\"index, follow, max-snippet:-1, max-image-preview:large, max-video-preview:-1\" \/>\n<link rel=\"canonical\" href=\"https:\/\/reklameskolen.devz.no\/ungdomsskole\/reklamen-og-oss\/hvordan-virker-reklame\/konkurranser\/\" \/>\n<meta property=\"og:locale\" content=\"nb_NO\" \/>\n<meta property=\"og:type\" content=\"article\" \/>\n<meta property=\"og:title\" content=\"Konkurranser - Ungdomsskole\" \/>\n<meta property=\"og:description\" content=\"Konkurranser I sosiale medier er det mye reklame. S\u00e5 mye at du kanskje ikke legger merke til den. Konkurranser kan v\u00e6re en god m\u00e5te \u00e5 skape oppmerksomhet p\u00e5. N\u00e5r du kan vinne en stor premie, er det kanskje st\u00f8rre sjanse for at du legger merke til reklamen. Konkurranser med flotte premier skaper ofte mye aktivitet. [&hellip;]\" \/>\n<meta property=\"og:url\" content=\"https:\/\/reklameskolen.devz.no\/ungdomsskole\/reklamen-og-oss\/hvordan-virker-reklame\/konkurranser\/\" \/>\n<meta property=\"og:site_name\" content=\"Ungdomsskole\" \/>\n<meta property=\"article:modified_time\" content=\"2024-10-03T12:08:08+00:00\" \/>\n<meta name=\"twitter:card\" content=\"summary_large_image\" \/>\n<meta name=\"twitter:label1\" content=\"Ansl. lesetid\" \/>\n\t<meta name=\"twitter:data1\" content=\"1 minutt\" \/>\n<script type=\"application\/ld+json\" class=\"yoast-schema-graph\">{\"@context\":\"https:\/\/schema.org\",\"@graph\":[{\"@type\":\"WebPage\",\"@id\":\"https:\/\/reklameskolen.devz.no\/ungdomsskole\/reklamen-og-oss\/hvordan-virker-reklame\/konkurranser\/\",\"url\":\"https:\/\/reklameskolen.devz.no\/ungdomsskole\/reklamen-og-oss\/hvordan-virker-reklame\/konkurranser\/\",\"name\":\"Konkurranser - Ungdomsskole\",\"isPartOf\":{\"@id\":\"https:\/\/reklameskolen.devz.no\/ungdomsskole\/#website\"},\"datePublished\":\"2021-12-09T07:58:10+00:00\",\"dateModified\":\"2024-10-03T12:08:08+00:00\",\"breadcrumb\":{\"@id\":\"https:\/\/reklameskolen.devz.no\/ungdomsskole\/reklamen-og-oss\/hvordan-virker-reklame\/konkurranser\/#breadcrumb\"},\"inLanguage\":\"nb-NO\",\"potentialAction\":[{\"@type\":\"ReadAction\",\"target\":[\"https:\/\/reklameskolen.devz.no\/ungdomsskole\/reklamen-og-oss\/hvordan-virker-reklame\/konkurranser\/\"]}]},{\"@type\":\"BreadcrumbList\",\"@id\":\"https:\/\/reklameskolen.devz.no\/ungdomsskole\/reklamen-og-oss\/hvordan-virker-reklame\/konkurranser\/#breadcrumb\",\"itemListElement\":[{\"@type\":\"ListItem\",\"position\":1,\"name\":\"Home\",\"item\":\"https:\/\/reklameskolen.devz.no\/ungdomsskole\/\"},{\"@type\":\"ListItem\",\"position\":2,\"name\":\"Reklamen og oss\",\"item\":\"https:\/\/reklameskolen.devz.no\/ungdomsskole\/reklamen-og-oss\/\"},{\"@type\":\"ListItem\",\"position\":3,\"name\":\"Hvordan virker reklame?\",\"item\":\"https:\/\/reklameskolen.devz.no\/ungdomsskole\/reklamen-og-oss\/hvordan-virker-reklame\/\"},{\"@type\":\"ListItem\",\"position\":4,\"name\":\"Konkurranser\"}]},{\"@type\":\"WebSite\",\"@id\":\"https:\/\/reklameskolen.devz.no\/ungdomsskole\/#website\",\"url\":\"https:\/\/reklameskolen.devz.no\/ungdomsskole\/\",\"name\":\"Ungdomsskole\",\"description\":\"Oppl\u00e6ringsverkt\u00f8y om reklame\",\"publisher\":{\"@id\":\"https:\/\/reklameskolen.devz.no\/ungdomsskole\/#organization\"},\"potentialAction\":[{\"@type\":\"SearchAction\",\"target\":{\"@type\":\"EntryPoint\",\"urlTemplate\":\"https:\/\/reklameskolen.devz.no\/ungdomsskole\/?s={search_term_string}\"},\"query-input\":{\"@type\":\"PropertyValueSpecification\",\"valueRequired\":true,\"valueName\":\"search_term_string\"}}],\"inLanguage\":\"nb-NO\"},{\"@type\":\"Organization\",\"@id\":\"https:\/\/reklameskolen.devz.no\/ungdomsskole\/#organization\",\"name\":\"Ungdomsskole\",\"url\":\"https:\/\/reklameskolen.devz.no\/ungdomsskole\/\",\"logo\":{\"@type\":\"ImageObject\",\"inLanguage\":\"nb-NO\",\"@id\":\"https:\/\/reklameskolen.devz.no\/ungdomsskole\/#\/schema\/logo\/image\/\",\"url\":\"https:\/\/reklameskolen.devz.no\/wp-content\/uploads\/2023\/08\/Reklameskolen-Logo-01.png\",\"contentUrl\":\"https:\/\/reklameskolen.devz.no\/wp-content\/uploads\/2023\/08\/Reklameskolen-Logo-01.png\",\"caption\":\"Ungdomsskole\"},\"image\":{\"@id\":\"https:\/\/reklameskolen.devz.no\/ungdomsskole\/#\/schema\/logo\/image\/\"}}]}<\/script>\n<!-- \/ Yoast SEO plugin. -->","yoast_head_json":{"title":"Konkurranser - Ungdomsskole","robots":{"index":"index","follow":"follow","max-snippet":"max-snippet:-1","max-image-preview":"max-image-preview:large","max-video-preview":"max-video-preview:-1"},"canonical":"https:\/\/reklameskolen.devz.no\/ungdomsskole\/reklamen-og-oss\/hvordan-virker-reklame\/konkurranser\/","og_locale":"nb_NO","og_type":"article","og_title":"Konkurranser - Ungdomsskole","og_description":"Konkurranser I sosiale medier er det mye reklame. S\u00e5 mye at du kanskje ikke legger merke til den. Konkurranser kan v\u00e6re en god m\u00e5te \u00e5 skape oppmerksomhet p\u00e5. N\u00e5r du kan vinne en stor premie, er det kanskje st\u00f8rre sjanse for at du legger merke til reklamen. Konkurranser med flotte premier skaper ofte mye aktivitet. [&hellip;]","og_url":"https:\/\/reklameskolen.devz.no\/ungdomsskole\/reklamen-og-oss\/hvordan-virker-reklame\/konkurranser\/","og_site_name":"Ungdomsskole","article_modified_time":"2024-10-03T12:08:08+00:00","twitter_card":"summary_large_image","twitter_misc":{"Ansl. lesetid":"1 minutt"},"schema":{"@context":"https:\/\/schema.org","@graph":[{"@type":"WebPage","@id":"https:\/\/reklameskolen.devz.no\/ungdomsskole\/reklamen-og-oss\/hvordan-virker-reklame\/konkurranser\/","url":"https:\/\/reklameskolen.devz.no\/ungdomsskole\/reklamen-og-oss\/hvordan-virker-reklame\/konkurranser\/","name":"Konkurranser - Ungdomsskole","isPartOf":{"@id":"https:\/\/reklameskolen.devz.no\/ungdomsskole\/#website"},"datePublished":"2021-12-09T07:58:10+00:00","dateModified":"2024-10-03T12:08:08+00:00","breadcrumb":{"@id":"https:\/\/reklameskolen.devz.no\/ungdomsskole\/reklamen-og-oss\/hvordan-virker-reklame\/konkurranser\/#breadcrumb"},"inLanguage":"nb-NO","potentialAction":[{"@type":"ReadAction","target":["https:\/\/reklameskolen.devz.no\/ungdomsskole\/reklamen-og-oss\/hvordan-virker-reklame\/konkurranser\/"]}]},{"@type":"BreadcrumbList","@id":"https:\/\/reklameskolen.devz.no\/ungdomsskole\/reklamen-og-oss\/hvordan-virker-reklame\/konkurranser\/#breadcrumb","itemListElement":[{"@type":"ListItem","position":1,"name":"Home","item":"https:\/\/reklameskolen.devz.no\/ungdomsskole\/"},{"@type":"ListItem","position":2,"name":"Reklamen og oss","item":"https:\/\/reklameskolen.devz.no\/ungdomsskole\/reklamen-og-oss\/"},{"@type":"ListItem","position":3,"name":"Hvordan virker reklame?","item":"https:\/\/reklameskolen.devz.no\/ungdomsskole\/reklamen-og-oss\/hvordan-virker-reklame\/"},{"@type":"ListItem","position":4,"name":"Konkurranser"}]},{"@type":"WebSite","@id":"https:\/\/reklameskolen.devz.no\/ungdomsskole\/#website","url":"https:\/\/reklameskolen.devz.no\/ungdomsskole\/","name":"Ungdomsskole","description":"Oppl\u00e6ringsverkt\u00f8y om reklame","publisher":{"@id":"https:\/\/reklameskolen.devz.no\/ungdomsskole\/#organization"},"potentialAction":[{"@type":"SearchAction","target":{"@type":"EntryPoint","urlTemplate":"https:\/\/reklameskolen.devz.no\/ungdomsskole\/?s={search_term_string}"},"query-input":{"@type":"PropertyValueSpecification","valueRequired":true,"valueName":"search_term_string"}}],"inLanguage":"nb-NO"},{"@type":"Organization","@id":"https:\/\/reklameskolen.devz.no\/ungdomsskole\/#organization","name":"Ungdomsskole","url":"https:\/\/reklameskolen.devz.no\/ungdomsskole\/","logo":{"@type":"ImageObject","inLanguage":"nb-NO","@id":"https:\/\/reklameskolen.devz.no\/ungdomsskole\/#\/schema\/logo\/image\/","url":"https:\/\/reklameskolen.devz.no\/wp-content\/uploads\/2023\/08\/Reklameskolen-Logo-01.png","contentUrl":"https:\/\/reklameskolen.devz.no\/wp-content\/uploads\/2023\/08\/Reklameskolen-Logo-01.png","caption":"Ungdomsskole"},"image":{"@id":"https:\/\/reklameskolen.devz.no\/ungdomsskole\/#\/schema\/logo\/image\/"}}]}},"_links":{"self":[{"href":"https:\/\/reklameskolen.devz.no\/ungdomsskole\/wp-json\/wp\/v2\/pages\/166","targetHints":{"allow":["GET"]}}],"collection":[{"href":"https:\/\/reklameskolen.devz.no\/ungdomsskole\/wp-json\/wp\/v2\/pages"}],"about":[{"href":"https:\/\/reklameskolen.devz.no\/ungdomsskole\/wp-json\/wp\/v2\/types\/page"}],"author":[{"embeddable":true,"href":"https:\/\/reklameskolen.devz.no\/ungdomsskole\/wp-json\/wp\/v2\/users\/1"}],"replies":[{"embeddable":true,"href":"https:\/\/reklameskolen.devz.no\/ungdomsskole\/wp-json\/wp\/v2\/comments?post=166"}],"version-history":[{"count":71,"href":"https:\/\/reklameskolen.devz.no\/ungdomsskole\/wp-json\/wp\/v2\/pages\/166\/revisions"}],"predecessor-version":[{"id":3980,"href":"https:\/\/reklameskolen.devz.no\/ungdomsskole\/wp-json\/wp\/v2\/pages\/166\/revisions\/3980"}],"up":[{"embeddable":true,"href":"https:\/\/reklameskolen.devz.no\/ungdomsskole\/wp-json\/wp\/v2\/pages\/1087"}],"wp:attachment":[{"href":"https:\/\/reklameskolen.devz.no\/ungdomsskole\/wp-json\/wp\/v2\/media?parent=166"}],"curies":[{"name":"wp","href":"https:\/\/api.w.org\/{rel}","templated":true}]}}