{"id":167,"date":"2021-12-09T08:58:10","date_gmt":"2021-12-09T07:58:10","guid":{"rendered":"https:\/\/reklameskolen.devz.no\/?page_id=167"},"modified":"2025-03-25T10:11:46","modified_gmt":"2025-03-25T09:11:46","slug":"baerekraft","status":"publish","type":"page","link":"https:\/\/reklameskolen.devz.no\/ungdomsskole\/metoder-medier-og-miljo\/baerekraft\/","title":{"rendered":"Klima og milj\u00f8"},"content":{"rendered":"\n<figure class=\"wp-block-gallery has-nested-images columns-default is-cropped wp-block-gallery-1 is-layout-flex wp-block-gallery-is-layout-flex\">\n<figure class=\"wp-block-image size-large\"><img decoding=\"async\" data-id=\"5079\" src=\"https:\/\/reklameskolen.devz.no\/wp-content\/uploads\/2024\/10\/forbrukertilsynet-etikk_baerekraft19-1024x256.jpg\" alt=\"Fotografi av fire blomsterpotter med spirende gr\u00f8nne planter.\" class=\"wp-image-5079\"\/><\/figure>\n<\/figure>\n\n\n\n<h1 class=\"wp-block-heading\" id=\"baerekraft\">Klima og milj\u00f8<\/h1>\n\n\n\n<p>For \u00e5 selge deg ting, fokuserer selgerne p\u00e5 det de tror du er opptatt av. Mange er i dag opptatt av klima og milj\u00f8. I reklame er det derfor blitt vanlig at produkter kalles milj\u00f8vennlige, gr\u00f8nne, b\u00e6rekraftige, kliman\u00f8ytrale og lignende.<\/p>\n\n\n\n<p>En reklame kan ogs\u00e5 gi inntrykk av at et produkt er milj\u00f8vennlig selv om det ikke sies med ord. Det kan for eksempel v\u00e6re at fargebruk, symboler, lyder eller bilder gj\u00f8r at produktet fremst\u00e5r som milj\u00f8vennlig. Men selv om et produkt markedsf\u00f8res som milj\u00f8vennlig, betyr ikke det at produktet faktisk er milj\u00f8vennlig.<\/p>\n\n\n\n<p>Grunnen til at produkter markedsf\u00f8res som milj\u00f8vennlig vil ofte v\u00e6re at en mindre del av produktet er bra for milj\u00f8et. En genser kan for eksempel inneholde resirkulert plast. Selv om resirkulert plast kanskje er bedre for milj\u00f8et enn ny plast, betyr det ikke at plast er bra for milj\u00f8et. Selv om det st\u00e5r at noe er milj\u00f8vennlig eller kliman\u00f8ytralt, er det alts\u00e5 ikke alltid riktig.<\/p>\n\n\n\n<p>Enkelte produkter er faktisk s\u00e5 skadelige for milj\u00f8et at de per i dag aldri vil kunne v\u00e6re milj\u00f8vennlige. En t- skjorte i organisk bomull kan v\u00e6re bedre enn en t-skjorte i vanlig bomull, men gj\u00f8r ikke at t-skjorten er milj\u00f8vennlig. Da kan det v\u00e6re ulovlig dersom markedsf\u00f8ringen likevel gir et slikt inntrykk.<\/p>\n\n\n\n<p>For at et produkt skal kunne kalles milj\u00f8vennlig m\u00e5 det v\u00e6re milj\u00f8vennlig i hele sin levetid, fra det produseres til det kastes.<\/p>\n\n\n\n<p>Noen ganger st\u00e5r det at noe er milj\u00f8vennlig uten at det st\u00e5r hvorfor. Dette gj\u00f8r det vanskelig for deg \u00e5 vite om det er sant at det du skal kj\u00f8pe er milj\u00f8vennlig. Hvis reklamen p\u00e5st\u00e5r at et produkt er milj\u00f8vennlig, b\u00f8r det derfor alltid v\u00e6re en forklaring p\u00e5 hvorfor produktet er bra for milj\u00f8et. Denne forklaringen b\u00f8r alltid st\u00e5 rett ved milj\u00f8p\u00e5standen, slik at det blir enkelt for deg \u00e5 vite grunnen til at produktet kalles milj\u00f8vennlig.<\/p>\n\n\n\n<div style=\"height:70px\" aria-hidden=\"true\" class=\"wp-block-spacer\"><\/div>\n\n\n\n<div class=\"wp-block-group is-style-questions is-layout-flow wp-block-group-is-layout-flow\">\n<h2 class=\"wp-block-heading\" id=\"tittel-for-oppgave-1\">Ord om milj\u00f8<\/h2>\n\n\n\n<p>Klarer du \u00e5 finne frem til typiske ord som brukes i markedsf\u00f8ring for \u00e5 vise at et produkt eller en tjeneste er b\u00e6rekraftig? Ordene du skal frem til finner du i listen ved siden av oppgaven. N\u00e5r du har funnet ordet markerer du dette ved \u00e5 trykke p\u00e5 den f\u00f8rste bokstaven og dra muskepekeren over resten av bokstavene. Ordene kan v\u00e6re skrevet loddrett, vannrett, p\u00e5 tvers og baklengs. <\/p>\n\n\n<div class=\"h5p-iframe-wrapper\"><iframe id=\"h5p-iframe-35\" class=\"h5p-iframe\" data-content-id=\"35\" style=\"height:1px\" src=\"about:blank\" frameBorder=\"0\" scrolling=\"no\" title=\"Klima og milj\u00f8p\u00e5stander i reklame\"><\/iframe><\/div>\n<\/div>\n\n\n\n<div style=\"height:30px\" aria-hidden=\"true\" class=\"wp-block-spacer\"><\/div>\n\n\n\n<h2 class=\"wp-block-heading\" id=\"merkeordninger\">Merkeordninger<\/h2>\n\n\n\n<p>Noen ganger brukes symboler for \u00e5 vise at et produkt er mer milj\u00f8vennlig enn lignende produkter. Du har kanskje sett Svanemerket? Kanskje p\u00e5 dopapir eller enkelte s\u00e5per? Slike symboler er ofte merkeordninger. Noen slike merkeordninger er til \u00e5 stole p\u00e5, andre ikke. Svanemerket er offentlig godkjent, s\u00e5 det kan man stole p\u00e5. Dette merket kan bare brukes p\u00e5 produkter som oppfyller strenge milj\u00f8krav som kontrolleres av eksperter.<\/p>\n\n\n\n<p>Det finnes ogs\u00e5 merkeordninger som bransjene selv har funnet opp, og som ikke stiller like strenge milj\u00f8krav. Disse kan man ikke alltid stole p\u00e5. Dersom det benyttes merkeordninger, skal du som forbruker uansett kunne finne mer informasjon om merkeordningen og hva den betyr. Hvis ikke, kan du fort bli lurt.<\/p>\n\n\n\n<div style=\"height:70px\" aria-hidden=\"true\" class=\"wp-block-spacer\"><\/div>\n\n\n\n<div class=\"wp-block-group is-style-questions is-layout-flow wp-block-group-is-layout-flow\">\n<h2 class=\"wp-block-heading\" id=\"tittel-for-oppgave-2\">Merkeordninger<\/h2>\n\n\n\n<p class=\"has-medium-font-size\">Klikk og dra merkeforklaringen til riktig logo.<\/p>\n\n\n<div class=\"h5p-iframe-wrapper\"><iframe id=\"h5p-iframe-16\" class=\"h5p-iframe\" data-content-id=\"16\" style=\"height:1px\" src=\"about:blank\" frameBorder=\"0\" scrolling=\"no\" title=\"Vet du hva merkene betyr? Trekk de gr\u00e5 boksene med forklaring til riktig merke.\"><\/iframe><\/div>\n<\/div>\n\n\n\n<div style=\"height:100px\" aria-hidden=\"true\" class=\"wp-block-spacer\"><\/div>\n\n\n\n<div class=\"wp-block-group alignfull has-palette-color-4-background-color has-background is-layout-flow wp-block-group-is-layout-flow\">\n<div class=\"wp-block-columns is-layout-flex wp-container-core-columns-is-layout-28f84493 wp-block-columns-is-layout-flex\">\n<div class=\"wp-block-column is-layout-flow wp-block-column-is-layout-flow\">\n<div class=\"wp-block-buttons is-layout-flex wp-block-buttons-is-layout-flex\">\n<div class=\"wp-block-button\"><a class=\"wp-block-button__link wp-element-button\" href=\"https:\/\/reklameskolen.devz.no\/ungdomsskole\/reklame-i-spill\/\">Tilbake til &laquo;Reklame i spill&raquo;<\/a><\/div>\n<\/div>\n<\/div>\n\n\n\n<div class=\"wp-block-column is-layout-flow wp-block-column-is-layout-flow\">\n<div class=\"wp-block-buttons is-horizontal is-content-justification-right is-layout-flex wp-container-core-buttons-is-layout-30af2ff6 wp-block-buttons-is-layout-flex\">\n<div class=\"wp-block-button\"><a class=\"wp-block-button__link wp-element-button\" href=\"https:\/\/reklameskolen.devz.no\/ungdomsskole\/andre-temaer\/\">Videre til &laquo;Del 3&raquo;<\/a><\/div>\n<\/div>\n<\/div>\n<\/div>\n<\/div>\n","protected":false},"excerpt":{"rendered":"<p>Klima og milj\u00f8 For \u00e5 selge deg ting, fokuserer selgerne p\u00e5 det de tror du er opptatt av. Mange er i dag opptatt av klima og milj\u00f8. I reklame er det derfor blitt vanlig at produkter kalles milj\u00f8vennlige, gr\u00f8nne, b\u00e6rekraftige, kliman\u00f8ytrale og lignende. En reklame kan ogs\u00e5 gi inntrykk av at et produkt er milj\u00f8vennlig [&hellip;]<\/p>\n","protected":false},"author":1,"featured_media":0,"parent":109,"menu_order":5,"comment_status":"closed","ping_status":"closed","template":"","meta":{"_acf_changed":false,"editor_notices":[],"footnotes":""},"class_list":["post-167","page","type-page","status-publish","hentry"],"blocksy_meta":{"styles_descriptor":{"styles":{"desktop":"","tablet":"","mobile":""},"google_fonts":[],"version":6}},"acf":[],"yoast_head":"<!-- This site is optimized with the Yoast SEO plugin v25.9 - https:\/\/yoast.com\/wordpress\/plugins\/seo\/ -->\n<title>Klima og milj\u00f8 - Ungdomsskole<\/title>\n<meta name=\"robots\" content=\"index, follow, max-snippet:-1, max-image-preview:large, max-video-preview:-1\" \/>\n<link rel=\"canonical\" href=\"https:\/\/reklameskolen.devz.no\/ungdomsskole\/metoder-medier-og-miljo\/baerekraft\/\" \/>\n<meta property=\"og:locale\" content=\"nb_NO\" \/>\n<meta property=\"og:type\" content=\"article\" \/>\n<meta property=\"og:title\" content=\"Klima og milj\u00f8 - Ungdomsskole\" \/>\n<meta property=\"og:description\" content=\"Klima og milj\u00f8 For \u00e5 selge deg ting, fokuserer selgerne p\u00e5 det de tror du er opptatt av. Mange er i dag opptatt av klima og milj\u00f8. I reklame er det derfor blitt vanlig at produkter kalles milj\u00f8vennlige, gr\u00f8nne, b\u00e6rekraftige, kliman\u00f8ytrale og lignende. En reklame kan ogs\u00e5 gi inntrykk av at et produkt er milj\u00f8vennlig [&hellip;]\" \/>\n<meta property=\"og:url\" content=\"https:\/\/reklameskolen.devz.no\/ungdomsskole\/metoder-medier-og-miljo\/baerekraft\/\" \/>\n<meta property=\"og:site_name\" content=\"Ungdomsskole\" \/>\n<meta property=\"article:modified_time\" content=\"2025-03-25T09:11:46+00:00\" \/>\n<meta property=\"og:image\" content=\"https:\/\/reklameskolen.devz.no\/wp-content\/uploads\/2024\/10\/forbrukertilsynet-etikk_baerekraft19-1024x256.jpg\" \/>\n<meta name=\"twitter:card\" content=\"summary_large_image\" \/>\n<meta name=\"twitter:label1\" content=\"Ansl. lesetid\" \/>\n\t<meta name=\"twitter:data1\" content=\"4 minutter\" \/>\n<script type=\"application\/ld+json\" class=\"yoast-schema-graph\">{\"@context\":\"https:\/\/schema.org\",\"@graph\":[{\"@type\":\"WebPage\",\"@id\":\"https:\/\/reklameskolen.devz.no\/ungdomsskole\/metoder-medier-og-miljo\/baerekraft\/\",\"url\":\"https:\/\/reklameskolen.devz.no\/ungdomsskole\/metoder-medier-og-miljo\/baerekraft\/\",\"name\":\"Klima og milj\u00f8 - Ungdomsskole\",\"isPartOf\":{\"@id\":\"https:\/\/reklameskolen.devz.no\/ungdomsskole\/#website\"},\"primaryImageOfPage\":{\"@id\":\"https:\/\/reklameskolen.devz.no\/ungdomsskole\/metoder-medier-og-miljo\/baerekraft\/#primaryimage\"},\"image\":{\"@id\":\"https:\/\/reklameskolen.devz.no\/ungdomsskole\/metoder-medier-og-miljo\/baerekraft\/#primaryimage\"},\"thumbnailUrl\":\"https:\/\/reklameskolen.devz.no\/wp-content\/uploads\/2024\/10\/forbrukertilsynet-etikk_baerekraft19-1024x256.jpg\",\"datePublished\":\"2021-12-09T07:58:10+00:00\",\"dateModified\":\"2025-03-25T09:11:46+00:00\",\"breadcrumb\":{\"@id\":\"https:\/\/reklameskolen.devz.no\/ungdomsskole\/metoder-medier-og-miljo\/baerekraft\/#breadcrumb\"},\"inLanguage\":\"nb-NO\",\"potentialAction\":[{\"@type\":\"ReadAction\",\"target\":[\"https:\/\/reklameskolen.devz.no\/ungdomsskole\/metoder-medier-og-miljo\/baerekraft\/\"]}]},{\"@type\":\"ImageObject\",\"inLanguage\":\"nb-NO\",\"@id\":\"https:\/\/reklameskolen.devz.no\/ungdomsskole\/metoder-medier-og-miljo\/baerekraft\/#primaryimage\",\"url\":\"https:\/\/reklameskolen.devz.no\/wp-content\/uploads\/2024\/10\/forbrukertilsynet-etikk_baerekraft19-1024x256.jpg\",\"contentUrl\":\"https:\/\/reklameskolen.devz.no\/wp-content\/uploads\/2024\/10\/forbrukertilsynet-etikk_baerekraft19-1024x256.jpg\"},{\"@type\":\"BreadcrumbList\",\"@id\":\"https:\/\/reklameskolen.devz.no\/ungdomsskole\/metoder-medier-og-miljo\/baerekraft\/#breadcrumb\",\"itemListElement\":[{\"@type\":\"ListItem\",\"position\":1,\"name\":\"Home\",\"item\":\"https:\/\/reklameskolen.devz.no\/ungdomsskole\/\"},{\"@type\":\"ListItem\",\"position\":2,\"name\":\"Metoder, medier og milj\u00f8\",\"item\":\"https:\/\/reklameskolen.devz.no\/ungdomsskole\/metoder-medier-og-miljo\/\"},{\"@type\":\"ListItem\",\"position\":3,\"name\":\"Klima og milj\u00f8\"}]},{\"@type\":\"WebSite\",\"@id\":\"https:\/\/reklameskolen.devz.no\/ungdomsskole\/#website\",\"url\":\"https:\/\/reklameskolen.devz.no\/ungdomsskole\/\",\"name\":\"Ungdomsskole\",\"description\":\"Oppl\u00e6ringsverkt\u00f8y om reklame\",\"publisher\":{\"@id\":\"https:\/\/reklameskolen.devz.no\/ungdomsskole\/#organization\"},\"potentialAction\":[{\"@type\":\"SearchAction\",\"target\":{\"@type\":\"EntryPoint\",\"urlTemplate\":\"https:\/\/reklameskolen.devz.no\/ungdomsskole\/?s={search_term_string}\"},\"query-input\":{\"@type\":\"PropertyValueSpecification\",\"valueRequired\":true,\"valueName\":\"search_term_string\"}}],\"inLanguage\":\"nb-NO\"},{\"@type\":\"Organization\",\"@id\":\"https:\/\/reklameskolen.devz.no\/ungdomsskole\/#organization\",\"name\":\"Ungdomsskole\",\"url\":\"https:\/\/reklameskolen.devz.no\/ungdomsskole\/\",\"logo\":{\"@type\":\"ImageObject\",\"inLanguage\":\"nb-NO\",\"@id\":\"https:\/\/reklameskolen.devz.no\/ungdomsskole\/#\/schema\/logo\/image\/\",\"url\":\"https:\/\/reklameskolen.devz.no\/wp-content\/uploads\/2023\/08\/Reklameskolen-Logo-01.png\",\"contentUrl\":\"https:\/\/reklameskolen.devz.no\/wp-content\/uploads\/2023\/08\/Reklameskolen-Logo-01.png\",\"caption\":\"Ungdomsskole\"},\"image\":{\"@id\":\"https:\/\/reklameskolen.devz.no\/ungdomsskole\/#\/schema\/logo\/image\/\"}}]}<\/script>\n<!-- \/ Yoast SEO plugin. -->","yoast_head_json":{"title":"Klima og milj\u00f8 - Ungdomsskole","robots":{"index":"index","follow":"follow","max-snippet":"max-snippet:-1","max-image-preview":"max-image-preview:large","max-video-preview":"max-video-preview:-1"},"canonical":"https:\/\/reklameskolen.devz.no\/ungdomsskole\/metoder-medier-og-miljo\/baerekraft\/","og_locale":"nb_NO","og_type":"article","og_title":"Klima og milj\u00f8 - Ungdomsskole","og_description":"Klima og milj\u00f8 For \u00e5 selge deg ting, fokuserer selgerne p\u00e5 det de tror du er opptatt av. Mange er i dag opptatt av klima og milj\u00f8. I reklame er det derfor blitt vanlig at produkter kalles milj\u00f8vennlige, gr\u00f8nne, b\u00e6rekraftige, kliman\u00f8ytrale og lignende. En reklame kan ogs\u00e5 gi inntrykk av at et produkt er milj\u00f8vennlig [&hellip;]","og_url":"https:\/\/reklameskolen.devz.no\/ungdomsskole\/metoder-medier-og-miljo\/baerekraft\/","og_site_name":"Ungdomsskole","article_modified_time":"2025-03-25T09:11:46+00:00","og_image":[{"url":"https:\/\/reklameskolen.devz.no\/wp-content\/uploads\/2024\/10\/forbrukertilsynet-etikk_baerekraft19-1024x256.jpg","type":"","width":"","height":""}],"twitter_card":"summary_large_image","twitter_misc":{"Ansl. lesetid":"4 minutter"},"schema":{"@context":"https:\/\/schema.org","@graph":[{"@type":"WebPage","@id":"https:\/\/reklameskolen.devz.no\/ungdomsskole\/metoder-medier-og-miljo\/baerekraft\/","url":"https:\/\/reklameskolen.devz.no\/ungdomsskole\/metoder-medier-og-miljo\/baerekraft\/","name":"Klima og milj\u00f8 - Ungdomsskole","isPartOf":{"@id":"https:\/\/reklameskolen.devz.no\/ungdomsskole\/#website"},"primaryImageOfPage":{"@id":"https:\/\/reklameskolen.devz.no\/ungdomsskole\/metoder-medier-og-miljo\/baerekraft\/#primaryimage"},"image":{"@id":"https:\/\/reklameskolen.devz.no\/ungdomsskole\/metoder-medier-og-miljo\/baerekraft\/#primaryimage"},"thumbnailUrl":"https:\/\/reklameskolen.devz.no\/wp-content\/uploads\/2024\/10\/forbrukertilsynet-etikk_baerekraft19-1024x256.jpg","datePublished":"2021-12-09T07:58:10+00:00","dateModified":"2025-03-25T09:11:46+00:00","breadcrumb":{"@id":"https:\/\/reklameskolen.devz.no\/ungdomsskole\/metoder-medier-og-miljo\/baerekraft\/#breadcrumb"},"inLanguage":"nb-NO","potentialAction":[{"@type":"ReadAction","target":["https:\/\/reklameskolen.devz.no\/ungdomsskole\/metoder-medier-og-miljo\/baerekraft\/"]}]},{"@type":"ImageObject","inLanguage":"nb-NO","@id":"https:\/\/reklameskolen.devz.no\/ungdomsskole\/metoder-medier-og-miljo\/baerekraft\/#primaryimage","url":"https:\/\/reklameskolen.devz.no\/wp-content\/uploads\/2024\/10\/forbrukertilsynet-etikk_baerekraft19-1024x256.jpg","contentUrl":"https:\/\/reklameskolen.devz.no\/wp-content\/uploads\/2024\/10\/forbrukertilsynet-etikk_baerekraft19-1024x256.jpg"},{"@type":"BreadcrumbList","@id":"https:\/\/reklameskolen.devz.no\/ungdomsskole\/metoder-medier-og-miljo\/baerekraft\/#breadcrumb","itemListElement":[{"@type":"ListItem","position":1,"name":"Home","item":"https:\/\/reklameskolen.devz.no\/ungdomsskole\/"},{"@type":"ListItem","position":2,"name":"Metoder, medier og milj\u00f8","item":"https:\/\/reklameskolen.devz.no\/ungdomsskole\/metoder-medier-og-miljo\/"},{"@type":"ListItem","position":3,"name":"Klima og milj\u00f8"}]},{"@type":"WebSite","@id":"https:\/\/reklameskolen.devz.no\/ungdomsskole\/#website","url":"https:\/\/reklameskolen.devz.no\/ungdomsskole\/","name":"Ungdomsskole","description":"Oppl\u00e6ringsverkt\u00f8y om reklame","publisher":{"@id":"https:\/\/reklameskolen.devz.no\/ungdomsskole\/#organization"},"potentialAction":[{"@type":"SearchAction","target":{"@type":"EntryPoint","urlTemplate":"https:\/\/reklameskolen.devz.no\/ungdomsskole\/?s={search_term_string}"},"query-input":{"@type":"PropertyValueSpecification","valueRequired":true,"valueName":"search_term_string"}}],"inLanguage":"nb-NO"},{"@type":"Organization","@id":"https:\/\/reklameskolen.devz.no\/ungdomsskole\/#organization","name":"Ungdomsskole","url":"https:\/\/reklameskolen.devz.no\/ungdomsskole\/","logo":{"@type":"ImageObject","inLanguage":"nb-NO","@id":"https:\/\/reklameskolen.devz.no\/ungdomsskole\/#\/schema\/logo\/image\/","url":"https:\/\/reklameskolen.devz.no\/wp-content\/uploads\/2023\/08\/Reklameskolen-Logo-01.png","contentUrl":"https:\/\/reklameskolen.devz.no\/wp-content\/uploads\/2023\/08\/Reklameskolen-Logo-01.png","caption":"Ungdomsskole"},"image":{"@id":"https:\/\/reklameskolen.devz.no\/ungdomsskole\/#\/schema\/logo\/image\/"}}]}},"_links":{"self":[{"href":"https:\/\/reklameskolen.devz.no\/ungdomsskole\/wp-json\/wp\/v2\/pages\/167","targetHints":{"allow":["GET"]}}],"collection":[{"href":"https:\/\/reklameskolen.devz.no\/ungdomsskole\/wp-json\/wp\/v2\/pages"}],"about":[{"href":"https:\/\/reklameskolen.devz.no\/ungdomsskole\/wp-json\/wp\/v2\/types\/page"}],"author":[{"embeddable":true,"href":"https:\/\/reklameskolen.devz.no\/ungdomsskole\/wp-json\/wp\/v2\/users\/1"}],"replies":[{"embeddable":true,"href":"https:\/\/reklameskolen.devz.no\/ungdomsskole\/wp-json\/wp\/v2\/comments?post=167"}],"version-history":[{"count":41,"href":"https:\/\/reklameskolen.devz.no\/ungdomsskole\/wp-json\/wp\/v2\/pages\/167\/revisions"}],"predecessor-version":[{"id":4010,"href":"https:\/\/reklameskolen.devz.no\/ungdomsskole\/wp-json\/wp\/v2\/pages\/167\/revisions\/4010"}],"up":[{"embeddable":true,"href":"https:\/\/reklameskolen.devz.no\/ungdomsskole\/wp-json\/wp\/v2\/pages\/109"}],"wp:attachment":[{"href":"https:\/\/reklameskolen.devz.no\/ungdomsskole\/wp-json\/wp\/v2\/media?parent=167"}],"curies":[{"name":"wp","href":"https:\/\/api.w.org\/{rel}","templated":true}]}}