{"id":169,"date":"2021-12-09T08:58:10","date_gmt":"2021-12-09T07:58:10","guid":{"rendered":"https:\/\/reklameskolen.devz.no\/?page_id=169"},"modified":"2024-08-20T12:13:26","modified_gmt":"2024-08-20T10:13:26","slug":"avtaler-og-vilkar","status":"publish","type":"page","link":"https:\/\/reklameskolen.devz.no\/ungdomsskole\/andre-temaer\/avtaler-og-vilkar\/","title":{"rendered":"Avtaler og vilk\u00e5r"},"content":{"rendered":"\n<figure class=\"wp-block-image size-full\"><img decoding=\"async\" src=\"https:\/\/reklameskolen.devz.no\/wp-content\/uploads\/2024\/08\/Handshake1280-1.jpg\" alt=\"Fotografi av to hender i et handtrykk.\" class=\"wp-image-5053\"\/><\/figure>\n\n\n\n<div class=\"wp-block-columns is-layout-flex wp-container-core-columns-is-layout-28f84493 wp-block-columns-is-layout-flex\">\n<div class=\"wp-block-column is-layout-flow wp-block-column-is-layout-flow\">\n<h2 class=\"wp-block-heading\">Avtaler og vilk\u00e5r<\/h2>\n<\/div>\n<\/div>\n\n\n\n<div class=\"wp-block-columns is-layout-flex wp-container-core-columns-is-layout-28f84493 wp-block-columns-is-layout-flex\">\n<div class=\"wp-block-column is-layout-flow wp-block-column-is-layout-flow\">\n<p class=\"has-text-align-left wp-embed-aspect-16-9 wp-has-aspect-ratio has-medium-font-size\">Du har kanskje h\u00f8rt at avtaler skal holdes? Men visste du at det ogs\u00e5 gjelder for det du avtaler muntlig? Men hva betyr det egentlig at avtaler skal holdes?<\/p>\n\n\n\n<p class=\"has-text-align-left wp-embed-aspect-16-9 wp-has-aspect-ratio has-medium-font-size\">N\u00e5r vi sier at <strong>\u00abavtaler skal holdes\u00bb<\/strong> mener vi at du og den du inng\u00e5r avtalen med ikke bare kan trekke dere fra avtalen. Det er ingen krav til hvordan avtalene skal inng\u00e5s. Dette kalles <strong>\u00abformfrihet\u00bb<\/strong> og inneb\u00e6rer at avtalen kan inng\u00e5s muntlig, skriftlig eller p\u00e5 en annen m\u00e5te. Det er likevel lurt \u00e5 tenke p\u00e5 om du b\u00f8r avtale noe skriftlig, for \u00e5 sikre at du har dokumentasjon dersom det skulle oppst\u00e5 uenigheter i etterkant. Videre er det greit \u00e5 v\u00e6re klar over at det er du som bestemmer om du \u00f8nsker \u00e5 inng\u00e5 avtalen. Dette kaller vi <strong>\u00abavtalefrihet\u00bb<\/strong>.<\/p>\n\n\n\n<p class=\"has-text-align-left wp-embed-aspect-16-9 wp-has-aspect-ratio has-medium-font-size\">I mange tilfeller vil det v\u00e6re den n\u00e6ringsdrivende som bestemmer innholdet i avtalen uten at du som forbruker har mulighet til \u00e5 p\u00e5virke avtalevilk\u00e5rene. Derfor er vi i Forbrukertilsynet opptatt av \u00e5 f\u00f8re tilsyn med de n\u00e6ringsdrivendes avtalevilk\u00e5r, slik at de ikke blir urimelige for deg og meg som forbrukere. <\/p>\n<\/div>\n<\/div>\n\n\n\n<div class=\"wp-block-columns is-layout-flex wp-container-core-columns-is-layout-28f84493 wp-block-columns-is-layout-flex\">\n<div class=\"wp-block-column is-layout-flow wp-block-column-is-layout-flow\">\n<div class=\"wp-block-group is-style-tableofcontent has-palette-color-5-background-color has-background is-layout-flow wp-block-group-is-layout-flow\">\n<h2 class=\"wp-block-heading has-palette-color-4-color has-palette-color-5-background-color has-text-color has-background\">Ekstratekster: \u00d8konomitips for russetiden, og Avtale om privatskoler<\/h2>\n\n\n\n<p>Gj\u00f8r gode valg f\u00f8r russetiden:<\/p>\n\n\n\n<div class=\"wp-block-buttons is-layout-flex wp-block-buttons-is-layout-flex\">\n<div class=\"wp-block-button\"><a class=\"wp-block-button__link has-palette-color-8-color has-palette-color-3-background-color has-text-color has-background wp-element-button\" href=\"https:\/\/www.ung.no\/russ\/2828_%C3%98konomitips_for_russen.html\" target=\"_blank\" rel=\"noreferrer noopener\">Trykk her for \u00e5 se &laquo;\u00d8konomitips for russen&raquo;<\/a><\/div>\n<\/div>\n\n\n\n<p>Avtale om privatskoler:<\/p>\n\n\n\n<div class=\"wp-block-buttons is-layout-flex wp-block-buttons-is-layout-flex\">\n<div class=\"wp-block-button\"><a class=\"wp-block-button__link has-palette-color-8-color has-palette-color-3-background-color has-text-color has-background wp-element-button\" href=\"https:\/\/www.forbrukertilsynet.no\/lov-og-rett\/veiledninger-og-retningslinjer\/forbrukerombudets-veiledning-privatskolers-kontraktsvilkar\" target=\"_blank\" rel=\"noreferrer noopener\">Trykk her for \u00e5 bli kjent med dine rettigheter<\/a><\/div>\n<\/div>\n<\/div>\n<\/div>\n\n\n\n<div class=\"wp-block-column is-layout-flow wp-block-column-is-layout-flow\"><\/div>\n<\/div>\n\n\n\n<div style=\"height:100px\" aria-hidden=\"true\" class=\"wp-block-spacer\"><\/div>\n\n\n\n<div class=\"wp-block-group alignfull has-palette-color-4-background-color has-background is-layout-flow wp-block-group-is-layout-flow\">\n<div class=\"wp-block-columns is-layout-flex wp-container-core-columns-is-layout-28f84493 wp-block-columns-is-layout-flex\">\n<div class=\"wp-block-column is-layout-flow wp-block-column-is-layout-flow\">\n<div class=\"wp-block-buttons is-layout-flex wp-block-buttons-is-layout-flex\">\n<div class=\"wp-block-button\"><a class=\"wp-block-button__link wp-element-button\" href=\"https:\/\/reklameskolen.devz.no\/ungdomsskole\/andre-temaer\/netthandel\/\">Tilbake til &laquo;Netthandel&raquo;<\/a><\/div>\n<\/div>\n<\/div>\n\n\n\n<div class=\"wp-block-column is-layout-flow wp-block-column-is-layout-flow\">\n<div class=\"wp-block-buttons is-horizontal is-content-justification-right is-layout-flex wp-container-core-buttons-is-layout-30af2ff6 wp-block-buttons-is-layout-flex\">\n<div class=\"wp-block-button\"><a class=\"wp-block-button__link wp-element-button\" href=\"https:\/\/reklameskolen.devz.no\/ungdomsskole\/andre-temaer\/okonomi\/\">Videre til &laquo;\u00d8konomi&raquo;<\/a><\/div>\n<\/div>\n<\/div>\n<\/div>\n<\/div>\n","protected":false},"excerpt":{"rendered":"<p>Avtaler og vilk\u00e5r Du har kanskje h\u00f8rt at avtaler skal holdes? Men visste du at det ogs\u00e5 gjelder for det du avtaler muntlig? Men hva betyr det egentlig at avtaler skal holdes? N\u00e5r vi sier at \u00abavtaler skal holdes\u00bb mener vi at du og den du inng\u00e5r avtalen med ikke bare kan trekke dere fra [&hellip;]<\/p>\n","protected":false},"author":1,"featured_media":0,"parent":111,"menu_order":2,"comment_status":"closed","ping_status":"closed","template":"","meta":{"_acf_changed":false,"editor_notices":[],"footnotes":""},"class_list":["post-169","page","type-page","status-publish","hentry"],"blocksy_meta":{"styles_descriptor":{"styles":{"desktop":"","tablet":"","mobile":""},"google_fonts":[],"version":6}},"acf":[],"yoast_head":"<!-- This site is optimized with the Yoast SEO plugin v25.9 - https:\/\/yoast.com\/wordpress\/plugins\/seo\/ -->\n<title>Avtaler og vilk\u00e5r - Ungdomsskole<\/title>\n<meta name=\"robots\" content=\"index, follow, max-snippet:-1, max-image-preview:large, max-video-preview:-1\" \/>\n<link rel=\"canonical\" href=\"https:\/\/reklameskolen.devz.no\/ungdomsskole\/andre-temaer\/avtaler-og-vilkar\/\" \/>\n<meta property=\"og:locale\" content=\"nb_NO\" \/>\n<meta property=\"og:type\" content=\"article\" \/>\n<meta property=\"og:title\" content=\"Avtaler og vilk\u00e5r - Ungdomsskole\" \/>\n<meta property=\"og:description\" content=\"Avtaler og vilk\u00e5r Du har kanskje h\u00f8rt at avtaler skal holdes? Men visste du at det ogs\u00e5 gjelder for det du avtaler muntlig? Men hva betyr det egentlig at avtaler skal holdes? N\u00e5r vi sier at \u00abavtaler skal holdes\u00bb mener vi at du og den du inng\u00e5r avtalen med ikke bare kan trekke dere fra [&hellip;]\" \/>\n<meta property=\"og:url\" content=\"https:\/\/reklameskolen.devz.no\/ungdomsskole\/andre-temaer\/avtaler-og-vilkar\/\" \/>\n<meta property=\"og:site_name\" content=\"Ungdomsskole\" \/>\n<meta property=\"article:modified_time\" content=\"2024-08-20T10:13:26+00:00\" \/>\n<meta property=\"og:image\" content=\"https:\/\/reklameskolen.devz.no\/wp-content\/uploads\/2024\/08\/Handshake1280-1.jpg\" \/>\n<meta name=\"twitter:card\" content=\"summary_large_image\" \/>\n<meta name=\"twitter:label1\" content=\"Ansl. lesetid\" \/>\n\t<meta name=\"twitter:data1\" content=\"1 minutt\" \/>\n<script type=\"application\/ld+json\" class=\"yoast-schema-graph\">{\"@context\":\"https:\/\/schema.org\",\"@graph\":[{\"@type\":\"WebPage\",\"@id\":\"https:\/\/reklameskolen.devz.no\/ungdomsskole\/andre-temaer\/avtaler-og-vilkar\/\",\"url\":\"https:\/\/reklameskolen.devz.no\/ungdomsskole\/andre-temaer\/avtaler-og-vilkar\/\",\"name\":\"Avtaler og vilk\u00e5r - Ungdomsskole\",\"isPartOf\":{\"@id\":\"https:\/\/reklameskolen.devz.no\/ungdomsskole\/#website\"},\"primaryImageOfPage\":{\"@id\":\"https:\/\/reklameskolen.devz.no\/ungdomsskole\/andre-temaer\/avtaler-og-vilkar\/#primaryimage\"},\"image\":{\"@id\":\"https:\/\/reklameskolen.devz.no\/ungdomsskole\/andre-temaer\/avtaler-og-vilkar\/#primaryimage\"},\"thumbnailUrl\":\"https:\/\/reklameskolen.devz.no\/wp-content\/uploads\/2024\/08\/Handshake1280-1.jpg\",\"datePublished\":\"2021-12-09T07:58:10+00:00\",\"dateModified\":\"2024-08-20T10:13:26+00:00\",\"breadcrumb\":{\"@id\":\"https:\/\/reklameskolen.devz.no\/ungdomsskole\/andre-temaer\/avtaler-og-vilkar\/#breadcrumb\"},\"inLanguage\":\"nb-NO\",\"potentialAction\":[{\"@type\":\"ReadAction\",\"target\":[\"https:\/\/reklameskolen.devz.no\/ungdomsskole\/andre-temaer\/avtaler-og-vilkar\/\"]}]},{\"@type\":\"ImageObject\",\"inLanguage\":\"nb-NO\",\"@id\":\"https:\/\/reklameskolen.devz.no\/ungdomsskole\/andre-temaer\/avtaler-og-vilkar\/#primaryimage\",\"url\":\"https:\/\/reklameskolen.devz.no\/wp-content\/uploads\/2024\/08\/Handshake1280-1.jpg\",\"contentUrl\":\"https:\/\/reklameskolen.devz.no\/wp-content\/uploads\/2024\/08\/Handshake1280-1.jpg\"},{\"@type\":\"BreadcrumbList\",\"@id\":\"https:\/\/reklameskolen.devz.no\/ungdomsskole\/andre-temaer\/avtaler-og-vilkar\/#breadcrumb\",\"itemListElement\":[{\"@type\":\"ListItem\",\"position\":1,\"name\":\"Home\",\"item\":\"https:\/\/reklameskolen.devz.no\/ungdomsskole\/\"},{\"@type\":\"ListItem\",\"position\":2,\"name\":\"Andre temaer\",\"item\":\"https:\/\/reklameskolen.devz.no\/ungdomsskole\/andre-temaer\/\"},{\"@type\":\"ListItem\",\"position\":3,\"name\":\"Avtaler og vilk\u00e5r\"}]},{\"@type\":\"WebSite\",\"@id\":\"https:\/\/reklameskolen.devz.no\/ungdomsskole\/#website\",\"url\":\"https:\/\/reklameskolen.devz.no\/ungdomsskole\/\",\"name\":\"Ungdomsskole\",\"description\":\"Oppl\u00e6ringsverkt\u00f8y om reklame\",\"publisher\":{\"@id\":\"https:\/\/reklameskolen.devz.no\/ungdomsskole\/#organization\"},\"potentialAction\":[{\"@type\":\"SearchAction\",\"target\":{\"@type\":\"EntryPoint\",\"urlTemplate\":\"https:\/\/reklameskolen.devz.no\/ungdomsskole\/?s={search_term_string}\"},\"query-input\":{\"@type\":\"PropertyValueSpecification\",\"valueRequired\":true,\"valueName\":\"search_term_string\"}}],\"inLanguage\":\"nb-NO\"},{\"@type\":\"Organization\",\"@id\":\"https:\/\/reklameskolen.devz.no\/ungdomsskole\/#organization\",\"name\":\"Ungdomsskole\",\"url\":\"https:\/\/reklameskolen.devz.no\/ungdomsskole\/\",\"logo\":{\"@type\":\"ImageObject\",\"inLanguage\":\"nb-NO\",\"@id\":\"https:\/\/reklameskolen.devz.no\/ungdomsskole\/#\/schema\/logo\/image\/\",\"url\":\"https:\/\/reklameskolen.devz.no\/wp-content\/uploads\/2023\/08\/Reklameskolen-Logo-01.png\",\"contentUrl\":\"https:\/\/reklameskolen.devz.no\/wp-content\/uploads\/2023\/08\/Reklameskolen-Logo-01.png\",\"caption\":\"Ungdomsskole\"},\"image\":{\"@id\":\"https:\/\/reklameskolen.devz.no\/ungdomsskole\/#\/schema\/logo\/image\/\"}}]}<\/script>\n<!-- \/ Yoast SEO plugin. -->","yoast_head_json":{"title":"Avtaler og vilk\u00e5r - Ungdomsskole","robots":{"index":"index","follow":"follow","max-snippet":"max-snippet:-1","max-image-preview":"max-image-preview:large","max-video-preview":"max-video-preview:-1"},"canonical":"https:\/\/reklameskolen.devz.no\/ungdomsskole\/andre-temaer\/avtaler-og-vilkar\/","og_locale":"nb_NO","og_type":"article","og_title":"Avtaler og vilk\u00e5r - Ungdomsskole","og_description":"Avtaler og vilk\u00e5r Du har kanskje h\u00f8rt at avtaler skal holdes? Men visste du at det ogs\u00e5 gjelder for det du avtaler muntlig? Men hva betyr det egentlig at avtaler skal holdes? N\u00e5r vi sier at \u00abavtaler skal holdes\u00bb mener vi at du og den du inng\u00e5r avtalen med ikke bare kan trekke dere fra [&hellip;]","og_url":"https:\/\/reklameskolen.devz.no\/ungdomsskole\/andre-temaer\/avtaler-og-vilkar\/","og_site_name":"Ungdomsskole","article_modified_time":"2024-08-20T10:13:26+00:00","og_image":[{"url":"https:\/\/reklameskolen.devz.no\/wp-content\/uploads\/2024\/08\/Handshake1280-1.jpg","type":"","width":"","height":""}],"twitter_card":"summary_large_image","twitter_misc":{"Ansl. lesetid":"1 minutt"},"schema":{"@context":"https:\/\/schema.org","@graph":[{"@type":"WebPage","@id":"https:\/\/reklameskolen.devz.no\/ungdomsskole\/andre-temaer\/avtaler-og-vilkar\/","url":"https:\/\/reklameskolen.devz.no\/ungdomsskole\/andre-temaer\/avtaler-og-vilkar\/","name":"Avtaler og vilk\u00e5r - Ungdomsskole","isPartOf":{"@id":"https:\/\/reklameskolen.devz.no\/ungdomsskole\/#website"},"primaryImageOfPage":{"@id":"https:\/\/reklameskolen.devz.no\/ungdomsskole\/andre-temaer\/avtaler-og-vilkar\/#primaryimage"},"image":{"@id":"https:\/\/reklameskolen.devz.no\/ungdomsskole\/andre-temaer\/avtaler-og-vilkar\/#primaryimage"},"thumbnailUrl":"https:\/\/reklameskolen.devz.no\/wp-content\/uploads\/2024\/08\/Handshake1280-1.jpg","datePublished":"2021-12-09T07:58:10+00:00","dateModified":"2024-08-20T10:13:26+00:00","breadcrumb":{"@id":"https:\/\/reklameskolen.devz.no\/ungdomsskole\/andre-temaer\/avtaler-og-vilkar\/#breadcrumb"},"inLanguage":"nb-NO","potentialAction":[{"@type":"ReadAction","target":["https:\/\/reklameskolen.devz.no\/ungdomsskole\/andre-temaer\/avtaler-og-vilkar\/"]}]},{"@type":"ImageObject","inLanguage":"nb-NO","@id":"https:\/\/reklameskolen.devz.no\/ungdomsskole\/andre-temaer\/avtaler-og-vilkar\/#primaryimage","url":"https:\/\/reklameskolen.devz.no\/wp-content\/uploads\/2024\/08\/Handshake1280-1.jpg","contentUrl":"https:\/\/reklameskolen.devz.no\/wp-content\/uploads\/2024\/08\/Handshake1280-1.jpg"},{"@type":"BreadcrumbList","@id":"https:\/\/reklameskolen.devz.no\/ungdomsskole\/andre-temaer\/avtaler-og-vilkar\/#breadcrumb","itemListElement":[{"@type":"ListItem","position":1,"name":"Home","item":"https:\/\/reklameskolen.devz.no\/ungdomsskole\/"},{"@type":"ListItem","position":2,"name":"Andre temaer","item":"https:\/\/reklameskolen.devz.no\/ungdomsskole\/andre-temaer\/"},{"@type":"ListItem","position":3,"name":"Avtaler og vilk\u00e5r"}]},{"@type":"WebSite","@id":"https:\/\/reklameskolen.devz.no\/ungdomsskole\/#website","url":"https:\/\/reklameskolen.devz.no\/ungdomsskole\/","name":"Ungdomsskole","description":"Oppl\u00e6ringsverkt\u00f8y om reklame","publisher":{"@id":"https:\/\/reklameskolen.devz.no\/ungdomsskole\/#organization"},"potentialAction":[{"@type":"SearchAction","target":{"@type":"EntryPoint","urlTemplate":"https:\/\/reklameskolen.devz.no\/ungdomsskole\/?s={search_term_string}"},"query-input":{"@type":"PropertyValueSpecification","valueRequired":true,"valueName":"search_term_string"}}],"inLanguage":"nb-NO"},{"@type":"Organization","@id":"https:\/\/reklameskolen.devz.no\/ungdomsskole\/#organization","name":"Ungdomsskole","url":"https:\/\/reklameskolen.devz.no\/ungdomsskole\/","logo":{"@type":"ImageObject","inLanguage":"nb-NO","@id":"https:\/\/reklameskolen.devz.no\/ungdomsskole\/#\/schema\/logo\/image\/","url":"https:\/\/reklameskolen.devz.no\/wp-content\/uploads\/2023\/08\/Reklameskolen-Logo-01.png","contentUrl":"https:\/\/reklameskolen.devz.no\/wp-content\/uploads\/2023\/08\/Reklameskolen-Logo-01.png","caption":"Ungdomsskole"},"image":{"@id":"https:\/\/reklameskolen.devz.no\/ungdomsskole\/#\/schema\/logo\/image\/"}}]}},"_links":{"self":[{"href":"https:\/\/reklameskolen.devz.no\/ungdomsskole\/wp-json\/wp\/v2\/pages\/169","targetHints":{"allow":["GET"]}}],"collection":[{"href":"https:\/\/reklameskolen.devz.no\/ungdomsskole\/wp-json\/wp\/v2\/pages"}],"about":[{"href":"https:\/\/reklameskolen.devz.no\/ungdomsskole\/wp-json\/wp\/v2\/types\/page"}],"author":[{"embeddable":true,"href":"https:\/\/reklameskolen.devz.no\/ungdomsskole\/wp-json\/wp\/v2\/users\/1"}],"replies":[{"embeddable":true,"href":"https:\/\/reklameskolen.devz.no\/ungdomsskole\/wp-json\/wp\/v2\/comments?post=169"}],"version-history":[{"count":36,"href":"https:\/\/reklameskolen.devz.no\/ungdomsskole\/wp-json\/wp\/v2\/pages\/169\/revisions"}],"predecessor-version":[{"id":3943,"href":"https:\/\/reklameskolen.devz.no\/ungdomsskole\/wp-json\/wp\/v2\/pages\/169\/revisions\/3943"}],"up":[{"embeddable":true,"href":"https:\/\/reklameskolen.devz.no\/ungdomsskole\/wp-json\/wp\/v2\/pages\/111"}],"wp:attachment":[{"href":"https:\/\/reklameskolen.devz.no\/ungdomsskole\/wp-json\/wp\/v2\/media?parent=169"}],"curies":[{"name":"wp","href":"https:\/\/api.w.org\/{rel}","templated":true}]}}