{"id":170,"date":"2021-12-09T08:58:10","date_gmt":"2021-12-09T07:58:10","guid":{"rendered":"https:\/\/reklameskolen.devz.no\/?page_id=170"},"modified":"2024-10-03T14:54:35","modified_gmt":"2024-10-03T12:54:35","slug":"okonomi","status":"publish","type":"page","link":"https:\/\/reklameskolen.devz.no\/ungdomsskole\/andre-temaer\/okonomi\/","title":{"rendered":"\u00d8konomi"},"content":{"rendered":"\n<figure class=\"wp-block-image size-full\"><img loading=\"lazy\" decoding=\"async\" width=\"2400\" height=\"1602\" src=\"https:\/\/reklameskolen.devz.no\/wp-content\/uploads\/2022\/04\/scott-graham-5fNmWej4tAA-unsplash-1.jpg\" alt=\"Foto av en kontorpult. To laptopper ligger ved siden av hverandre. Et par hender holder en blyant og en skriveblokk full av tall og utregninger.\" class=\"wp-image-3063\" srcset=\"https:\/\/reklameskolen.devz.no\/ungdomsskole\/files\/2022\/04\/scott-graham-5fNmWej4tAA-unsplash-1.jpg 2400w, https:\/\/reklameskolen.devz.no\/ungdomsskole\/files\/2022\/04\/scott-graham-5fNmWej4tAA-unsplash-1-300x200.jpg 300w, https:\/\/reklameskolen.devz.no\/ungdomsskole\/files\/2022\/04\/scott-graham-5fNmWej4tAA-unsplash-1-1024x684.jpg 1024w, https:\/\/reklameskolen.devz.no\/ungdomsskole\/files\/2022\/04\/scott-graham-5fNmWej4tAA-unsplash-1-768x513.jpg 768w, https:\/\/reklameskolen.devz.no\/ungdomsskole\/files\/2022\/04\/scott-graham-5fNmWej4tAA-unsplash-1-1536x1025.jpg 1536w, https:\/\/reklameskolen.devz.no\/ungdomsskole\/files\/2022\/04\/scott-graham-5fNmWej4tAA-unsplash-1-2048x1367.jpg 2048w, https:\/\/reklameskolen.devz.no\/ungdomsskole\/files\/2022\/04\/scott-graham-5fNmWej4tAA-unsplash-1-150x100.jpg 150w\" sizes=\"auto, (max-width: 2400px) 100vw, 2400px\" \/><figcaption class=\"wp-element-caption\">Foto: Scott Graham\/unsplash<\/figcaption><\/figure>\n\n\n\n<h2 class=\"wp-block-heading\" id=\"okonomi\">\u00d8konomi<\/h2>\n\n\n\n<p class=\"has-medium-font-size\">Du ser kanskje frem til 18-\u00e5rsdagen din? Teller ned dager til du endelig kan bestemme det meste selv? Det er i s\u00e5 fall ikke s\u00e5 rart! \u00c5 bli 18 er en stor merkedag, men det inneb\u00e6rer ogs\u00e5 at du blir fullt ut ansvarlig for det du gj\u00f8r. Ogs\u00e5 f\u00f8r den tid kan det dukke opp mange sp\u00f8rsm\u00e5l knyttet til \u00f8konomien. Du har kanskje lurt p\u00e5 om du kan jobbe, om du m\u00e5 betale skatt eller om du skal kj\u00f8pe deg moped eller scooter. <\/p>\n\n\n\n<p class=\"has-medium-font-size\">Har du lyst \u00e5 teste \u00f8konomikunnskapene dine? Ta \u00d8konomilappen da vel!<\/p>\n\n\n\n<div class=\"wp-block-buttons is-layout-flex wp-block-buttons-is-layout-flex\">\n<div class=\"wp-block-button\"><a class=\"wp-block-button__link has-palette-color-8-color has-palette-color-3-background-color has-text-color has-background wp-element-button\" href=\"https:\/\/xn--konomilappen-ujb.no\/\" target=\"_blank\" rel=\"noreferrer noopener\">Ta &laquo;\u00d8konomilappen&raquo; her<\/a><\/div>\n<\/div>\n\n\n\n<p class=\"has-medium-font-size\">Informasjon om disse temaene med mer finner du i heftet &laquo;P\u00e5 egne ben&raquo;<\/p>\n\n\n\n<div class=\"wp-block-buttons is-layout-flex wp-block-buttons-is-layout-flex\">\n<div class=\"wp-block-button\"><a class=\"wp-block-button__link has-palette-color-8-color has-palette-color-3-background-color has-text-color has-background wp-element-button\" href=\"https:\/\/www.finansnorge.no\/contentassets\/06ba687accfb43259119bdb430f23f18\/hefte-pa-egne-ben---oppdatert-mars-2021.pdf\" target=\"_blank\" rel=\"noreferrer noopener\">Trykk her for \u00e5 finne heftet &laquo;P\u00e5 egne ben&raquo;<\/a><\/div>\n<\/div>\n\n\n\n<div style=\"height:100px\" aria-hidden=\"true\" class=\"wp-block-spacer\"><\/div>\n\n\n\n<div class=\"wp-block-group alignfull has-palette-color-4-background-color has-background is-layout-flow wp-block-group-is-layout-flow\">\n<div class=\"wp-block-columns is-layout-flex wp-container-core-columns-is-layout-28f84493 wp-block-columns-is-layout-flex\">\n<div class=\"wp-block-column is-layout-flow wp-block-column-is-layout-flow\">\n<div class=\"wp-block-buttons is-layout-flex wp-block-buttons-is-layout-flex\">\n<div class=\"wp-block-button\"><a class=\"wp-block-button__link wp-element-button\" href=\"https:\/\/reklameskolen.devz.no\/ungdomsskole\/andre-temaer\/avtaler-og-vilkar\/\">Tilbake til &laquo;Avtaler og vilk\u00e5r&raquo;<\/a><\/div>\n<\/div>\n<\/div>\n\n\n\n<div class=\"wp-block-column is-layout-flow wp-block-column-is-layout-flow\">\n<div class=\"wp-block-buttons is-horizontal is-content-justification-right is-layout-flex wp-container-core-buttons-is-layout-30af2ff6 wp-block-buttons-is-layout-flex\">\n<div class=\"wp-block-button\"><a class=\"wp-block-button__link wp-element-button\" href=\"https:\/\/reklameskolen.devz.no\/ungdomsskole\/andre-temaer\/direktemarkedsforing\/\">Videre til &laquo;Reklame rett hjem&raquo;<\/a><\/div>\n<\/div>\n<\/div>\n<\/div>\n<\/div>\n\n\n\n<p><\/p>\n","protected":false},"excerpt":{"rendered":"<p>\u00d8konomi Du ser kanskje frem til 18-\u00e5rsdagen din? Teller ned dager til du endelig kan bestemme det meste selv? Det er i s\u00e5 fall ikke s\u00e5 rart! \u00c5 bli 18 er en stor merkedag, men det inneb\u00e6rer ogs\u00e5 at du blir fullt ut ansvarlig for det du gj\u00f8r. Ogs\u00e5 f\u00f8r den tid kan det dukke [&hellip;]<\/p>\n","protected":false},"author":1,"featured_media":0,"parent":111,"menu_order":3,"comment_status":"closed","ping_status":"closed","template":"","meta":{"_acf_changed":false,"editor_notices":[],"footnotes":""},"class_list":["post-170","page","type-page","status-publish","hentry"],"blocksy_meta":{"styles_descriptor":{"styles":{"desktop":"","tablet":"","mobile":""},"google_fonts":[],"version":6}},"acf":[],"yoast_head":"<!-- This site is optimized with the Yoast SEO plugin v25.9 - https:\/\/yoast.com\/wordpress\/plugins\/seo\/ -->\n<title>\u00d8konomi - Ungdomsskole<\/title>\n<meta name=\"robots\" content=\"index, follow, max-snippet:-1, max-image-preview:large, max-video-preview:-1\" \/>\n<link rel=\"canonical\" href=\"https:\/\/reklameskolen.devz.no\/ungdomsskole\/andre-temaer\/okonomi\/\" \/>\n<meta property=\"og:locale\" content=\"nb_NO\" \/>\n<meta property=\"og:type\" content=\"article\" \/>\n<meta property=\"og:title\" content=\"\u00d8konomi - Ungdomsskole\" \/>\n<meta property=\"og:description\" content=\"\u00d8konomi Du ser kanskje frem til 18-\u00e5rsdagen din? Teller ned dager til du endelig kan bestemme det meste selv? Det er i s\u00e5 fall ikke s\u00e5 rart! \u00c5 bli 18 er en stor merkedag, men det inneb\u00e6rer ogs\u00e5 at du blir fullt ut ansvarlig for det du gj\u00f8r. Ogs\u00e5 f\u00f8r den tid kan det dukke [&hellip;]\" \/>\n<meta property=\"og:url\" content=\"https:\/\/reklameskolen.devz.no\/ungdomsskole\/andre-temaer\/okonomi\/\" \/>\n<meta property=\"og:site_name\" content=\"Ungdomsskole\" \/>\n<meta property=\"article:modified_time\" content=\"2024-10-03T12:54:35+00:00\" \/>\n<meta property=\"og:image\" content=\"https:\/\/reklameskolen.devz.no\/wp-content\/uploads\/2022\/04\/scott-graham-5fNmWej4tAA-unsplash-1.jpg\" \/>\n<meta name=\"twitter:card\" content=\"summary_large_image\" \/>\n<meta name=\"twitter:label1\" content=\"Ansl. lesetid\" \/>\n\t<meta name=\"twitter:data1\" content=\"1 minutt\" \/>\n<script type=\"application\/ld+json\" class=\"yoast-schema-graph\">{\"@context\":\"https:\/\/schema.org\",\"@graph\":[{\"@type\":\"WebPage\",\"@id\":\"https:\/\/reklameskolen.devz.no\/ungdomsskole\/andre-temaer\/okonomi\/\",\"url\":\"https:\/\/reklameskolen.devz.no\/ungdomsskole\/andre-temaer\/okonomi\/\",\"name\":\"\u00d8konomi - Ungdomsskole\",\"isPartOf\":{\"@id\":\"https:\/\/reklameskolen.devz.no\/ungdomsskole\/#website\"},\"primaryImageOfPage\":{\"@id\":\"https:\/\/reklameskolen.devz.no\/ungdomsskole\/andre-temaer\/okonomi\/#primaryimage\"},\"image\":{\"@id\":\"https:\/\/reklameskolen.devz.no\/ungdomsskole\/andre-temaer\/okonomi\/#primaryimage\"},\"thumbnailUrl\":\"https:\/\/reklameskolen.devz.no\/wp-content\/uploads\/2022\/04\/scott-graham-5fNmWej4tAA-unsplash-1.jpg\",\"datePublished\":\"2021-12-09T07:58:10+00:00\",\"dateModified\":\"2024-10-03T12:54:35+00:00\",\"breadcrumb\":{\"@id\":\"https:\/\/reklameskolen.devz.no\/ungdomsskole\/andre-temaer\/okonomi\/#breadcrumb\"},\"inLanguage\":\"nb-NO\",\"potentialAction\":[{\"@type\":\"ReadAction\",\"target\":[\"https:\/\/reklameskolen.devz.no\/ungdomsskole\/andre-temaer\/okonomi\/\"]}]},{\"@type\":\"ImageObject\",\"inLanguage\":\"nb-NO\",\"@id\":\"https:\/\/reklameskolen.devz.no\/ungdomsskole\/andre-temaer\/okonomi\/#primaryimage\",\"url\":\"https:\/\/reklameskolen.devz.no\/wp-content\/uploads\/2022\/04\/scott-graham-5fNmWej4tAA-unsplash-1.jpg\",\"contentUrl\":\"https:\/\/reklameskolen.devz.no\/wp-content\/uploads\/2022\/04\/scott-graham-5fNmWej4tAA-unsplash-1.jpg\"},{\"@type\":\"BreadcrumbList\",\"@id\":\"https:\/\/reklameskolen.devz.no\/ungdomsskole\/andre-temaer\/okonomi\/#breadcrumb\",\"itemListElement\":[{\"@type\":\"ListItem\",\"position\":1,\"name\":\"Home\",\"item\":\"https:\/\/reklameskolen.devz.no\/ungdomsskole\/\"},{\"@type\":\"ListItem\",\"position\":2,\"name\":\"Andre temaer\",\"item\":\"https:\/\/reklameskolen.devz.no\/ungdomsskole\/andre-temaer\/\"},{\"@type\":\"ListItem\",\"position\":3,\"name\":\"\u00d8konomi\"}]},{\"@type\":\"WebSite\",\"@id\":\"https:\/\/reklameskolen.devz.no\/ungdomsskole\/#website\",\"url\":\"https:\/\/reklameskolen.devz.no\/ungdomsskole\/\",\"name\":\"Ungdomsskole\",\"description\":\"Oppl\u00e6ringsverkt\u00f8y om reklame\",\"publisher\":{\"@id\":\"https:\/\/reklameskolen.devz.no\/ungdomsskole\/#organization\"},\"potentialAction\":[{\"@type\":\"SearchAction\",\"target\":{\"@type\":\"EntryPoint\",\"urlTemplate\":\"https:\/\/reklameskolen.devz.no\/ungdomsskole\/?s={search_term_string}\"},\"query-input\":{\"@type\":\"PropertyValueSpecification\",\"valueRequired\":true,\"valueName\":\"search_term_string\"}}],\"inLanguage\":\"nb-NO\"},{\"@type\":\"Organization\",\"@id\":\"https:\/\/reklameskolen.devz.no\/ungdomsskole\/#organization\",\"name\":\"Ungdomsskole\",\"url\":\"https:\/\/reklameskolen.devz.no\/ungdomsskole\/\",\"logo\":{\"@type\":\"ImageObject\",\"inLanguage\":\"nb-NO\",\"@id\":\"https:\/\/reklameskolen.devz.no\/ungdomsskole\/#\/schema\/logo\/image\/\",\"url\":\"https:\/\/reklameskolen.devz.no\/wp-content\/uploads\/2023\/08\/Reklameskolen-Logo-01.png\",\"contentUrl\":\"https:\/\/reklameskolen.devz.no\/wp-content\/uploads\/2023\/08\/Reklameskolen-Logo-01.png\",\"caption\":\"Ungdomsskole\"},\"image\":{\"@id\":\"https:\/\/reklameskolen.devz.no\/ungdomsskole\/#\/schema\/logo\/image\/\"}}]}<\/script>\n<!-- \/ Yoast SEO plugin. -->","yoast_head_json":{"title":"\u00d8konomi - Ungdomsskole","robots":{"index":"index","follow":"follow","max-snippet":"max-snippet:-1","max-image-preview":"max-image-preview:large","max-video-preview":"max-video-preview:-1"},"canonical":"https:\/\/reklameskolen.devz.no\/ungdomsskole\/andre-temaer\/okonomi\/","og_locale":"nb_NO","og_type":"article","og_title":"\u00d8konomi - Ungdomsskole","og_description":"\u00d8konomi Du ser kanskje frem til 18-\u00e5rsdagen din? Teller ned dager til du endelig kan bestemme det meste selv? Det er i s\u00e5 fall ikke s\u00e5 rart! \u00c5 bli 18 er en stor merkedag, men det inneb\u00e6rer ogs\u00e5 at du blir fullt ut ansvarlig for det du gj\u00f8r. Ogs\u00e5 f\u00f8r den tid kan det dukke [&hellip;]","og_url":"https:\/\/reklameskolen.devz.no\/ungdomsskole\/andre-temaer\/okonomi\/","og_site_name":"Ungdomsskole","article_modified_time":"2024-10-03T12:54:35+00:00","og_image":[{"url":"https:\/\/reklameskolen.devz.no\/wp-content\/uploads\/2022\/04\/scott-graham-5fNmWej4tAA-unsplash-1.jpg","type":"","width":"","height":""}],"twitter_card":"summary_large_image","twitter_misc":{"Ansl. lesetid":"1 minutt"},"schema":{"@context":"https:\/\/schema.org","@graph":[{"@type":"WebPage","@id":"https:\/\/reklameskolen.devz.no\/ungdomsskole\/andre-temaer\/okonomi\/","url":"https:\/\/reklameskolen.devz.no\/ungdomsskole\/andre-temaer\/okonomi\/","name":"\u00d8konomi - Ungdomsskole","isPartOf":{"@id":"https:\/\/reklameskolen.devz.no\/ungdomsskole\/#website"},"primaryImageOfPage":{"@id":"https:\/\/reklameskolen.devz.no\/ungdomsskole\/andre-temaer\/okonomi\/#primaryimage"},"image":{"@id":"https:\/\/reklameskolen.devz.no\/ungdomsskole\/andre-temaer\/okonomi\/#primaryimage"},"thumbnailUrl":"https:\/\/reklameskolen.devz.no\/wp-content\/uploads\/2022\/04\/scott-graham-5fNmWej4tAA-unsplash-1.jpg","datePublished":"2021-12-09T07:58:10+00:00","dateModified":"2024-10-03T12:54:35+00:00","breadcrumb":{"@id":"https:\/\/reklameskolen.devz.no\/ungdomsskole\/andre-temaer\/okonomi\/#breadcrumb"},"inLanguage":"nb-NO","potentialAction":[{"@type":"ReadAction","target":["https:\/\/reklameskolen.devz.no\/ungdomsskole\/andre-temaer\/okonomi\/"]}]},{"@type":"ImageObject","inLanguage":"nb-NO","@id":"https:\/\/reklameskolen.devz.no\/ungdomsskole\/andre-temaer\/okonomi\/#primaryimage","url":"https:\/\/reklameskolen.devz.no\/wp-content\/uploads\/2022\/04\/scott-graham-5fNmWej4tAA-unsplash-1.jpg","contentUrl":"https:\/\/reklameskolen.devz.no\/wp-content\/uploads\/2022\/04\/scott-graham-5fNmWej4tAA-unsplash-1.jpg"},{"@type":"BreadcrumbList","@id":"https:\/\/reklameskolen.devz.no\/ungdomsskole\/andre-temaer\/okonomi\/#breadcrumb","itemListElement":[{"@type":"ListItem","position":1,"name":"Home","item":"https:\/\/reklameskolen.devz.no\/ungdomsskole\/"},{"@type":"ListItem","position":2,"name":"Andre temaer","item":"https:\/\/reklameskolen.devz.no\/ungdomsskole\/andre-temaer\/"},{"@type":"ListItem","position":3,"name":"\u00d8konomi"}]},{"@type":"WebSite","@id":"https:\/\/reklameskolen.devz.no\/ungdomsskole\/#website","url":"https:\/\/reklameskolen.devz.no\/ungdomsskole\/","name":"Ungdomsskole","description":"Oppl\u00e6ringsverkt\u00f8y om reklame","publisher":{"@id":"https:\/\/reklameskolen.devz.no\/ungdomsskole\/#organization"},"potentialAction":[{"@type":"SearchAction","target":{"@type":"EntryPoint","urlTemplate":"https:\/\/reklameskolen.devz.no\/ungdomsskole\/?s={search_term_string}"},"query-input":{"@type":"PropertyValueSpecification","valueRequired":true,"valueName":"search_term_string"}}],"inLanguage":"nb-NO"},{"@type":"Organization","@id":"https:\/\/reklameskolen.devz.no\/ungdomsskole\/#organization","name":"Ungdomsskole","url":"https:\/\/reklameskolen.devz.no\/ungdomsskole\/","logo":{"@type":"ImageObject","inLanguage":"nb-NO","@id":"https:\/\/reklameskolen.devz.no\/ungdomsskole\/#\/schema\/logo\/image\/","url":"https:\/\/reklameskolen.devz.no\/wp-content\/uploads\/2023\/08\/Reklameskolen-Logo-01.png","contentUrl":"https:\/\/reklameskolen.devz.no\/wp-content\/uploads\/2023\/08\/Reklameskolen-Logo-01.png","caption":"Ungdomsskole"},"image":{"@id":"https:\/\/reklameskolen.devz.no\/ungdomsskole\/#\/schema\/logo\/image\/"}}]}},"_links":{"self":[{"href":"https:\/\/reklameskolen.devz.no\/ungdomsskole\/wp-json\/wp\/v2\/pages\/170","targetHints":{"allow":["GET"]}}],"collection":[{"href":"https:\/\/reklameskolen.devz.no\/ungdomsskole\/wp-json\/wp\/v2\/pages"}],"about":[{"href":"https:\/\/reklameskolen.devz.no\/ungdomsskole\/wp-json\/wp\/v2\/types\/page"}],"author":[{"embeddable":true,"href":"https:\/\/reklameskolen.devz.no\/ungdomsskole\/wp-json\/wp\/v2\/users\/1"}],"replies":[{"embeddable":true,"href":"https:\/\/reklameskolen.devz.no\/ungdomsskole\/wp-json\/wp\/v2\/comments?post=170"}],"version-history":[{"count":45,"href":"https:\/\/reklameskolen.devz.no\/ungdomsskole\/wp-json\/wp\/v2\/pages\/170\/revisions"}],"predecessor-version":[{"id":3997,"href":"https:\/\/reklameskolen.devz.no\/ungdomsskole\/wp-json\/wp\/v2\/pages\/170\/revisions\/3997"}],"up":[{"embeddable":true,"href":"https:\/\/reklameskolen.devz.no\/ungdomsskole\/wp-json\/wp\/v2\/pages\/111"}],"wp:attachment":[{"href":"https:\/\/reklameskolen.devz.no\/ungdomsskole\/wp-json\/wp\/v2\/media?parent=170"}],"curies":[{"name":"wp","href":"https:\/\/api.w.org\/{rel}","templated":true}]}}