{"id":172,"date":"2021-12-09T08:58:11","date_gmt":"2021-12-09T07:58:11","guid":{"rendered":"https:\/\/reklameskolen.devz.no\/?page_id=172"},"modified":"2024-01-11T09:56:15","modified_gmt":"2024-01-11T08:56:15","slug":"personvern","status":"publish","type":"page","link":"https:\/\/reklameskolen.devz.no\/ungdomsskole\/andre-temaer\/personvern\/","title":{"rendered":"Personvern"},"content":{"rendered":"\n<figure class=\"wp-block-image size-full is-resized\"><img loading=\"lazy\" decoding=\"async\" src=\"https:\/\/reklameskolen.devz.no\/wp-content\/uploads\/sites\/7\/2022\/02\/personvern-2.jpg\" alt=\"Bilde av en Cookie-aksept.\n\n&quot;Ved \u00e5 klikke p\u00e5 &quot;godta alle cookies&quot; godtar du lagring av cookies p\u00e5 enheten for \u00e5 forbedre nettstedsnavigeringen, analysere bruken av nettstedet og bist\u00e5 i v\u00e5re markedsf\u00f8ringstiltak&quot; &quot;Godta alle cookies&quot; &quot;Avvist alle&quot; &quot;Informasjonskapselsinnstillinger&quot;\" class=\"wp-image-1470\" width=\"838\" height=\"350\" srcset=\"https:\/\/reklameskolen.devz.no\/ungdomsskole\/files\/2022\/02\/personvern-2.jpg 457w, https:\/\/reklameskolen.devz.no\/ungdomsskole\/files\/2022\/02\/personvern-2-300x125.jpg 300w, https:\/\/reklameskolen.devz.no\/ungdomsskole\/files\/2022\/02\/personvern-2-150x63.jpg 150w\" sizes=\"auto, (max-width: 838px) 100vw, 838px\" \/><\/figure>\n\n\n\n<h2 class=\"wp-block-heading\" id=\"personvern\">Personvern<\/h2>\n\n\n\n<p>Vil du godta alle cookies? Dette er et sp\u00f8rsm\u00e5l som ofte kan dukke opp. Men hva betyr det egentlig?&nbsp;<\/p>\n\n\n\n<div class=\"wp-block-columns is-layout-flex wp-container-core-columns-is-layout-28f84493 wp-block-columns-is-layout-flex\">\n<div class=\"wp-block-column is-layout-flow wp-block-column-is-layout-flow\" style=\"flex-basis:66.66%\">\n<p id=\"block-abe6531a-93d6-4fd7-aae7-2e80bbec79ef\">Cookies eller informasjonskapsler har med <strong>personvern<\/strong> \u00e5 gj\u00f8re. Med personvern menes vern av <strong>personopplysninger<\/strong>. Personopplysninger er alle opplysninger og vurderinger som kan knyttes til deg som enkeltperson. Typiske personopplysninger er navn, adresse, telefonnummer, e-post og f\u00f8dselsnummer. Men, ogs\u00e5 bilder, ansiktsfasong (biometri) og hva du kj\u00f8per eller andre handlingsm\u00f8nster, med mer, regnes som personopplysninger.&nbsp;<\/p>\n\n\n\n<p id=\"block-c6a36719-6a9a-4c82-a0ce-e7044289e76a\">I praksis vil et samtykke til informasjonskapsler ha betydning for om nettstedet eller tjenesten har mulighet til \u00e5 lagre og hente informasjon fra din nettleser eller enhet (mobil, nettbrett eller datamaskin). Dette kan v\u00e6re informasjon om deg, dine innstillinger og om enheten din. Informasjonskapselen brukes for eksempel til \u00e5 lagre innloggingsdetaljer, huske handlekurv i nettbutikken eller registrere hvor brukeren beveger seg rundt p\u00e5 nettstedet.&nbsp;<\/p>\n\n\n\n<p id=\"block-c6a36719-6a9a-4c82-a0ce-e7044289e76a\">Informasjonen vil vanligvis ikke identifisere deg direkte, men kan gi deg en mer personlig opplevelse ved at dine handlingsm\u00f8nster lagres. Lagringen av enkelte informasjonskapsler vil ofte kunne v\u00e6re n\u00f8dvendig for at nettstedet eller tjenesten skal fungere best mulig.&nbsp;<\/p>\n\n\n\n<p id=\"block-0f0f2947-d878-445d-bf28-94cbf3ebccdc\">Det er likevel greit \u00e5 v\u00e6re klar over hva du samtykker til, og v\u00e6re oppmerksom p\u00e5 at ikke alle nettsider eller tjenester har like gode intensjoner. Tenk derfor p\u00e5 hvilke opplysninger du frivillig etterlater deg! Dette gjelder s\u00e6rlig n\u00e5r du oppgir sensitive personopplysninger, slik som betalingsinformasjon eller liknende.&nbsp;Du kan ogs\u00e5 velge \u00e5 dele kun de n\u00f8dvendige informasjonskapslene for \u00e5 begrense deling av personopplysninger. <\/p>\n\n\n\n<p id=\"block-01bda84f-48f7-43ee-9540-097347a7ba88\"><strong>Vil du lese mer?<\/strong><\/p>\n\n\n\n<p id=\"block-97ecac36-fe00-43ec-897e-632f6b5b9638\">Personvern er et omfattende tema. I dagens globaliserte verden har personvern stadig st\u00f8rre betydning i v\u00e5r hverdag.  Du kan l\u00e6re mer om personvern p\u00e5 dubestemmer.no.<\/p>\n\n\n\n<div class=\"wp-block-buttons is-layout-flex wp-block-buttons-is-layout-flex\">\n<div class=\"wp-block-button\"><a class=\"wp-block-button__link has-palette-color-8-color has-palette-color-3-background-color has-text-color has-background wp-element-button\" href=\"https:\/\/www.dubestemmer.no\/\" target=\"_blank\" rel=\"noreferrer noopener\">Til dubestemmer.no<\/a><\/div>\n<\/div>\n\n\n\n<p id=\"block-c9be2281-cf9e-4819-845c-f17b9337ec9d\">&nbsp;<\/p>\n<\/div>\n\n\n\n<div class=\"wp-block-column is-layout-flow wp-block-column-is-layout-flow\" style=\"flex-basis:33.33%\">\n<div class=\"wp-block-group is-style-fact-box is-layout-flow wp-block-group-is-layout-flow\">\n<h2 class=\"wp-block-heading\" id=\"definisjon\">Ordliste<\/h2>\n\n\n\n<ul class=\"wp-block-list\">\n<li><strong>Personvern: <\/strong>Personvern betyr vern av personopplysninger, og handler om retten til privatliv og retten til \u00e5 bestemme over egne personopplysninger.<\/li>\n\n\n\n<li><strong>Personopplysninger<\/strong>: Alle opplysninger og vurderinger som kan knyttes til deg som enkeltperson.<\/li>\n<\/ul>\n<\/div>\n<\/div>\n<\/div>\n\n\n\n<div style=\"height:168px\" aria-hidden=\"true\" class=\"wp-block-spacer\"><\/div>\n\n\n\n<div class=\"wp-block-group alignfull has-palette-color-4-background-color has-background is-layout-flow wp-block-group-is-layout-flow\">\n<div class=\"wp-block-columns is-layout-flex wp-container-core-columns-is-layout-28f84493 wp-block-columns-is-layout-flex\">\n<div class=\"wp-block-column is-layout-flow wp-block-column-is-layout-flow\">\n<div class=\"wp-block-buttons is-layout-flex wp-block-buttons-is-layout-flex\">\n<div class=\"wp-block-button\"><a class=\"wp-block-button__link wp-element-button\" href=\"https:\/\/reklameskolen.devz.no\/ungdomsskole\/andre-temaer\/direktemarkedsforing\/\">Tilbake til &laquo;Reklame rett hjem&raquo;<\/a><\/div>\n<\/div>\n<\/div>\n\n\n\n<div class=\"wp-block-column is-layout-flow wp-block-column-is-layout-flow\">\n<div class=\"wp-block-buttons is-horizontal is-content-justification-right is-layout-flex wp-container-core-buttons-is-layout-30af2ff6 wp-block-buttons-is-layout-flex\">\n<div class=\"wp-block-button\"><a class=\"wp-block-button__link wp-element-button\" href=\"https:\/\/reklameskolen.devz.no\/ungdomsskole\/ferdig-med-reklameskolen\/\">Videre til neste side<\/a><\/div>\n<\/div>\n<\/div>\n<\/div>\n<\/div>\n","protected":false},"excerpt":{"rendered":"<p>Personvern Vil du godta alle cookies? Dette er et sp\u00f8rsm\u00e5l som ofte kan dukke opp. Men hva betyr det egentlig?&nbsp; Cookies eller informasjonskapsler har med personvern \u00e5 gj\u00f8re. Med personvern menes vern av personopplysninger. Personopplysninger er alle opplysninger og vurderinger som kan knyttes til deg som enkeltperson. Typiske personopplysninger er navn, adresse, telefonnummer, e-post og [&hellip;]<\/p>\n","protected":false},"author":1,"featured_media":0,"parent":111,"menu_order":5,"comment_status":"closed","ping_status":"closed","template":"","meta":{"_acf_changed":false,"editor_notices":[],"footnotes":""},"class_list":["post-172","page","type-page","status-publish","hentry"],"blocksy_meta":{"styles_descriptor":{"styles":{"desktop":"","tablet":"","mobile":""},"google_fonts":[],"version":6}},"acf":[],"yoast_head":"<!-- This site is optimized with the Yoast SEO plugin v25.9 - https:\/\/yoast.com\/wordpress\/plugins\/seo\/ -->\n<title>Personvern - Ungdomsskole<\/title>\n<meta name=\"robots\" content=\"index, follow, max-snippet:-1, max-image-preview:large, max-video-preview:-1\" \/>\n<link rel=\"canonical\" href=\"https:\/\/reklameskolen.devz.no\/ungdomsskole\/andre-temaer\/personvern\/\" \/>\n<meta property=\"og:locale\" content=\"nb_NO\" \/>\n<meta property=\"og:type\" content=\"article\" \/>\n<meta property=\"og:title\" content=\"Personvern - Ungdomsskole\" \/>\n<meta property=\"og:description\" content=\"Personvern Vil du godta alle cookies? Dette er et sp\u00f8rsm\u00e5l som ofte kan dukke opp. Men hva betyr det egentlig?&nbsp; Cookies eller informasjonskapsler har med personvern \u00e5 gj\u00f8re. Med personvern menes vern av personopplysninger. Personopplysninger er alle opplysninger og vurderinger som kan knyttes til deg som enkeltperson. Typiske personopplysninger er navn, adresse, telefonnummer, e-post og [&hellip;]\" \/>\n<meta property=\"og:url\" content=\"https:\/\/reklameskolen.devz.no\/ungdomsskole\/andre-temaer\/personvern\/\" \/>\n<meta property=\"og:site_name\" content=\"Ungdomsskole\" \/>\n<meta property=\"article:modified_time\" content=\"2024-01-11T08:56:15+00:00\" \/>\n<meta property=\"og:image\" content=\"https:\/\/reklameskolen.devz.no\/wp-content\/uploads\/sites\/7\/2022\/02\/personvern-2.jpg\" \/>\n<meta name=\"twitter:card\" content=\"summary_large_image\" \/>\n<meta name=\"twitter:label1\" content=\"Ansl. lesetid\" \/>\n\t<meta name=\"twitter:data1\" content=\"2 minutter\" \/>\n<script type=\"application\/ld+json\" class=\"yoast-schema-graph\">{\"@context\":\"https:\/\/schema.org\",\"@graph\":[{\"@type\":\"WebPage\",\"@id\":\"https:\/\/reklameskolen.devz.no\/ungdomsskole\/andre-temaer\/personvern\/\",\"url\":\"https:\/\/reklameskolen.devz.no\/ungdomsskole\/andre-temaer\/personvern\/\",\"name\":\"Personvern - Ungdomsskole\",\"isPartOf\":{\"@id\":\"https:\/\/reklameskolen.devz.no\/ungdomsskole\/#website\"},\"primaryImageOfPage\":{\"@id\":\"https:\/\/reklameskolen.devz.no\/ungdomsskole\/andre-temaer\/personvern\/#primaryimage\"},\"image\":{\"@id\":\"https:\/\/reklameskolen.devz.no\/ungdomsskole\/andre-temaer\/personvern\/#primaryimage\"},\"thumbnailUrl\":\"https:\/\/reklameskolen.devz.no\/wp-content\/uploads\/sites\/7\/2022\/02\/personvern-2.jpg\",\"datePublished\":\"2021-12-09T07:58:11+00:00\",\"dateModified\":\"2024-01-11T08:56:15+00:00\",\"breadcrumb\":{\"@id\":\"https:\/\/reklameskolen.devz.no\/ungdomsskole\/andre-temaer\/personvern\/#breadcrumb\"},\"inLanguage\":\"nb-NO\",\"potentialAction\":[{\"@type\":\"ReadAction\",\"target\":[\"https:\/\/reklameskolen.devz.no\/ungdomsskole\/andre-temaer\/personvern\/\"]}]},{\"@type\":\"ImageObject\",\"inLanguage\":\"nb-NO\",\"@id\":\"https:\/\/reklameskolen.devz.no\/ungdomsskole\/andre-temaer\/personvern\/#primaryimage\",\"url\":\"https:\/\/reklameskolen.devz.no\/wp-content\/uploads\/sites\/7\/2022\/02\/personvern-2.jpg\",\"contentUrl\":\"https:\/\/reklameskolen.devz.no\/wp-content\/uploads\/sites\/7\/2022\/02\/personvern-2.jpg\"},{\"@type\":\"BreadcrumbList\",\"@id\":\"https:\/\/reklameskolen.devz.no\/ungdomsskole\/andre-temaer\/personvern\/#breadcrumb\",\"itemListElement\":[{\"@type\":\"ListItem\",\"position\":1,\"name\":\"Home\",\"item\":\"https:\/\/reklameskolen.devz.no\/ungdomsskole\/\"},{\"@type\":\"ListItem\",\"position\":2,\"name\":\"Andre temaer\",\"item\":\"https:\/\/reklameskolen.devz.no\/ungdomsskole\/andre-temaer\/\"},{\"@type\":\"ListItem\",\"position\":3,\"name\":\"Personvern\"}]},{\"@type\":\"WebSite\",\"@id\":\"https:\/\/reklameskolen.devz.no\/ungdomsskole\/#website\",\"url\":\"https:\/\/reklameskolen.devz.no\/ungdomsskole\/\",\"name\":\"Ungdomsskole\",\"description\":\"Oppl\u00e6ringsverkt\u00f8y om reklame\",\"publisher\":{\"@id\":\"https:\/\/reklameskolen.devz.no\/ungdomsskole\/#organization\"},\"potentialAction\":[{\"@type\":\"SearchAction\",\"target\":{\"@type\":\"EntryPoint\",\"urlTemplate\":\"https:\/\/reklameskolen.devz.no\/ungdomsskole\/?s={search_term_string}\"},\"query-input\":{\"@type\":\"PropertyValueSpecification\",\"valueRequired\":true,\"valueName\":\"search_term_string\"}}],\"inLanguage\":\"nb-NO\"},{\"@type\":\"Organization\",\"@id\":\"https:\/\/reklameskolen.devz.no\/ungdomsskole\/#organization\",\"name\":\"Ungdomsskole\",\"url\":\"https:\/\/reklameskolen.devz.no\/ungdomsskole\/\",\"logo\":{\"@type\":\"ImageObject\",\"inLanguage\":\"nb-NO\",\"@id\":\"https:\/\/reklameskolen.devz.no\/ungdomsskole\/#\/schema\/logo\/image\/\",\"url\":\"https:\/\/reklameskolen.devz.no\/wp-content\/uploads\/2023\/08\/Reklameskolen-Logo-01.png\",\"contentUrl\":\"https:\/\/reklameskolen.devz.no\/wp-content\/uploads\/2023\/08\/Reklameskolen-Logo-01.png\",\"caption\":\"Ungdomsskole\"},\"image\":{\"@id\":\"https:\/\/reklameskolen.devz.no\/ungdomsskole\/#\/schema\/logo\/image\/\"}}]}<\/script>\n<!-- \/ Yoast SEO plugin. -->","yoast_head_json":{"title":"Personvern - Ungdomsskole","robots":{"index":"index","follow":"follow","max-snippet":"max-snippet:-1","max-image-preview":"max-image-preview:large","max-video-preview":"max-video-preview:-1"},"canonical":"https:\/\/reklameskolen.devz.no\/ungdomsskole\/andre-temaer\/personvern\/","og_locale":"nb_NO","og_type":"article","og_title":"Personvern - Ungdomsskole","og_description":"Personvern Vil du godta alle cookies? Dette er et sp\u00f8rsm\u00e5l som ofte kan dukke opp. Men hva betyr det egentlig?&nbsp; Cookies eller informasjonskapsler har med personvern \u00e5 gj\u00f8re. Med personvern menes vern av personopplysninger. Personopplysninger er alle opplysninger og vurderinger som kan knyttes til deg som enkeltperson. Typiske personopplysninger er navn, adresse, telefonnummer, e-post og [&hellip;]","og_url":"https:\/\/reklameskolen.devz.no\/ungdomsskole\/andre-temaer\/personvern\/","og_site_name":"Ungdomsskole","article_modified_time":"2024-01-11T08:56:15+00:00","og_image":[{"url":"https:\/\/reklameskolen.devz.no\/wp-content\/uploads\/sites\/7\/2022\/02\/personvern-2.jpg","type":"","width":"","height":""}],"twitter_card":"summary_large_image","twitter_misc":{"Ansl. lesetid":"2 minutter"},"schema":{"@context":"https:\/\/schema.org","@graph":[{"@type":"WebPage","@id":"https:\/\/reklameskolen.devz.no\/ungdomsskole\/andre-temaer\/personvern\/","url":"https:\/\/reklameskolen.devz.no\/ungdomsskole\/andre-temaer\/personvern\/","name":"Personvern - Ungdomsskole","isPartOf":{"@id":"https:\/\/reklameskolen.devz.no\/ungdomsskole\/#website"},"primaryImageOfPage":{"@id":"https:\/\/reklameskolen.devz.no\/ungdomsskole\/andre-temaer\/personvern\/#primaryimage"},"image":{"@id":"https:\/\/reklameskolen.devz.no\/ungdomsskole\/andre-temaer\/personvern\/#primaryimage"},"thumbnailUrl":"https:\/\/reklameskolen.devz.no\/wp-content\/uploads\/sites\/7\/2022\/02\/personvern-2.jpg","datePublished":"2021-12-09T07:58:11+00:00","dateModified":"2024-01-11T08:56:15+00:00","breadcrumb":{"@id":"https:\/\/reklameskolen.devz.no\/ungdomsskole\/andre-temaer\/personvern\/#breadcrumb"},"inLanguage":"nb-NO","potentialAction":[{"@type":"ReadAction","target":["https:\/\/reklameskolen.devz.no\/ungdomsskole\/andre-temaer\/personvern\/"]}]},{"@type":"ImageObject","inLanguage":"nb-NO","@id":"https:\/\/reklameskolen.devz.no\/ungdomsskole\/andre-temaer\/personvern\/#primaryimage","url":"https:\/\/reklameskolen.devz.no\/wp-content\/uploads\/sites\/7\/2022\/02\/personvern-2.jpg","contentUrl":"https:\/\/reklameskolen.devz.no\/wp-content\/uploads\/sites\/7\/2022\/02\/personvern-2.jpg"},{"@type":"BreadcrumbList","@id":"https:\/\/reklameskolen.devz.no\/ungdomsskole\/andre-temaer\/personvern\/#breadcrumb","itemListElement":[{"@type":"ListItem","position":1,"name":"Home","item":"https:\/\/reklameskolen.devz.no\/ungdomsskole\/"},{"@type":"ListItem","position":2,"name":"Andre temaer","item":"https:\/\/reklameskolen.devz.no\/ungdomsskole\/andre-temaer\/"},{"@type":"ListItem","position":3,"name":"Personvern"}]},{"@type":"WebSite","@id":"https:\/\/reklameskolen.devz.no\/ungdomsskole\/#website","url":"https:\/\/reklameskolen.devz.no\/ungdomsskole\/","name":"Ungdomsskole","description":"Oppl\u00e6ringsverkt\u00f8y om reklame","publisher":{"@id":"https:\/\/reklameskolen.devz.no\/ungdomsskole\/#organization"},"potentialAction":[{"@type":"SearchAction","target":{"@type":"EntryPoint","urlTemplate":"https:\/\/reklameskolen.devz.no\/ungdomsskole\/?s={search_term_string}"},"query-input":{"@type":"PropertyValueSpecification","valueRequired":true,"valueName":"search_term_string"}}],"inLanguage":"nb-NO"},{"@type":"Organization","@id":"https:\/\/reklameskolen.devz.no\/ungdomsskole\/#organization","name":"Ungdomsskole","url":"https:\/\/reklameskolen.devz.no\/ungdomsskole\/","logo":{"@type":"ImageObject","inLanguage":"nb-NO","@id":"https:\/\/reklameskolen.devz.no\/ungdomsskole\/#\/schema\/logo\/image\/","url":"https:\/\/reklameskolen.devz.no\/wp-content\/uploads\/2023\/08\/Reklameskolen-Logo-01.png","contentUrl":"https:\/\/reklameskolen.devz.no\/wp-content\/uploads\/2023\/08\/Reklameskolen-Logo-01.png","caption":"Ungdomsskole"},"image":{"@id":"https:\/\/reklameskolen.devz.no\/ungdomsskole\/#\/schema\/logo\/image\/"}}]}},"_links":{"self":[{"href":"https:\/\/reklameskolen.devz.no\/ungdomsskole\/wp-json\/wp\/v2\/pages\/172","targetHints":{"allow":["GET"]}}],"collection":[{"href":"https:\/\/reklameskolen.devz.no\/ungdomsskole\/wp-json\/wp\/v2\/pages"}],"about":[{"href":"https:\/\/reklameskolen.devz.no\/ungdomsskole\/wp-json\/wp\/v2\/types\/page"}],"author":[{"embeddable":true,"href":"https:\/\/reklameskolen.devz.no\/ungdomsskole\/wp-json\/wp\/v2\/users\/1"}],"replies":[{"embeddable":true,"href":"https:\/\/reklameskolen.devz.no\/ungdomsskole\/wp-json\/wp\/v2\/comments?post=172"}],"version-history":[{"count":39,"href":"https:\/\/reklameskolen.devz.no\/ungdomsskole\/wp-json\/wp\/v2\/pages\/172\/revisions"}],"predecessor-version":[{"id":3858,"href":"https:\/\/reklameskolen.devz.no\/ungdomsskole\/wp-json\/wp\/v2\/pages\/172\/revisions\/3858"}],"up":[{"embeddable":true,"href":"https:\/\/reklameskolen.devz.no\/ungdomsskole\/wp-json\/wp\/v2\/pages\/111"}],"wp:attachment":[{"href":"https:\/\/reklameskolen.devz.no\/ungdomsskole\/wp-json\/wp\/v2\/media?parent=172"}],"curies":[{"name":"wp","href":"https:\/\/api.w.org\/{rel}","templated":true}]}}