{"id":2317,"date":"2022-04-01T14:40:51","date_gmt":"2022-04-01T12:40:51","guid":{"rendered":"https:\/\/reklameskolen.devz.no\/?page_id=2317"},"modified":"2024-10-03T14:36:12","modified_gmt":"2024-10-03T12:36:12","slug":"reklame-i-spill","status":"publish","type":"page","link":"https:\/\/reklameskolen.devz.no\/ungdomsskole\/reklame-i-spill\/","title":{"rendered":"Reklame i spill"},"content":{"rendered":"\n<div style=\"height:100px\" aria-hidden=\"true\" class=\"wp-block-spacer\"><\/div>\n\n\n\n<div class=\"wp-block-columns alignwide is-layout-flex wp-container-core-columns-is-layout-28f84493 wp-block-columns-is-layout-flex\">\n<div class=\"wp-block-column is-layout-flow wp-block-column-is-layout-flow\" style=\"flex-basis:60%\">\n<h1 class=\"wp-block-heading\">Reklame i spill<\/h1>\n\n\n\n<p>Har du noen gang tenkt over hvordan spillstudioene kan tjene penger p\u00e5 spill det er gratis \u00e5 spille? Har du lurt p\u00e5 hvorfor ekte produkter som biler eller energidrikker dukker opp i spill etter spill? Eller har du irritert deg over spill som pr\u00f8ver \u00e5 f\u00e5 deg til \u00e5 kj\u00f8pe <strong>lootbokser<\/strong>, kortpakker, <strong>skins <\/strong>eller <strong>spillpenger?<\/strong><\/p>\n\n\n\n<p>Mange spillprodusenter tjener penger p\u00e5 reklame. Noen f\u00e5r betalt for<strong> produktplassering.<\/strong> Bilmerker betaler for eksempel for \u00e5 f\u00e5 bilene sine med i popul\u00e6re bilspill. Utstyrsprodusenter kan betale for \u00e5 plassere utstyr og kl\u00e6r i alle slags sportsspill.  <\/p>\n\n\n\n<p>N\u00e5r en ekte sportsbil,  et snowboard, en energidrikk eller ei kul jakke dukker opp i et spill, f\u00e5r spillere over hele verden se dette produktet. De blir eksponert for produktet, selskapet bak det, og logoen til selskapet. Dermed blir selskapene kjent, og kan selge flere produkter. <\/p>\n\n\n\n<h2 class=\"wp-block-heading alignwide\" id=\"dyre-gratisspill\">Dyre gratisspill<\/h2>\n\n\n\n<p>Selv om et spill er gratis \u00e5 spille, kan det fort bli dyrt likevel. I mange spill blir du n\u00e6rmest bombardert med tilbud om \u00e5 kj\u00f8pe spillpenger<strong>,<\/strong> v\u00e5pen eller ekstra innhold. I noen spill er det nesten umulig \u00e5 gj\u00f8re det bra uten \u00e5 bruke ekte penger p\u00e5 ekstra innhold. Hvis man ikke passer godt p\u00e5, kan det fort bli veldig dyrt.<\/p>\n\n\n\n<p>I mange spill kan man ogs\u00e5 kj\u00f8pe s\u00e5kalte lootbokser eller kortpakker. Dette er en slags forundringspakke. Produsenten frister ofte med at de kan inneholde figurer, v\u00e5pen eller utstyr som gj\u00f8r det lettere \u00e5 gj\u00f8re det bra i spillet. Men spilleren vet ikke hva pakken faktisk inneholder f\u00f8r den er kj\u00f8pt og betalt.<\/p>\n\n\n\n<p>Det er ikke alle former for reklame og salg i spill som er lov. Det er for eksempel forbudt \u00e5 bruke&nbsp;direkte&nbsp;kj\u00f8psoppfordringer&nbsp;rettet mot barn, ogs\u00e5 i spill.<\/p>\n<\/div>\n\n\n\n<div class=\"wp-block-column is-layout-flow wp-block-column-is-layout-flow\" style=\"flex-basis:40%\">\n<div class=\"wp-block-group is-style-fact-box is-layout-flow wp-block-group-is-layout-flow\">\n<h2 class=\"wp-block-heading has-palette-color-8-color has-text-color has-link-color wp-elements-b50161ffd5a11f300b45272012b179f5\" id=\"ordliste\">Ordliste<\/h2>\n\n\n\n<ul class=\"wp-block-list\">\n<li><strong>Lootboks:<\/strong> En lootboks er en slags vare som kan finnes, vinnes eller kj\u00f8pes i mange spill. Spilleren vet ikke p\u00e5 forh\u00e5nd hva lootboksen inneholder.<\/li>\n\n\n\n<li><strong>Produktplassering:<\/strong> N\u00e5r et firma kj\u00f8per plass i en film, et TV-program eller et spill for \u00e5 vise fram sitt eget produkt eller varemerke.<\/li>\n\n\n\n<li><strong>Spillpenger:<\/strong> En form for penger du kan bruke til \u00e5 kj\u00f8pe ting i et spill. Som regel kan man tjene spillpenger ved \u00e5 spille, men ofte kan de kj\u00f8pes for ekte penger ogs\u00e5.<\/li>\n\n\n\n<li><strong>Skin:<\/strong> En slags tilleggspakke som endrer utseendet til gjenstander eller karakterer i spillet.<\/li>\n<\/ul>\n<\/div>\n\n\n\n<div style=\"height:30px\" aria-hidden=\"true\" class=\"wp-block-spacer\"><\/div>\n\n\n\n<div class=\"wp-block-group is-style-tableofcontent has-palette-color-5-background-color has-background is-layout-constrained wp-block-group-is-layout-constrained\">\n<h2 class=\"wp-block-heading has-palette-color-4-color has-palette-color-5-background-color has-text-color has-background\">Kj\u00f8p i spill<\/h2>\n\n\n\n<blockquote class=\"wp-block-quote is-layout-flow wp-block-quote-is-layout-flow\">\n<p>Kj\u00f8p i spill er veldig vanlig.  58% av 9-18-\u00e5ringer som spiller spill har kj\u00f8pt noe med ekte penger i spill.<\/p>\n<cite><a rel=\"noreferrer noopener\" href=\"https:\/\/www.medietilsynet.no\/globalassets\/publikasjoner\/barn-og-medier-undersokelser\/2020\/201015-barn-og-medier-2020-hovedrapport-med-engelsk-summary.pdf\" target=\"_blank\">Kilde: Unders\u00f8kelsen Barn og medier 2020.<\/a><\/cite><\/blockquote>\n<\/div>\n\n\n\n<div style=\"height:30px\" aria-hidden=\"true\" class=\"wp-block-spacer\"><\/div>\n\n\n\n<div class=\"wp-block-group is-style-tableofcontent has-palette-color-5-background-color has-background is-layout-flow wp-block-group-is-layout-flow\">\n<h2 class=\"wp-block-heading has-palette-color-4-color has-palette-color-5-background-color has-text-color has-background\" id=\"ekstra-vil-du-vite-mer\">Ekstra: Vil du vite mer?<\/h2>\n\n\n\n<p>Vil du vite mer om pengebruk i spill? Da kan du lese mer hos Medietilsynet.<\/p>\n\n\n\n<div class=\"wp-block-buttons is-content-justification-center is-layout-flex wp-container-core-buttons-is-layout-a89b3969 wp-block-buttons-is-layout-flex\">\n<div class=\"wp-block-button\"><a class=\"wp-block-button__link has-palette-color-8-color has-palette-color-3-background-color has-text-color has-background wp-element-button\" href=\"https:\/\/www.medietilsynet.no\/digitale-medier\/dataspill\/pengebruk-i-dataspill\/\" target=\"_blank\" rel=\"noreferrer noopener\">Til Medietilsynet<\/a><\/div>\n<\/div>\n<\/div>\n<\/div>\n<\/div>\n\n\n\n<div style=\"height:70px\" aria-hidden=\"true\" class=\"wp-block-spacer\"><\/div>\n\n\n\n<div class=\"wp-block-group alignwide is-style-questions is-layout-flow wp-block-group-is-layout-flow\">\n<h2 class=\"wp-block-heading\" id=\"ser-du-reklamen\">Finn reklamen<\/h2>\n\n\n<div class=\"h5p-iframe-wrapper\"><iframe id=\"h5p-iframe-60\" class=\"h5p-iframe\" data-content-id=\"60\" style=\"height:1px\" src=\"about:blank\" frameBorder=\"0\" scrolling=\"no\" title=\"Reklame i spill\"><\/iframe><\/div>\n<\/div>\n\n\n\n<div class=\"wp-block-columns alignwide is-layout-flex wp-container-core-columns-is-layout-28f84493 wp-block-columns-is-layout-flex\">\n<div class=\"wp-block-column is-layout-flow wp-block-column-is-layout-flow\" style=\"flex-basis:25%\"><\/div>\n\n\n\n<div class=\"wp-block-column is-layout-flow wp-block-column-is-layout-flow\" style=\"flex-basis:50%\"><\/div>\n\n\n\n<div class=\"wp-block-column is-layout-flow wp-block-column-is-layout-flow\" style=\"flex-basis:25%\"><\/div>\n<\/div>\n\n\n\n<div style=\"height:100px\" aria-hidden=\"true\" class=\"wp-block-spacer\"><\/div>\n\n\n\n<div style=\"height:100px\" aria-hidden=\"true\" class=\"wp-block-spacer\"><\/div>\n\n\n\n<div class=\"wp-block-group alignfull is-style-pagination has-palette-color-4-background-color has-background is-layout-flow wp-block-group-is-layout-flow\">\n<div class=\"wp-block-columns is-layout-flex wp-container-core-columns-is-layout-28f84493 wp-block-columns-is-layout-flex\">\n<div class=\"wp-block-column is-layout-flow wp-block-column-is-layout-flow\">\n<div class=\"wp-block-buttons is-layout-flex wp-block-buttons-is-layout-flex\">\n<div class=\"wp-block-button\"><a class=\"wp-block-button__link wp-element-button\" href=\"https:\/\/reklameskolen.devz.no\/ungdomsskole\/metoder-medier-og-miljo\/barn-og-unge-som-malgruppe\/barns-rettsvern-i-lovgivningen\/\">Tilbake til &laquo;Beskyttet av loven&raquo;<\/a><\/div>\n<\/div>\n<\/div>\n\n\n\n<div class=\"wp-block-column is-layout-flow wp-block-column-is-layout-flow\">\n<div class=\"wp-block-buttons is-horizontal is-content-justification-right is-layout-flex wp-container-core-buttons-is-layout-30af2ff6 wp-block-buttons-is-layout-flex\">\n<div class=\"wp-block-button\"><a class=\"wp-block-button__link wp-element-button\" href=\"https:\/\/reklameskolen.devz.no\/ungdomsskole\/metoder-medier-og-miljo\/baerekraft\/\">Videre til &laquo;Klima og milj\u00f8&raquo;<\/a><\/div>\n<\/div>\n<\/div>\n<\/div>\n<\/div>\n\n\n\n<p><\/p>\n","protected":false},"excerpt":{"rendered":"<p>Reklame i spill Har du noen gang tenkt over hvordan spillstudioene kan tjene penger p\u00e5 spill det er gratis \u00e5 spille? Har du lurt p\u00e5 hvorfor ekte produkter som biler eller energidrikker dukker opp i spill etter spill? Eller har du irritert deg over spill som pr\u00f8ver \u00e5 f\u00e5 deg til \u00e5 kj\u00f8pe lootbokser, kortpakker, [&hellip;]<\/p>\n","protected":false},"author":4,"featured_media":0,"parent":0,"menu_order":0,"comment_status":"closed","ping_status":"closed","template":"","meta":{"_acf_changed":false,"editor_notices":[],"footnotes":""},"class_list":["post-2317","page","type-page","status-publish","hentry"],"blocksy_meta":{"styles_descriptor":{"styles":{"desktop":"","tablet":"","mobile":""},"google_fonts":[],"version":6}},"acf":[],"yoast_head":"<!-- This site is optimized with the Yoast SEO plugin v25.9 - https:\/\/yoast.com\/wordpress\/plugins\/seo\/ -->\n<title>Reklame i spill - Ungdomsskole<\/title>\n<meta name=\"robots\" content=\"index, follow, max-snippet:-1, max-image-preview:large, max-video-preview:-1\" \/>\n<link rel=\"canonical\" href=\"https:\/\/reklameskolen.devz.no\/ungdomsskole\/reklame-i-spill\/\" \/>\n<meta property=\"og:locale\" content=\"nb_NO\" \/>\n<meta property=\"og:type\" content=\"article\" \/>\n<meta property=\"og:title\" content=\"Reklame i spill - Ungdomsskole\" \/>\n<meta property=\"og:description\" content=\"Reklame i spill Har du noen gang tenkt over hvordan spillstudioene kan tjene penger p\u00e5 spill det er gratis \u00e5 spille? Har du lurt p\u00e5 hvorfor ekte produkter som biler eller energidrikker dukker opp i spill etter spill? Eller har du irritert deg over spill som pr\u00f8ver \u00e5 f\u00e5 deg til \u00e5 kj\u00f8pe lootbokser, kortpakker, [&hellip;]\" \/>\n<meta property=\"og:url\" content=\"https:\/\/reklameskolen.devz.no\/ungdomsskole\/reklame-i-spill\/\" \/>\n<meta property=\"og:site_name\" content=\"Ungdomsskole\" \/>\n<meta property=\"article:modified_time\" content=\"2024-10-03T12:36:12+00:00\" \/>\n<meta name=\"twitter:card\" content=\"summary_large_image\" \/>\n<meta name=\"twitter:label1\" content=\"Ansl. lesetid\" \/>\n\t<meta name=\"twitter:data1\" content=\"2 minutter\" \/>\n<script type=\"application\/ld+json\" class=\"yoast-schema-graph\">{\"@context\":\"https:\/\/schema.org\",\"@graph\":[{\"@type\":\"WebPage\",\"@id\":\"https:\/\/reklameskolen.devz.no\/ungdomsskole\/reklame-i-spill\/\",\"url\":\"https:\/\/reklameskolen.devz.no\/ungdomsskole\/reklame-i-spill\/\",\"name\":\"Reklame i spill - Ungdomsskole\",\"isPartOf\":{\"@id\":\"https:\/\/reklameskolen.devz.no\/ungdomsskole\/#website\"},\"datePublished\":\"2022-04-01T12:40:51+00:00\",\"dateModified\":\"2024-10-03T12:36:12+00:00\",\"breadcrumb\":{\"@id\":\"https:\/\/reklameskolen.devz.no\/ungdomsskole\/reklame-i-spill\/#breadcrumb\"},\"inLanguage\":\"nb-NO\",\"potentialAction\":[{\"@type\":\"ReadAction\",\"target\":[\"https:\/\/reklameskolen.devz.no\/ungdomsskole\/reklame-i-spill\/\"]}]},{\"@type\":\"BreadcrumbList\",\"@id\":\"https:\/\/reklameskolen.devz.no\/ungdomsskole\/reklame-i-spill\/#breadcrumb\",\"itemListElement\":[{\"@type\":\"ListItem\",\"position\":1,\"name\":\"Home\",\"item\":\"https:\/\/reklameskolen.devz.no\/ungdomsskole\/\"},{\"@type\":\"ListItem\",\"position\":2,\"name\":\"Reklame i spill\"}]},{\"@type\":\"WebSite\",\"@id\":\"https:\/\/reklameskolen.devz.no\/ungdomsskole\/#website\",\"url\":\"https:\/\/reklameskolen.devz.no\/ungdomsskole\/\",\"name\":\"Ungdomsskole\",\"description\":\"Oppl\u00e6ringsverkt\u00f8y om reklame\",\"publisher\":{\"@id\":\"https:\/\/reklameskolen.devz.no\/ungdomsskole\/#organization\"},\"potentialAction\":[{\"@type\":\"SearchAction\",\"target\":{\"@type\":\"EntryPoint\",\"urlTemplate\":\"https:\/\/reklameskolen.devz.no\/ungdomsskole\/?s={search_term_string}\"},\"query-input\":{\"@type\":\"PropertyValueSpecification\",\"valueRequired\":true,\"valueName\":\"search_term_string\"}}],\"inLanguage\":\"nb-NO\"},{\"@type\":\"Organization\",\"@id\":\"https:\/\/reklameskolen.devz.no\/ungdomsskole\/#organization\",\"name\":\"Ungdomsskole\",\"url\":\"https:\/\/reklameskolen.devz.no\/ungdomsskole\/\",\"logo\":{\"@type\":\"ImageObject\",\"inLanguage\":\"nb-NO\",\"@id\":\"https:\/\/reklameskolen.devz.no\/ungdomsskole\/#\/schema\/logo\/image\/\",\"url\":\"https:\/\/reklameskolen.devz.no\/wp-content\/uploads\/2023\/08\/Reklameskolen-Logo-01.png\",\"contentUrl\":\"https:\/\/reklameskolen.devz.no\/wp-content\/uploads\/2023\/08\/Reklameskolen-Logo-01.png\",\"caption\":\"Ungdomsskole\"},\"image\":{\"@id\":\"https:\/\/reklameskolen.devz.no\/ungdomsskole\/#\/schema\/logo\/image\/\"}}]}<\/script>\n<!-- \/ Yoast SEO plugin. -->","yoast_head_json":{"title":"Reklame i spill - Ungdomsskole","robots":{"index":"index","follow":"follow","max-snippet":"max-snippet:-1","max-image-preview":"max-image-preview:large","max-video-preview":"max-video-preview:-1"},"canonical":"https:\/\/reklameskolen.devz.no\/ungdomsskole\/reklame-i-spill\/","og_locale":"nb_NO","og_type":"article","og_title":"Reklame i spill - Ungdomsskole","og_description":"Reklame i spill Har du noen gang tenkt over hvordan spillstudioene kan tjene penger p\u00e5 spill det er gratis \u00e5 spille? Har du lurt p\u00e5 hvorfor ekte produkter som biler eller energidrikker dukker opp i spill etter spill? Eller har du irritert deg over spill som pr\u00f8ver \u00e5 f\u00e5 deg til \u00e5 kj\u00f8pe lootbokser, kortpakker, [&hellip;]","og_url":"https:\/\/reklameskolen.devz.no\/ungdomsskole\/reklame-i-spill\/","og_site_name":"Ungdomsskole","article_modified_time":"2024-10-03T12:36:12+00:00","twitter_card":"summary_large_image","twitter_misc":{"Ansl. lesetid":"2 minutter"},"schema":{"@context":"https:\/\/schema.org","@graph":[{"@type":"WebPage","@id":"https:\/\/reklameskolen.devz.no\/ungdomsskole\/reklame-i-spill\/","url":"https:\/\/reklameskolen.devz.no\/ungdomsskole\/reklame-i-spill\/","name":"Reklame i spill - Ungdomsskole","isPartOf":{"@id":"https:\/\/reklameskolen.devz.no\/ungdomsskole\/#website"},"datePublished":"2022-04-01T12:40:51+00:00","dateModified":"2024-10-03T12:36:12+00:00","breadcrumb":{"@id":"https:\/\/reklameskolen.devz.no\/ungdomsskole\/reklame-i-spill\/#breadcrumb"},"inLanguage":"nb-NO","potentialAction":[{"@type":"ReadAction","target":["https:\/\/reklameskolen.devz.no\/ungdomsskole\/reklame-i-spill\/"]}]},{"@type":"BreadcrumbList","@id":"https:\/\/reklameskolen.devz.no\/ungdomsskole\/reklame-i-spill\/#breadcrumb","itemListElement":[{"@type":"ListItem","position":1,"name":"Home","item":"https:\/\/reklameskolen.devz.no\/ungdomsskole\/"},{"@type":"ListItem","position":2,"name":"Reklame i spill"}]},{"@type":"WebSite","@id":"https:\/\/reklameskolen.devz.no\/ungdomsskole\/#website","url":"https:\/\/reklameskolen.devz.no\/ungdomsskole\/","name":"Ungdomsskole","description":"Oppl\u00e6ringsverkt\u00f8y om reklame","publisher":{"@id":"https:\/\/reklameskolen.devz.no\/ungdomsskole\/#organization"},"potentialAction":[{"@type":"SearchAction","target":{"@type":"EntryPoint","urlTemplate":"https:\/\/reklameskolen.devz.no\/ungdomsskole\/?s={search_term_string}"},"query-input":{"@type":"PropertyValueSpecification","valueRequired":true,"valueName":"search_term_string"}}],"inLanguage":"nb-NO"},{"@type":"Organization","@id":"https:\/\/reklameskolen.devz.no\/ungdomsskole\/#organization","name":"Ungdomsskole","url":"https:\/\/reklameskolen.devz.no\/ungdomsskole\/","logo":{"@type":"ImageObject","inLanguage":"nb-NO","@id":"https:\/\/reklameskolen.devz.no\/ungdomsskole\/#\/schema\/logo\/image\/","url":"https:\/\/reklameskolen.devz.no\/wp-content\/uploads\/2023\/08\/Reklameskolen-Logo-01.png","contentUrl":"https:\/\/reklameskolen.devz.no\/wp-content\/uploads\/2023\/08\/Reklameskolen-Logo-01.png","caption":"Ungdomsskole"},"image":{"@id":"https:\/\/reklameskolen.devz.no\/ungdomsskole\/#\/schema\/logo\/image\/"}}]}},"_links":{"self":[{"href":"https:\/\/reklameskolen.devz.no\/ungdomsskole\/wp-json\/wp\/v2\/pages\/2317","targetHints":{"allow":["GET"]}}],"collection":[{"href":"https:\/\/reklameskolen.devz.no\/ungdomsskole\/wp-json\/wp\/v2\/pages"}],"about":[{"href":"https:\/\/reklameskolen.devz.no\/ungdomsskole\/wp-json\/wp\/v2\/types\/page"}],"author":[{"embeddable":true,"href":"https:\/\/reklameskolen.devz.no\/ungdomsskole\/wp-json\/wp\/v2\/users\/4"}],"replies":[{"embeddable":true,"href":"https:\/\/reklameskolen.devz.no\/ungdomsskole\/wp-json\/wp\/v2\/comments?post=2317"}],"version-history":[{"count":85,"href":"https:\/\/reklameskolen.devz.no\/ungdomsskole\/wp-json\/wp\/v2\/pages\/2317\/revisions"}],"predecessor-version":[{"id":3995,"href":"https:\/\/reklameskolen.devz.no\/ungdomsskole\/wp-json\/wp\/v2\/pages\/2317\/revisions\/3995"}],"wp:attachment":[{"href":"https:\/\/reklameskolen.devz.no\/ungdomsskole\/wp-json\/wp\/v2\/media?parent=2317"}],"curies":[{"name":"wp","href":"https:\/\/api.w.org\/{rel}","templated":true}]}}