{"id":2924,"date":"2022-04-20T14:58:25","date_gmt":"2022-04-20T12:58:25","guid":{"rendered":"https:\/\/reklameskolen.devz.no\/?page_id=2924"},"modified":"2024-03-21T15:29:13","modified_gmt":"2024-03-21T14:29:13","slug":"personvern","status":"publish","type":"page","link":"https:\/\/reklameskolen.devz.no\/ungdomsskole\/personvern\/","title":{"rendered":"Personvern"},"content":{"rendered":"\n<h1 class=\"wp-block-heading\">Personvernerkl\u00e6ring<\/h1>\n\n\n\n<p>Nettsiden reklameskolen.no er utviklet av <a href=\"https:\/\/no.frontkom.com\/\" target=\"_blank\" rel=\"noreferrer noopener\">Frontkom <\/a>p\u00e5 oppdrag fra <a href=\"https:\/\/www.forbrukertilsynet.no\/\" target=\"_blank\" rel=\"noreferrer noopener\">Forbrukertilsynet<\/a>. <\/p>\n\n\n\n<p>Frontkom er databehandler for informasjon som blir samlet inn p\u00e5 nettsiden. Denne informasjonen blir lagret p\u00e5 egne servere i Norge. <\/p>\n\n\n\n<p>Det er bare ansatte hos Forbrukertilsynet og Frontkom som har tilgang til opplysningene som blir lagret. En egen databehandleravtale mellom Forbrukertilsynet og Frontkom regulerer hva slags informasjon leverand\u00f8ren har tilgang til og hva leverand\u00f8ren kan gj\u00f8re med denne informasjonen.&nbsp;<\/p>\n\n\n\n<div class=\"wp-block-columns is-layout-flex wp-container-core-columns-is-layout-28f84493 wp-block-columns-is-layout-flex\">\n<div class=\"wp-block-column is-layout-flow wp-block-column-is-layout-flow\" style=\"flex-basis:66.66%\">\n<h2 class=\"wp-block-heading\">Informasjonskapsler<\/h2>\n\n\n\n<div style=\"height:20px\" aria-hidden=\"true\" class=\"wp-block-spacer\"><\/div>\n\n\n\n<p>En informasjonskapsel (cookie) er en liten tekstfil som blir lastet ned og lagret p\u00e5 maskinen din.<\/p>\n\n\n\n<p>N\u00e5r du bruker Reklameskolen, blir det plassert to slike informasjonskapsler i nettleseren din. De har navn som begynner med _pk_id og _pk_ses.<\/p>\n\n\n\n<p>De to informasjonskapslene kommer fra et program som heter Matomo. Forbrukertilsynet bruker dette programmet for \u00e5 samle inn informasjon om hvordan du bruker Reklameskolen. Det gj\u00f8r vi for \u00e5 kunne gj\u00f8re Reklameskolen betre og mer nyttig for deg og andre brukere.<\/p>\n\n\n\n<p>Informasjonen Matomo samler inn, blir lagret i Norge. All informasjonen blir anonymisert. Vi samler ikke inn noe informasjon som kan knyttes direkte til IP-adressen din. Vi vet alts\u00e5 ikke hvem du er eller hvor du bor.<\/p>\n<\/div>\n\n\n\n<div class=\"wp-block-column is-layout-flow wp-block-column-is-layout-flow\" style=\"flex-basis:33.33%\">\n<div style=\"height:80px\" aria-hidden=\"true\" class=\"wp-block-spacer\"><\/div>\n\n\n\n<div class=\"wp-block-group is-style-tableofcontent has-palette-color-5-background-color has-background is-layout-flow wp-block-group-is-layout-flow\">\n<h2 class=\"wp-block-heading has-palette-color-4-color has-palette-color-5-background-color has-text-color has-background\">Vil du vite mer om hvordan Forbrukertilsynet behandler personopplysninger?<\/h2>\n\n\n\n<p>Les mer i Forbrukertilsynets personvernerkl\u00e6ring.<\/p>\n\n\n\n<div class=\"wp-block-buttons is-content-justification-center is-layout-flex wp-container-core-buttons-is-layout-a89b3969 wp-block-buttons-is-layout-flex\">\n<div class=\"wp-block-button\"><a class=\"wp-block-button__link has-palette-color-8-color has-palette-color-3-background-color has-text-color has-background wp-element-button\" href=\"https:\/\/www.forbrukertilsynet.no\/personvern\" target=\"_blank\" rel=\"noreferrer noopener\">Les mer hos Forbrukertilsynet<\/a><\/div>\n<\/div>\n<\/div>\n<\/div>\n<\/div>\n\n\n\n<div style=\"height:100px\" aria-hidden=\"true\" class=\"wp-block-spacer\"><\/div>\n","protected":false},"excerpt":{"rendered":"<p>Personvernerkl\u00e6ring Nettsiden reklameskolen.no er utviklet av Frontkom p\u00e5 oppdrag fra Forbrukertilsynet. Frontkom er databehandler for informasjon som blir samlet inn p\u00e5 nettsiden. Denne informasjonen blir lagret p\u00e5 egne servere i Norge. Det er bare ansatte hos Forbrukertilsynet og Frontkom som har tilgang til opplysningene som blir lagret. En egen databehandleravtale mellom Forbrukertilsynet og Frontkom regulerer [&hellip;]<\/p>\n","protected":false},"author":4,"featured_media":0,"parent":0,"menu_order":0,"comment_status":"closed","ping_status":"closed","template":"","meta":{"_acf_changed":false,"editor_notices":[],"footnotes":""},"class_list":["post-2924","page","type-page","status-publish","hentry"],"blocksy_meta":{"styles_descriptor":{"styles":{"desktop":"","tablet":"","mobile":""},"google_fonts":[],"version":6}},"acf":[],"yoast_head":"<!-- This site is optimized with the Yoast SEO plugin v25.9 - https:\/\/yoast.com\/wordpress\/plugins\/seo\/ -->\n<title>Personvern - Ungdomsskole<\/title>\n<meta name=\"robots\" content=\"index, follow, max-snippet:-1, max-image-preview:large, max-video-preview:-1\" \/>\n<link rel=\"canonical\" href=\"https:\/\/reklameskolen.devz.no\/ungdomsskole\/personvern\/\" \/>\n<meta property=\"og:locale\" content=\"nb_NO\" \/>\n<meta property=\"og:type\" content=\"article\" \/>\n<meta property=\"og:title\" content=\"Personvern - Ungdomsskole\" \/>\n<meta property=\"og:description\" content=\"Personvernerkl\u00e6ring Nettsiden reklameskolen.no er utviklet av Frontkom p\u00e5 oppdrag fra Forbrukertilsynet. Frontkom er databehandler for informasjon som blir samlet inn p\u00e5 nettsiden. Denne informasjonen blir lagret p\u00e5 egne servere i Norge. Det er bare ansatte hos Forbrukertilsynet og Frontkom som har tilgang til opplysningene som blir lagret. En egen databehandleravtale mellom Forbrukertilsynet og Frontkom regulerer [&hellip;]\" \/>\n<meta property=\"og:url\" content=\"https:\/\/reklameskolen.devz.no\/ungdomsskole\/personvern\/\" \/>\n<meta property=\"og:site_name\" content=\"Ungdomsskole\" \/>\n<meta property=\"article:modified_time\" content=\"2024-03-21T14:29:13+00:00\" \/>\n<meta name=\"twitter:card\" content=\"summary_large_image\" \/>\n<meta name=\"twitter:label1\" content=\"Ansl. lesetid\" \/>\n\t<meta name=\"twitter:data1\" content=\"1 minutt\" \/>\n<script type=\"application\/ld+json\" class=\"yoast-schema-graph\">{\"@context\":\"https:\/\/schema.org\",\"@graph\":[{\"@type\":\"WebPage\",\"@id\":\"https:\/\/reklameskolen.devz.no\/ungdomsskole\/personvern\/\",\"url\":\"https:\/\/reklameskolen.devz.no\/ungdomsskole\/personvern\/\",\"name\":\"Personvern - Ungdomsskole\",\"isPartOf\":{\"@id\":\"https:\/\/reklameskolen.devz.no\/ungdomsskole\/#website\"},\"datePublished\":\"2022-04-20T12:58:25+00:00\",\"dateModified\":\"2024-03-21T14:29:13+00:00\",\"breadcrumb\":{\"@id\":\"https:\/\/reklameskolen.devz.no\/ungdomsskole\/personvern\/#breadcrumb\"},\"inLanguage\":\"nb-NO\",\"potentialAction\":[{\"@type\":\"ReadAction\",\"target\":[\"https:\/\/reklameskolen.devz.no\/ungdomsskole\/personvern\/\"]}]},{\"@type\":\"BreadcrumbList\",\"@id\":\"https:\/\/reklameskolen.devz.no\/ungdomsskole\/personvern\/#breadcrumb\",\"itemListElement\":[{\"@type\":\"ListItem\",\"position\":1,\"name\":\"Home\",\"item\":\"https:\/\/reklameskolen.devz.no\/ungdomsskole\/\"},{\"@type\":\"ListItem\",\"position\":2,\"name\":\"Personvern\"}]},{\"@type\":\"WebSite\",\"@id\":\"https:\/\/reklameskolen.devz.no\/ungdomsskole\/#website\",\"url\":\"https:\/\/reklameskolen.devz.no\/ungdomsskole\/\",\"name\":\"Ungdomsskole\",\"description\":\"Oppl\u00e6ringsverkt\u00f8y om reklame\",\"publisher\":{\"@id\":\"https:\/\/reklameskolen.devz.no\/ungdomsskole\/#organization\"},\"potentialAction\":[{\"@type\":\"SearchAction\",\"target\":{\"@type\":\"EntryPoint\",\"urlTemplate\":\"https:\/\/reklameskolen.devz.no\/ungdomsskole\/?s={search_term_string}\"},\"query-input\":{\"@type\":\"PropertyValueSpecification\",\"valueRequired\":true,\"valueName\":\"search_term_string\"}}],\"inLanguage\":\"nb-NO\"},{\"@type\":\"Organization\",\"@id\":\"https:\/\/reklameskolen.devz.no\/ungdomsskole\/#organization\",\"name\":\"Ungdomsskole\",\"url\":\"https:\/\/reklameskolen.devz.no\/ungdomsskole\/\",\"logo\":{\"@type\":\"ImageObject\",\"inLanguage\":\"nb-NO\",\"@id\":\"https:\/\/reklameskolen.devz.no\/ungdomsskole\/#\/schema\/logo\/image\/\",\"url\":\"https:\/\/reklameskolen.devz.no\/wp-content\/uploads\/2023\/08\/Reklameskolen-Logo-01.png\",\"contentUrl\":\"https:\/\/reklameskolen.devz.no\/wp-content\/uploads\/2023\/08\/Reklameskolen-Logo-01.png\",\"caption\":\"Ungdomsskole\"},\"image\":{\"@id\":\"https:\/\/reklameskolen.devz.no\/ungdomsskole\/#\/schema\/logo\/image\/\"}}]}<\/script>\n<!-- \/ Yoast SEO plugin. -->","yoast_head_json":{"title":"Personvern - Ungdomsskole","robots":{"index":"index","follow":"follow","max-snippet":"max-snippet:-1","max-image-preview":"max-image-preview:large","max-video-preview":"max-video-preview:-1"},"canonical":"https:\/\/reklameskolen.devz.no\/ungdomsskole\/personvern\/","og_locale":"nb_NO","og_type":"article","og_title":"Personvern - Ungdomsskole","og_description":"Personvernerkl\u00e6ring Nettsiden reklameskolen.no er utviklet av Frontkom p\u00e5 oppdrag fra Forbrukertilsynet. Frontkom er databehandler for informasjon som blir samlet inn p\u00e5 nettsiden. Denne informasjonen blir lagret p\u00e5 egne servere i Norge. Det er bare ansatte hos Forbrukertilsynet og Frontkom som har tilgang til opplysningene som blir lagret. En egen databehandleravtale mellom Forbrukertilsynet og Frontkom regulerer [&hellip;]","og_url":"https:\/\/reklameskolen.devz.no\/ungdomsskole\/personvern\/","og_site_name":"Ungdomsskole","article_modified_time":"2024-03-21T14:29:13+00:00","twitter_card":"summary_large_image","twitter_misc":{"Ansl. lesetid":"1 minutt"},"schema":{"@context":"https:\/\/schema.org","@graph":[{"@type":"WebPage","@id":"https:\/\/reklameskolen.devz.no\/ungdomsskole\/personvern\/","url":"https:\/\/reklameskolen.devz.no\/ungdomsskole\/personvern\/","name":"Personvern - Ungdomsskole","isPartOf":{"@id":"https:\/\/reklameskolen.devz.no\/ungdomsskole\/#website"},"datePublished":"2022-04-20T12:58:25+00:00","dateModified":"2024-03-21T14:29:13+00:00","breadcrumb":{"@id":"https:\/\/reklameskolen.devz.no\/ungdomsskole\/personvern\/#breadcrumb"},"inLanguage":"nb-NO","potentialAction":[{"@type":"ReadAction","target":["https:\/\/reklameskolen.devz.no\/ungdomsskole\/personvern\/"]}]},{"@type":"BreadcrumbList","@id":"https:\/\/reklameskolen.devz.no\/ungdomsskole\/personvern\/#breadcrumb","itemListElement":[{"@type":"ListItem","position":1,"name":"Home","item":"https:\/\/reklameskolen.devz.no\/ungdomsskole\/"},{"@type":"ListItem","position":2,"name":"Personvern"}]},{"@type":"WebSite","@id":"https:\/\/reklameskolen.devz.no\/ungdomsskole\/#website","url":"https:\/\/reklameskolen.devz.no\/ungdomsskole\/","name":"Ungdomsskole","description":"Oppl\u00e6ringsverkt\u00f8y om reklame","publisher":{"@id":"https:\/\/reklameskolen.devz.no\/ungdomsskole\/#organization"},"potentialAction":[{"@type":"SearchAction","target":{"@type":"EntryPoint","urlTemplate":"https:\/\/reklameskolen.devz.no\/ungdomsskole\/?s={search_term_string}"},"query-input":{"@type":"PropertyValueSpecification","valueRequired":true,"valueName":"search_term_string"}}],"inLanguage":"nb-NO"},{"@type":"Organization","@id":"https:\/\/reklameskolen.devz.no\/ungdomsskole\/#organization","name":"Ungdomsskole","url":"https:\/\/reklameskolen.devz.no\/ungdomsskole\/","logo":{"@type":"ImageObject","inLanguage":"nb-NO","@id":"https:\/\/reklameskolen.devz.no\/ungdomsskole\/#\/schema\/logo\/image\/","url":"https:\/\/reklameskolen.devz.no\/wp-content\/uploads\/2023\/08\/Reklameskolen-Logo-01.png","contentUrl":"https:\/\/reklameskolen.devz.no\/wp-content\/uploads\/2023\/08\/Reklameskolen-Logo-01.png","caption":"Ungdomsskole"},"image":{"@id":"https:\/\/reklameskolen.devz.no\/ungdomsskole\/#\/schema\/logo\/image\/"}}]}},"_links":{"self":[{"href":"https:\/\/reklameskolen.devz.no\/ungdomsskole\/wp-json\/wp\/v2\/pages\/2924","targetHints":{"allow":["GET"]}}],"collection":[{"href":"https:\/\/reklameskolen.devz.no\/ungdomsskole\/wp-json\/wp\/v2\/pages"}],"about":[{"href":"https:\/\/reklameskolen.devz.no\/ungdomsskole\/wp-json\/wp\/v2\/types\/page"}],"author":[{"embeddable":true,"href":"https:\/\/reklameskolen.devz.no\/ungdomsskole\/wp-json\/wp\/v2\/users\/4"}],"replies":[{"embeddable":true,"href":"https:\/\/reklameskolen.devz.no\/ungdomsskole\/wp-json\/wp\/v2\/comments?post=2924"}],"version-history":[{"count":14,"href":"https:\/\/reklameskolen.devz.no\/ungdomsskole\/wp-json\/wp\/v2\/pages\/2924\/revisions"}],"predecessor-version":[{"id":3931,"href":"https:\/\/reklameskolen.devz.no\/ungdomsskole\/wp-json\/wp\/v2\/pages\/2924\/revisions\/3931"}],"wp:attachment":[{"href":"https:\/\/reklameskolen.devz.no\/ungdomsskole\/wp-json\/wp\/v2\/media?parent=2924"}],"curies":[{"name":"wp","href":"https:\/\/api.w.org\/{rel}","templated":true}]}}