{"id":3343,"date":"2022-07-25T12:31:55","date_gmt":"2022-07-25T10:31:55","guid":{"rendered":"https:\/\/reklameskolen.devz.no\/?page_id=3343"},"modified":"2023-12-07T11:43:35","modified_gmt":"2023-12-07T10:43:35","slug":"bilder-som-lyver","status":"publish","type":"page","link":"https:\/\/reklameskolen.devz.no\/ungdomsskole\/reklamen-og-oss\/hvordan-virker-reklame\/bilder-som-lyver\/","title":{"rendered":"Bilder som lyver"},"content":{"rendered":"\n<h1 class=\"wp-block-heading\">Bilder som lyver<\/h1>\n\n\n\n<p>Et bilde sier mer enn tusen ord. Men det er ikke alt bildene forteller som er sant. Apper og dataprogrammer har gjort det raskt og enkelt \u00e5 endre hvordan du ser ut p\u00e5 bilder og video. Spesielt i sosiale medier.&nbsp;<\/p>\n\n\n\n<p>Nedenfor ser du to influensere som viser hvor lett det er \u00e5 bruke filter for \u00e5 endre utseendet i sosiale medier.&nbsp;<\/p>\n\n\n\n<div class=\"wp-block-group is-style-tableofcontent has-palette-color-1-background-color has-background is-layout-flow wp-block-group-is-layout-flow\">\n<div style=\"height:40px\" aria-hidden=\"true\" class=\"wp-block-spacer\"><\/div>\n\n\n\n<div class=\"wp-block-columns is-not-stacked-on-mobile is-layout-flex wp-container-core-columns-is-layout-28f84493 wp-block-columns-is-layout-flex\">\n<div class=\"wp-block-column is-layout-flow wp-block-column-is-layout-flow\" style=\"flex-basis:5%\"><\/div>\n\n\n\n<div class=\"wp-block-column is-layout-flow wp-block-column-is-layout-flow\" style=\"flex-basis:43%\">\n<figure class=\"wp-block-video\"><video height=\"1334\" style=\"aspect-ratio: 750 \/ 1334;\" width=\"750\" controls src=\"https:\/\/reklameskolen.devz.no\/nn\/wp-content\/uploads\/2022\/04\/Sandra_Lyng-retusjerte-bilder-1.mp4\"><\/video><figcaption class=\"wp-element-caption\">(Videoen er delt med samtykke fra Sandra Lyng.)<\/figcaption><\/figure>\n<\/div>\n\n\n\n<div class=\"wp-block-column is-layout-flow wp-block-column-is-layout-flow\" style=\"flex-basis:4%\"><\/div>\n\n\n\n<div class=\"wp-block-column is-layout-flow wp-block-column-is-layout-flow\" style=\"flex-basis:43%\">\n<figure class=\"wp-block-video\"><video height=\"1334\" style=\"aspect-ratio: 750 \/ 1334;\" width=\"750\" controls src=\"https:\/\/reklameskolen.devz.no\/nn\/wp-content\/uploads\/2022\/04\/Line-Victoria-retusjerte-bilder-1.mp4\"><\/video><figcaption class=\"wp-element-caption\">(Videoen er delt med samtykke fra Line Victoria Husby.)<\/figcaption><\/figure>\n<\/div>\n\n\n\n<div class=\"wp-block-column is-layout-flow wp-block-column-is-layout-flow\" style=\"flex-basis:5%\"><\/div>\n<\/div>\n<\/div>\n\n\n\n<div style=\"height:100px\" aria-hidden=\"true\" class=\"wp-block-spacer\"><\/div>\n\n\n\n<div class=\"wp-block-group alignfull has-palette-color-4-background-color has-background is-layout-flow wp-block-group-is-layout-flow\">\n<div class=\"wp-block-columns is-layout-flex wp-container-core-columns-is-layout-28f84493 wp-block-columns-is-layout-flex\">\n<div class=\"wp-block-column is-layout-flow wp-block-column-is-layout-flow\">\n<div class=\"wp-block-buttons is-layout-flex wp-block-buttons-is-layout-flex\">\n<div class=\"wp-block-button\"><a class=\"wp-block-button__link wp-element-button\" href=\"https:\/\/reklameskolen.devz.no\/ungdomsskole\/reklamen-og-oss\/hvordan-virker-reklame\/virkemidler1\/\">Tilbake til &laquo;Spr\u00e5k og farger&raquo;<\/a><\/div>\n<\/div>\n<\/div>\n\n\n\n<div class=\"wp-block-column is-layout-flow wp-block-column-is-layout-flow\">\n<div class=\"wp-block-buttons is-horizontal is-content-justification-right is-layout-flex wp-container-core-buttons-is-layout-30af2ff6 wp-block-buttons-is-layout-flex\">\n<div class=\"wp-block-button\"><a class=\"wp-block-button__link wp-element-button\" href=\"https:\/\/reklameskolen.devz.no\/ungdomsskole\/reklamen-og-oss\/hvordan-virker-reklame\/hva-er-retusjert-reklame\/\">Videre til &laquo;Hva er retusjert reklame?&raquo;<\/a><\/div>\n<\/div>\n<\/div>\n<\/div>\n<\/div>\n\n\n\n<p><\/p>\n\n\n\n<p><\/p>\n","protected":false},"excerpt":{"rendered":"<p>Bilder som lyver Et bilde sier mer enn tusen ord. Men det er ikke alt bildene forteller som er sant. Apper og dataprogrammer har gjort det raskt og enkelt \u00e5 endre hvordan du ser ut p\u00e5 bilder og video. Spesielt i sosiale medier.&nbsp; Nedenfor ser du to influensere som viser hvor lett det er \u00e5 [&hellip;]<\/p>\n","protected":false},"author":10,"featured_media":0,"parent":1087,"menu_order":0,"comment_status":"closed","ping_status":"closed","template":"","meta":{"_acf_changed":false,"editor_notices":[],"footnotes":""},"class_list":["post-3343","page","type-page","status-publish","hentry"],"blocksy_meta":{"styles_descriptor":{"styles":{"desktop":"","tablet":"","mobile":""},"google_fonts":[],"version":6}},"acf":[],"yoast_head":"<!-- This site is optimized with the Yoast SEO plugin v25.9 - https:\/\/yoast.com\/wordpress\/plugins\/seo\/ -->\n<title>Bilder som lyver - Ungdomsskole<\/title>\n<meta name=\"robots\" content=\"index, follow, max-snippet:-1, max-image-preview:large, max-video-preview:-1\" \/>\n<link rel=\"canonical\" href=\"https:\/\/reklameskolen.devz.no\/ungdomsskole\/reklamen-og-oss\/hvordan-virker-reklame\/bilder-som-lyver\/\" \/>\n<meta property=\"og:locale\" content=\"nb_NO\" \/>\n<meta property=\"og:type\" content=\"article\" \/>\n<meta property=\"og:title\" content=\"Bilder som lyver - Ungdomsskole\" \/>\n<meta property=\"og:description\" content=\"Bilder som lyver Et bilde sier mer enn tusen ord. Men det er ikke alt bildene forteller som er sant. Apper og dataprogrammer har gjort det raskt og enkelt \u00e5 endre hvordan du ser ut p\u00e5 bilder og video. Spesielt i sosiale medier.&nbsp; Nedenfor ser du to influensere som viser hvor lett det er \u00e5 [&hellip;]\" \/>\n<meta property=\"og:url\" content=\"https:\/\/reklameskolen.devz.no\/ungdomsskole\/reklamen-og-oss\/hvordan-virker-reklame\/bilder-som-lyver\/\" \/>\n<meta property=\"og:site_name\" content=\"Ungdomsskole\" \/>\n<meta property=\"article:modified_time\" content=\"2023-12-07T10:43:35+00:00\" \/>\n<meta name=\"twitter:card\" content=\"summary_large_image\" \/>\n<script type=\"application\/ld+json\" class=\"yoast-schema-graph\">{\"@context\":\"https:\/\/schema.org\",\"@graph\":[{\"@type\":\"WebPage\",\"@id\":\"https:\/\/reklameskolen.devz.no\/ungdomsskole\/reklamen-og-oss\/hvordan-virker-reklame\/bilder-som-lyver\/\",\"url\":\"https:\/\/reklameskolen.devz.no\/ungdomsskole\/reklamen-og-oss\/hvordan-virker-reklame\/bilder-som-lyver\/\",\"name\":\"Bilder som lyver - Ungdomsskole\",\"isPartOf\":{\"@id\":\"https:\/\/reklameskolen.devz.no\/ungdomsskole\/#website\"},\"datePublished\":\"2022-07-25T10:31:55+00:00\",\"dateModified\":\"2023-12-07T10:43:35+00:00\",\"breadcrumb\":{\"@id\":\"https:\/\/reklameskolen.devz.no\/ungdomsskole\/reklamen-og-oss\/hvordan-virker-reklame\/bilder-som-lyver\/#breadcrumb\"},\"inLanguage\":\"nb-NO\",\"potentialAction\":[{\"@type\":\"ReadAction\",\"target\":[\"https:\/\/reklameskolen.devz.no\/ungdomsskole\/reklamen-og-oss\/hvordan-virker-reklame\/bilder-som-lyver\/\"]}]},{\"@type\":\"BreadcrumbList\",\"@id\":\"https:\/\/reklameskolen.devz.no\/ungdomsskole\/reklamen-og-oss\/hvordan-virker-reklame\/bilder-som-lyver\/#breadcrumb\",\"itemListElement\":[{\"@type\":\"ListItem\",\"position\":1,\"name\":\"Home\",\"item\":\"https:\/\/reklameskolen.devz.no\/ungdomsskole\/\"},{\"@type\":\"ListItem\",\"position\":2,\"name\":\"Reklamen og oss\",\"item\":\"https:\/\/reklameskolen.devz.no\/ungdomsskole\/reklamen-og-oss\/\"},{\"@type\":\"ListItem\",\"position\":3,\"name\":\"Hvordan virker reklame?\",\"item\":\"https:\/\/reklameskolen.devz.no\/ungdomsskole\/reklamen-og-oss\/hvordan-virker-reklame\/\"},{\"@type\":\"ListItem\",\"position\":4,\"name\":\"Bilder som lyver\"}]},{\"@type\":\"WebSite\",\"@id\":\"https:\/\/reklameskolen.devz.no\/ungdomsskole\/#website\",\"url\":\"https:\/\/reklameskolen.devz.no\/ungdomsskole\/\",\"name\":\"Ungdomsskole\",\"description\":\"Oppl\u00e6ringsverkt\u00f8y om reklame\",\"publisher\":{\"@id\":\"https:\/\/reklameskolen.devz.no\/ungdomsskole\/#organization\"},\"potentialAction\":[{\"@type\":\"SearchAction\",\"target\":{\"@type\":\"EntryPoint\",\"urlTemplate\":\"https:\/\/reklameskolen.devz.no\/ungdomsskole\/?s={search_term_string}\"},\"query-input\":{\"@type\":\"PropertyValueSpecification\",\"valueRequired\":true,\"valueName\":\"search_term_string\"}}],\"inLanguage\":\"nb-NO\"},{\"@type\":\"Organization\",\"@id\":\"https:\/\/reklameskolen.devz.no\/ungdomsskole\/#organization\",\"name\":\"Ungdomsskole\",\"url\":\"https:\/\/reklameskolen.devz.no\/ungdomsskole\/\",\"logo\":{\"@type\":\"ImageObject\",\"inLanguage\":\"nb-NO\",\"@id\":\"https:\/\/reklameskolen.devz.no\/ungdomsskole\/#\/schema\/logo\/image\/\",\"url\":\"https:\/\/reklameskolen.devz.no\/wp-content\/uploads\/2023\/08\/Reklameskolen-Logo-01.png\",\"contentUrl\":\"https:\/\/reklameskolen.devz.no\/wp-content\/uploads\/2023\/08\/Reklameskolen-Logo-01.png\",\"caption\":\"Ungdomsskole\"},\"image\":{\"@id\":\"https:\/\/reklameskolen.devz.no\/ungdomsskole\/#\/schema\/logo\/image\/\"}}]}<\/script>\n<!-- \/ Yoast SEO plugin. -->","yoast_head_json":{"title":"Bilder som lyver - Ungdomsskole","robots":{"index":"index","follow":"follow","max-snippet":"max-snippet:-1","max-image-preview":"max-image-preview:large","max-video-preview":"max-video-preview:-1"},"canonical":"https:\/\/reklameskolen.devz.no\/ungdomsskole\/reklamen-og-oss\/hvordan-virker-reklame\/bilder-som-lyver\/","og_locale":"nb_NO","og_type":"article","og_title":"Bilder som lyver - Ungdomsskole","og_description":"Bilder som lyver Et bilde sier mer enn tusen ord. Men det er ikke alt bildene forteller som er sant. Apper og dataprogrammer har gjort det raskt og enkelt \u00e5 endre hvordan du ser ut p\u00e5 bilder og video. Spesielt i sosiale medier.&nbsp; Nedenfor ser du to influensere som viser hvor lett det er \u00e5 [&hellip;]","og_url":"https:\/\/reklameskolen.devz.no\/ungdomsskole\/reklamen-og-oss\/hvordan-virker-reklame\/bilder-som-lyver\/","og_site_name":"Ungdomsskole","article_modified_time":"2023-12-07T10:43:35+00:00","twitter_card":"summary_large_image","schema":{"@context":"https:\/\/schema.org","@graph":[{"@type":"WebPage","@id":"https:\/\/reklameskolen.devz.no\/ungdomsskole\/reklamen-og-oss\/hvordan-virker-reklame\/bilder-som-lyver\/","url":"https:\/\/reklameskolen.devz.no\/ungdomsskole\/reklamen-og-oss\/hvordan-virker-reklame\/bilder-som-lyver\/","name":"Bilder som lyver - Ungdomsskole","isPartOf":{"@id":"https:\/\/reklameskolen.devz.no\/ungdomsskole\/#website"},"datePublished":"2022-07-25T10:31:55+00:00","dateModified":"2023-12-07T10:43:35+00:00","breadcrumb":{"@id":"https:\/\/reklameskolen.devz.no\/ungdomsskole\/reklamen-og-oss\/hvordan-virker-reklame\/bilder-som-lyver\/#breadcrumb"},"inLanguage":"nb-NO","potentialAction":[{"@type":"ReadAction","target":["https:\/\/reklameskolen.devz.no\/ungdomsskole\/reklamen-og-oss\/hvordan-virker-reklame\/bilder-som-lyver\/"]}]},{"@type":"BreadcrumbList","@id":"https:\/\/reklameskolen.devz.no\/ungdomsskole\/reklamen-og-oss\/hvordan-virker-reklame\/bilder-som-lyver\/#breadcrumb","itemListElement":[{"@type":"ListItem","position":1,"name":"Home","item":"https:\/\/reklameskolen.devz.no\/ungdomsskole\/"},{"@type":"ListItem","position":2,"name":"Reklamen og oss","item":"https:\/\/reklameskolen.devz.no\/ungdomsskole\/reklamen-og-oss\/"},{"@type":"ListItem","position":3,"name":"Hvordan virker reklame?","item":"https:\/\/reklameskolen.devz.no\/ungdomsskole\/reklamen-og-oss\/hvordan-virker-reklame\/"},{"@type":"ListItem","position":4,"name":"Bilder som lyver"}]},{"@type":"WebSite","@id":"https:\/\/reklameskolen.devz.no\/ungdomsskole\/#website","url":"https:\/\/reklameskolen.devz.no\/ungdomsskole\/","name":"Ungdomsskole","description":"Oppl\u00e6ringsverkt\u00f8y om reklame","publisher":{"@id":"https:\/\/reklameskolen.devz.no\/ungdomsskole\/#organization"},"potentialAction":[{"@type":"SearchAction","target":{"@type":"EntryPoint","urlTemplate":"https:\/\/reklameskolen.devz.no\/ungdomsskole\/?s={search_term_string}"},"query-input":{"@type":"PropertyValueSpecification","valueRequired":true,"valueName":"search_term_string"}}],"inLanguage":"nb-NO"},{"@type":"Organization","@id":"https:\/\/reklameskolen.devz.no\/ungdomsskole\/#organization","name":"Ungdomsskole","url":"https:\/\/reklameskolen.devz.no\/ungdomsskole\/","logo":{"@type":"ImageObject","inLanguage":"nb-NO","@id":"https:\/\/reklameskolen.devz.no\/ungdomsskole\/#\/schema\/logo\/image\/","url":"https:\/\/reklameskolen.devz.no\/wp-content\/uploads\/2023\/08\/Reklameskolen-Logo-01.png","contentUrl":"https:\/\/reklameskolen.devz.no\/wp-content\/uploads\/2023\/08\/Reklameskolen-Logo-01.png","caption":"Ungdomsskole"},"image":{"@id":"https:\/\/reklameskolen.devz.no\/ungdomsskole\/#\/schema\/logo\/image\/"}}]}},"_links":{"self":[{"href":"https:\/\/reklameskolen.devz.no\/ungdomsskole\/wp-json\/wp\/v2\/pages\/3343","targetHints":{"allow":["GET"]}}],"collection":[{"href":"https:\/\/reklameskolen.devz.no\/ungdomsskole\/wp-json\/wp\/v2\/pages"}],"about":[{"href":"https:\/\/reklameskolen.devz.no\/ungdomsskole\/wp-json\/wp\/v2\/types\/page"}],"author":[{"embeddable":true,"href":"https:\/\/reklameskolen.devz.no\/ungdomsskole\/wp-json\/wp\/v2\/users\/10"}],"replies":[{"embeddable":true,"href":"https:\/\/reklameskolen.devz.no\/ungdomsskole\/wp-json\/wp\/v2\/comments?post=3343"}],"version-history":[{"count":9,"href":"https:\/\/reklameskolen.devz.no\/ungdomsskole\/wp-json\/wp\/v2\/pages\/3343\/revisions"}],"predecessor-version":[{"id":3804,"href":"https:\/\/reklameskolen.devz.no\/ungdomsskole\/wp-json\/wp\/v2\/pages\/3343\/revisions\/3804"}],"up":[{"embeddable":true,"href":"https:\/\/reklameskolen.devz.no\/ungdomsskole\/wp-json\/wp\/v2\/pages\/1087"}],"wp:attachment":[{"href":"https:\/\/reklameskolen.devz.no\/ungdomsskole\/wp-json\/wp\/v2\/media?parent=3343"}],"curies":[{"name":"wp","href":"https:\/\/api.w.org\/{rel}","templated":true}]}}