{"id":3563,"date":"2024-12-06T12:45:56","date_gmt":"2024-12-06T11:45:56","guid":{"rendered":"https:\/\/reklameskolen.devz.no\/vgs\/nn\/?page_id=3563"},"modified":"2024-12-06T12:45:56","modified_gmt":"2024-12-06T11:45:56","slug":"til-laereren","status":"publish","type":"page","link":"https:\/\/reklameskolen.devz.no\/vgs\/nn\/til-laereren\/","title":{"rendered":"Til l\u00e6reren"},"content":{"rendered":"\n<div class=\"wp-block-frontkom-intro intro-block\">\n<h1 class=\"wp-block-heading\"><strong>Til l\u00e6raren<\/strong><\/h1>\n\n\n\n<p class=\"has-large-font-size\"><strong><br><br>Reklameskolener eit gratis digitalt undervisningsverkt\u00f8y om reklame utvikla av Forbrukartilsynet p\u00e5 oppdrag fr\u00e5 Barne- og familiedepartementet.<span lang=\"NO-NYN\"><\/span><br><\/strong><\/p>\n\n\n\n<p>Barn og unge i dag m\u00f8ter reklame heile tida. Mellom anna i butikken, p\u00e5 skolen, i sosiale medium, i spel og p\u00e5 fritidsaktivitetar. Det er reklame overalt, og det er ikkje alltid like lett \u00e5 vite kva som er reklame.<\/p>\n\n\n\n<p>M\u00e5let med Reklameskolen er \u00e5 l\u00e6re elevane \u00e5 kjenne igjen reklame og forst\u00e5 korleis reklamen p\u00e5verkar oss. D\u00e5 blir det lettare for dei \u00e5 forhalde seg kritisk til reklamebodskap og ta gode val i m\u00f8tet med reklame.<\/p>\n<\/div>\n\n\n\n<h2 class=\"wp-block-heading\">Slik bruker du Reklameskolen<\/h2>\n\n\n\n<p>I Reklameskolen kan elevane l\u00e6re gjennom videoar, tekstar og oppg\u00e5ver. VGS-versjonen best\u00e5r av frittst\u00e5ande sider om ulike emne innan temaa netthandel, raske pengar, verkemiddel i reklame og kontraktar og avtalar.<\/p>\n\n\n\n<p>Du kan bruke sidene uavhengig av kvarandre, og i valfri rekkef\u00f8lge, sj\u00f8lv om det kan vere fint \u00e5 starte med \u00e5 sj\u00e5 videoen p\u00e5&nbsp;<a href=\"https:\/\/reklameskolen.devz.no\/vgs\/\">framsida<\/a>. Det er alts\u00e5 fullt mogleg \u00e5 velje ut ei enkel side til bruk i undervisninga, utan at l\u00e6raren eller elevane treng \u00e5 g\u00e5 gjennom dei andre.<\/p>\n\n\n\n<p>Kvar side startar med enten ein tekst eller ein video som forklarer det aktuelle emnet. Deretter f\u00f8lger ei eller fleire oppg\u00e5ver som testar kva elevane har l\u00e6rt om emnet. Nokre av oppg\u00e5vene er interaktive, andre er diskusjons- eller skriveoppg\u00e5ver. Fleire av oppg\u00e5vene inneheld element av reklameanalyse.<\/p>\n\n\n\n<h3 class=\"wp-block-heading\">Reklameskolen og l\u00e6replanane<\/h3>\n\n\n\n<p>Reklameskolen for VGS er meint for bruk p\u00e5 alle studieretningar i vidareg\u00e5ande skole. Mykje av innhaldet vil fungere godt i norsk eller samfunnsfag, men fleire av sidene kan \u00f2g brukast i for eksempel sal, service og reiseliv eller media- og informasjonskunnskap.<\/p>\n\n\n\n<p>Kvar side har ei oversikt over relevante kompetansem\u00e5l nedst. Du finn kompetansem\u00e5la raskt via menyen til venstre p\u00e5 sida.<\/p>\n\n\n\n<h3 class=\"wp-block-heading\"><strong>F\u00f8rebuing<\/strong><\/h3>\n\n\n\n<p>Elevar og l\u00e6rarar treng ikkje f\u00f8rebu seg p\u00e5 opplegget p\u00e5 nokon bestemt m\u00e5te, men det er lurt at l\u00e6raren har g\u00e5tt gjennom dei aktuelle sidene f\u00f8r elevane skal i gang med dei.<\/p>\n\n\n\n<hr class=\"wp-block-separator has-alpha-channel-opacity is-style-wide\"\/>\n\n\n\n<h2 class=\"wp-block-heading\">ICPEN Consumer Education Awards<\/h2>\n\n\n\n<div class=\"wp-block-columns is-layout-flex wp-container-core-columns-is-layout-28f84493 wp-block-columns-is-layout-flex\">\n<div class=\"wp-block-column is-layout-flow wp-block-column-is-layout-flow\" style=\"flex-basis:10%\"><\/div>\n\n\n\n<div class=\"wp-block-column is-layout-flow wp-block-column-is-layout-flow\" style=\"flex-basis:80%\">\n<iframe loading=\"lazy\" title=\"vimeo-player\" src=\"https:\/\/player.vimeo.com\/video\/946861535?h=256e9385aa\" width=\"1080\" height=\"608\" frameborder=\"0\"    allowfullscreen><\/iframe>\n<\/div>\n\n\n\n<div class=\"wp-block-column is-layout-flow wp-block-column-is-layout-flow\" style=\"flex-basis:10%\"><\/div>\n<\/div>\n\n\n\n<p>I 2024 vann Reklameskolen\u00a0<a href=\"https:\/\/icpen.org\/consumer-education-initiatives-and-icpen-annual-consumer-education-awards\" target=\"_blank\" rel=\"noreferrer noopener\">ICPEN Consumer Education Awards<\/a>\u00a0i kategorien barn og unge. Denne prisen blir delt ut av\u00a0<a href=\"https:\/\/icpen.org\/\" target=\"_blank\" rel=\"noreferrer noopener\">International Consumer Protection and Enforcement Network (ICPEN<\/a>), og g\u00e5r til ein informasjonskampanje som har bidrege til god opplysning av forbrukarane.<\/p>\n\n\n\n<p><\/p>\n","protected":false},"excerpt":{"rendered":"<p>Slik bruker du Reklameskolen I Reklameskolen kan elevane l\u00e6re gjennom videoar, tekstar og oppg\u00e5ver. VGS-versjonen best\u00e5r av frittst\u00e5ande sider om ulike emne innan temaa netthandel, raske pengar, verkemiddel i reklame og kontraktar og avtalar. Du kan bruke sidene uavhengig av kvarandre, og i valfri rekkef\u00f8lge, sj\u00f8lv om det kan vere fint \u00e5 starte med \u00e5 [&hellip;]<\/p>\n","protected":false},"author":4,"featured_media":0,"parent":0,"menu_order":0,"comment_status":"closed","ping_status":"closed","template":"","meta":{"_acf_changed":false,"editor_notices":[],"footnotes":""},"class_list":["post-3563","page","type-page","status-publish","hentry"],"blocksy_meta":[],"acf":[],"yoast_head":"<!-- This site is optimized with the Yoast SEO plugin v25.9 - https:\/\/yoast.com\/wordpress\/plugins\/seo\/ -->\n<title>Til l\u00e6reren - VGS - Nynorsk<\/title>\n<meta name=\"robots\" content=\"index, follow, max-snippet:-1, max-image-preview:large, max-video-preview:-1\" \/>\n<link rel=\"canonical\" href=\"https:\/\/reklameskolen.devz.no\/vgs\/nn\/til-laereren\/\" \/>\n<meta property=\"og:locale\" content=\"nn_NO\" \/>\n<meta property=\"og:type\" content=\"article\" \/>\n<meta property=\"og:title\" content=\"Til l\u00e6reren - VGS - Nynorsk\" \/>\n<meta property=\"og:description\" content=\"Slik bruker du Reklameskolen I Reklameskolen kan elevane l\u00e6re gjennom videoar, tekstar og oppg\u00e5ver. VGS-versjonen best\u00e5r av frittst\u00e5ande sider om ulike emne innan temaa netthandel, raske pengar, verkemiddel i reklame og kontraktar og avtalar. Du kan bruke sidene uavhengig av kvarandre, og i valfri rekkef\u00f8lge, sj\u00f8lv om det kan vere fint \u00e5 starte med \u00e5 [&hellip;]\" \/>\n<meta property=\"og:url\" content=\"https:\/\/reklameskolen.devz.no\/vgs\/nn\/til-laereren\/\" \/>\n<meta property=\"og:site_name\" content=\"VGS - Nynorsk\" \/>\n<meta name=\"twitter:card\" content=\"summary_large_image\" \/>\n<meta name=\"twitter:label1\" content=\"Est. reading time\" \/>\n\t<meta name=\"twitter:data1\" content=\"2 minutes\" \/>\n<script type=\"application\/ld+json\" class=\"yoast-schema-graph\">{\"@context\":\"https:\/\/schema.org\",\"@graph\":[{\"@type\":\"WebPage\",\"@id\":\"https:\/\/reklameskolen.devz.no\/vgs\/nn\/til-laereren\/\",\"url\":\"https:\/\/reklameskolen.devz.no\/vgs\/nn\/til-laereren\/\",\"name\":\"Til l\u00e6reren - VGS - Nynorsk\",\"isPartOf\":{\"@id\":\"https:\/\/reklameskolen.devz.no\/vgs\/nn\/#website\"},\"datePublished\":\"2024-12-06T11:45:56+00:00\",\"breadcrumb\":{\"@id\":\"https:\/\/reklameskolen.devz.no\/vgs\/nn\/til-laereren\/#breadcrumb\"},\"inLanguage\":\"nn-NO\",\"potentialAction\":[{\"@type\":\"ReadAction\",\"target\":[\"https:\/\/reklameskolen.devz.no\/vgs\/nn\/til-laereren\/\"]}]},{\"@type\":\"BreadcrumbList\",\"@id\":\"https:\/\/reklameskolen.devz.no\/vgs\/nn\/til-laereren\/#breadcrumb\",\"itemListElement\":[{\"@type\":\"ListItem\",\"position\":1,\"name\":\"Home\",\"item\":\"https:\/\/reklameskolen.devz.no\/vgs\/nn\/\"},{\"@type\":\"ListItem\",\"position\":2,\"name\":\"Til l\u00e6reren\"}]},{\"@type\":\"WebSite\",\"@id\":\"https:\/\/reklameskolen.devz.no\/vgs\/nn\/#website\",\"url\":\"https:\/\/reklameskolen.devz.no\/vgs\/nn\/\",\"name\":\"VGS - Nynorsk\",\"description\":\"Oppl\u00e6ringsverkt\u00f8y om reklame\",\"publisher\":{\"@id\":\"https:\/\/reklameskolen.devz.no\/vgs\/nn\/#organization\"},\"potentialAction\":[{\"@type\":\"SearchAction\",\"target\":{\"@type\":\"EntryPoint\",\"urlTemplate\":\"https:\/\/reklameskolen.devz.no\/vgs\/nn\/?s={search_term_string}\"},\"query-input\":{\"@type\":\"PropertyValueSpecification\",\"valueRequired\":true,\"valueName\":\"search_term_string\"}}],\"inLanguage\":\"nn-NO\"},{\"@type\":\"Organization\",\"@id\":\"https:\/\/reklameskolen.devz.no\/vgs\/nn\/#organization\",\"name\":\"VGS - Nynorsk\",\"url\":\"https:\/\/reklameskolen.devz.no\/vgs\/nn\/\",\"logo\":{\"@type\":\"ImageObject\",\"inLanguage\":\"nn-NO\",\"@id\":\"https:\/\/reklameskolen.devz.no\/vgs\/nn\/#\/schema\/logo\/image\/\",\"url\":\"https:\/\/reklameskolen.devz.no\/wp-content\/uploads\/2024\/10\/Reklameskolen-Logo-01.png\",\"contentUrl\":\"https:\/\/reklameskolen.devz.no\/wp-content\/uploads\/2024\/10\/Reklameskolen-Logo-01.png\",\"caption\":\"VGS - Nynorsk\"},\"image\":{\"@id\":\"https:\/\/reklameskolen.devz.no\/vgs\/nn\/#\/schema\/logo\/image\/\"}}]}<\/script>\n<!-- \/ Yoast SEO plugin. -->","yoast_head_json":{"title":"Til l\u00e6reren - VGS - Nynorsk","robots":{"index":"index","follow":"follow","max-snippet":"max-snippet:-1","max-image-preview":"max-image-preview:large","max-video-preview":"max-video-preview:-1"},"canonical":"https:\/\/reklameskolen.devz.no\/vgs\/nn\/til-laereren\/","og_locale":"nn_NO","og_type":"article","og_title":"Til l\u00e6reren - VGS - Nynorsk","og_description":"Slik bruker du Reklameskolen I Reklameskolen kan elevane l\u00e6re gjennom videoar, tekstar og oppg\u00e5ver. VGS-versjonen best\u00e5r av frittst\u00e5ande sider om ulike emne innan temaa netthandel, raske pengar, verkemiddel i reklame og kontraktar og avtalar. Du kan bruke sidene uavhengig av kvarandre, og i valfri rekkef\u00f8lge, sj\u00f8lv om det kan vere fint \u00e5 starte med \u00e5 [&hellip;]","og_url":"https:\/\/reklameskolen.devz.no\/vgs\/nn\/til-laereren\/","og_site_name":"VGS - Nynorsk","twitter_card":"summary_large_image","twitter_misc":{"Est. reading time":"2 minutes"},"schema":{"@context":"https:\/\/schema.org","@graph":[{"@type":"WebPage","@id":"https:\/\/reklameskolen.devz.no\/vgs\/nn\/til-laereren\/","url":"https:\/\/reklameskolen.devz.no\/vgs\/nn\/til-laereren\/","name":"Til l\u00e6reren - VGS - Nynorsk","isPartOf":{"@id":"https:\/\/reklameskolen.devz.no\/vgs\/nn\/#website"},"datePublished":"2024-12-06T11:45:56+00:00","breadcrumb":{"@id":"https:\/\/reklameskolen.devz.no\/vgs\/nn\/til-laereren\/#breadcrumb"},"inLanguage":"nn-NO","potentialAction":[{"@type":"ReadAction","target":["https:\/\/reklameskolen.devz.no\/vgs\/nn\/til-laereren\/"]}]},{"@type":"BreadcrumbList","@id":"https:\/\/reklameskolen.devz.no\/vgs\/nn\/til-laereren\/#breadcrumb","itemListElement":[{"@type":"ListItem","position":1,"name":"Home","item":"https:\/\/reklameskolen.devz.no\/vgs\/nn\/"},{"@type":"ListItem","position":2,"name":"Til l\u00e6reren"}]},{"@type":"WebSite","@id":"https:\/\/reklameskolen.devz.no\/vgs\/nn\/#website","url":"https:\/\/reklameskolen.devz.no\/vgs\/nn\/","name":"VGS - Nynorsk","description":"Oppl\u00e6ringsverkt\u00f8y om reklame","publisher":{"@id":"https:\/\/reklameskolen.devz.no\/vgs\/nn\/#organization"},"potentialAction":[{"@type":"SearchAction","target":{"@type":"EntryPoint","urlTemplate":"https:\/\/reklameskolen.devz.no\/vgs\/nn\/?s={search_term_string}"},"query-input":{"@type":"PropertyValueSpecification","valueRequired":true,"valueName":"search_term_string"}}],"inLanguage":"nn-NO"},{"@type":"Organization","@id":"https:\/\/reklameskolen.devz.no\/vgs\/nn\/#organization","name":"VGS - Nynorsk","url":"https:\/\/reklameskolen.devz.no\/vgs\/nn\/","logo":{"@type":"ImageObject","inLanguage":"nn-NO","@id":"https:\/\/reklameskolen.devz.no\/vgs\/nn\/#\/schema\/logo\/image\/","url":"https:\/\/reklameskolen.devz.no\/wp-content\/uploads\/2024\/10\/Reklameskolen-Logo-01.png","contentUrl":"https:\/\/reklameskolen.devz.no\/wp-content\/uploads\/2024\/10\/Reklameskolen-Logo-01.png","caption":"VGS - Nynorsk"},"image":{"@id":"https:\/\/reklameskolen.devz.no\/vgs\/nn\/#\/schema\/logo\/image\/"}}]}},"_links":{"self":[{"href":"https:\/\/reklameskolen.devz.no\/vgs\/nn\/wp-json\/wp\/v2\/pages\/3563","targetHints":{"allow":["GET"]}}],"collection":[{"href":"https:\/\/reklameskolen.devz.no\/vgs\/nn\/wp-json\/wp\/v2\/pages"}],"about":[{"href":"https:\/\/reklameskolen.devz.no\/vgs\/nn\/wp-json\/wp\/v2\/types\/page"}],"author":[{"embeddable":true,"href":"https:\/\/reklameskolen.devz.no\/vgs\/nn\/wp-json\/wp\/v2\/users\/4"}],"replies":[{"embeddable":true,"href":"https:\/\/reklameskolen.devz.no\/vgs\/nn\/wp-json\/wp\/v2\/comments?post=3563"}],"version-history":[{"count":1,"href":"https:\/\/reklameskolen.devz.no\/vgs\/nn\/wp-json\/wp\/v2\/pages\/3563\/revisions"}],"predecessor-version":[{"id":3575,"href":"https:\/\/reklameskolen.devz.no\/vgs\/nn\/wp-json\/wp\/v2\/pages\/3563\/revisions\/3575"}],"wp:attachment":[{"href":"https:\/\/reklameskolen.devz.no\/vgs\/nn\/wp-json\/wp\/v2\/media?parent=3563"}],"curies":[{"name":"wp","href":"https:\/\/api.w.org\/{rel}","templated":true}]}}