{"id":3728,"date":"2024-11-29T12:50:38","date_gmt":"2024-11-29T11:50:38","guid":{"rendered":"https:\/\/reklameskolen.devz.no\/vgs\/?page_id=3728"},"modified":"2024-12-04T11:22:03","modified_gmt":"2024-12-04T10:22:03","slug":"til-laereren","status":"publish","type":"page","link":"https:\/\/reklameskolen.devz.no\/vgs\/til-laereren\/","title":{"rendered":"Til l\u00e6reren"},"content":{"rendered":"\n<div class=\"wp-block-frontkom-intro intro-block\">\n<h1 class=\"wp-block-heading\">Til l\u00e6reren<\/h1>\n\n\n\n<p class=\"has-large-font-size\"><strong>Reklameskolen er et gratis digitalt undervisningsverkt\u00f8y om reklame utviklet av Forbrukertilsynet p\u00e5 oppdrag fra Barne- og familiedepartementet.<\/strong><\/p>\n\n\n\n<p>Barn og unge i dag m\u00f8ter reklame hele tiden. Blant annet i butikken, p\u00e5 skolen, i sosiale medier, i spill og p\u00e5 fritidsaktiviteter. Det er reklame overalt, og det er ikke alltid like lett \u00e5 vite hva som er reklame.<\/p>\n\n\n\n<p>M\u00e5let med Reklameskolen er \u00e5 l\u00e6re elevene \u00e5 kjenne igjen reklame og forst\u00e5 hvordan reklamen p\u00e5virker oss. Da blir det lettere for dem \u00e5 forholde seg kritisk til reklamebudskap og ta gode valg i m\u00f8tet med reklame.<\/p>\n<\/div>\n\n\n\n<h2 class=\"wp-block-heading\">Slik bruker du Reklameskolen<\/h2>\n\n\n\n<p>I Reklameskolen kan elevene l\u00e6re gjennom videoer, tekster og oppgaver. VGS-versjonen best\u00e5r av frittst\u00e5ende sider om ulike emner innen temaene netthandel, raske penger, reklamens p\u00e5virkningskraft og kontrakter og avtaler.<\/p>\n\n\n\n<p>Sidene kan brukes uavhengig av hverandre, og i valgfri rekkef\u00f8lge, selv om det kan v\u00e6re fint \u00e5 starte med \u00e5 se videoen p\u00e5 <a href=\"https:\/\/reklameskolen.devz.no\/vgs\/\">forsiden<\/a>. Det er alts\u00e5 fullt mulig \u00e5 velge ut en enkel side til bruk i undervisningen, uten at l\u00e6reren eller elevene trenger \u00e5 g\u00e5 gjennom de andre.<\/p>\n\n\n\n<p>Hver side starter med enten en tekst eller en video som forklarer det aktuelle emnet. Deretter f\u00f8lger en eller flere oppgaver som tester elevenes kunnskap om emnet. Noen av oppgavene er interaktive, andre er diskusjons- eller skriveoppgaver. Flere av oppgavene inneholder elementer av reklameanalyse.<\/p>\n\n\n\n<h3 class=\"wp-block-heading\">Reklameskolen og l\u00e6replanene<\/h3>\n\n\n\n<p>Reklameskolen for VGS er ment for bruk p\u00e5 alle studieretninger i videreg\u00e5ende skole. Mye av innholdet vil fungere godt i norsk eller samfunnsfag, men flere av sidene kan ogs\u00e5 brukes i for eksempel salg, service og reiseliv eller medie- og informasjonskunnskap.<\/p>\n\n\n\n<p>Hver side har en egen oversikt over relevante kompetansem\u00e5l nederst. Du finner kompetansem\u00e5lene raskt via menyen til venstre p\u00e5 siden.<\/p>\n\n\n\n<h3 class=\"wp-block-heading\">Forberedelser<\/h3>\n\n\n\n<p>Reklameskolen stiller ingen spesielle krav til forberedelser, men det et er lurt at l\u00e6reren har g\u00e5tt gjennom de aktuelle sidene f\u00f8r elevene skal i gang med dem.<\/p>\n\n\n\n<hr class=\"wp-block-separator has-alpha-channel-opacity is-style-wide\"\/>\n\n\n\n<h2 class=\"wp-block-heading\">ICPEN Consumer Education Awards<\/h2>\n\n\n\n<div class=\"wp-block-columns is-layout-flex wp-container-core-columns-is-layout-28f84493 wp-block-columns-is-layout-flex\">\n<div class=\"wp-block-column is-layout-flow wp-block-column-is-layout-flow\" style=\"flex-basis:10%\"><\/div>\n\n\n\n<div class=\"wp-block-column is-layout-flow wp-block-column-is-layout-flow\" style=\"flex-basis:80%\">\n<iframe loading=\"lazy\" title=\"vimeo-player\" src=\"https:\/\/player.vimeo.com\/video\/946861535?h=256e9385aa\" width=\"1080\" height=\"608\" frameborder=\"0\"    allowfullscreen><\/iframe>\n<\/div>\n\n\n\n<div class=\"wp-block-column is-layout-flow wp-block-column-is-layout-flow\" style=\"flex-basis:10%\"><\/div>\n<\/div>\n\n\n\n<p>I 2024 vant Reklameskolen <a href=\"https:\/\/icpen.org\/consumer-education-initiatives-and-icpen-annual-consumer-education-awards\" target=\"_blank\" rel=\"noreferrer noopener\">ICPEN Consumer Education Awards<\/a> i kategorien barn og unge. Denne prisen deles ut av&nbsp;<a href=\"https:\/\/icpen.org\/\" target=\"_blank\" rel=\"noreferrer noopener\">International Consumer Protection and Enforcement Network (ICPEN<\/a>), og g\u00e5r til en informasjonskampanje som har bidratt til god opplysning av forbrukerne.<\/p>\n\n\n\n<p><\/p>\n","protected":false},"excerpt":{"rendered":"<p>Slik bruker du Reklameskolen I Reklameskolen kan elevene l\u00e6re gjennom videoer, tekster og oppgaver. VGS-versjonen best\u00e5r av frittst\u00e5ende sider om ulike emner innen temaene netthandel, raske penger, reklamens p\u00e5virkningskraft og kontrakter og avtaler. Sidene kan brukes uavhengig av hverandre, og i valgfri rekkef\u00f8lge, selv om det kan v\u00e6re fint \u00e5 starte med \u00e5 se videoen [&hellip;]<\/p>\n","protected":false},"author":4,"featured_media":0,"parent":0,"menu_order":0,"comment_status":"closed","ping_status":"closed","template":"","meta":{"_acf_changed":false,"editor_notices":[],"footnotes":""},"class_list":["post-3728","page","type-page","status-publish","hentry"],"blocksy_meta":[],"acf":[],"yoast_head":"<!-- This site is optimized with the Yoast SEO plugin v25.9 - https:\/\/yoast.com\/wordpress\/plugins\/seo\/ -->\n<title>Til l\u00e6reren - VGS<\/title>\n<meta name=\"description\" content=\"Reklameskolen er et gratis digitalt undervisningsverkt\u00f8y om reklame utviklet av Forbrukertilsynet p\u00e5 oppdrag fra Barne- og familiedepartementet.\" \/>\n<meta name=\"robots\" content=\"index, follow, max-snippet:-1, max-image-preview:large, max-video-preview:-1\" \/>\n<link rel=\"canonical\" href=\"https:\/\/reklameskolen.devz.no\/vgs\/til-laereren\/\" \/>\n<meta property=\"og:locale\" content=\"nb_NO\" \/>\n<meta property=\"og:type\" content=\"article\" \/>\n<meta property=\"og:title\" content=\"Til l\u00e6reren - VGS\" \/>\n<meta property=\"og:description\" content=\"Reklameskolen er et gratis digitalt undervisningsverkt\u00f8y om reklame utviklet av Forbrukertilsynet p\u00e5 oppdrag fra Barne- og familiedepartementet.\" \/>\n<meta property=\"og:url\" content=\"https:\/\/reklameskolen.devz.no\/vgs\/til-laereren\/\" \/>\n<meta property=\"og:site_name\" content=\"VGS\" \/>\n<meta property=\"article:modified_time\" content=\"2024-12-04T10:22:03+00:00\" \/>\n<meta name=\"twitter:card\" content=\"summary_large_image\" \/>\n<meta name=\"twitter:label1\" content=\"Ansl. lesetid\" \/>\n\t<meta name=\"twitter:data1\" content=\"2 minutter\" \/>\n<script type=\"application\/ld+json\" class=\"yoast-schema-graph\">{\"@context\":\"https:\/\/schema.org\",\"@graph\":[{\"@type\":\"WebPage\",\"@id\":\"https:\/\/reklameskolen.devz.no\/vgs\/til-laereren\/\",\"url\":\"https:\/\/reklameskolen.devz.no\/vgs\/til-laereren\/\",\"name\":\"Til l\u00e6reren - VGS\",\"isPartOf\":{\"@id\":\"https:\/\/reklameskolen.devz.no\/vgs\/#website\"},\"datePublished\":\"2024-11-29T11:50:38+00:00\",\"dateModified\":\"2024-12-04T10:22:03+00:00\",\"description\":\"Reklameskolen er et gratis digitalt undervisningsverkt\u00f8y om reklame utviklet av Forbrukertilsynet p\u00e5 oppdrag fra Barne- og familiedepartementet.\",\"breadcrumb\":{\"@id\":\"https:\/\/reklameskolen.devz.no\/vgs\/til-laereren\/#breadcrumb\"},\"inLanguage\":\"nb-NO\",\"potentialAction\":[{\"@type\":\"ReadAction\",\"target\":[\"https:\/\/reklameskolen.devz.no\/vgs\/til-laereren\/\"]}]},{\"@type\":\"BreadcrumbList\",\"@id\":\"https:\/\/reklameskolen.devz.no\/vgs\/til-laereren\/#breadcrumb\",\"itemListElement\":[{\"@type\":\"ListItem\",\"position\":1,\"name\":\"Home\",\"item\":\"https:\/\/reklameskolen.devz.no\/vgs\/\"},{\"@type\":\"ListItem\",\"position\":2,\"name\":\"Til l\u00e6reren\"}]},{\"@type\":\"WebSite\",\"@id\":\"https:\/\/reklameskolen.devz.no\/vgs\/#website\",\"url\":\"https:\/\/reklameskolen.devz.no\/vgs\/\",\"name\":\"Reklameskolen VGS\",\"description\":\"Oppl\u00e6ringsverkt\u00f8y om reklame\",\"publisher\":{\"@id\":\"https:\/\/reklameskolen.devz.no\/vgs\/#organization\"},\"potentialAction\":[{\"@type\":\"SearchAction\",\"target\":{\"@type\":\"EntryPoint\",\"urlTemplate\":\"https:\/\/reklameskolen.devz.no\/vgs\/?s={search_term_string}\"},\"query-input\":{\"@type\":\"PropertyValueSpecification\",\"valueRequired\":true,\"valueName\":\"search_term_string\"}}],\"inLanguage\":\"nb-NO\"},{\"@type\":\"Organization\",\"@id\":\"https:\/\/reklameskolen.devz.no\/vgs\/#organization\",\"name\":\"Reklameskolen\",\"url\":\"https:\/\/reklameskolen.devz.no\/vgs\/\",\"logo\":{\"@type\":\"ImageObject\",\"inLanguage\":\"nb-NO\",\"@id\":\"https:\/\/reklameskolen.devz.no\/vgs\/#\/schema\/logo\/image\/\",\"url\":\"https:\/\/reklameskolen.devz.no\/wp-content\/uploads\/2024\/10\/Reklameskolen-Logo-01.png\",\"contentUrl\":\"https:\/\/reklameskolen.devz.no\/wp-content\/uploads\/2024\/10\/Reklameskolen-Logo-01.png\",\"width\":2571,\"height\":950,\"caption\":\"Reklameskolen\"},\"image\":{\"@id\":\"https:\/\/reklameskolen.devz.no\/vgs\/#\/schema\/logo\/image\/\"}}]}<\/script>\n<!-- \/ Yoast SEO plugin. -->","yoast_head_json":{"title":"Til l\u00e6reren - VGS","description":"Reklameskolen er et gratis digitalt undervisningsverkt\u00f8y om reklame utviklet av Forbrukertilsynet p\u00e5 oppdrag fra Barne- og familiedepartementet.","robots":{"index":"index","follow":"follow","max-snippet":"max-snippet:-1","max-image-preview":"max-image-preview:large","max-video-preview":"max-video-preview:-1"},"canonical":"https:\/\/reklameskolen.devz.no\/vgs\/til-laereren\/","og_locale":"nb_NO","og_type":"article","og_title":"Til l\u00e6reren - VGS","og_description":"Reklameskolen er et gratis digitalt undervisningsverkt\u00f8y om reklame utviklet av Forbrukertilsynet p\u00e5 oppdrag fra Barne- og familiedepartementet.","og_url":"https:\/\/reklameskolen.devz.no\/vgs\/til-laereren\/","og_site_name":"VGS","article_modified_time":"2024-12-04T10:22:03+00:00","twitter_card":"summary_large_image","twitter_misc":{"Ansl. lesetid":"2 minutter"},"schema":{"@context":"https:\/\/schema.org","@graph":[{"@type":"WebPage","@id":"https:\/\/reklameskolen.devz.no\/vgs\/til-laereren\/","url":"https:\/\/reklameskolen.devz.no\/vgs\/til-laereren\/","name":"Til l\u00e6reren - VGS","isPartOf":{"@id":"https:\/\/reklameskolen.devz.no\/vgs\/#website"},"datePublished":"2024-11-29T11:50:38+00:00","dateModified":"2024-12-04T10:22:03+00:00","description":"Reklameskolen er et gratis digitalt undervisningsverkt\u00f8y om reklame utviklet av Forbrukertilsynet p\u00e5 oppdrag fra Barne- og familiedepartementet.","breadcrumb":{"@id":"https:\/\/reklameskolen.devz.no\/vgs\/til-laereren\/#breadcrumb"},"inLanguage":"nb-NO","potentialAction":[{"@type":"ReadAction","target":["https:\/\/reklameskolen.devz.no\/vgs\/til-laereren\/"]}]},{"@type":"BreadcrumbList","@id":"https:\/\/reklameskolen.devz.no\/vgs\/til-laereren\/#breadcrumb","itemListElement":[{"@type":"ListItem","position":1,"name":"Home","item":"https:\/\/reklameskolen.devz.no\/vgs\/"},{"@type":"ListItem","position":2,"name":"Til l\u00e6reren"}]},{"@type":"WebSite","@id":"https:\/\/reklameskolen.devz.no\/vgs\/#website","url":"https:\/\/reklameskolen.devz.no\/vgs\/","name":"Reklameskolen VGS","description":"Oppl\u00e6ringsverkt\u00f8y om reklame","publisher":{"@id":"https:\/\/reklameskolen.devz.no\/vgs\/#organization"},"potentialAction":[{"@type":"SearchAction","target":{"@type":"EntryPoint","urlTemplate":"https:\/\/reklameskolen.devz.no\/vgs\/?s={search_term_string}"},"query-input":{"@type":"PropertyValueSpecification","valueRequired":true,"valueName":"search_term_string"}}],"inLanguage":"nb-NO"},{"@type":"Organization","@id":"https:\/\/reklameskolen.devz.no\/vgs\/#organization","name":"Reklameskolen","url":"https:\/\/reklameskolen.devz.no\/vgs\/","logo":{"@type":"ImageObject","inLanguage":"nb-NO","@id":"https:\/\/reklameskolen.devz.no\/vgs\/#\/schema\/logo\/image\/","url":"https:\/\/reklameskolen.devz.no\/wp-content\/uploads\/2024\/10\/Reklameskolen-Logo-01.png","contentUrl":"https:\/\/reklameskolen.devz.no\/wp-content\/uploads\/2024\/10\/Reklameskolen-Logo-01.png","width":2571,"height":950,"caption":"Reklameskolen"},"image":{"@id":"https:\/\/reklameskolen.devz.no\/vgs\/#\/schema\/logo\/image\/"}}]}},"_links":{"self":[{"href":"https:\/\/reklameskolen.devz.no\/vgs\/wp-json\/wp\/v2\/pages\/3728","targetHints":{"allow":["GET"]}}],"collection":[{"href":"https:\/\/reklameskolen.devz.no\/vgs\/wp-json\/wp\/v2\/pages"}],"about":[{"href":"https:\/\/reklameskolen.devz.no\/vgs\/wp-json\/wp\/v2\/types\/page"}],"author":[{"embeddable":true,"href":"https:\/\/reklameskolen.devz.no\/vgs\/wp-json\/wp\/v2\/users\/4"}],"replies":[{"embeddable":true,"href":"https:\/\/reklameskolen.devz.no\/vgs\/wp-json\/wp\/v2\/comments?post=3728"}],"version-history":[{"count":17,"href":"https:\/\/reklameskolen.devz.no\/vgs\/wp-json\/wp\/v2\/pages\/3728\/revisions"}],"predecessor-version":[{"id":3751,"href":"https:\/\/reklameskolen.devz.no\/vgs\/wp-json\/wp\/v2\/pages\/3728\/revisions\/3751"}],"wp:attachment":[{"href":"https:\/\/reklameskolen.devz.no\/vgs\/wp-json\/wp\/v2\/media?parent=3728"}],"curies":[{"name":"wp","href":"https:\/\/api.w.org\/{rel}","templated":true}]}}