{"id":3752,"date":"2024-12-03T13:38:07","date_gmt":"2024-12-03T12:38:07","guid":{"rendered":"https:\/\/reklameskolen.devz.no\/vgs\/?page_id=3752"},"modified":"2024-12-04T11:22:39","modified_gmt":"2024-12-04T10:22:39","slug":"kontakt-oss","status":"publish","type":"page","link":"https:\/\/reklameskolen.devz.no\/vgs\/kontakt-oss\/","title":{"rendered":"Kontakt oss"},"content":{"rendered":"\n<div class=\"wp-block-frontkom-intro intro-block\">\n<h1 class=\"wp-block-heading\">Kontakt oss<\/h1>\n\n\n\n<p class=\"has-large-font-size\">Er det noe som ikke fungerer som det skal? Eller har du forslag til hvordan Reklameskolen kan bli enda bedre? Send oss en e-post!<\/p>\n\n\n\n<p>Du kan n\u00e5 teamet bak Reklameskolen p\u00e5 <a href=\"mailto:reklameskolen@forbrukertilsynet.no\">reklameskolen@forbrukertilsynet.no<\/a>.<\/p>\n<\/div>\n\n\n\n<h2 class=\"wp-block-heading\">Om Forbrukertilsynet<\/h2>\n\n\n\n<p>Det er Forbrukertilsynet som har laget Reklameskolen p\u00e5 oppdrag fra Barne- og familiedepartementet.<\/p>\n\n\n\n<p>Forbrukertilsynet er en offentlig tilsynsmyndighet som f\u00f8rer tilsyn med markedsf\u00f8ring og avtalevilk\u00e5r, h\u00e5ndhever forbrukervernlovgivning og mekler i konflikter mellom forbrukere og n\u00e6ringsdrivende.&nbsp;<\/p>\n\n\n\n<p>Forbrukertilsynet jobber for et enklere og tryggere samfunn for forbrukerne. Vi jobber med \u00e5 forebygge og stoppe ulovlig markedsf\u00f8ring og urimelige avtalevilk\u00e5r. Vi veileder n\u00e6ringsdrivende om hvilke lover og regler som gjelder for markedsf\u00f8ring, og vi driver informasjonsarbeid rettet mot b\u00e5de forbrukere og n\u00e6ringsdrivende. For \u00e5 l\u00e6re barn og unge om reklame og hvordan den p\u00e5virker oss har vi laget Reklameskolen.<\/p>\n\n\n\n<p>Du kan lese mer om oss p\u00e5 <a href=\"https:\/\/www.forbrukertilsynet.no\/\" target=\"_blank\" rel=\"noreferrer noopener\">forbrukertilsynet.no<\/a>.<\/p>\n\n\n\n<p><\/p>\n","protected":false},"excerpt":{"rendered":"<p>Om Forbrukertilsynet Det er Forbrukertilsynet som har laget Reklameskolen p\u00e5 oppdrag fra Barne- og familiedepartementet. Forbrukertilsynet er en offentlig tilsynsmyndighet som f\u00f8rer tilsyn med markedsf\u00f8ring og avtalevilk\u00e5r, h\u00e5ndhever forbrukervernlovgivning og mekler i konflikter mellom forbrukere og n\u00e6ringsdrivende.&nbsp; Forbrukertilsynet jobber for et enklere og tryggere samfunn for forbrukerne. Vi jobber med \u00e5 forebygge og stoppe ulovlig [&hellip;]<\/p>\n","protected":false},"author":4,"featured_media":0,"parent":0,"menu_order":0,"comment_status":"closed","ping_status":"closed","template":"","meta":{"_acf_changed":false,"editor_notices":[],"footnotes":""},"class_list":["post-3752","page","type-page","status-publish","hentry"],"blocksy_meta":[],"acf":[],"yoast_head":"<!-- This site is optimized with the Yoast SEO plugin v25.9 - https:\/\/yoast.com\/wordpress\/plugins\/seo\/ -->\n<title>Kontakt oss - VGS<\/title>\n<meta name=\"description\" content=\"Er det noe som ikke fungerer som det skal? Eller har du forslag til hvordan Reklameskolen kan bli enda bedre? Send oss en e-post!\" \/>\n<meta name=\"robots\" content=\"index, follow, max-snippet:-1, max-image-preview:large, max-video-preview:-1\" \/>\n<link rel=\"canonical\" href=\"https:\/\/reklameskolen.devz.no\/vgs\/kontakt-oss\/\" \/>\n<meta property=\"og:locale\" content=\"nb_NO\" \/>\n<meta property=\"og:type\" content=\"article\" \/>\n<meta property=\"og:title\" content=\"Kontakt oss - VGS\" \/>\n<meta property=\"og:description\" content=\"Er det noe som ikke fungerer som det skal? Eller har du forslag til hvordan Reklameskolen kan bli enda bedre? Send oss en e-post!\" \/>\n<meta property=\"og:url\" content=\"https:\/\/reklameskolen.devz.no\/vgs\/kontakt-oss\/\" \/>\n<meta property=\"og:site_name\" content=\"VGS\" \/>\n<meta property=\"article:modified_time\" content=\"2024-12-04T10:22:39+00:00\" \/>\n<meta name=\"twitter:card\" content=\"summary_large_image\" \/>\n<meta name=\"twitter:label1\" content=\"Ansl. lesetid\" \/>\n\t<meta name=\"twitter:data1\" content=\"1 minutt\" \/>\n<script type=\"application\/ld+json\" class=\"yoast-schema-graph\">{\"@context\":\"https:\/\/schema.org\",\"@graph\":[{\"@type\":\"WebPage\",\"@id\":\"https:\/\/reklameskolen.devz.no\/vgs\/kontakt-oss\/\",\"url\":\"https:\/\/reklameskolen.devz.no\/vgs\/kontakt-oss\/\",\"name\":\"Kontakt oss - VGS\",\"isPartOf\":{\"@id\":\"https:\/\/reklameskolen.devz.no\/vgs\/#website\"},\"datePublished\":\"2024-12-03T12:38:07+00:00\",\"dateModified\":\"2024-12-04T10:22:39+00:00\",\"description\":\"Er det noe som ikke fungerer som det skal? Eller har du forslag til hvordan Reklameskolen kan bli enda bedre? Send oss en e-post!\",\"breadcrumb\":{\"@id\":\"https:\/\/reklameskolen.devz.no\/vgs\/kontakt-oss\/#breadcrumb\"},\"inLanguage\":\"nb-NO\",\"potentialAction\":[{\"@type\":\"ReadAction\",\"target\":[\"https:\/\/reklameskolen.devz.no\/vgs\/kontakt-oss\/\"]}]},{\"@type\":\"BreadcrumbList\",\"@id\":\"https:\/\/reklameskolen.devz.no\/vgs\/kontakt-oss\/#breadcrumb\",\"itemListElement\":[{\"@type\":\"ListItem\",\"position\":1,\"name\":\"Home\",\"item\":\"https:\/\/reklameskolen.devz.no\/vgs\/\"},{\"@type\":\"ListItem\",\"position\":2,\"name\":\"Kontakt oss\"}]},{\"@type\":\"WebSite\",\"@id\":\"https:\/\/reklameskolen.devz.no\/vgs\/#website\",\"url\":\"https:\/\/reklameskolen.devz.no\/vgs\/\",\"name\":\"Reklameskolen VGS\",\"description\":\"Oppl\u00e6ringsverkt\u00f8y om reklame\",\"publisher\":{\"@id\":\"https:\/\/reklameskolen.devz.no\/vgs\/#organization\"},\"potentialAction\":[{\"@type\":\"SearchAction\",\"target\":{\"@type\":\"EntryPoint\",\"urlTemplate\":\"https:\/\/reklameskolen.devz.no\/vgs\/?s={search_term_string}\"},\"query-input\":{\"@type\":\"PropertyValueSpecification\",\"valueRequired\":true,\"valueName\":\"search_term_string\"}}],\"inLanguage\":\"nb-NO\"},{\"@type\":\"Organization\",\"@id\":\"https:\/\/reklameskolen.devz.no\/vgs\/#organization\",\"name\":\"Reklameskolen\",\"url\":\"https:\/\/reklameskolen.devz.no\/vgs\/\",\"logo\":{\"@type\":\"ImageObject\",\"inLanguage\":\"nb-NO\",\"@id\":\"https:\/\/reklameskolen.devz.no\/vgs\/#\/schema\/logo\/image\/\",\"url\":\"https:\/\/reklameskolen.devz.no\/wp-content\/uploads\/2024\/10\/Reklameskolen-Logo-01.png\",\"contentUrl\":\"https:\/\/reklameskolen.devz.no\/wp-content\/uploads\/2024\/10\/Reklameskolen-Logo-01.png\",\"width\":2571,\"height\":950,\"caption\":\"Reklameskolen\"},\"image\":{\"@id\":\"https:\/\/reklameskolen.devz.no\/vgs\/#\/schema\/logo\/image\/\"}}]}<\/script>\n<!-- \/ Yoast SEO plugin. -->","yoast_head_json":{"title":"Kontakt oss - VGS","description":"Er det noe som ikke fungerer som det skal? Eller har du forslag til hvordan Reklameskolen kan bli enda bedre? Send oss en e-post!","robots":{"index":"index","follow":"follow","max-snippet":"max-snippet:-1","max-image-preview":"max-image-preview:large","max-video-preview":"max-video-preview:-1"},"canonical":"https:\/\/reklameskolen.devz.no\/vgs\/kontakt-oss\/","og_locale":"nb_NO","og_type":"article","og_title":"Kontakt oss - VGS","og_description":"Er det noe som ikke fungerer som det skal? Eller har du forslag til hvordan Reklameskolen kan bli enda bedre? Send oss en e-post!","og_url":"https:\/\/reklameskolen.devz.no\/vgs\/kontakt-oss\/","og_site_name":"VGS","article_modified_time":"2024-12-04T10:22:39+00:00","twitter_card":"summary_large_image","twitter_misc":{"Ansl. lesetid":"1 minutt"},"schema":{"@context":"https:\/\/schema.org","@graph":[{"@type":"WebPage","@id":"https:\/\/reklameskolen.devz.no\/vgs\/kontakt-oss\/","url":"https:\/\/reklameskolen.devz.no\/vgs\/kontakt-oss\/","name":"Kontakt oss - VGS","isPartOf":{"@id":"https:\/\/reklameskolen.devz.no\/vgs\/#website"},"datePublished":"2024-12-03T12:38:07+00:00","dateModified":"2024-12-04T10:22:39+00:00","description":"Er det noe som ikke fungerer som det skal? Eller har du forslag til hvordan Reklameskolen kan bli enda bedre? Send oss en e-post!","breadcrumb":{"@id":"https:\/\/reklameskolen.devz.no\/vgs\/kontakt-oss\/#breadcrumb"},"inLanguage":"nb-NO","potentialAction":[{"@type":"ReadAction","target":["https:\/\/reklameskolen.devz.no\/vgs\/kontakt-oss\/"]}]},{"@type":"BreadcrumbList","@id":"https:\/\/reklameskolen.devz.no\/vgs\/kontakt-oss\/#breadcrumb","itemListElement":[{"@type":"ListItem","position":1,"name":"Home","item":"https:\/\/reklameskolen.devz.no\/vgs\/"},{"@type":"ListItem","position":2,"name":"Kontakt oss"}]},{"@type":"WebSite","@id":"https:\/\/reklameskolen.devz.no\/vgs\/#website","url":"https:\/\/reklameskolen.devz.no\/vgs\/","name":"Reklameskolen VGS","description":"Oppl\u00e6ringsverkt\u00f8y om reklame","publisher":{"@id":"https:\/\/reklameskolen.devz.no\/vgs\/#organization"},"potentialAction":[{"@type":"SearchAction","target":{"@type":"EntryPoint","urlTemplate":"https:\/\/reklameskolen.devz.no\/vgs\/?s={search_term_string}"},"query-input":{"@type":"PropertyValueSpecification","valueRequired":true,"valueName":"search_term_string"}}],"inLanguage":"nb-NO"},{"@type":"Organization","@id":"https:\/\/reklameskolen.devz.no\/vgs\/#organization","name":"Reklameskolen","url":"https:\/\/reklameskolen.devz.no\/vgs\/","logo":{"@type":"ImageObject","inLanguage":"nb-NO","@id":"https:\/\/reklameskolen.devz.no\/vgs\/#\/schema\/logo\/image\/","url":"https:\/\/reklameskolen.devz.no\/wp-content\/uploads\/2024\/10\/Reklameskolen-Logo-01.png","contentUrl":"https:\/\/reklameskolen.devz.no\/wp-content\/uploads\/2024\/10\/Reklameskolen-Logo-01.png","width":2571,"height":950,"caption":"Reklameskolen"},"image":{"@id":"https:\/\/reklameskolen.devz.no\/vgs\/#\/schema\/logo\/image\/"}}]}},"_links":{"self":[{"href":"https:\/\/reklameskolen.devz.no\/vgs\/wp-json\/wp\/v2\/pages\/3752","targetHints":{"allow":["GET"]}}],"collection":[{"href":"https:\/\/reklameskolen.devz.no\/vgs\/wp-json\/wp\/v2\/pages"}],"about":[{"href":"https:\/\/reklameskolen.devz.no\/vgs\/wp-json\/wp\/v2\/types\/page"}],"author":[{"embeddable":true,"href":"https:\/\/reklameskolen.devz.no\/vgs\/wp-json\/wp\/v2\/users\/4"}],"replies":[{"embeddable":true,"href":"https:\/\/reklameskolen.devz.no\/vgs\/wp-json\/wp\/v2\/comments?post=3752"}],"version-history":[{"count":3,"href":"https:\/\/reklameskolen.devz.no\/vgs\/wp-json\/wp\/v2\/pages\/3752\/revisions"}],"predecessor-version":[{"id":3758,"href":"https:\/\/reklameskolen.devz.no\/vgs\/wp-json\/wp\/v2\/pages\/3752\/revisions\/3758"}],"wp:attachment":[{"href":"https:\/\/reklameskolen.devz.no\/vgs\/wp-json\/wp\/v2\/media?parent=3752"}],"curies":[{"name":"wp","href":"https:\/\/api.w.org\/{rel}","templated":true}]}}